{"id":35,"date":"2015-05-19T13:49:38","date_gmt":"2015-05-19T13:49:38","guid":{"rendered":"http:\/\/exposec.tmp.br\/16\/?page_id=35"},"modified":"2026-02-10T15:42:22","modified_gmt":"2026-02-10T15:42:22","slug":"contato","status":"publish","type":"page","link":"https:\/\/fireshow.com.br\/?page_id=35","title":{"rendered":"CONTATO"},"content":{"rendered":"\t\t<div data-elementor-type=\"wp-page\" data-elementor-id=\"35\" class=\"elementor elementor-35\">\n\t\t\t\t\t\t<section class=\"elementor-section elementor-top-section elementor-element elementor-element-ba11eab elementor-section-height-min-height elementor-section-boxed elementor-section-height-default elementor-section-items-middle\" data-id=\"ba11eab\" data-element_type=\"section\">\n\t\t\t\t\t\t<div class=\"elementor-container elementor-column-gap-default\">\n\t\t\t\t\t<div class=\"elementor-column elementor-col-100 elementor-top-column elementor-element elementor-element-a6f8ff8\" data-id=\"a6f8ff8\" data-element_type=\"column\">\n\t\t\t<div class=\"elementor-widget-wrap elementor-element-populated\">\n\t\t\t\t\t\t<div class=\"elementor-element elementor-element-70d4cfc elementor-widget elementor-widget-heading\" data-id=\"70d4cfc\" data-element_type=\"widget\" data-widget_type=\"heading.default\">\n\t\t\t\t<div class=\"elementor-widget-container\">\n\t\t\t<h1 class=\"elementor-heading-title elementor-size-default\">Contato Fire Show<\/h1>\t\t<\/div>\n\t\t\t\t<\/div>\n\t\t\t\t<div class=\"elementor-element elementor-element-3aed8e2 elementor-widget-divider--view-line elementor-widget elementor-widget-divider\" data-id=\"3aed8e2\" data-element_type=\"widget\" data-widget_type=\"divider.default\">\n\t\t\t\t<div class=\"elementor-widget-container\">\n\t\t\t\t\t<div class=\"elementor-divider\">\n\t\t\t<span class=\"elementor-divider-separator\">\n\t\t\t\t\t\t<\/span>\n\t\t<\/div>\n\t\t\t\t<\/div>\n\t\t\t\t<\/div>\n\t\t\t\t\t<\/div>\n\t\t<\/div>\n\t\t\t\t\t<\/div>\n\t\t<\/section>\n\t\t\t\t<section class=\"elementor-section elementor-top-section elementor-element elementor-element-093534a elementor-section-boxed elementor-section-height-default elementor-section-height-default\" data-id=\"093534a\" data-element_type=\"section\">\n\t\t\t\t\t\t<div class=\"elementor-container elementor-column-gap-default\">\n\t\t\t\t\t<div class=\"elementor-column elementor-col-100 elementor-top-column elementor-element elementor-element-902116d\" data-id=\"902116d\" data-element_type=\"column\">\n\t\t\t<div class=\"elementor-widget-wrap elementor-element-populated\">\n\t\t\t\t\t\t<div class=\"elementor-element elementor-element-89a916a elementor-widget elementor-widget-heading\" data-id=\"89a916a\" data-element_type=\"widget\" data-widget_type=\"heading.default\">\n\t\t\t\t<div class=\"elementor-widget-container\">\n\t\t\t<h3 class=\"elementor-heading-title elementor-size-default\"><b>Fa\u00e7a \u00f3timos neg\u00f3cios na feira que atrai os principais&nbsp;compradores do setor!<\/b><br>\nEntre em contato com nossa equipe de vendas, nossos consultores est\u00e3o preparados para auxili\u00e1-lo&nbsp;nas&nbsp;melhores solu\u00e7\u00f5es para destacar seus produtos e alavancar grandes neg\u00f3cios para sua empresa:<\/h3>\t\t<\/div>\n\t\t\t\t<\/div>\n\t\t\t\t<div class=\"elementor-element elementor-element-3a3db96 elementor-widget__width-initial elementor-button-align-start elementor-widget elementor-widget-form\" data-id=\"3a3db96\" data-element_type=\"widget\" data-settings=\"{&quot;step_previous_label&quot;:&quot;Previous&quot;,&quot;button_width&quot;:&quot;50&quot;,&quot;step_type&quot;:&quot;number_text&quot;,&quot;step_icon_shape&quot;:&quot;circle&quot;}\" data-widget_type=\"form.default\">\n\t\t\t\t<div class=\"elementor-widget-container\">\n\t\t\t\t\t<form class=\"elementor-form\" method=\"post\" name=\"Contato\">\n\t\t\t<input type=\"hidden\" name=\"post_id\" value=\"35\"\/>\n\t\t\t<input type=\"hidden\" name=\"form_id\" value=\"3a3db96\"\/>\n\t\t\t<input type=\"hidden\" name=\"referer_title\" value=\"Fire Show\" \/>\n\n\t\t\t\n\t\t\t<div class=\"elementor-form-fields-wrapper elementor-labels-\">\n\t\t\t\t\t\t\t\t<div class=\"elementor-field-type-text elementor-field-group elementor-column elementor-field-group-name elementor-col-50 elementor-field-required\">\n\t\t\t\t\t\t\t\t\t\t\t\t<label for=\"form-field-name\" class=\"elementor-field-label elementor-screen-only\">\n\t\t\t\t\t\t\t\tNome\t\t\t\t\t\t\t<\/label>\n\t\t\t\t\t\t\t\t\t\t\t\t\t\t<input size=\"1\" type=\"text\" name=\"form_fields[name]\" id=\"form-field-name\" class=\"elementor-field elementor-size-sm  elementor-field-textual\" placeholder=\"Nome\" required=\"required\" aria-required=\"true\">\n\t\t\t\t\t\t\t\t\t\t\t<\/div>\n\t\t\t\t\t\t\t\t<div class=\"elementor-field-type-email elementor-field-group elementor-column elementor-field-group-email elementor-col-50 elementor-field-required\">\n\t\t\t\t\t\t\t\t\t\t\t\t<label for=\"form-field-email\" class=\"elementor-field-label elementor-screen-only\">\n\t\t\t\t\t\t\t\tEmail\t\t\t\t\t\t\t<\/label>\n\t\t\t\t\t\t\t\t\t\t\t\t\t\t<input size=\"1\" type=\"email\" name=\"form_fields[email]\" id=\"form-field-email\" class=\"elementor-field elementor-size-sm  elementor-field-textual\" placeholder=\"Email\" required=\"required\" aria-required=\"true\">\n\t\t\t\t\t\t\t\t\t\t\t<\/div>\n\t\t\t\t\t\t\t\t<div class=\"elementor-field-type-text elementor-field-group elementor-column elementor-field-group-field_38cf4e7 elementor-col-50 elementor-field-required\">\n\t\t\t\t\t\t\t\t\t\t\t\t<label for=\"form-field-field_38cf4e7\" class=\"elementor-field-label elementor-screen-only\">\n\t\t\t\t\t\t\t\tEmpresa\t\t\t\t\t\t\t<\/label>\n\t\t\t\t\t\t\t\t\t\t\t\t\t\t<input size=\"1\" type=\"text\" name=\"form_fields[field_38cf4e7]\" id=\"form-field-field_38cf4e7\" class=\"elementor-field elementor-size-sm  elementor-field-textual\" placeholder=\"Empresa\" required=\"required\" aria-required=\"true\">\n\t\t\t\t\t\t\t\t\t\t\t<\/div>\n\t\t\t\t\t\t\t\t<div class=\"elementor-field-type-number elementor-field-group elementor-column elementor-field-group-field_e4e69f7 elementor-col-50 elementor-field-required\">\n\t\t\t\t\t\t\t\t\t\t\t\t<label for=\"form-field-field_e4e69f7\" class=\"elementor-field-label elementor-screen-only\">\n\t\t\t\t\t\t\t\tCNPJ\t\t\t\t\t\t\t<\/label>\n\t\t\t\t\t\t\t\t\t<input type=\"number\" name=\"form_fields[field_e4e69f7]\" id=\"form-field-field_e4e69f7\" class=\"elementor-field elementor-size-sm  elementor-field-textual\" placeholder=\"CNPJ\" required=\"required\" aria-required=\"true\" min=\"\" max=\"\" >\n\t\t\t\t\t\t<\/div>\n\t\t\t\t\t\t\t\t<div class=\"elementor-field-type-tel elementor-field-group elementor-column elementor-field-group-field_6515edc elementor-col-50 elementor-field-required\">\n\t\t\t\t\t\t\t\t\t\t\t\t<label for=\"form-field-field_6515edc\" class=\"elementor-field-label elementor-screen-only\">\n\t\t\t\t\t\t\t\t(XX) XXXXX-XXXX\t\t\t\t\t\t\t<\/label>\n\t\t\t\t\t\t\t\t<input size=\"1\" type=\"tel\" name=\"form_fields[field_6515edc]\" id=\"form-field-field_6515edc\" class=\"elementor-field elementor-size-sm  elementor-field-textual\" placeholder=\"(XX) XXXXX-XXXX\" required=\"required\" aria-required=\"true\" pattern=\"[0-9()#&amp;+*-=.]+\" title=\"Only numbers and phone characters (#, -, *, etc) are accepted.\">\n\n\t\t\t\t\t\t<\/div>\n\t\t\t\t\t\t\t\t<div class=\"elementor-field-type-text elementor-field-group elementor-column elementor-field-group-field_dbd414b elementor-col-50 elementor-field-required\">\n\t\t\t\t\t\t\t\t\t\t\t\t<label for=\"form-field-field_dbd414b\" class=\"elementor-field-label elementor-screen-only\">\n\t\t\t\t\t\t\t\tSegmento\t\t\t\t\t\t\t<\/label>\n\t\t\t\t\t\t\t\t\t\t\t\t\t\t<input size=\"1\" type=\"text\" name=\"form_fields[field_dbd414b]\" id=\"form-field-field_dbd414b\" class=\"elementor-field elementor-size-sm  elementor-field-textual\" placeholder=\"Segmento\" required=\"required\" aria-required=\"true\">\n\t\t\t\t\t\t\t\t\t\t\t<\/div>\n\t\t\t\t\t\t\t\t<div class=\"elementor-field-type-select elementor-field-group elementor-column elementor-field-group-field_910055e elementor-col-100 elementor-field-required\">\n\t\t\t\t\t\t\t\t\t\t\t\t<label for=\"form-field-field_910055e\" class=\"elementor-field-label elementor-screen-only\">\n\t\t\t\t\t\t\t\tDepartamento\t\t\t\t\t\t\t<\/label>\n\t\t\t\t\t\t\t\t<div class=\"elementor-field elementor-select-wrapper remove-before \">\n\t\t\t<div class=\"select-caret-down-wrapper\">\n\t\t\t\t<i aria-hidden=\"true\" class=\"eicon-caret-down\"><\/i>\t\t\t<\/div>\n\t\t\t<select name=\"form_fields[field_910055e]\" id=\"form-field-field_910055e\" class=\"elementor-field-textual elementor-size-sm\" required=\"required\" aria-required=\"true\">\n\t\t\t\t\t\t\t\t\t<option value=\"Comercial\">Comercial<\/option>\n\t\t\t\t\t\t\t\t\t<option value=\"Operacional\">Operacional<\/option>\n\t\t\t\t\t\t\t\t\t<option value=\"Marketing\">Marketing<\/option>\n\t\t\t\t\t\t\t\t\t<option value=\"Financeiro\">Financeiro<\/option>\n\t\t\t\t\t\t\t\t\t<option value=\"Outros\">Outros<\/option>\n\t\t\t\t\t\t\t\t\t<option value=\"\"><\/option>\n\t\t\t\t\t\t\t<\/select>\n\t\t<\/div>\n\t\t\t\t\t\t<\/div>\n\t\t\t\t\t\t\t\t<div class=\"elementor-field-type-textarea elementor-field-group elementor-column elementor-field-group-message elementor-col-100\">\n\t\t\t\t\t\t\t\t\t\t\t\t<label for=\"form-field-message\" class=\"elementor-field-label elementor-screen-only\">\n\t\t\t\t\t\t\t\tMensagem\t\t\t\t\t\t\t<\/label>\n\t\t\t\t\t\t<textarea class=\"elementor-field-textual elementor-field  elementor-size-sm\" name=\"form_fields[message]\" id=\"form-field-message\" rows=\"2\" placeholder=\"Mensagem\"><\/textarea>\t\t\t\t<\/div>\n\t\t\t\t\t\t\t\t<div class=\"elementor-field-type-radio elementor-field-group elementor-column elementor-field-group-field_1f0f0f4 elementor-col-100 elementor-field-required\">\n\t\t\t\t\t\t\t\t\t\t\t\t<label for=\"form-field-field_1f0f0f4\" class=\"elementor-field-label elementor-screen-only\">\n\t\t\t\t\t\t\t\tTermos\t\t\t\t\t\t\t<\/label>\n\t\t\t\t\t\t<div class=\"elementor-field-subgroup  \"><span class=\"elementor-field-option\"><input type=\"radio\" value=\" Sim, desejo receber comunica\u00e7\u00f5es do Grupo Fiera Milano Brasil.\" id=\"form-field-field_1f0f0f4-0\" name=\"form_fields[field_1f0f0f4]\" required=\"required\" aria-required=\"true\"> <label for=\"form-field-field_1f0f0f4-0\"> Sim, desejo receber comunica\u00e7\u00f5es do Grupo Fiera Milano Brasil.<\/label><\/span><\/div>\t\t\t\t<\/div>\n\t\t\t\t\t\t\t\t<div class=\"elementor-field-type-radio elementor-field-group elementor-column elementor-field-group-field_893eb09 elementor-col-100 elementor-field-required\">\n\t\t\t\t\t\t\t\t\t\t\t\t<label for=\"form-field-field_893eb09\" class=\"elementor-field-label elementor-screen-only\">\n\t\t\t\t\t\t\t\tTermos\t\t\t\t\t\t\t<\/label>\n\t\t\t\t\t\t<div class=\"elementor-field-subgroup  \"><span class=\"elementor-field-option\"><input type=\"radio\" value=\" Sim, desejo receber comunica\u00e7\u00f5es dos parceiros do Grupo Fiera Milano Brasil.\" id=\"form-field-field_893eb09-0\" name=\"form_fields[field_893eb09]\" required=\"required\" aria-required=\"true\"> <label for=\"form-field-field_893eb09-0\"> Sim, desejo receber comunica\u00e7\u00f5es dos parceiros do Grupo Fiera Milano Brasil.<\/label><\/span><\/div>\t\t\t\t<\/div>\n\t\t\t\t\t\t\t\t<div class=\"elementor-field-type-radio elementor-field-group elementor-column elementor-field-group-field_84b73a2 elementor-col-100 elementor-field-required\">\n\t\t\t\t\t\t\t\t\t\t\t\t<label for=\"form-field-field_84b73a2\" class=\"elementor-field-label elementor-screen-only\">\n\t\t\t\t\t\t\t\tTermos\t\t\t\t\t\t\t<\/label>\n\t\t\t\t\t\t<div class=\"elementor-field-subgroup  \"><span class=\"elementor-field-option\"><input type=\"radio\" value=\"Sim, concordo com os termos de uso e a Pol\u00edtica de Privacidade do Grupo Fiera Milano Brasil.\" id=\"form-field-field_84b73a2-0\" name=\"form_fields[field_84b73a2]\" required=\"required\" aria-required=\"true\"> <label for=\"form-field-field_84b73a2-0\">Sim, concordo com os termos de uso e a Pol\u00edtica de Privacidade do Grupo Fiera Milano Brasil.<\/label><\/span><\/div>\t\t\t\t<\/div>\n\t\t\t\t\t\t\t\t<div class=\"elementor-field-type-recaptcha_v3 elementor-field-group elementor-column elementor-field-group-field_c276ac5 elementor-col-100 recaptcha_v3-bottomright\">\n\t\t\t\t\t<div class=\"elementor-field\" id=\"form-field-field_c276ac5\"><div class=\"elementor-g-recaptcha\" data-sitekey=\"6Lde-GYsAAAAAFFukWThh7SdHgtajmQbylMfEIAw\" data-type=\"v3\" data-action=\"Form\" data-badge=\"bottomright\" data-size=\"invisible\"><\/div><\/div>\t\t\t\t<\/div>\n\t\t\t\t\t\t\t\t<div class=\"elementor-field-group elementor-column elementor-field-type-submit elementor-col-50 e-form__buttons\">\n\t\t\t\t\t<button type=\"submit\" class=\"elementor-button elementor-size-sm\">\n\t\t\t\t\t\t<span >\n\t\t\t\t\t\t\t\t\t\t\t\t\t\t\t<span class=\" elementor-button-icon\">\n\t\t\t\t\t\t\t\t\t\t\t\t\t\t\t\t\t\t\t\t\t\t\t\t\t\t<\/span>\n\t\t\t\t\t\t\t\t\t\t\t\t\t\t\t\t\t\t\t\t\t\t<span class=\"elementor-button-text\">Enviar<\/span>\n\t\t\t\t\t\t\t\t\t\t\t\t\t<\/span>\n\t\t\t\t\t<\/button>\n\t\t\t\t<\/div>\n\t\t\t<\/div>\n\t\t<\/form>\n\t\t\t\t<\/div>\n\t\t\t\t<\/div>\n\t\t\t\t\t<\/div>\n\t\t<\/div>\n\t\t\t\t\t<\/div>\n\t\t<\/section>\n\t\t\t\t<\/div>\n\t\t","protected":false},"excerpt":{"rendered":"<p>Contato Fire Show Fa\u00e7a \u00f3timos neg\u00f3cios na feira que atrai os principais&nbsp;compradores do setor! Entre em contato com nossa equipe de vendas, nossos consultores est\u00e3o preparados para auxili\u00e1-lo&nbsp;nas&nbsp;melhores solu\u00e7\u00f5es para destacar seus produtos e alavancar grandes neg\u00f3cios para sua empresa:<\/p>\n","protected":false},"author":2,"featured_media":0,"parent":0,"menu_order":0,"comment_status":"closed","ping_status":"closed","template":"","meta":{"_joinchat":[],"footnotes":""},"class_list":["post-35","page","type-page","status-publish","hentry"],"yoast_head":"<!-- This site is optimized with the Yoast SEO plugin v18.1 - https:\/\/yoast.com\/wordpress\/plugins\/seo\/ -->\n<title>Contato Fire Show | Feira Internacional de Resgate e Prote\u00e7\u00e3o contra Inc\u00eandio<\/title>\n<meta name=\"description\" content=\"Fale com Nossa Equipe de Vendas, Nossos Consultores tem as Melhores Solu\u00e7\u00f5es para Destacar seus Produtos e Alavancar Grandes Neg\u00f3cios para sua Empresa.\" \/>\n<meta name=\"robots\" content=\"index, follow, max-snippet:-1, max-image-preview:large, max-video-preview:-1\" \/>\n<link rel=\"canonical\" href=\"https:\/\/fireshow.com.br\/?page_id=35\" \/>\n<meta property=\"og:locale\" content=\"pt_BR\" \/>\n<meta property=\"og:type\" content=\"article\" \/>\n<meta property=\"og:title\" content=\"Contato Fire Show | Feira Internacional de Resgate e Prote\u00e7\u00e3o contra Inc\u00eandio\" \/>\n<meta property=\"og:description\" content=\"Fale com Nossa Equipe de Vendas, Nossos Consultores tem as Melhores Solu\u00e7\u00f5es para Destacar seus Produtos e Alavancar Grandes Neg\u00f3cios para sua Empresa.\" \/>\n<meta property=\"og:url\" content=\"https:\/\/fireshow.com.br\/?page_id=35\" \/>\n<meta property=\"og:site_name\" content=\"Fire Show\" \/>\n<meta property=\"article:publisher\" content=\"https:\/\/www.facebook.com\/Fire-Show-1113145285392042\/\" \/>\n<meta property=\"article:modified_time\" content=\"2026-02-10T15:42:22+00:00\" \/>\n<meta name=\"twitter:card\" content=\"summary_large_image\" \/>\n<meta name=\"twitter:site\" content=\"@feirafireshow\" \/>\n<script type=\"application\/ld+json\" class=\"yoast-schema-graph\">{\"@context\":\"https:\/\/schema.org\",\"@graph\":[{\"@type\":\"Organization\",\"@id\":\"https:\/\/fireshow.com.br\/#organization\",\"name\":\"Fire Show - International Fire Fair\",\"url\":\"https:\/\/fireshow.com.br\/\",\"sameAs\":[\"https:\/\/www.facebook.com\/Fire-Show-1113145285392042\/\",\"https:\/\/www.instagram.com\/fireshowbrasil\/\",\"https:\/\/www.youtube.com\/channel\/UCcrepgp7vdG5UxMwei4-OjA\",\"https:\/\/twitter.com\/feirafireshow\"],\"logo\":{\"@type\":\"ImageObject\",\"@id\":\"https:\/\/fireshow.com.br\/#logo\",\"inLanguage\":\"pt-BR\",\"url\":\"https:\/\/glorious-green-crane.72-61-35-14.cpanel.site\/wp-content\/uploads\/2017\/11\/favicon-fireshow.png\",\"contentUrl\":\"https:\/\/glorious-green-crane.72-61-35-14.cpanel.site\/wp-content\/uploads\/2017\/11\/favicon-fireshow.png\",\"width\":250,\"height\":250,\"caption\":\"Fire Show - International Fire Fair\"},\"image\":{\"@id\":\"https:\/\/fireshow.com.br\/#logo\"}},{\"@type\":\"WebSite\",\"@id\":\"https:\/\/fireshow.com.br\/#website\",\"url\":\"https:\/\/fireshow.com.br\/\",\"name\":\"Fire Show\",\"description\":\"International Fire Fair\",\"publisher\":{\"@id\":\"https:\/\/fireshow.com.br\/#organization\"},\"potentialAction\":[{\"@type\":\"SearchAction\",\"target\":{\"@type\":\"EntryPoint\",\"urlTemplate\":\"https:\/\/fireshow.com.br\/?s={search_term_string}\"},\"query-input\":\"required name=search_term_string\"}],\"inLanguage\":\"pt-BR\"},{\"@type\":\"WebPage\",\"@id\":\"https:\/\/fireshow.com.br\/?page_id=35#webpage\",\"url\":\"https:\/\/fireshow.com.br\/?page_id=35\",\"name\":\"Contato Fire Show | Feira Internacional de Resgate e Prote\u00e7\u00e3o contra Inc\u00eandio\",\"isPartOf\":{\"@id\":\"https:\/\/fireshow.com.br\/#website\"},\"datePublished\":\"2015-05-19T13:49:38+00:00\",\"dateModified\":\"2026-02-10T15:42:22+00:00\",\"description\":\"Fale com Nossa Equipe de Vendas, Nossos Consultores tem as Melhores Solu\u00e7\u00f5es para Destacar seus Produtos e Alavancar Grandes Neg\u00f3cios para sua Empresa.\",\"breadcrumb\":{\"@id\":\"https:\/\/fireshow.com.br\/?page_id=35#breadcrumb\"},\"inLanguage\":\"pt-BR\",\"potentialAction\":[{\"@type\":\"ReadAction\",\"target\":[\"https:\/\/fireshow.com.br\/?page_id=35\"]}]},{\"@type\":\"BreadcrumbList\",\"@id\":\"https:\/\/fireshow.com.br\/?page_id=35#breadcrumb\",\"itemListElement\":[{\"@type\":\"ListItem\",\"position\":1,\"name\":\"In\u00edcio\",\"item\":\"https:\/\/fireshow.com.br\/\"},{\"@type\":\"ListItem\",\"position\":2,\"name\":\"CONTATO\"}]}]}<\/script>\n<!-- \/ Yoast SEO plugin. -->","yoast_head_json":{"title":"Contato Fire Show | Feira Internacional de Resgate e Prote\u00e7\u00e3o contra Inc\u00eandio","description":"Fale com Nossa Equipe de Vendas, Nossos Consultores tem as Melhores Solu\u00e7\u00f5es para Destacar seus Produtos e Alavancar Grandes Neg\u00f3cios para sua Empresa.","robots":{"index":"index","follow":"follow","max-snippet":"max-snippet:-1","max-image-preview":"max-image-preview:large","max-video-preview":"max-video-preview:-1"},"canonical":"https:\/\/fireshow.com.br\/?page_id=35","og_locale":"pt_BR","og_type":"article","og_title":"Contato Fire Show | Feira Internacional de Resgate e Prote\u00e7\u00e3o contra Inc\u00eandio","og_description":"Fale com Nossa Equipe de Vendas, Nossos Consultores tem as Melhores Solu\u00e7\u00f5es para Destacar seus Produtos e Alavancar Grandes Neg\u00f3cios para sua Empresa.","og_url":"https:\/\/fireshow.com.br\/?page_id=35","og_site_name":"Fire Show","article_publisher":"https:\/\/www.facebook.com\/Fire-Show-1113145285392042\/","article_modified_time":"2026-02-10T15:42:22+00:00","twitter_card":"summary_large_image","twitter_site":"@feirafireshow","schema":{"@context":"https:\/\/schema.org","@graph":[{"@type":"Organization","@id":"https:\/\/fireshow.com.br\/#organization","name":"Fire Show - International Fire Fair","url":"https:\/\/fireshow.com.br\/","sameAs":["https:\/\/www.facebook.com\/Fire-Show-1113145285392042\/","https:\/\/www.instagram.com\/fireshowbrasil\/","https:\/\/www.youtube.com\/channel\/UCcrepgp7vdG5UxMwei4-OjA","https:\/\/twitter.com\/feirafireshow"],"logo":{"@type":"ImageObject","@id":"https:\/\/fireshow.com.br\/#logo","inLanguage":"pt-BR","url":"https:\/\/glorious-green-crane.72-61-35-14.cpanel.site\/wp-content\/uploads\/2017\/11\/favicon-fireshow.png","contentUrl":"https:\/\/glorious-green-crane.72-61-35-14.cpanel.site\/wp-content\/uploads\/2017\/11\/favicon-fireshow.png","width":250,"height":250,"caption":"Fire Show - International Fire Fair"},"image":{"@id":"https:\/\/fireshow.com.br\/#logo"}},{"@type":"WebSite","@id":"https:\/\/fireshow.com.br\/#website","url":"https:\/\/fireshow.com.br\/","name":"Fire Show","description":"International Fire Fair","publisher":{"@id":"https:\/\/fireshow.com.br\/#organization"},"potentialAction":[{"@type":"SearchAction","target":{"@type":"EntryPoint","urlTemplate":"https:\/\/fireshow.com.br\/?s={search_term_string}"},"query-input":"required name=search_term_string"}],"inLanguage":"pt-BR"},{"@type":"WebPage","@id":"https:\/\/fireshow.com.br\/?page_id=35#webpage","url":"https:\/\/fireshow.com.br\/?page_id=35","name":"Contato Fire Show | Feira Internacional de Resgate e Prote\u00e7\u00e3o contra Inc\u00eandio","isPartOf":{"@id":"https:\/\/fireshow.com.br\/#website"},"datePublished":"2015-05-19T13:49:38+00:00","dateModified":"2026-02-10T15:42:22+00:00","description":"Fale com Nossa Equipe de Vendas, Nossos Consultores tem as Melhores Solu\u00e7\u00f5es para Destacar seus Produtos e Alavancar Grandes Neg\u00f3cios para sua Empresa.","breadcrumb":{"@id":"https:\/\/fireshow.com.br\/?page_id=35#breadcrumb"},"inLanguage":"pt-BR","potentialAction":[{"@type":"ReadAction","target":["https:\/\/fireshow.com.br\/?page_id=35"]}]},{"@type":"BreadcrumbList","@id":"https:\/\/fireshow.com.br\/?page_id=35#breadcrumb","itemListElement":[{"@type":"ListItem","position":1,"name":"In\u00edcio","item":"https:\/\/fireshow.com.br\/"},{"@type":"ListItem","position":2,"name":"CONTATO"}]}]}},"_links":{"self":[{"href":"https:\/\/fireshow.com.br\/index.php?rest_route=\/wp\/v2\/pages\/35","targetHints":{"allow":["GET"]}}],"collection":[{"href":"https:\/\/fireshow.com.br\/index.php?rest_route=\/wp\/v2\/pages"}],"about":[{"href":"https:\/\/fireshow.com.br\/index.php?rest_route=\/wp\/v2\/types\/page"}],"author":[{"embeddable":true,"href":"https:\/\/fireshow.com.br\/index.php?rest_route=\/wp\/v2\/users\/2"}],"replies":[{"embeddable":true,"href":"https:\/\/fireshow.com.br\/index.php?rest_route=%2Fwp%2Fv2%2Fcomments&post=35"}],"version-history":[{"count":32,"href":"https:\/\/fireshow.com.br\/index.php?rest_route=\/wp\/v2\/pages\/35\/revisions"}],"predecessor-version":[{"id":11202,"href":"https:\/\/fireshow.com.br\/index.php?rest_route=\/wp\/v2\/pages\/35\/revisions\/11202"}],"wp:attachment":[{"href":"https:\/\/fireshow.com.br\/index.php?rest_route=%2Fwp%2Fv2%2Fmedia&parent=35"}],"curies":[{"name":"wp","href":"https:\/\/api.w.org\/{rel}","templated":true}]}}