{"id":303,"date":"2015-09-10T18:52:09","date_gmt":"2015-09-10T18:52:09","guid":{"rendered":"http:\/\/exposec.tmp.br\/16\/?page_id=303"},"modified":"2026-01-21T19:51:27","modified_gmt":"2026-01-21T19:51:27","slug":"sobre-a-fiera-milano-brasil","status":"publish","type":"page","link":"https:\/\/fireshow.com.br\/?page_id=303","title":{"rendered":"Sobre a Fiera Milano Brasil"},"content":{"rendered":"\t\t<div data-elementor-type=\"wp-page\" data-elementor-id=\"303\" class=\"elementor elementor-303\">\n\t\t\t\t\t\t<section class=\"elementor-section elementor-top-section elementor-element elementor-element-d1ea1c9 elementor-section-boxed elementor-section-height-default elementor-section-height-default\" data-id=\"d1ea1c9\" data-element_type=\"section\">\n\t\t\t\t\t\t<div class=\"elementor-container elementor-column-gap-default\">\n\t\t\t\t\t<div class=\"elementor-column elementor-col-100 elementor-top-column elementor-element elementor-element-6c4a0d5\" data-id=\"6c4a0d5\" data-element_type=\"column\">\n\t\t\t<div class=\"elementor-widget-wrap elementor-element-populated\">\n\t\t\t\t\t\t<div class=\"elementor-element elementor-element-29c3cc4 elementor-widget elementor-widget-image\" data-id=\"29c3cc4\" data-element_type=\"widget\" data-widget_type=\"image.default\">\n\t\t\t\t<div class=\"elementor-widget-container\">\n\t\t\t\t\t\t\t\t\t\t\t\t\t<img fetchpriority=\"high\" decoding=\"async\" width=\"800\" height=\"317\" src=\"https:\/\/fireshow.com.br\/wp-content\/uploads\/2020\/04\/fiera-milano.jpg\" class=\"attachment-full size-full wp-image-2576\" alt=\"Fiera Milano - Italia\" srcset=\"https:\/\/fireshow.com.br\/wp-content\/uploads\/2020\/04\/fiera-milano.jpg 800w, https:\/\/fireshow.com.br\/wp-content\/uploads\/2020\/04\/fiera-milano-320x127.jpg 320w, https:\/\/fireshow.com.br\/wp-content\/uploads\/2020\/04\/fiera-milano-768x304.jpg 768w, https:\/\/fireshow.com.br\/wp-content\/uploads\/2020\/04\/fiera-milano-540x214.jpg 540w\" sizes=\"(max-width: 800px) 100vw, 800px\" \/>\t\t\t\t\t\t\t\t\t\t\t\t\t<\/div>\n\t\t\t\t<\/div>\n\t\t\t\t<div class=\"elementor-element elementor-element-4ee8c1f elementor-widget elementor-widget-heading\" data-id=\"4ee8c1f\" data-element_type=\"widget\" data-widget_type=\"heading.default\">\n\t\t\t\t<div class=\"elementor-widget-container\">\n\t\t\t<h1 class=\"elementor-heading-title elementor-size-default\">Sobre a Fiera Milano Brasil<\/h1>\t\t<\/div>\n\t\t\t\t<\/div>\n\t\t\t\t<div class=\"elementor-element elementor-element-d8e100a elementor-widget-divider--view-line elementor-widget elementor-widget-divider\" data-id=\"d8e100a\" data-element_type=\"widget\" data-widget_type=\"divider.default\">\n\t\t\t\t<div class=\"elementor-widget-container\">\n\t\t\t\t\t<div class=\"elementor-divider\">\n\t\t\t<span class=\"elementor-divider-separator\">\n\t\t\t\t\t\t<\/span>\n\t\t<\/div>\n\t\t\t\t<\/div>\n\t\t\t\t<\/div>\n\t\t\t\t\t<\/div>\n\t\t<\/div>\n\t\t\t\t\t<\/div>\n\t\t<\/section>\n\t\t\t\t<section class=\"elementor-section elementor-top-section elementor-element elementor-element-ebd96cc elementor-section-boxed elementor-section-height-default elementor-section-height-default\" data-id=\"ebd96cc\" data-element_type=\"section\">\n\t\t\t\t\t\t<div class=\"elementor-container elementor-column-gap-default\">\n\t\t\t\t\t<div class=\"elementor-column elementor-col-100 elementor-top-column elementor-element elementor-element-085c78b\" data-id=\"085c78b\" data-element_type=\"column\">\n\t\t\t<div class=\"elementor-widget-wrap elementor-element-populated\">\n\t\t\t\t\t\t<div class=\"elementor-element elementor-element-55e906b elementor-widget elementor-widget-text-editor\" data-id=\"55e906b\" data-element_type=\"widget\" data-widget_type=\"text-editor.default\">\n\t\t\t\t<div class=\"elementor-widget-container\">\n\t\t\t\t\t\t\t<p>A\u00a0<a href=\"http:\/\/fieramilano.com.br\/\" target=\"_blank\" rel=\"noopener noreferrer\"><strong>Fiera Milano Brasil<\/strong><\/a>\u00a0\u00e9 especializada em feiras de neg\u00f3cios e publica\u00e7\u00f5es t\u00e9cnicas, e tem como objetivo, aproximar organiza\u00e7\u00f5es e criar oportunidades de relacionamentos por meio da realiza\u00e7\u00e3o de grandes feiras e publica\u00e7\u00f5es de revistas segmentadas na Am\u00e9rica Latina.<\/p><p>Experi\u00eancia, excel\u00eancia em exposi\u00e7\u00f5es profissionais e servi\u00e7os e instala\u00e7\u00f5es de \u00faltima gera\u00e7\u00e3o, assim como seu sucesso \u00e0 frente do gerenciamento de confer\u00eancia internacional, fazem da Fiera Milano a parceira ideal para promo\u00e7\u00e3o, desenvolvimento e internacionaliza\u00e7\u00e3o de qualquer empresa.<\/p><p>Fiera Milano ajuda empresas a expandirem suas oportunidades de neg\u00f3cios na It\u00e1lia e no exterior; a se comunicarem de forma mais eficiente com mercados de refer\u00eancia; a promoverem capital humano por meio de treinamento profissional cont\u00ednuo; compartilhar conhecimento em conferencias de alto padr\u00e3o.<\/p><p>Fiera Milano SpA \u00e9 a \u00fanica empresa de exposi\u00e7\u00f5es italiana que figura na bolsa de valores italiana (desde dezembro de 2002). \u00c9 controlada pela Fondazione Fiera Milano sem fins lucrativos.<\/p><p>Fiera Milano\u00a0gerencia dois locais de exposi\u00e7\u00f5es, fieramilano (nos limites da cidade) e fieramilanocity.<\/p><p>Fiera Milano lida com cinco \u00e1reas de atividade: Organiza\u00e7\u00e3o e Hospitalidade para eventos de exposi\u00e7\u00e3o na It\u00e1lia e no exterior; Servi\u00e7os de montagem; M\u00eddia (servi\u00e7os editoriais on-line e off-line e produ\u00e7\u00e3o de conte\u00fado; treinamento; e organiza\u00e7\u00e3o de eventos); Gerenciamento de confer\u00eancias.<\/p><p><strong>Site:<\/strong>\u00a0<strong><a href=\"http:\/\/www.fieramilano.com.br\/\" target=\"_blank\" rel=\"noopener noreferrer\">www.fieramilano.com.br<\/a><\/strong><\/p>\t\t\t\t\t\t<\/div>\n\t\t\t\t<\/div>\n\t\t\t\t\t<\/div>\n\t\t<\/div>\n\t\t\t\t\t<\/div>\n\t\t<\/section>\n\t\t\t\t<\/div>\n\t\t","protected":false},"excerpt":{"rendered":"<p>Sobre a Fiera Milano Brasil A\u00a0Fiera Milano Brasil\u00a0\u00e9 especializada em feiras de neg\u00f3cios e publica\u00e7\u00f5es t\u00e9cnicas, e tem como objetivo, aproximar organiza\u00e7\u00f5es e criar oportunidades de relacionamentos por meio da realiza\u00e7\u00e3o de grandes feiras e publica\u00e7\u00f5es de revistas segmentadas na Am\u00e9rica Latina. Experi\u00eancia, excel\u00eancia em exposi\u00e7\u00f5es profissionais e servi\u00e7os e instala\u00e7\u00f5es de \u00faltima gera\u00e7\u00e3o, assim [&hellip;]<\/p>\n","protected":false},"author":2,"featured_media":0,"parent":0,"menu_order":0,"comment_status":"closed","ping_status":"closed","template":"","meta":{"_joinchat":[],"footnotes":""},"class_list":["post-303","page","type-page","status-publish","hentry"],"yoast_head":"<!-- This site is optimized with the Yoast SEO plugin v18.1 - https:\/\/yoast.com\/wordpress\/plugins\/seo\/ -->\n<title>Fiera Milano Brasil | Especializada em Feiras de Neg\u00f3cios e Publica\u00e7\u00f5es T\u00e9cnicas<\/title>\n<meta name=\"description\" content=\"A Fiera Milano Brasil \u00e9 a Filial Brasileira de uma das Empresas L\u00edderes Mundiais de Feiras e Congressos do Mundo, a Fiera Milano. Conhe\u00e7a Nosso Portf\u00f3lio.\" \/>\n<meta name=\"robots\" content=\"index, follow, max-snippet:-1, max-image-preview:large, max-video-preview:-1\" \/>\n<link rel=\"canonical\" href=\"https:\/\/fireshow.com.br\/?page_id=303\" \/>\n<meta property=\"og:locale\" content=\"pt_BR\" \/>\n<meta property=\"og:type\" content=\"article\" \/>\n<meta property=\"og:title\" content=\"Fiera Milano Brasil | Especializada em Feiras de Neg\u00f3cios e Publica\u00e7\u00f5es T\u00e9cnicas\" \/>\n<meta property=\"og:description\" content=\"A Fiera Milano Brasil \u00e9 a Filial Brasileira de uma das Empresas L\u00edderes Mundiais de Feiras e Congressos do Mundo, a Fiera Milano. Conhe\u00e7a Nosso Portf\u00f3lio.\" \/>\n<meta property=\"og:url\" content=\"https:\/\/fireshow.com.br\/?page_id=303\" \/>\n<meta property=\"og:site_name\" content=\"Fire Show\" \/>\n<meta property=\"article:publisher\" content=\"https:\/\/www.facebook.com\/Fire-Show-1113145285392042\/\" \/>\n<meta property=\"article:modified_time\" content=\"2026-01-21T19:51:27+00:00\" \/>\n<meta property=\"og:image\" content=\"https:\/\/glorious-green-crane.72-61-35-14.cpanel.site\/wp-content\/uploads\/2020\/04\/fiera-milano.jpg\" \/>\n<meta name=\"twitter:card\" content=\"summary_large_image\" \/>\n<meta name=\"twitter:site\" content=\"@feirafireshow\" \/>\n<meta name=\"twitter:label1\" content=\"Est. tempo de leitura\" \/>\n\t<meta name=\"twitter:data1\" content=\"1 minuto\" \/>\n<script type=\"application\/ld+json\" class=\"yoast-schema-graph\">{\"@context\":\"https:\/\/schema.org\",\"@graph\":[{\"@type\":\"Organization\",\"@id\":\"https:\/\/fireshow.com.br\/#organization\",\"name\":\"Fire Show - International Fire Fair\",\"url\":\"https:\/\/fireshow.com.br\/\",\"sameAs\":[\"https:\/\/www.facebook.com\/Fire-Show-1113145285392042\/\",\"https:\/\/www.instagram.com\/fireshowbrasil\/\",\"https:\/\/www.youtube.com\/channel\/UCcrepgp7vdG5UxMwei4-OjA\",\"https:\/\/twitter.com\/feirafireshow\"],\"logo\":{\"@type\":\"ImageObject\",\"@id\":\"https:\/\/fireshow.com.br\/#logo\",\"inLanguage\":\"pt-BR\",\"url\":\"https:\/\/glorious-green-crane.72-61-35-14.cpanel.site\/wp-content\/uploads\/2017\/11\/favicon-fireshow.png\",\"contentUrl\":\"https:\/\/glorious-green-crane.72-61-35-14.cpanel.site\/wp-content\/uploads\/2017\/11\/favicon-fireshow.png\",\"width\":250,\"height\":250,\"caption\":\"Fire Show - International Fire Fair\"},\"image\":{\"@id\":\"https:\/\/fireshow.com.br\/#logo\"}},{\"@type\":\"WebSite\",\"@id\":\"https:\/\/fireshow.com.br\/#website\",\"url\":\"https:\/\/fireshow.com.br\/\",\"name\":\"Fire Show\",\"description\":\"International Fire Fair\",\"publisher\":{\"@id\":\"https:\/\/fireshow.com.br\/#organization\"},\"potentialAction\":[{\"@type\":\"SearchAction\",\"target\":{\"@type\":\"EntryPoint\",\"urlTemplate\":\"https:\/\/fireshow.com.br\/?s={search_term_string}\"},\"query-input\":\"required name=search_term_string\"}],\"inLanguage\":\"pt-BR\"},{\"@type\":\"ImageObject\",\"@id\":\"https:\/\/fireshow.com.br\/?page_id=303#primaryimage\",\"inLanguage\":\"pt-BR\",\"url\":\"https:\/\/glorious-green-crane.72-61-35-14.cpanel.site\/wp-content\/uploads\/2020\/04\/fiera-milano.jpg\",\"contentUrl\":\"https:\/\/glorious-green-crane.72-61-35-14.cpanel.site\/wp-content\/uploads\/2020\/04\/fiera-milano.jpg\"},{\"@type\":\"WebPage\",\"@id\":\"https:\/\/fireshow.com.br\/?page_id=303#webpage\",\"url\":\"https:\/\/fireshow.com.br\/?page_id=303\",\"name\":\"Fiera Milano Brasil | Especializada em Feiras de Neg\u00f3cios e Publica\u00e7\u00f5es T\u00e9cnicas\",\"isPartOf\":{\"@id\":\"https:\/\/fireshow.com.br\/#website\"},\"primaryImageOfPage\":{\"@id\":\"https:\/\/fireshow.com.br\/?page_id=303#primaryimage\"},\"datePublished\":\"2015-09-10T18:52:09+00:00\",\"dateModified\":\"2026-01-21T19:51:27+00:00\",\"description\":\"A Fiera Milano Brasil \u00e9 a Filial Brasileira de uma das Empresas L\u00edderes Mundiais de Feiras e Congressos do Mundo, a Fiera Milano. Conhe\u00e7a Nosso Portf\u00f3lio.\",\"breadcrumb\":{\"@id\":\"https:\/\/fireshow.com.br\/?page_id=303#breadcrumb\"},\"inLanguage\":\"pt-BR\",\"potentialAction\":[{\"@type\":\"ReadAction\",\"target\":[\"https:\/\/fireshow.com.br\/?page_id=303\"]}]},{\"@type\":\"BreadcrumbList\",\"@id\":\"https:\/\/fireshow.com.br\/?page_id=303#breadcrumb\",\"itemListElement\":[{\"@type\":\"ListItem\",\"position\":1,\"name\":\"In\u00edcio\",\"item\":\"https:\/\/fireshow.com.br\/\"},{\"@type\":\"ListItem\",\"position\":2,\"name\":\"Sobre a Fiera Milano Brasil\"}]}]}<\/script>\n<!-- \/ Yoast SEO plugin. -->","yoast_head_json":{"title":"Fiera Milano Brasil | Especializada em Feiras de Neg\u00f3cios e Publica\u00e7\u00f5es T\u00e9cnicas","description":"A Fiera Milano Brasil \u00e9 a Filial Brasileira de uma das Empresas L\u00edderes Mundiais de Feiras e Congressos do Mundo, a Fiera Milano. Conhe\u00e7a Nosso Portf\u00f3lio.","robots":{"index":"index","follow":"follow","max-snippet":"max-snippet:-1","max-image-preview":"max-image-preview:large","max-video-preview":"max-video-preview:-1"},"canonical":"https:\/\/fireshow.com.br\/?page_id=303","og_locale":"pt_BR","og_type":"article","og_title":"Fiera Milano Brasil | Especializada em Feiras de Neg\u00f3cios e Publica\u00e7\u00f5es T\u00e9cnicas","og_description":"A Fiera Milano Brasil \u00e9 a Filial Brasileira de uma das Empresas L\u00edderes Mundiais de Feiras e Congressos do Mundo, a Fiera Milano. Conhe\u00e7a Nosso Portf\u00f3lio.","og_url":"https:\/\/fireshow.com.br\/?page_id=303","og_site_name":"Fire Show","article_publisher":"https:\/\/www.facebook.com\/Fire-Show-1113145285392042\/","article_modified_time":"2026-01-21T19:51:27+00:00","og_image":[{"url":"https:\/\/glorious-green-crane.72-61-35-14.cpanel.site\/wp-content\/uploads\/2020\/04\/fiera-milano.jpg"}],"twitter_card":"summary_large_image","twitter_site":"@feirafireshow","twitter_misc":{"Est. tempo de leitura":"1 minuto"},"schema":{"@context":"https:\/\/schema.org","@graph":[{"@type":"Organization","@id":"https:\/\/fireshow.com.br\/#organization","name":"Fire Show - International Fire Fair","url":"https:\/\/fireshow.com.br\/","sameAs":["https:\/\/www.facebook.com\/Fire-Show-1113145285392042\/","https:\/\/www.instagram.com\/fireshowbrasil\/","https:\/\/www.youtube.com\/channel\/UCcrepgp7vdG5UxMwei4-OjA","https:\/\/twitter.com\/feirafireshow"],"logo":{"@type":"ImageObject","@id":"https:\/\/fireshow.com.br\/#logo","inLanguage":"pt-BR","url":"https:\/\/glorious-green-crane.72-61-35-14.cpanel.site\/wp-content\/uploads\/2017\/11\/favicon-fireshow.png","contentUrl":"https:\/\/glorious-green-crane.72-61-35-14.cpanel.site\/wp-content\/uploads\/2017\/11\/favicon-fireshow.png","width":250,"height":250,"caption":"Fire Show - International Fire Fair"},"image":{"@id":"https:\/\/fireshow.com.br\/#logo"}},{"@type":"WebSite","@id":"https:\/\/fireshow.com.br\/#website","url":"https:\/\/fireshow.com.br\/","name":"Fire Show","description":"International Fire Fair","publisher":{"@id":"https:\/\/fireshow.com.br\/#organization"},"potentialAction":[{"@type":"SearchAction","target":{"@type":"EntryPoint","urlTemplate":"https:\/\/fireshow.com.br\/?s={search_term_string}"},"query-input":"required name=search_term_string"}],"inLanguage":"pt-BR"},{"@type":"ImageObject","@id":"https:\/\/fireshow.com.br\/?page_id=303#primaryimage","inLanguage":"pt-BR","url":"https:\/\/glorious-green-crane.72-61-35-14.cpanel.site\/wp-content\/uploads\/2020\/04\/fiera-milano.jpg","contentUrl":"https:\/\/glorious-green-crane.72-61-35-14.cpanel.site\/wp-content\/uploads\/2020\/04\/fiera-milano.jpg"},{"@type":"WebPage","@id":"https:\/\/fireshow.com.br\/?page_id=303#webpage","url":"https:\/\/fireshow.com.br\/?page_id=303","name":"Fiera Milano Brasil | Especializada em Feiras de Neg\u00f3cios e Publica\u00e7\u00f5es T\u00e9cnicas","isPartOf":{"@id":"https:\/\/fireshow.com.br\/#website"},"primaryImageOfPage":{"@id":"https:\/\/fireshow.com.br\/?page_id=303#primaryimage"},"datePublished":"2015-09-10T18:52:09+00:00","dateModified":"2026-01-21T19:51:27+00:00","description":"A Fiera Milano Brasil \u00e9 a Filial Brasileira de uma das Empresas L\u00edderes Mundiais de Feiras e Congressos do Mundo, a Fiera Milano. Conhe\u00e7a Nosso Portf\u00f3lio.","breadcrumb":{"@id":"https:\/\/fireshow.com.br\/?page_id=303#breadcrumb"},"inLanguage":"pt-BR","potentialAction":[{"@type":"ReadAction","target":["https:\/\/fireshow.com.br\/?page_id=303"]}]},{"@type":"BreadcrumbList","@id":"https:\/\/fireshow.com.br\/?page_id=303#breadcrumb","itemListElement":[{"@type":"ListItem","position":1,"name":"In\u00edcio","item":"https:\/\/fireshow.com.br\/"},{"@type":"ListItem","position":2,"name":"Sobre a Fiera Milano Brasil"}]}]}},"_links":{"self":[{"href":"https:\/\/fireshow.com.br\/index.php?rest_route=\/wp\/v2\/pages\/303","targetHints":{"allow":["GET"]}}],"collection":[{"href":"https:\/\/fireshow.com.br\/index.php?rest_route=\/wp\/v2\/pages"}],"about":[{"href":"https:\/\/fireshow.com.br\/index.php?rest_route=\/wp\/v2\/types\/page"}],"author":[{"embeddable":true,"href":"https:\/\/fireshow.com.br\/index.php?rest_route=\/wp\/v2\/users\/2"}],"replies":[{"embeddable":true,"href":"https:\/\/fireshow.com.br\/index.php?rest_route=%2Fwp%2Fv2%2Fcomments&post=303"}],"version-history":[{"count":14,"href":"https:\/\/fireshow.com.br\/index.php?rest_route=\/wp\/v2\/pages\/303\/revisions"}],"predecessor-version":[{"id":11096,"href":"https:\/\/fireshow.com.br\/index.php?rest_route=\/wp\/v2\/pages\/303\/revisions\/11096"}],"wp:attachment":[{"href":"https:\/\/fireshow.com.br\/index.php?rest_route=%2Fwp%2Fv2%2Fmedia&parent=303"}],"curies":[{"name":"wp","href":"https:\/\/api.w.org\/{rel}","templated":true}]}}