{"id":301,"date":"2015-09-10T18:00:24","date_gmt":"2015-09-10T18:00:24","guid":{"rendered":"http:\/\/exposec.tmp.br\/16\/?page_id=301"},"modified":"2026-02-10T14:53:29","modified_gmt":"2026-02-10T14:53:29","slug":"credenciamento","status":"publish","type":"page","link":"https:\/\/fireshow.com.br\/?page_id=301","title":{"rendered":"CREDENCIAMENTO"},"content":{"rendered":"\t\t<div data-elementor-type=\"wp-page\" data-elementor-id=\"301\" class=\"elementor elementor-301\">\n\t\t\t\t\t\t<section class=\"elementor-section elementor-top-section elementor-element elementor-element-01a4f2b elementor-section-height-min-height elementor-section-boxed elementor-section-height-default elementor-section-items-middle\" data-id=\"01a4f2b\" data-element_type=\"section\">\n\t\t\t\t\t\t<div class=\"elementor-container elementor-column-gap-default\">\n\t\t\t\t\t<div class=\"elementor-column elementor-col-100 elementor-top-column elementor-element elementor-element-1ec2348\" data-id=\"1ec2348\" data-element_type=\"column\">\n\t\t\t<div class=\"elementor-widget-wrap elementor-element-populated\">\n\t\t\t\t\t\t<div class=\"elementor-element elementor-element-bffa78c elementor-widget elementor-widget-heading\" data-id=\"bffa78c\" data-element_type=\"widget\" data-widget_type=\"heading.default\">\n\t\t\t\t<div class=\"elementor-widget-container\">\n\t\t\t<h1 class=\"elementor-heading-title elementor-size-default\">CREDENCIAMENTO<\/h1>\t\t<\/div>\n\t\t\t\t<\/div>\n\t\t\t\t<div class=\"elementor-element elementor-element-e478d79 elementor-widget-divider--view-line elementor-widget elementor-widget-divider\" data-id=\"e478d79\" data-element_type=\"widget\" data-widget_type=\"divider.default\">\n\t\t\t\t<div class=\"elementor-widget-container\">\n\t\t\t\t\t<div class=\"elementor-divider\">\n\t\t\t<span class=\"elementor-divider-separator\">\n\t\t\t\t\t\t<\/span>\n\t\t<\/div>\n\t\t\t\t<\/div>\n\t\t\t\t<\/div>\n\t\t\t\t\t<\/div>\n\t\t<\/div>\n\t\t\t\t\t<\/div>\n\t\t<\/section>\n\t\t\t\t<section class=\"elementor-section elementor-top-section elementor-element elementor-element-0b0452f elementor-section-boxed elementor-section-height-default elementor-section-height-default\" data-id=\"0b0452f\" data-element_type=\"section\">\n\t\t\t\t\t\t<div class=\"elementor-container elementor-column-gap-default\">\n\t\t\t\t\t<div class=\"elementor-column elementor-col-100 elementor-top-column elementor-element elementor-element-f27b0a3\" data-id=\"f27b0a3\" data-element_type=\"column\">\n\t\t\t<div class=\"elementor-widget-wrap elementor-element-populated\">\n\t\t\t\t\t\t<div class=\"elementor-element elementor-element-653e54c elementor-widget elementor-widget-heading\" data-id=\"653e54c\" data-element_type=\"widget\" data-widget_type=\"heading.default\">\n\t\t\t\t<div class=\"elementor-widget-container\">\n\t\t\t<h3 class=\"elementor-heading-title elementor-size-default\"><p><strong>Ol\u00e1 Visitante, <\/strong><\/p><p>Aqui voc\u00ea fica sabendo de tudo que vai acontecer na <strong>16\u00ba edi\u00e7\u00e3o<\/strong> da <strong>Fire Show<\/strong>.<\/p>Mas antes, preencha o formul\u00e1rio abaixo, assim voc\u00ea ser\u00e1 avisado quando o Credenciamento da&nbsp;<strong>Fire Show 2026 <\/strong>entrar no ar.<\/h3>\t\t<\/div>\n\t\t\t\t<\/div>\n\t\t\t\t<div class=\"elementor-element elementor-element-e0c2cce elementor-widget elementor-widget-text-editor\" data-id=\"e0c2cce\" data-element_type=\"widget\" data-widget_type=\"text-editor.default\">\n\t\t\t\t<div class=\"elementor-widget-container\">\n\t\t\t\t\t\t\t<div class=\"_form_15\"><\/div><script src=\"https:\/\/fieramilano76105.activehosted.com\/f\/embed.php?id=15\" charset=\"utf-8\"><\/script>\t\t\t\t\t\t<\/div>\n\t\t\t\t<\/div>\n\t\t\t\t\t<\/div>\n\t\t<\/div>\n\t\t\t\t\t<\/div>\n\t\t<\/section>\n\t\t\t\t<section class=\"elementor-section elementor-top-section elementor-element elementor-element-984352b elementor-hidden-desktop elementor-hidden-tablet elementor-hidden-mobile elementor-section-boxed elementor-section-height-default elementor-section-height-default\" data-id=\"984352b\" data-element_type=\"section\">\n\t\t\t\t\t\t<div class=\"elementor-container elementor-column-gap-default\">\n\t\t\t\t\t<div class=\"elementor-column elementor-col-100 elementor-top-column elementor-element elementor-element-c3b44c1\" data-id=\"c3b44c1\" data-element_type=\"column\">\n\t\t\t<div class=\"elementor-widget-wrap elementor-element-populated\">\n\t\t\t\t\t\t<div class=\"elementor-element elementor-element-551166b elementor-widget elementor-widget-heading\" data-id=\"551166b\" data-element_type=\"widget\" data-widget_type=\"heading.default\">\n\t\t\t\t<div class=\"elementor-widget-container\">\n\t\t\t<h1 class=\"elementor-heading-title elementor-size-default\">Servi\u00e7os para te Ajudar a Chegar na Fire Show<\/h1>\t\t<\/div>\n\t\t\t\t<\/div>\n\t\t\t\t<div class=\"elementor-element elementor-element-a524a35 elementor-widget-divider--view-line elementor-widget elementor-widget-divider\" data-id=\"a524a35\" data-element_type=\"widget\" data-widget_type=\"divider.default\">\n\t\t\t\t<div class=\"elementor-widget-container\">\n\t\t\t\t\t<div class=\"elementor-divider\">\n\t\t\t<span class=\"elementor-divider-separator\">\n\t\t\t\t\t\t<\/span>\n\t\t<\/div>\n\t\t\t\t<\/div>\n\t\t\t\t<\/div>\n\t\t\t\t\t<\/div>\n\t\t<\/div>\n\t\t\t\t\t<\/div>\n\t\t<\/section>\n\t\t\t\t<section class=\"elementor-section elementor-top-section elementor-element elementor-element-8835ad6 elementor-hidden-desktop elementor-hidden-tablet elementor-hidden-mobile elementor-section-boxed elementor-section-height-default elementor-section-height-default\" data-id=\"8835ad6\" data-element_type=\"section\">\n\t\t\t\t\t\t<div class=\"elementor-container elementor-column-gap-default\">\n\t\t\t\t\t<div class=\"elementor-column elementor-col-33 elementor-top-column elementor-element elementor-element-bf5b375\" data-id=\"bf5b375\" data-element_type=\"column\">\n\t\t\t<div class=\"elementor-widget-wrap elementor-element-populated\">\n\t\t\t\t\t\t<div class=\"elementor-element elementor-element-9485d0d elementor-view-stacked elementor-shape-circle elementor-position-top elementor-mobile-position-top elementor-widget elementor-widget-icon-box\" data-id=\"9485d0d\" data-element_type=\"widget\" data-widget_type=\"icon-box.default\">\n\t\t\t\t<div class=\"elementor-widget-container\">\n\t\t\t\t\t<div class=\"elementor-icon-box-wrapper\">\n\n\t\t\t\t\t\t<div class=\"elementor-icon-box-icon\">\n\t\t\t\t<span  class=\"elementor-icon elementor-animation-\">\n\t\t\t\t<i aria-hidden=\"true\" class=\"fas fa-caravan\"><\/i>\t\t\t\t<\/span>\n\t\t\t<\/div>\n\t\t\t\n\t\t\t\t\t\t<div class=\"elementor-icon-box-content\">\n\n\t\t\t\t\t\t\t\t\t<h3 class=\"elementor-icon-box-title\">\n\t\t\t\t\t\t<span  >\n\t\t\t\t\t\t\tTRANSPORTE GRATUITO\t\t\t\t\t\t<\/span>\n\t\t\t\t\t<\/h3>\n\t\t\t\t\n\t\t\t\t\t\t\t\t\t<p class=\"elementor-icon-box-description\">\n\t\t\t\t\t\tA Fire Show disponibiliza vans gratuitas. Acesse nossas Redes Sociais para conferir o endere\u00e7o atualizado de embarque.\t\t\t\t\t<\/p>\n\t\t\t\t\n\t\t\t<\/div>\n\t\t\t\n\t\t<\/div>\n\t\t\t\t<\/div>\n\t\t\t\t<\/div>\n\t\t\t\t\t<\/div>\n\t\t<\/div>\n\t\t\t\t<div class=\"elementor-column elementor-col-33 elementor-top-column elementor-element elementor-element-3c66c4c\" data-id=\"3c66c4c\" data-element_type=\"column\">\n\t\t\t<div class=\"elementor-widget-wrap elementor-element-populated\">\n\t\t\t\t\t\t<div class=\"elementor-element elementor-element-0c7a6c6 elementor-view-stacked elementor-shape-circle elementor-position-top elementor-mobile-position-top elementor-widget elementor-widget-icon-box\" data-id=\"0c7a6c6\" data-element_type=\"widget\" data-widget_type=\"icon-box.default\">\n\t\t\t\t<div class=\"elementor-widget-container\">\n\t\t\t\t\t<div class=\"elementor-icon-box-wrapper\">\n\n\t\t\t\t\t\t<div class=\"elementor-icon-box-icon\">\n\t\t\t\t<span  class=\"elementor-icon elementor-animation-\">\n\t\t\t\t<i aria-hidden=\"true\" class=\"fas fa-parking\"><\/i>\t\t\t\t<\/span>\n\t\t\t<\/div>\n\t\t\t\n\t\t\t\t\t\t<div class=\"elementor-icon-box-content\">\n\n\t\t\t\t\t\t\t\t\t<h3 class=\"elementor-icon-box-title\">\n\t\t\t\t\t\t<span  >\n\t\t\t\t\t\t\tESTACIONAMENTO <br\/>S\u00c3O PAULO EXPO\t\t\t\t\t\t<\/span>\n\t\t\t\t\t<\/h3>\n\t\t\t\t\n\t\t\t\t\t\t\t\t\t<p class=\"elementor-icon-box-description\">\n\t\t\t\t\t\tO S\u00e3o Paulo Expo\u00a0possui um estacionamento com capacidade para mais de 4.200 ve\u00edculos. Consulte pre\u00e7os e hor\u00e1rio de funcionamento no site <a href=\"http:\/\/www.saopauloexpo.com.br\/\" target=\"_blank\" rel=\"noopener noreferrer\"><strong>www.saopauloexpo.com.br.<\/a>\t\t\t\t\t<\/p>\n\t\t\t\t\n\t\t\t<\/div>\n\t\t\t\n\t\t<\/div>\n\t\t\t\t<\/div>\n\t\t\t\t<\/div>\n\t\t\t\t\t<\/div>\n\t\t<\/div>\n\t\t\t\t<div class=\"elementor-column elementor-col-33 elementor-top-column elementor-element elementor-element-3cad587\" data-id=\"3cad587\" data-element_type=\"column\">\n\t\t\t<div class=\"elementor-widget-wrap elementor-element-populated\">\n\t\t\t\t\t\t<div class=\"elementor-element elementor-element-4f0bed1 elementor-view-stacked elementor-shape-circle elementor-position-top elementor-mobile-position-top elementor-widget elementor-widget-icon-box\" data-id=\"4f0bed1\" data-element_type=\"widget\" data-widget_type=\"icon-box.default\">\n\t\t\t\t<div class=\"elementor-widget-container\">\n\t\t\t\t\t<div class=\"elementor-icon-box-wrapper\">\n\n\t\t\t\t\t\t<div class=\"elementor-icon-box-icon\">\n\t\t\t\t<span  class=\"elementor-icon elementor-animation-\">\n\t\t\t\t<i aria-hidden=\"true\" class=\"fas fa-car\"><\/i>\t\t\t\t<\/span>\n\t\t\t<\/div>\n\t\t\t\n\t\t\t\t\t\t<div class=\"elementor-icon-box-content\">\n\n\t\t\t\t\t\t\t\t\t<h3 class=\"elementor-icon-box-title\">\n\t\t\t\t\t\t<span  >\n\t\t\t\t\t\t\tSERVI\u00c7O DE T\u00c1XI\t\t\t\t\t\t<\/span>\n\t\t\t\t\t<\/h3>\n\t\t\t\t\n\t\t\t\t\t\t\t\t\t<p class=\"elementor-icon-box-description\">\n\t\t\t\t\t\tConfira os pre\u00e7os de t\u00e1xi a partir dos Aeroportos de S\u00e3o Paulo:\n<strong><a href=\"http:\/\/www.tarifadetaxi.com\/sao-paulo?from=Av.%20Washington%20Lu%C3%ADs%2C%20s%2Fn%BA%20-%20Vila%20Congonhas%2C%20S%E3o%20Paulo%20-%20SP%2C%2004626-911%2C%20Brasil%20%40-23.6273246%2C-46.6565842&amp;to=S%E3o%20Paulo%20Expo%3A%20Rod.%20dos%20Imigrantes%2C%201%20-%20Parque%20do%20Estado%20-%20Parque%20do%20Estado%2C%20S%E3o%20Paulo%20-%20SP%2C%2004329-100%2C%20Brasil%20%40-23.64363%2C-46.62957&amp;start_loc=-23.627116%2C-46.659381&amp;end_loc=-23.643548%2C-46.630279&amp;auto=1&amp;waypoints=\" target=\"_blank\" rel=\"noopener noreferrer\">Congonhas \u2013 S\u00e3o Paulo Expo<\/a><\/strong>\n<strong><a href=\"http:\/\/www.tarifadetaxi.com\/sao-paulo?from=Rod.%20H%E9lio%20Smidt%2C%20s%2Fn%BA%20-%20Cumbica%2C%20Guarulhos%20-%20SP%2C%2007190-100%2C%20Brasil%20%40-23.4345529%2C-46.478125999999975&amp;to=S%E3o%20Paulo%20Expo%3A%20Rod.%20dos%20Imigrantes%2C%201%20-%20Parque%20do%20Estado%20-%20Parque%20do%20Estado%2C%20S%E3o%20Paulo%20-%20SP%2C%2004329-100%2C%20Brasil%20%40-23.64363%2C-46.62957&amp;start_loc=-23.440257%2C-46.479113&amp;end_loc=-23.643548%2C-46.630279&amp;auto=1&amp;waypoints=-23.546049%2C-46.599178\" target=\"_blank\" rel=\"noopener noreferrer\">Guarulhos \u2013 S\u00e3o Paulo Expo<\/a><\/strong>\n<span style=\"font-size: 13px;\">* Os pre\u00e7os acima est\u00e3o sujeitos a altera\u00e7\u00e3o e n\u00e3o s\u00e3o de responsabilidade da Cipa Fiera Milano.<\/span>\t\t\t\t\t<\/p>\n\t\t\t\t\n\t\t\t<\/div>\n\t\t\t\n\t\t<\/div>\n\t\t\t\t<\/div>\n\t\t\t\t<\/div>\n\t\t\t\t\t<\/div>\n\t\t<\/div>\n\t\t\t\t\t<\/div>\n\t\t<\/section>\n\t\t\t\t<\/div>\n\t\t","protected":false},"excerpt":{"rendered":"<p>CREDENCIAMENTO Ol\u00e1 Visitante, Aqui voc\u00ea fica sabendo de tudo que vai acontecer na 16\u00ba edi\u00e7\u00e3o da Fire Show. Mas antes, preencha o formul\u00e1rio abaixo, assim voc\u00ea ser\u00e1 avisado quando o Credenciamento da&nbsp;Fire Show 2026 entrar no ar. Servi\u00e7os para te Ajudar a Chegar na Fire Show TRANSPORTE GRATUITO A Fire Show disponibiliza vans gratuitas. Acesse [&hellip;]<\/p>\n","protected":false},"author":2,"featured_media":0,"parent":0,"menu_order":0,"comment_status":"closed","ping_status":"closed","template":"","meta":{"_joinchat":[],"footnotes":""},"class_list":["post-301","page","type-page","status-publish","hentry"],"yoast_head":"<!-- This site is optimized with the Yoast SEO plugin v18.1 - https:\/\/yoast.com\/wordpress\/plugins\/seo\/ -->\n<title>Credenciamento Fire Show | Feira Internacional de Resgate e Prote\u00e7\u00e3o contra Inc\u00eandio<\/title>\n<meta name=\"description\" content=\"Fa\u00e7a j\u00e1 seu Credenciamento Fire Show e Participe do Maior Evento de Resgate e Prote\u00e7\u00e3o contra Inc\u00eandio da Am\u00e9rica Latina. Fa\u00e7a Parte deste Grande Momento.\" \/>\n<meta name=\"robots\" content=\"index, follow, max-snippet:-1, max-image-preview:large, max-video-preview:-1\" \/>\n<link rel=\"canonical\" href=\"https:\/\/fireshow.com.br\/?page_id=301\" \/>\n<meta property=\"og:locale\" content=\"pt_BR\" \/>\n<meta property=\"og:type\" content=\"article\" \/>\n<meta property=\"og:title\" content=\"Credenciamento Fire Show | Feira Internacional de Resgate e Prote\u00e7\u00e3o contra Inc\u00eandio\" \/>\n<meta property=\"og:description\" content=\"Fa\u00e7a j\u00e1 seu Credenciamento Fire Show e Participe do Maior Evento de Resgate e Prote\u00e7\u00e3o contra Inc\u00eandio da Am\u00e9rica Latina. Fa\u00e7a Parte deste Grande Momento.\" \/>\n<meta property=\"og:url\" content=\"https:\/\/fireshow.com.br\/?page_id=301\" \/>\n<meta property=\"og:site_name\" content=\"Fire Show\" \/>\n<meta property=\"article:publisher\" content=\"https:\/\/www.facebook.com\/Fire-Show-1113145285392042\/\" \/>\n<meta property=\"article:modified_time\" content=\"2026-02-10T14:53:29+00:00\" \/>\n<meta name=\"twitter:card\" content=\"summary_large_image\" \/>\n<meta name=\"twitter:site\" content=\"@feirafireshow\" \/>\n<meta name=\"twitter:label1\" content=\"Est. tempo de leitura\" \/>\n\t<meta name=\"twitter:data1\" content=\"6 minutos\" \/>\n<script type=\"application\/ld+json\" class=\"yoast-schema-graph\">{\"@context\":\"https:\/\/schema.org\",\"@graph\":[{\"@type\":\"Organization\",\"@id\":\"https:\/\/fireshow.com.br\/#organization\",\"name\":\"Fire Show - International Fire Fair\",\"url\":\"https:\/\/fireshow.com.br\/\",\"sameAs\":[\"https:\/\/www.facebook.com\/Fire-Show-1113145285392042\/\",\"https:\/\/www.instagram.com\/fireshowbrasil\/\",\"https:\/\/www.youtube.com\/channel\/UCcrepgp7vdG5UxMwei4-OjA\",\"https:\/\/twitter.com\/feirafireshow\"],\"logo\":{\"@type\":\"ImageObject\",\"@id\":\"https:\/\/fireshow.com.br\/#logo\",\"inLanguage\":\"pt-BR\",\"url\":\"https:\/\/glorious-green-crane.72-61-35-14.cpanel.site\/wp-content\/uploads\/2017\/11\/favicon-fireshow.png\",\"contentUrl\":\"https:\/\/glorious-green-crane.72-61-35-14.cpanel.site\/wp-content\/uploads\/2017\/11\/favicon-fireshow.png\",\"width\":250,\"height\":250,\"caption\":\"Fire Show - International Fire Fair\"},\"image\":{\"@id\":\"https:\/\/fireshow.com.br\/#logo\"}},{\"@type\":\"WebSite\",\"@id\":\"https:\/\/fireshow.com.br\/#website\",\"url\":\"https:\/\/fireshow.com.br\/\",\"name\":\"Fire Show\",\"description\":\"International Fire Fair\",\"publisher\":{\"@id\":\"https:\/\/fireshow.com.br\/#organization\"},\"potentialAction\":[{\"@type\":\"SearchAction\",\"target\":{\"@type\":\"EntryPoint\",\"urlTemplate\":\"https:\/\/fireshow.com.br\/?s={search_term_string}\"},\"query-input\":\"required name=search_term_string\"}],\"inLanguage\":\"pt-BR\"},{\"@type\":\"WebPage\",\"@id\":\"https:\/\/fireshow.com.br\/?page_id=301#webpage\",\"url\":\"https:\/\/fireshow.com.br\/?page_id=301\",\"name\":\"Credenciamento Fire Show | Feira Internacional de Resgate e Prote\u00e7\u00e3o contra Inc\u00eandio\",\"isPartOf\":{\"@id\":\"https:\/\/fireshow.com.br\/#website\"},\"datePublished\":\"2015-09-10T18:00:24+00:00\",\"dateModified\":\"2026-02-10T14:53:29+00:00\",\"description\":\"Fa\u00e7a j\u00e1 seu Credenciamento Fire Show e Participe do Maior Evento de Resgate e Prote\u00e7\u00e3o contra Inc\u00eandio da Am\u00e9rica Latina. Fa\u00e7a Parte deste Grande Momento.\",\"breadcrumb\":{\"@id\":\"https:\/\/fireshow.com.br\/?page_id=301#breadcrumb\"},\"inLanguage\":\"pt-BR\",\"potentialAction\":[{\"@type\":\"ReadAction\",\"target\":[\"https:\/\/fireshow.com.br\/?page_id=301\"]}]},{\"@type\":\"BreadcrumbList\",\"@id\":\"https:\/\/fireshow.com.br\/?page_id=301#breadcrumb\",\"itemListElement\":[{\"@type\":\"ListItem\",\"position\":1,\"name\":\"In\u00edcio\",\"item\":\"https:\/\/fireshow.com.br\/\"},{\"@type\":\"ListItem\",\"position\":2,\"name\":\"CREDENCIAMENTO\"}]}]}<\/script>\n<!-- \/ Yoast SEO plugin. -->","yoast_head_json":{"title":"Credenciamento Fire Show | Feira Internacional de Resgate e Prote\u00e7\u00e3o contra Inc\u00eandio","description":"Fa\u00e7a j\u00e1 seu Credenciamento Fire Show e Participe do Maior Evento de Resgate e Prote\u00e7\u00e3o contra Inc\u00eandio da Am\u00e9rica Latina. Fa\u00e7a Parte deste Grande Momento.","robots":{"index":"index","follow":"follow","max-snippet":"max-snippet:-1","max-image-preview":"max-image-preview:large","max-video-preview":"max-video-preview:-1"},"canonical":"https:\/\/fireshow.com.br\/?page_id=301","og_locale":"pt_BR","og_type":"article","og_title":"Credenciamento Fire Show | Feira Internacional de Resgate e Prote\u00e7\u00e3o contra Inc\u00eandio","og_description":"Fa\u00e7a j\u00e1 seu Credenciamento Fire Show e Participe do Maior Evento de Resgate e Prote\u00e7\u00e3o contra Inc\u00eandio da Am\u00e9rica Latina. Fa\u00e7a Parte deste Grande Momento.","og_url":"https:\/\/fireshow.com.br\/?page_id=301","og_site_name":"Fire Show","article_publisher":"https:\/\/www.facebook.com\/Fire-Show-1113145285392042\/","article_modified_time":"2026-02-10T14:53:29+00:00","twitter_card":"summary_large_image","twitter_site":"@feirafireshow","twitter_misc":{"Est. tempo de leitura":"6 minutos"},"schema":{"@context":"https:\/\/schema.org","@graph":[{"@type":"Organization","@id":"https:\/\/fireshow.com.br\/#organization","name":"Fire Show - International Fire Fair","url":"https:\/\/fireshow.com.br\/","sameAs":["https:\/\/www.facebook.com\/Fire-Show-1113145285392042\/","https:\/\/www.instagram.com\/fireshowbrasil\/","https:\/\/www.youtube.com\/channel\/UCcrepgp7vdG5UxMwei4-OjA","https:\/\/twitter.com\/feirafireshow"],"logo":{"@type":"ImageObject","@id":"https:\/\/fireshow.com.br\/#logo","inLanguage":"pt-BR","url":"https:\/\/glorious-green-crane.72-61-35-14.cpanel.site\/wp-content\/uploads\/2017\/11\/favicon-fireshow.png","contentUrl":"https:\/\/glorious-green-crane.72-61-35-14.cpanel.site\/wp-content\/uploads\/2017\/11\/favicon-fireshow.png","width":250,"height":250,"caption":"Fire Show - International Fire Fair"},"image":{"@id":"https:\/\/fireshow.com.br\/#logo"}},{"@type":"WebSite","@id":"https:\/\/fireshow.com.br\/#website","url":"https:\/\/fireshow.com.br\/","name":"Fire Show","description":"International Fire Fair","publisher":{"@id":"https:\/\/fireshow.com.br\/#organization"},"potentialAction":[{"@type":"SearchAction","target":{"@type":"EntryPoint","urlTemplate":"https:\/\/fireshow.com.br\/?s={search_term_string}"},"query-input":"required name=search_term_string"}],"inLanguage":"pt-BR"},{"@type":"WebPage","@id":"https:\/\/fireshow.com.br\/?page_id=301#webpage","url":"https:\/\/fireshow.com.br\/?page_id=301","name":"Credenciamento Fire Show | Feira Internacional de Resgate e Prote\u00e7\u00e3o contra Inc\u00eandio","isPartOf":{"@id":"https:\/\/fireshow.com.br\/#website"},"datePublished":"2015-09-10T18:00:24+00:00","dateModified":"2026-02-10T14:53:29+00:00","description":"Fa\u00e7a j\u00e1 seu Credenciamento Fire Show e Participe do Maior Evento de Resgate e Prote\u00e7\u00e3o contra Inc\u00eandio da Am\u00e9rica Latina. Fa\u00e7a Parte deste Grande Momento.","breadcrumb":{"@id":"https:\/\/fireshow.com.br\/?page_id=301#breadcrumb"},"inLanguage":"pt-BR","potentialAction":[{"@type":"ReadAction","target":["https:\/\/fireshow.com.br\/?page_id=301"]}]},{"@type":"BreadcrumbList","@id":"https:\/\/fireshow.com.br\/?page_id=301#breadcrumb","itemListElement":[{"@type":"ListItem","position":1,"name":"In\u00edcio","item":"https:\/\/fireshow.com.br\/"},{"@type":"ListItem","position":2,"name":"CREDENCIAMENTO"}]}]}},"_links":{"self":[{"href":"https:\/\/fireshow.com.br\/index.php?rest_route=\/wp\/v2\/pages\/301","targetHints":{"allow":["GET"]}}],"collection":[{"href":"https:\/\/fireshow.com.br\/index.php?rest_route=\/wp\/v2\/pages"}],"about":[{"href":"https:\/\/fireshow.com.br\/index.php?rest_route=\/wp\/v2\/types\/page"}],"author":[{"embeddable":true,"href":"https:\/\/fireshow.com.br\/index.php?rest_route=\/wp\/v2\/users\/2"}],"replies":[{"embeddable":true,"href":"https:\/\/fireshow.com.br\/index.php?rest_route=%2Fwp%2Fv2%2Fcomments&post=301"}],"version-history":[{"count":63,"href":"https:\/\/fireshow.com.br\/index.php?rest_route=\/wp\/v2\/pages\/301\/revisions"}],"predecessor-version":[{"id":11186,"href":"https:\/\/fireshow.com.br\/index.php?rest_route=\/wp\/v2\/pages\/301\/revisions\/11186"}],"wp:attachment":[{"href":"https:\/\/fireshow.com.br\/index.php?rest_route=%2Fwp%2Fv2%2Fmedia&parent=301"}],"curies":[{"name":"wp","href":"https:\/\/api.w.org\/{rel}","templated":true}]}}