{"id":2737,"date":"2020-06-08T15:56:58","date_gmt":"2020-06-08T15:56:58","guid":{"rendered":"https:\/\/glorious-green-crane.72-61-35-14.cpanel.site\/?page_id=2737"},"modified":"2026-02-10T14:36:21","modified_gmt":"2026-02-10T14:36:21","slug":"baixe-o-catalogo-fire-show-2024","status":"publish","type":"page","link":"https:\/\/fireshow.com.br\/?page_id=2737","title":{"rendered":"Baixe o Cat\u00e1logo Fire Show 2024"},"content":{"rendered":"\t\t<div data-elementor-type=\"wp-page\" data-elementor-id=\"2737\" class=\"elementor elementor-2737\">\n\t\t\t\t\t\t<section class=\"elementor-section elementor-top-section elementor-element elementor-element-7be18a2 elementor-section-height-min-height elementor-section-boxed elementor-section-height-default elementor-section-items-middle\" data-id=\"7be18a2\" data-element_type=\"section\">\n\t\t\t\t\t\t<div class=\"elementor-container elementor-column-gap-default\">\n\t\t\t\t\t<div class=\"elementor-column elementor-col-100 elementor-top-column elementor-element elementor-element-69dc73e\" data-id=\"69dc73e\" data-element_type=\"column\">\n\t\t\t<div class=\"elementor-widget-wrap elementor-element-populated\">\n\t\t\t\t\t\t<div class=\"elementor-element elementor-element-b4b3b27 elementor-widget elementor-widget-heading\" data-id=\"b4b3b27\" data-element_type=\"widget\" data-widget_type=\"heading.default\">\n\t\t\t\t<div class=\"elementor-widget-container\">\n\t\t\t<h1 class=\"elementor-heading-title elementor-size-default\">Baixe o Cat\u00e1logo Fire Show 2026<\/h1>\t\t<\/div>\n\t\t\t\t<\/div>\n\t\t\t\t<div class=\"elementor-element elementor-element-4430693 elementor-widget-divider--view-line elementor-widget elementor-widget-divider\" data-id=\"4430693\" data-element_type=\"widget\" data-widget_type=\"divider.default\">\n\t\t\t\t<div class=\"elementor-widget-container\">\n\t\t\t\t\t<div class=\"elementor-divider\">\n\t\t\t<span class=\"elementor-divider-separator\">\n\t\t\t\t\t\t<\/span>\n\t\t<\/div>\n\t\t\t\t<\/div>\n\t\t\t\t<\/div>\n\t\t\t\t\t<\/div>\n\t\t<\/div>\n\t\t\t\t\t<\/div>\n\t\t<\/section>\n\t\t\t\t<section class=\"elementor-section elementor-top-section elementor-element elementor-element-fb64f35 elementor-section-boxed elementor-section-height-default elementor-section-height-default\" data-id=\"fb64f35\" data-element_type=\"section\">\n\t\t\t\t\t\t<div class=\"elementor-container elementor-column-gap-default\">\n\t\t\t\t\t<div class=\"elementor-column elementor-col-50 elementor-top-column elementor-element elementor-element-1fad51c\" data-id=\"1fad51c\" data-element_type=\"column\">\n\t\t\t<div class=\"elementor-widget-wrap elementor-element-populated\">\n\t\t\t\t\t\t<div class=\"elementor-element elementor-element-a720110 elementor-widget elementor-widget-image\" data-id=\"a720110\" data-element_type=\"widget\" data-widget_type=\"image.default\">\n\t\t\t\t<div class=\"elementor-widget-container\">\n\t\t\t\t\t\t\t\t\t\t\t\t\t<img fetchpriority=\"high\" decoding=\"async\" width=\"800\" height=\"778\" src=\"https:\/\/fireshow.com.br\/wp-content\/uploads\/2024\/11\/capa-cata\u0301logo-fire-copiar.png\" class=\"attachment-large size-large wp-image-10457\" alt=\"\" srcset=\"https:\/\/fireshow.com.br\/wp-content\/uploads\/2024\/11\/capa-cata\u0301logo-fire-copiar.png 1000w, https:\/\/fireshow.com.br\/wp-content\/uploads\/2024\/11\/capa-cata\u0301logo-fire-copiar-320x311.png 320w, https:\/\/fireshow.com.br\/wp-content\/uploads\/2024\/11\/capa-cata\u0301logo-fire-copiar-768x747.png 768w, https:\/\/fireshow.com.br\/wp-content\/uploads\/2024\/11\/capa-cata\u0301logo-fire-copiar-540x525.png 540w, https:\/\/fireshow.com.br\/wp-content\/uploads\/2024\/11\/capa-cata\u0301logo-fire-copiar-32x32.png 32w, https:\/\/fireshow.com.br\/wp-content\/uploads\/2024\/11\/capa-cata\u0301logo-fire-copiar-48x48.png 48w, https:\/\/fireshow.com.br\/wp-content\/uploads\/2024\/11\/capa-cata\u0301logo-fire-copiar-185x180.png 185w\" sizes=\"(max-width: 800px) 100vw, 800px\" \/>\t\t\t\t\t\t\t\t\t\t\t\t\t<\/div>\n\t\t\t\t<\/div>\n\t\t\t\t\t<\/div>\n\t\t<\/div>\n\t\t\t\t<div class=\"elementor-column elementor-col-50 elementor-top-column elementor-element elementor-element-04539f6\" data-id=\"04539f6\" data-element_type=\"column\">\n\t\t\t<div class=\"elementor-widget-wrap elementor-element-populated\">\n\t\t\t\t\t\t<div class=\"elementor-element elementor-element-98587a2 elementor-widget elementor-widget-text-editor\" data-id=\"98587a2\" data-element_type=\"widget\" data-widget_type=\"text-editor.default\">\n\t\t\t\t<div class=\"elementor-widget-container\">\n\t\t\t\t\t\t\t<div class=\"_form_17\"><\/div><script src=\"https:\/\/fieramilano76105.activehosted.com\/f\/embed.php?id=17\" charset=\"utf-8\"><\/script>\t\t\t\t\t\t<\/div>\n\t\t\t\t<\/div>\n\t\t\t\t\t<\/div>\n\t\t<\/div>\n\t\t\t\t\t<\/div>\n\t\t<\/section>\n\t\t\t\t<section class=\"elementor-section elementor-top-section elementor-element elementor-element-14d7457a elementor-section-boxed elementor-section-height-default elementor-section-height-default\" data-id=\"14d7457a\" data-element_type=\"section\" data-settings=\"{&quot;background_background&quot;:&quot;gradient&quot;}\">\n\t\t\t\t\t\t\t<div class=\"elementor-background-overlay\"><\/div>\n\t\t\t\t\t\t\t<div class=\"elementor-container elementor-column-gap-default\">\n\t\t\t\t\t<div class=\"elementor-column elementor-col-100 elementor-top-column elementor-element elementor-element-6f2ae762\" data-id=\"6f2ae762\" data-element_type=\"column\">\n\t\t\t<div class=\"elementor-widget-wrap elementor-element-populated\">\n\t\t\t\t\t\t<div class=\"elementor-element elementor-element-1ad4d74f elementor-widget elementor-widget-heading\" data-id=\"1ad4d74f\" data-element_type=\"widget\" data-widget_type=\"heading.default\">\n\t\t\t\t<div class=\"elementor-widget-container\">\n\t\t\t<h3 class=\"elementor-heading-title elementor-size-default\">Garanta j\u00e1 o seu lugar no maior evento do setor.<\/h3>\t\t<\/div>\n\t\t\t\t<\/div>\n\t\t\t\t<section class=\"elementor-section elementor-inner-section elementor-element elementor-element-60558003 elementor-section-boxed elementor-section-height-default elementor-section-height-default\" data-id=\"60558003\" data-element_type=\"section\">\n\t\t\t\t\t\t<div class=\"elementor-container elementor-column-gap-default\">\n\t\t\t\t\t<div class=\"elementor-column elementor-col-50 elementor-inner-column elementor-element elementor-element-5e19165\" data-id=\"5e19165\" data-element_type=\"column\">\n\t\t\t<div class=\"elementor-widget-wrap elementor-element-populated\">\n\t\t\t\t\t\t<div class=\"elementor-element elementor-element-7cac00b elementor-mobile-align-center elementor-align-right elementor-widget elementor-widget-button\" data-id=\"7cac00b\" data-element_type=\"widget\" data-widget_type=\"button.default\">\n\t\t\t\t<div class=\"elementor-widget-container\">\n\t\t\t\t\t\t\t<div class=\"elementor-button-wrapper\">\n\t\t\t\t\t<a class=\"elementor-button elementor-button-link elementor-size-md\" href=\"\/credenciamento\/\">\n\t\t\t\t\t\t<span class=\"elementor-button-content-wrapper\">\n\t\t\t\t\t\t\t\t\t<span class=\"elementor-button-text\">Credenciamento<\/span>\n\t\t\t\t\t<\/span>\n\t\t\t\t\t<\/a>\n\t\t\t\t<\/div>\n\t\t\t\t\t\t<\/div>\n\t\t\t\t<\/div>\n\t\t\t\t\t<\/div>\n\t\t<\/div>\n\t\t\t\t<div class=\"elementor-column elementor-col-50 elementor-inner-column elementor-element elementor-element-1aaa6ef5\" data-id=\"1aaa6ef5\" data-element_type=\"column\">\n\t\t\t<div class=\"elementor-widget-wrap elementor-element-populated\">\n\t\t\t\t\t\t<div class=\"elementor-element elementor-element-7303e359 elementor-mobile-align-center elementor-align-right elementor-widget elementor-widget-button\" data-id=\"7303e359\" data-element_type=\"widget\" data-widget_type=\"button.default\">\n\t\t\t\t<div class=\"elementor-widget-container\">\n\t\t\t\t\t\t\t<div class=\"elementor-button-wrapper\">\n\t\t\t\t\t<a class=\"elementor-button elementor-button-link elementor-size-md\" href=\"\/por-que-expor\/\">\n\t\t\t\t\t\t<span class=\"elementor-button-content-wrapper\">\n\t\t\t\t\t\t\t\t\t<span class=\"elementor-button-text\">RESERVE SEU ESTANDE<\/span>\n\t\t\t\t\t<\/span>\n\t\t\t\t\t<\/a>\n\t\t\t\t<\/div>\n\t\t\t\t\t\t<\/div>\n\t\t\t\t<\/div>\n\t\t\t\t\t<\/div>\n\t\t<\/div>\n\t\t\t\t\t<\/div>\n\t\t<\/section>\n\t\t\t\t\t<\/div>\n\t\t<\/div>\n\t\t\t\t\t<\/div>\n\t\t<\/section>\n\t\t\t\t<\/div>\n\t\t","protected":false},"excerpt":{"rendered":"<p>Baixe o Cat\u00e1logo Fire Show 2026 Garanta j\u00e1 o seu lugar no maior evento do setor. Credenciamento RESERVE SEU ESTANDE<\/p>\n","protected":false},"author":2,"featured_media":0,"parent":0,"menu_order":0,"comment_status":"closed","ping_status":"closed","template":"","meta":{"_joinchat":[],"footnotes":""},"class_list":["post-2737","page","type-page","status-publish","hentry"],"yoast_head":"<!-- This site is optimized with the Yoast SEO plugin v18.1 - https:\/\/yoast.com\/wordpress\/plugins\/seo\/ -->\n<title>Baixe o Cat\u00e1logo Fire Show 2024 | International Fire Fair<\/title>\n<meta name=\"description\" content=\"Agora Voc\u00ea ter\u00e1 Acesso as Maiores Empresas e Marcas do Setor Baixando o Cat\u00e1logo de Expositores da Fire Show 2024. Aproveite, baixe j\u00e1 o seu.\" \/>\n<meta name=\"robots\" content=\"index, follow, max-snippet:-1, max-image-preview:large, max-video-preview:-1\" \/>\n<link rel=\"canonical\" href=\"https:\/\/fireshow.com.br\/?page_id=2737\" \/>\n<meta property=\"og:locale\" content=\"pt_BR\" \/>\n<meta property=\"og:type\" content=\"article\" \/>\n<meta property=\"og:title\" content=\"Baixe o Cat\u00e1logo Fire Show 2024 | International Fire Fair\" \/>\n<meta property=\"og:description\" content=\"Agora Voc\u00ea ter\u00e1 Acesso as Maiores Empresas e Marcas do Setor Baixando o Cat\u00e1logo de Expositores da Fire Show 2024. Aproveite, baixe j\u00e1 o seu.\" \/>\n<meta property=\"og:url\" content=\"https:\/\/fireshow.com.br\/?page_id=2737\" \/>\n<meta property=\"og:site_name\" content=\"Fire Show\" \/>\n<meta property=\"article:publisher\" content=\"https:\/\/www.facebook.com\/Fire-Show-1113145285392042\/\" \/>\n<meta property=\"article:modified_time\" content=\"2026-02-10T14:36:21+00:00\" \/>\n<meta property=\"og:image\" content=\"https:\/\/glorious-green-crane.72-61-35-14.cpanel.site\/wp-content\/uploads\/2024\/11\/capa-cata\u0301logo-fire-copiar.png\" \/>\n<meta name=\"twitter:card\" content=\"summary_large_image\" \/>\n<meta name=\"twitter:site\" content=\"@feirafireshow\" \/>\n<script type=\"application\/ld+json\" class=\"yoast-schema-graph\">{\"@context\":\"https:\/\/schema.org\",\"@graph\":[{\"@type\":\"Organization\",\"@id\":\"https:\/\/fireshow.com.br\/#organization\",\"name\":\"Fire Show - International Fire Fair\",\"url\":\"https:\/\/fireshow.com.br\/\",\"sameAs\":[\"https:\/\/www.facebook.com\/Fire-Show-1113145285392042\/\",\"https:\/\/www.instagram.com\/fireshowbrasil\/\",\"https:\/\/www.youtube.com\/channel\/UCcrepgp7vdG5UxMwei4-OjA\",\"https:\/\/twitter.com\/feirafireshow\"],\"logo\":{\"@type\":\"ImageObject\",\"@id\":\"https:\/\/fireshow.com.br\/#logo\",\"inLanguage\":\"pt-BR\",\"url\":\"https:\/\/glorious-green-crane.72-61-35-14.cpanel.site\/wp-content\/uploads\/2017\/11\/favicon-fireshow.png\",\"contentUrl\":\"https:\/\/glorious-green-crane.72-61-35-14.cpanel.site\/wp-content\/uploads\/2017\/11\/favicon-fireshow.png\",\"width\":250,\"height\":250,\"caption\":\"Fire Show - International Fire Fair\"},\"image\":{\"@id\":\"https:\/\/fireshow.com.br\/#logo\"}},{\"@type\":\"WebSite\",\"@id\":\"https:\/\/fireshow.com.br\/#website\",\"url\":\"https:\/\/fireshow.com.br\/\",\"name\":\"Fire Show\",\"description\":\"International Fire Fair\",\"publisher\":{\"@id\":\"https:\/\/fireshow.com.br\/#organization\"},\"potentialAction\":[{\"@type\":\"SearchAction\",\"target\":{\"@type\":\"EntryPoint\",\"urlTemplate\":\"https:\/\/fireshow.com.br\/?s={search_term_string}\"},\"query-input\":\"required name=search_term_string\"}],\"inLanguage\":\"pt-BR\"},{\"@type\":\"ImageObject\",\"@id\":\"https:\/\/fireshow.com.br\/?page_id=2737#primaryimage\",\"inLanguage\":\"pt-BR\",\"url\":\"https:\/\/glorious-green-crane.72-61-35-14.cpanel.site\/wp-content\/uploads\/2024\/11\/capa-cata\u0301logo-fire-copiar.png\",\"contentUrl\":\"https:\/\/glorious-green-crane.72-61-35-14.cpanel.site\/wp-content\/uploads\/2024\/11\/capa-cata\u0301logo-fire-copiar.png\"},{\"@type\":\"WebPage\",\"@id\":\"https:\/\/fireshow.com.br\/?page_id=2737#webpage\",\"url\":\"https:\/\/fireshow.com.br\/?page_id=2737\",\"name\":\"Baixe o Cat\u00e1logo Fire Show 2024 | International Fire Fair\",\"isPartOf\":{\"@id\":\"https:\/\/fireshow.com.br\/#website\"},\"primaryImageOfPage\":{\"@id\":\"https:\/\/fireshow.com.br\/?page_id=2737#primaryimage\"},\"datePublished\":\"2020-06-08T15:56:58+00:00\",\"dateModified\":\"2026-02-10T14:36:21+00:00\",\"description\":\"Agora Voc\u00ea ter\u00e1 Acesso as Maiores Empresas e Marcas do Setor Baixando o Cat\u00e1logo de Expositores da Fire Show 2024. Aproveite, baixe j\u00e1 o seu.\",\"breadcrumb\":{\"@id\":\"https:\/\/fireshow.com.br\/?page_id=2737#breadcrumb\"},\"inLanguage\":\"pt-BR\",\"potentialAction\":[{\"@type\":\"ReadAction\",\"target\":[\"https:\/\/fireshow.com.br\/?page_id=2737\"]}]},{\"@type\":\"BreadcrumbList\",\"@id\":\"https:\/\/fireshow.com.br\/?page_id=2737#breadcrumb\",\"itemListElement\":[{\"@type\":\"ListItem\",\"position\":1,\"name\":\"In\u00edcio\",\"item\":\"https:\/\/fireshow.com.br\/\"},{\"@type\":\"ListItem\",\"position\":2,\"name\":\"Baixe o Cat\u00e1logo Fire Show 2024\"}]}]}<\/script>\n<!-- \/ Yoast SEO plugin. -->","yoast_head_json":{"title":"Baixe o Cat\u00e1logo Fire Show 2024 | International Fire Fair","description":"Agora Voc\u00ea ter\u00e1 Acesso as Maiores Empresas e Marcas do Setor Baixando o Cat\u00e1logo de Expositores da Fire Show 2024. Aproveite, baixe j\u00e1 o seu.","robots":{"index":"index","follow":"follow","max-snippet":"max-snippet:-1","max-image-preview":"max-image-preview:large","max-video-preview":"max-video-preview:-1"},"canonical":"https:\/\/fireshow.com.br\/?page_id=2737","og_locale":"pt_BR","og_type":"article","og_title":"Baixe o Cat\u00e1logo Fire Show 2024 | International Fire Fair","og_description":"Agora Voc\u00ea ter\u00e1 Acesso as Maiores Empresas e Marcas do Setor Baixando o Cat\u00e1logo de Expositores da Fire Show 2024. Aproveite, baixe j\u00e1 o seu.","og_url":"https:\/\/fireshow.com.br\/?page_id=2737","og_site_name":"Fire Show","article_publisher":"https:\/\/www.facebook.com\/Fire-Show-1113145285392042\/","article_modified_time":"2026-02-10T14:36:21+00:00","og_image":[{"url":"https:\/\/glorious-green-crane.72-61-35-14.cpanel.site\/wp-content\/uploads\/2024\/11\/capa-cata\u0301logo-fire-copiar.png"}],"twitter_card":"summary_large_image","twitter_site":"@feirafireshow","schema":{"@context":"https:\/\/schema.org","@graph":[{"@type":"Organization","@id":"https:\/\/fireshow.com.br\/#organization","name":"Fire Show - International Fire Fair","url":"https:\/\/fireshow.com.br\/","sameAs":["https:\/\/www.facebook.com\/Fire-Show-1113145285392042\/","https:\/\/www.instagram.com\/fireshowbrasil\/","https:\/\/www.youtube.com\/channel\/UCcrepgp7vdG5UxMwei4-OjA","https:\/\/twitter.com\/feirafireshow"],"logo":{"@type":"ImageObject","@id":"https:\/\/fireshow.com.br\/#logo","inLanguage":"pt-BR","url":"https:\/\/glorious-green-crane.72-61-35-14.cpanel.site\/wp-content\/uploads\/2017\/11\/favicon-fireshow.png","contentUrl":"https:\/\/glorious-green-crane.72-61-35-14.cpanel.site\/wp-content\/uploads\/2017\/11\/favicon-fireshow.png","width":250,"height":250,"caption":"Fire Show - International Fire Fair"},"image":{"@id":"https:\/\/fireshow.com.br\/#logo"}},{"@type":"WebSite","@id":"https:\/\/fireshow.com.br\/#website","url":"https:\/\/fireshow.com.br\/","name":"Fire Show","description":"International Fire Fair","publisher":{"@id":"https:\/\/fireshow.com.br\/#organization"},"potentialAction":[{"@type":"SearchAction","target":{"@type":"EntryPoint","urlTemplate":"https:\/\/fireshow.com.br\/?s={search_term_string}"},"query-input":"required name=search_term_string"}],"inLanguage":"pt-BR"},{"@type":"ImageObject","@id":"https:\/\/fireshow.com.br\/?page_id=2737#primaryimage","inLanguage":"pt-BR","url":"https:\/\/glorious-green-crane.72-61-35-14.cpanel.site\/wp-content\/uploads\/2024\/11\/capa-cata\u0301logo-fire-copiar.png","contentUrl":"https:\/\/glorious-green-crane.72-61-35-14.cpanel.site\/wp-content\/uploads\/2024\/11\/capa-cata\u0301logo-fire-copiar.png"},{"@type":"WebPage","@id":"https:\/\/fireshow.com.br\/?page_id=2737#webpage","url":"https:\/\/fireshow.com.br\/?page_id=2737","name":"Baixe o Cat\u00e1logo Fire Show 2024 | International Fire Fair","isPartOf":{"@id":"https:\/\/fireshow.com.br\/#website"},"primaryImageOfPage":{"@id":"https:\/\/fireshow.com.br\/?page_id=2737#primaryimage"},"datePublished":"2020-06-08T15:56:58+00:00","dateModified":"2026-02-10T14:36:21+00:00","description":"Agora Voc\u00ea ter\u00e1 Acesso as Maiores Empresas e Marcas do Setor Baixando o Cat\u00e1logo de Expositores da Fire Show 2024. Aproveite, baixe j\u00e1 o seu.","breadcrumb":{"@id":"https:\/\/fireshow.com.br\/?page_id=2737#breadcrumb"},"inLanguage":"pt-BR","potentialAction":[{"@type":"ReadAction","target":["https:\/\/fireshow.com.br\/?page_id=2737"]}]},{"@type":"BreadcrumbList","@id":"https:\/\/fireshow.com.br\/?page_id=2737#breadcrumb","itemListElement":[{"@type":"ListItem","position":1,"name":"In\u00edcio","item":"https:\/\/fireshow.com.br\/"},{"@type":"ListItem","position":2,"name":"Baixe o Cat\u00e1logo Fire Show 2024"}]}]}},"_links":{"self":[{"href":"https:\/\/fireshow.com.br\/index.php?rest_route=\/wp\/v2\/pages\/2737","targetHints":{"allow":["GET"]}}],"collection":[{"href":"https:\/\/fireshow.com.br\/index.php?rest_route=\/wp\/v2\/pages"}],"about":[{"href":"https:\/\/fireshow.com.br\/index.php?rest_route=\/wp\/v2\/types\/page"}],"author":[{"embeddable":true,"href":"https:\/\/fireshow.com.br\/index.php?rest_route=\/wp\/v2\/users\/2"}],"replies":[{"embeddable":true,"href":"https:\/\/fireshow.com.br\/index.php?rest_route=%2Fwp%2Fv2%2Fcomments&post=2737"}],"version-history":[{"count":21,"href":"https:\/\/fireshow.com.br\/index.php?rest_route=\/wp\/v2\/pages\/2737\/revisions"}],"predecessor-version":[{"id":11177,"href":"https:\/\/fireshow.com.br\/index.php?rest_route=\/wp\/v2\/pages\/2737\/revisions\/11177"}],"wp:attachment":[{"href":"https:\/\/fireshow.com.br\/index.php?rest_route=%2Fwp%2Fv2%2Fmedia&parent=2737"}],"curies":[{"name":"wp","href":"https:\/\/api.w.org\/{rel}","templated":true}]}}