{"id":1965,"date":"2016-12-06T18:17:46","date_gmt":"2016-12-06T18:17:46","guid":{"rendered":"https:\/\/glorious-green-crane.72-61-35-14.cpanel.site\/?page_id=1965"},"modified":"2025-09-17T04:14:26","modified_gmt":"2025-09-17T04:14:26","slug":"caderno-incendio-midia-oficial","status":"publish","type":"page","link":"https:\/\/fireshow.com.br\/?page_id=1965","title":{"rendered":"Caderno Inc\u00eandio"},"content":{"rendered":"\t\t<div data-elementor-type=\"wp-page\" data-elementor-id=\"1965\" class=\"elementor elementor-1965\">\n\t\t\t\t\t\t<section class=\"elementor-section elementor-top-section elementor-element elementor-element-ce168c5 elementor-section-boxed elementor-section-height-default elementor-section-height-default\" data-id=\"ce168c5\" data-element_type=\"section\" data-settings=\"{&quot;background_background&quot;:&quot;classic&quot;}\">\n\t\t\t\t\t\t<div class=\"elementor-container elementor-column-gap-default\">\n\t\t\t\t\t<div class=\"elementor-column elementor-col-100 elementor-top-column elementor-element elementor-element-42a91e2\" data-id=\"42a91e2\" data-element_type=\"column\">\n\t\t\t<div class=\"elementor-widget-wrap elementor-element-populated\">\n\t\t\t\t\t\t<div class=\"elementor-element elementor-element-b6228a7 elementor-widget elementor-widget-heading\" data-id=\"b6228a7\" data-element_type=\"widget\" data-widget_type=\"heading.default\">\n\t\t\t\t<div class=\"elementor-widget-container\">\n\t\t\t<h1 class=\"elementor-heading-title elementor-size-default\">Caderno Inc\u00eandio<\/h1>\t\t<\/div>\n\t\t\t\t<\/div>\n\t\t\t\t<div class=\"elementor-element elementor-element-ec48dc3 elementor-widget-divider--view-line elementor-widget elementor-widget-divider\" data-id=\"ec48dc3\" data-element_type=\"widget\" data-widget_type=\"divider.default\">\n\t\t\t\t<div class=\"elementor-widget-container\">\n\t\t\t\t\t<div class=\"elementor-divider\">\n\t\t\t<span class=\"elementor-divider-separator\">\n\t\t\t\t\t\t<\/span>\n\t\t<\/div>\n\t\t\t\t<\/div>\n\t\t\t\t<\/div>\n\t\t\t\t<div class=\"elementor-element elementor-element-4d04de2 elementor-widget elementor-widget-heading\" data-id=\"4d04de2\" data-element_type=\"widget\" data-widget_type=\"heading.default\">\n\t\t\t\t<div class=\"elementor-widget-container\">\n\t\t\t<h3 class=\"elementor-heading-title elementor-size-default\">Refer\u00eancia em preven\u00e7\u00e3o e combate \u00e0 inc\u00eandios<\/h3>\t\t<\/div>\n\t\t\t\t<\/div>\n\t\t\t\t<section class=\"elementor-section elementor-inner-section elementor-element elementor-element-8484097 elementor-section-boxed elementor-section-height-default elementor-section-height-default\" data-id=\"8484097\" data-element_type=\"section\">\n\t\t\t\t\t\t<div class=\"elementor-container elementor-column-gap-default\">\n\t\t\t\t\t<div class=\"elementor-column elementor-col-50 elementor-inner-column elementor-element elementor-element-04a1f4a\" data-id=\"04a1f4a\" data-element_type=\"column\">\n\t\t\t<div class=\"elementor-widget-wrap elementor-element-populated\">\n\t\t\t\t\t\t<div class=\"elementor-element elementor-element-48d89d2 elementor-widget elementor-widget-text-editor\" data-id=\"48d89d2\" data-element_type=\"widget\" data-widget_type=\"text-editor.default\">\n\t\t\t\t<div class=\"elementor-widget-container\">\n\t\t\t\t\t\t\t<p>A\u00a0<a href=\"https:\/\/revistaincendio.com.br\/\" target=\"_blank\" rel=\"noopener noreferrer\"><strong>Inc\u00eandio<\/strong><\/a>, m\u00eddia oficial da\u00a0<strong>Fire Show<\/strong>, h\u00e1 quatro d\u00e9cadas \u00e9 refer\u00eancia no mercado e agora est\u00e1 de cara nova, com muitas novidades.<\/p><p>A publica\u00e7\u00e3o passa a ser bimestral, sendo um\u00a0<strong>Caderno Especial da Revista Cipa<\/strong>, com informa\u00e7\u00f5es especializadas na \u00e1rea de preven\u00e7\u00e3o e combate \u00e0 inc\u00eandios.<\/p><p>Com a inclus\u00e3o do Caderno Inc\u00eandio na\u00a0<a href=\"https:\/\/revistacipa.com.br\/\"><strong>Revista Cipa<\/strong><\/a>, refor\u00e7amos a sinergia entre os setores de\u00a0<strong>Seguran\u00e7a e Prote\u00e7\u00e3o ao Trabalhador e Resgate e Preven\u00e7\u00e3o Contra Inc\u00eandios<\/strong>.<\/p>\t\t\t\t\t\t<\/div>\n\t\t\t\t<\/div>\n\t\t\t\t\t<\/div>\n\t\t<\/div>\n\t\t\t\t<div class=\"elementor-column elementor-col-50 elementor-inner-column elementor-element elementor-element-7cca65a\" data-id=\"7cca65a\" data-element_type=\"column\">\n\t\t\t<div class=\"elementor-widget-wrap elementor-element-populated\">\n\t\t\t\t\t\t<div class=\"elementor-element elementor-element-8f6dbe1 elementor-widget elementor-widget-image\" data-id=\"8f6dbe1\" data-element_type=\"widget\" data-widget_type=\"image.default\">\n\t\t\t\t<div class=\"elementor-widget-container\">\n\t\t\t\t\t\t\t\t\t\t\t\t\t<img fetchpriority=\"high\" decoding=\"async\" width=\"800\" height=\"1050\" src=\"https:\/\/fireshow.com.br\/wp-content\/uploads\/2025\/09\/caderno-incendio-revista-520.jpg\" class=\"attachment-large size-large wp-image-10905\" alt=\"Caderno Inc\u00eandio - Revista Cipa e Inc\u00eandio 520\" srcset=\"https:\/\/fireshow.com.br\/wp-content\/uploads\/2025\/09\/caderno-incendio-revista-520.jpg 800w, https:\/\/fireshow.com.br\/wp-content\/uploads\/2025\/09\/caderno-incendio-revista-520-320x420.jpg 320w, https:\/\/fireshow.com.br\/wp-content\/uploads\/2025\/09\/caderno-incendio-revista-520-768x1008.jpg 768w\" sizes=\"(max-width: 800px) 100vw, 800px\" \/>\t\t\t\t\t\t\t\t\t\t\t\t\t<\/div>\n\t\t\t\t<\/div>\n\t\t\t\t\t<\/div>\n\t\t<\/div>\n\t\t\t\t\t<\/div>\n\t\t<\/section>\n\t\t\t\t\t<\/div>\n\t\t<\/div>\n\t\t\t\t\t<\/div>\n\t\t<\/section>\n\t\t\t\t<\/div>\n\t\t","protected":false},"excerpt":{"rendered":"<p>Caderno Inc\u00eandio Refer\u00eancia em preven\u00e7\u00e3o e combate \u00e0 inc\u00eandios A\u00a0Inc\u00eandio, m\u00eddia oficial da\u00a0Fire Show, h\u00e1 quatro d\u00e9cadas \u00e9 refer\u00eancia no mercado e agora est\u00e1 de cara nova, com muitas novidades. A publica\u00e7\u00e3o passa a ser bimestral, sendo um\u00a0Caderno Especial da Revista Cipa, com informa\u00e7\u00f5es especializadas na \u00e1rea de preven\u00e7\u00e3o e combate \u00e0 inc\u00eandios. Com a [&hellip;]<\/p>\n","protected":false},"author":2,"featured_media":0,"parent":0,"menu_order":0,"comment_status":"closed","ping_status":"closed","template":"","meta":{"_joinchat":[],"footnotes":""},"class_list":["post-1965","page","type-page","status-publish","hentry"],"yoast_head":"<!-- This site is optimized with the Yoast SEO plugin v18.1 - https:\/\/yoast.com\/wordpress\/plugins\/seo\/ -->\n<title>Caderno Inc\u00eandio - M\u00eddia Oficial da Fire Show - International Fire Fair<\/title>\n<meta name=\"description\" content=\"O Caderno Inc\u00eandio \u00e9 uma publica\u00e7\u00e3o especializada na \u00e1rea de resgate e prote\u00e7\u00e3o contra inc\u00eandios, direcionada \u00e0 iniciativa privada e aos \u00f3rg\u00e3os p\u00fablicos.\" \/>\n<meta name=\"robots\" content=\"index, follow, max-snippet:-1, max-image-preview:large, max-video-preview:-1\" \/>\n<link rel=\"canonical\" href=\"https:\/\/fireshow.com.br\/?page_id=1965\" \/>\n<meta property=\"og:locale\" content=\"pt_BR\" \/>\n<meta property=\"og:type\" content=\"article\" \/>\n<meta property=\"og:title\" content=\"Caderno Inc\u00eandio - M\u00eddia Oficial da Fire Show - International Fire Fair\" \/>\n<meta property=\"og:description\" content=\"O Caderno Inc\u00eandio \u00e9 uma publica\u00e7\u00e3o especializada na \u00e1rea de resgate e prote\u00e7\u00e3o contra inc\u00eandios, direcionada \u00e0 iniciativa privada e aos \u00f3rg\u00e3os p\u00fablicos.\" \/>\n<meta property=\"og:url\" content=\"https:\/\/fireshow.com.br\/?page_id=1965\" \/>\n<meta property=\"og:site_name\" content=\"Fire Show\" \/>\n<meta property=\"article:publisher\" content=\"https:\/\/www.facebook.com\/Fire-Show-1113145285392042\/\" \/>\n<meta property=\"article:modified_time\" content=\"2025-09-17T04:14:26+00:00\" \/>\n<meta property=\"og:image\" content=\"https:\/\/glorious-green-crane.72-61-35-14.cpanel.site\/wp-content\/uploads\/2025\/09\/caderno-incendio-revista-520.jpg\" \/>\n<meta name=\"twitter:card\" content=\"summary_large_image\" \/>\n<meta name=\"twitter:site\" content=\"@feirafireshow\" \/>\n<script type=\"application\/ld+json\" class=\"yoast-schema-graph\">{\"@context\":\"https:\/\/schema.org\",\"@graph\":[{\"@type\":\"Organization\",\"@id\":\"https:\/\/fireshow.com.br\/#organization\",\"name\":\"Fire Show - International Fire Fair\",\"url\":\"https:\/\/fireshow.com.br\/\",\"sameAs\":[\"https:\/\/www.facebook.com\/Fire-Show-1113145285392042\/\",\"https:\/\/www.instagram.com\/fireshowbrasil\/\",\"https:\/\/www.youtube.com\/channel\/UCcrepgp7vdG5UxMwei4-OjA\",\"https:\/\/twitter.com\/feirafireshow\"],\"logo\":{\"@type\":\"ImageObject\",\"@id\":\"https:\/\/fireshow.com.br\/#logo\",\"inLanguage\":\"pt-BR\",\"url\":\"https:\/\/glorious-green-crane.72-61-35-14.cpanel.site\/wp-content\/uploads\/2017\/11\/favicon-fireshow.png\",\"contentUrl\":\"https:\/\/glorious-green-crane.72-61-35-14.cpanel.site\/wp-content\/uploads\/2017\/11\/favicon-fireshow.png\",\"width\":250,\"height\":250,\"caption\":\"Fire Show - International Fire Fair\"},\"image\":{\"@id\":\"https:\/\/fireshow.com.br\/#logo\"}},{\"@type\":\"WebSite\",\"@id\":\"https:\/\/fireshow.com.br\/#website\",\"url\":\"https:\/\/fireshow.com.br\/\",\"name\":\"Fire Show\",\"description\":\"International Fire Fair\",\"publisher\":{\"@id\":\"https:\/\/fireshow.com.br\/#organization\"},\"potentialAction\":[{\"@type\":\"SearchAction\",\"target\":{\"@type\":\"EntryPoint\",\"urlTemplate\":\"https:\/\/fireshow.com.br\/?s={search_term_string}\"},\"query-input\":\"required name=search_term_string\"}],\"inLanguage\":\"pt-BR\"},{\"@type\":\"ImageObject\",\"@id\":\"https:\/\/fireshow.com.br\/?page_id=1965#primaryimage\",\"inLanguage\":\"pt-BR\",\"url\":\"https:\/\/glorious-green-crane.72-61-35-14.cpanel.site\/wp-content\/uploads\/2025\/09\/caderno-incendio-revista-520.jpg\",\"contentUrl\":\"https:\/\/glorious-green-crane.72-61-35-14.cpanel.site\/wp-content\/uploads\/2025\/09\/caderno-incendio-revista-520.jpg\"},{\"@type\":\"WebPage\",\"@id\":\"https:\/\/fireshow.com.br\/?page_id=1965#webpage\",\"url\":\"https:\/\/fireshow.com.br\/?page_id=1965\",\"name\":\"Caderno Inc\u00eandio - M\u00eddia Oficial da Fire Show - International Fire Fair\",\"isPartOf\":{\"@id\":\"https:\/\/fireshow.com.br\/#website\"},\"primaryImageOfPage\":{\"@id\":\"https:\/\/fireshow.com.br\/?page_id=1965#primaryimage\"},\"datePublished\":\"2016-12-06T18:17:46+00:00\",\"dateModified\":\"2025-09-17T04:14:26+00:00\",\"description\":\"O Caderno Inc\u00eandio \u00e9 uma publica\u00e7\u00e3o especializada na \u00e1rea de resgate e prote\u00e7\u00e3o contra inc\u00eandios, direcionada \u00e0 iniciativa privada e aos \u00f3rg\u00e3os p\u00fablicos.\",\"breadcrumb\":{\"@id\":\"https:\/\/fireshow.com.br\/?page_id=1965#breadcrumb\"},\"inLanguage\":\"pt-BR\",\"potentialAction\":[{\"@type\":\"ReadAction\",\"target\":[\"https:\/\/fireshow.com.br\/?page_id=1965\"]}]},{\"@type\":\"BreadcrumbList\",\"@id\":\"https:\/\/fireshow.com.br\/?page_id=1965#breadcrumb\",\"itemListElement\":[{\"@type\":\"ListItem\",\"position\":1,\"name\":\"In\u00edcio\",\"item\":\"https:\/\/fireshow.com.br\/\"},{\"@type\":\"ListItem\",\"position\":2,\"name\":\"Caderno Inc\u00eandio\"}]}]}<\/script>\n<!-- \/ Yoast SEO plugin. -->","yoast_head_json":{"title":"Caderno Inc\u00eandio - M\u00eddia Oficial da Fire Show - International Fire Fair","description":"O Caderno Inc\u00eandio \u00e9 uma publica\u00e7\u00e3o especializada na \u00e1rea de resgate e prote\u00e7\u00e3o contra inc\u00eandios, direcionada \u00e0 iniciativa privada e aos \u00f3rg\u00e3os p\u00fablicos.","robots":{"index":"index","follow":"follow","max-snippet":"max-snippet:-1","max-image-preview":"max-image-preview:large","max-video-preview":"max-video-preview:-1"},"canonical":"https:\/\/fireshow.com.br\/?page_id=1965","og_locale":"pt_BR","og_type":"article","og_title":"Caderno Inc\u00eandio - M\u00eddia Oficial da Fire Show - International Fire Fair","og_description":"O Caderno Inc\u00eandio \u00e9 uma publica\u00e7\u00e3o especializada na \u00e1rea de resgate e prote\u00e7\u00e3o contra inc\u00eandios, direcionada \u00e0 iniciativa privada e aos \u00f3rg\u00e3os p\u00fablicos.","og_url":"https:\/\/fireshow.com.br\/?page_id=1965","og_site_name":"Fire Show","article_publisher":"https:\/\/www.facebook.com\/Fire-Show-1113145285392042\/","article_modified_time":"2025-09-17T04:14:26+00:00","og_image":[{"url":"https:\/\/glorious-green-crane.72-61-35-14.cpanel.site\/wp-content\/uploads\/2025\/09\/caderno-incendio-revista-520.jpg"}],"twitter_card":"summary_large_image","twitter_site":"@feirafireshow","schema":{"@context":"https:\/\/schema.org","@graph":[{"@type":"Organization","@id":"https:\/\/fireshow.com.br\/#organization","name":"Fire Show - International Fire Fair","url":"https:\/\/fireshow.com.br\/","sameAs":["https:\/\/www.facebook.com\/Fire-Show-1113145285392042\/","https:\/\/www.instagram.com\/fireshowbrasil\/","https:\/\/www.youtube.com\/channel\/UCcrepgp7vdG5UxMwei4-OjA","https:\/\/twitter.com\/feirafireshow"],"logo":{"@type":"ImageObject","@id":"https:\/\/fireshow.com.br\/#logo","inLanguage":"pt-BR","url":"https:\/\/glorious-green-crane.72-61-35-14.cpanel.site\/wp-content\/uploads\/2017\/11\/favicon-fireshow.png","contentUrl":"https:\/\/glorious-green-crane.72-61-35-14.cpanel.site\/wp-content\/uploads\/2017\/11\/favicon-fireshow.png","width":250,"height":250,"caption":"Fire Show - International Fire Fair"},"image":{"@id":"https:\/\/fireshow.com.br\/#logo"}},{"@type":"WebSite","@id":"https:\/\/fireshow.com.br\/#website","url":"https:\/\/fireshow.com.br\/","name":"Fire Show","description":"International Fire Fair","publisher":{"@id":"https:\/\/fireshow.com.br\/#organization"},"potentialAction":[{"@type":"SearchAction","target":{"@type":"EntryPoint","urlTemplate":"https:\/\/fireshow.com.br\/?s={search_term_string}"},"query-input":"required name=search_term_string"}],"inLanguage":"pt-BR"},{"@type":"ImageObject","@id":"https:\/\/fireshow.com.br\/?page_id=1965#primaryimage","inLanguage":"pt-BR","url":"https:\/\/glorious-green-crane.72-61-35-14.cpanel.site\/wp-content\/uploads\/2025\/09\/caderno-incendio-revista-520.jpg","contentUrl":"https:\/\/glorious-green-crane.72-61-35-14.cpanel.site\/wp-content\/uploads\/2025\/09\/caderno-incendio-revista-520.jpg"},{"@type":"WebPage","@id":"https:\/\/fireshow.com.br\/?page_id=1965#webpage","url":"https:\/\/fireshow.com.br\/?page_id=1965","name":"Caderno Inc\u00eandio - M\u00eddia Oficial da Fire Show - International Fire Fair","isPartOf":{"@id":"https:\/\/fireshow.com.br\/#website"},"primaryImageOfPage":{"@id":"https:\/\/fireshow.com.br\/?page_id=1965#primaryimage"},"datePublished":"2016-12-06T18:17:46+00:00","dateModified":"2025-09-17T04:14:26+00:00","description":"O Caderno Inc\u00eandio \u00e9 uma publica\u00e7\u00e3o especializada na \u00e1rea de resgate e prote\u00e7\u00e3o contra inc\u00eandios, direcionada \u00e0 iniciativa privada e aos \u00f3rg\u00e3os p\u00fablicos.","breadcrumb":{"@id":"https:\/\/fireshow.com.br\/?page_id=1965#breadcrumb"},"inLanguage":"pt-BR","potentialAction":[{"@type":"ReadAction","target":["https:\/\/fireshow.com.br\/?page_id=1965"]}]},{"@type":"BreadcrumbList","@id":"https:\/\/fireshow.com.br\/?page_id=1965#breadcrumb","itemListElement":[{"@type":"ListItem","position":1,"name":"In\u00edcio","item":"https:\/\/fireshow.com.br\/"},{"@type":"ListItem","position":2,"name":"Caderno Inc\u00eandio"}]}]}},"_links":{"self":[{"href":"https:\/\/fireshow.com.br\/index.php?rest_route=\/wp\/v2\/pages\/1965","targetHints":{"allow":["GET"]}}],"collection":[{"href":"https:\/\/fireshow.com.br\/index.php?rest_route=\/wp\/v2\/pages"}],"about":[{"href":"https:\/\/fireshow.com.br\/index.php?rest_route=\/wp\/v2\/types\/page"}],"author":[{"embeddable":true,"href":"https:\/\/fireshow.com.br\/index.php?rest_route=\/wp\/v2\/users\/2"}],"replies":[{"embeddable":true,"href":"https:\/\/fireshow.com.br\/index.php?rest_route=%2Fwp%2Fv2%2Fcomments&post=1965"}],"version-history":[{"count":33,"href":"https:\/\/fireshow.com.br\/index.php?rest_route=\/wp\/v2\/pages\/1965\/revisions"}],"predecessor-version":[{"id":10914,"href":"https:\/\/fireshow.com.br\/index.php?rest_route=\/wp\/v2\/pages\/1965\/revisions\/10914"}],"wp:attachment":[{"href":"https:\/\/fireshow.com.br\/index.php?rest_route=%2Fwp%2Fv2%2Fmedia&parent=1965"}],"curies":[{"name":"wp","href":"https:\/\/api.w.org\/{rel}","templated":true}]}}