{"id":55,"date":"2015-05-19T13:55:23","date_gmt":"2015-05-19T13:55:23","guid":{"rendered":"http:\/\/exposec.tmp.br\/16\/?page_id=55"},"modified":"2026-02-06T16:52:41","modified_gmt":"2026-02-06T16:52:41","slug":"sobre-a-fireshow","status":"publish","type":"page","link":"https:\/\/fireshow.com.br\/16\/sobre-a-fireshow\/","title":{"rendered":"Sobre a Fire Show"},"content":{"rendered":"<p><section id=\"bt_section69e6431bd612e\"  class=\"boldSection inherit\" ><div class=\"port\"><div class=\"boldCell\"><div class=\"boldCellInner\"><div class=\"boldRow \" ><div class=\"boldRowInner\"><div class=\"rowItem col-md-12 col-ms-12  btTextCenter inherit\"  ><div class=\"rowItemContent\" ><div class=\"bpgPhoto btTextCenter\" ><div class = \"btImage\"><img src=\"https:\/\/fireshow.com.br\/16\/wp-content\/uploads\/2020\/04\/img-sobre-fireshow-2020.jpg\" alt=\"Sobre a Feira Fire Show\" ><\/div><\/div><div class=\"bt_bb_separator_v2 bt_bb_border_style_none bt_bb_top_spacing_medium bt_bb_icon_size_normal bt_bb_text_size_normal bt_bb_separator_v2_without_content\" data-bt-override-class=\"null\"><div class=\"bt_bb_separator_v2_inner\"><span class=\"bt_bb_separator_v2_inner_before\"><\/span><span class=\"bt_bb_separator_v2_inner_content\"><span  data-ico-=\"\" class=\"bt_bb_icon_holder\"><\/span><\/span><span class=\"bt_bb_separator_v2_inner_after\"><\/span><\/div><\/div><header class=\"header btClear large btDash bottomDash  btNormalDash\" ><div class=\"dash\"><h2><span class=\"headline\"><b class=\"animate\">FIRE SHOW<\/b> | International Fire Fair<\/span><\/h2><\/div><\/header><div class=\"bt_bb_separator_v2 bt_bb_border_style_none bt_bb_top_spacing_small bt_bb_icon_size_normal bt_bb_text_size_normal bt_bb_separator_v2_without_content\" data-bt-override-class=\"null\"><div class=\"bt_bb_separator_v2_inner\"><span class=\"bt_bb_separator_v2_inner_before\"><\/span><span class=\"bt_bb_separator_v2_inner_content\"><span  data-ico-=\"\" class=\"bt_bb_icon_holder\"><\/span><\/span><span class=\"bt_bb_separator_v2_inner_after\"><\/span><\/div><\/div><\/div><\/div><\/div><\/div><\/div><\/div><\/div><\/section><section id=\"bt_section69e6431bd6909\"  class=\"boldSection gutter inherit\" style=\"font-size:17px;\"><div class=\"port\"><div class=\"boldCell\"><div class=\"boldCellInner\"><div class=\"boldRow \" style=\"font-size: 17px;\"><div class=\"boldRowInner\"><div class=\"rowItem col-md-12 col-ms-12  btTextLeft inherit\"  ><div class=\"rowItemContent\" ><div class=\"btText\" ><\/p>\n<p>Organizada e promovida pela <strong><a href=\"http:\/\/www.fieramilano.com.br\" target=\"_blank\" rel=\"noopener noreferrer\">Fiera Milano Brasil<\/a><\/strong> com realiza\u00e7\u00e3o da <strong><a href=\"http:\/\/abiex.org.br\" target=\"_blank\" rel=\"noopener noreferrer\">ABIEX \u2013 Associa\u00e7\u00e3o Brasileira das Ind\u00fastrias de Equipamentos Contra Inc\u00eandios e Cilindros de Alta Press\u00e3o<\/a><\/strong>, a <strong>FIRE SHOW \u2013 International Fire Fair<\/strong> chega a sua <strong>16\u00aa edi\u00e7\u00e3o<\/strong> trazendo mais de <strong>800 marcas*<\/strong> que apresentar\u00e3o novidades em produtos, servi\u00e7os e tecnologias na \u00e1rea de resgate e prote\u00e7\u00e3o contra inc\u00eandios.<\/p>\n<p>A Fire Show acontecer\u00e1 de <strong>06 a 08 de outubro de 2026<\/strong>, das 13h \u00e0s 21h, no S\u00e3o Paulo Expo Exhibition and Convention Center, e espera receber cerca de <strong>+64 mil visitantes*<\/strong> entre bombeiros, cipeiros, compradores, integradores, inspetores de riscos, socorristas e muitos outros profissionais do setor.<\/p>\n<p>Um evento simult\u00e2neo \u00e0 <strong><a href=\"https:\/\/fispvirtual.com.br\" target=\"_blank\" rel=\"noopener noreferrer\">FISP \u2013 Feira Internacional de Seguran\u00e7a e Prote\u00e7\u00e3o<\/a><\/strong>, a FIRE SHOW vem consolidar seu objetivo de\u00a0difundir cada vez mais o conceito prevencionista, e trazer ao visitante acesso a uma ampla grade de cursos, workshops e semin\u00e1rios voltados para a atualiza\u00e7\u00e3o profissional.<\/p>\n<p><span style=\"font-size: 14px;\">* Juntamente com a Fisp | Feira Internacional de Seguran\u00e7a e Prote\u00e7\u00e3o<\/span><\/p>\n<p>\n<\/div><div class=\"bt_bb_separator_v2 bt_bb_border_style_none bt_bb_top_spacing_normal bt_bb_icon_size_normal bt_bb_text_size_normal bt_bb_separator_v2_without_content\" data-bt-override-class=\"null\"><div class=\"bt_bb_separator_v2_inner\"><span class=\"bt_bb_separator_v2_inner_before\"><\/span><span class=\"bt_bb_separator_v2_inner_content\"><span  data-ico-=\"\" class=\"bt_bb_icon_holder\"><\/span><\/span><span class=\"bt_bb_separator_v2_inner_after\"><\/span><\/div><\/div><\/div><\/div><\/div><\/div><div class=\"boldRow \" ><div class=\"boldRowInner\"><div class=\"rowItem col-md-3 col-sm-6 col-ms-12 btTextCenter inherit btDoublePadding\"  ><div class=\"rowItemContent\" ><\/div><\/div><div class=\"rowItem col-md-6 col-sm-12 btTextLeft\"  ><div class=\"rowItemContent\" ><div class=\"bt_bb_raw_content\"><iframe src=\"https:\/\/www.youtube.com\/embed\/MDNDnmMYep0?si=ZdZ-2KnHQ6A6M6f7\" width=\"560\" height=\"315\" frameborder=\"0\" allowfullscreen=\"allowfullscreen\"><\/iframe><\/div><\/div><\/div><div class=\"rowItem col-md-3 col-sm-6 col-ms-12 btTextLeft\"  ><div class=\"rowItemContent\" ><\/div><\/div><\/div><\/div><\/div><\/div><\/div><\/section><\/p>\n","protected":false},"excerpt":{"rendered":"","protected":false},"author":2,"featured_media":0,"parent":0,"menu_order":0,"comment_status":"closed","ping_status":"closed","template":"","meta":[],"yoast_head":"<!-- This site is optimized with the Yoast SEO plugin v18.1 - https:\/\/yoast.com\/wordpress\/plugins\/seo\/ -->\n<title>Conhe\u00e7a a 16\u00ba Edi\u00e7\u00e3o da Fire Show | International Fire Fair<\/title>\n<meta name=\"description\" content=\"A Fire Show Chega a sua 16\u00aa Edi\u00e7\u00e3o Trazendo mais de 800 Empresas* Apresentando Novidades e Tecnologias na \u00c1rea de Resgate e Prote\u00e7\u00e3o contra Inc\u00eandios.\" \/>\n<meta name=\"robots\" content=\"index, follow, max-snippet:-1, max-image-preview:large, max-video-preview:-1\" \/>\n<link rel=\"canonical\" href=\"https:\/\/fireshow.com.br\/16\/sobre-a-fireshow\/\" \/>\n<meta property=\"og:locale\" content=\"pt_BR\" \/>\n<meta property=\"og:type\" content=\"article\" \/>\n<meta property=\"og:title\" content=\"Conhe\u00e7a a 16\u00ba Edi\u00e7\u00e3o da Fire Show | International Fire Fair\" \/>\n<meta property=\"og:description\" content=\"A Fire Show Chega a sua 16\u00aa Edi\u00e7\u00e3o Trazendo mais de 800 Empresas* Apresentando Novidades e Tecnologias na \u00c1rea de Resgate e Prote\u00e7\u00e3o contra Inc\u00eandios.\" \/>\n<meta property=\"og:url\" content=\"https:\/\/fireshow.com.br\/16\/sobre-a-fireshow\/\" \/>\n<meta property=\"og:site_name\" content=\"Fire Show\" \/>\n<meta property=\"article:publisher\" content=\"https:\/\/www.facebook.com\/Fire-Show-1113145285392042\/\" \/>\n<meta property=\"article:modified_time\" content=\"2026-02-06T16:52:41+00:00\" \/>\n<meta name=\"twitter:card\" content=\"summary_large_image\" \/>\n<meta name=\"twitter:site\" content=\"@feirafireshow\" \/>\n<meta name=\"twitter:label1\" content=\"Est. tempo de leitura\" \/>\n\t<meta name=\"twitter:data1\" content=\"3 minutos\" \/>\n<script type=\"application\/ld+json\" class=\"yoast-schema-graph\">{\"@context\":\"https:\/\/schema.org\",\"@graph\":[{\"@type\":\"WebSite\",\"@id\":\"https:\/\/fireshow.com.br\/16\/#website\",\"url\":\"https:\/\/fireshow.com.br\/16\/\",\"name\":\"Fire Show\",\"description\":\"International Fire Fair\",\"potentialAction\":[{\"@type\":\"SearchAction\",\"target\":{\"@type\":\"EntryPoint\",\"urlTemplate\":\"https:\/\/fireshow.com.br\/16\/?s={search_term_string}\"},\"query-input\":\"required name=search_term_string\"}],\"inLanguage\":\"pt-BR\"},{\"@type\":\"WebPage\",\"@id\":\"https:\/\/fireshow.com.br\/16\/sobre-a-fireshow\/#webpage\",\"url\":\"https:\/\/fireshow.com.br\/16\/sobre-a-fireshow\/\",\"name\":\"Conhe\u00e7a a 16\u00ba Edi\u00e7\u00e3o da Fire Show | International Fire Fair\",\"isPartOf\":{\"@id\":\"https:\/\/fireshow.com.br\/16\/#website\"},\"datePublished\":\"2015-05-19T13:55:23+00:00\",\"dateModified\":\"2026-02-06T16:52:41+00:00\",\"description\":\"A Fire Show Chega a sua 16\u00aa Edi\u00e7\u00e3o Trazendo mais de 800 Empresas* Apresentando Novidades e Tecnologias na \u00c1rea de Resgate e Prote\u00e7\u00e3o contra Inc\u00eandios.\",\"breadcrumb\":{\"@id\":\"https:\/\/fireshow.com.br\/16\/sobre-a-fireshow\/#breadcrumb\"},\"inLanguage\":\"pt-BR\",\"potentialAction\":[{\"@type\":\"ReadAction\",\"target\":[\"https:\/\/fireshow.com.br\/16\/sobre-a-fireshow\/\"]}]},{\"@type\":\"BreadcrumbList\",\"@id\":\"https:\/\/fireshow.com.br\/16\/sobre-a-fireshow\/#breadcrumb\",\"itemListElement\":[{\"@type\":\"ListItem\",\"position\":1,\"name\":\"In\u00edcio\",\"item\":\"https:\/\/fireshow.com.br\/16\/\"},{\"@type\":\"ListItem\",\"position\":2,\"name\":\"Sobre a Fire Show\"}]}]}<\/script>\n<!-- \/ Yoast SEO plugin. -->","yoast_head_json":{"title":"Conhe\u00e7a a 16\u00ba Edi\u00e7\u00e3o da Fire Show | International Fire Fair","description":"A Fire Show Chega a sua 16\u00aa Edi\u00e7\u00e3o Trazendo mais de 800 Empresas* Apresentando Novidades e Tecnologias na \u00c1rea de Resgate e Prote\u00e7\u00e3o contra Inc\u00eandios.","robots":{"index":"index","follow":"follow","max-snippet":"max-snippet:-1","max-image-preview":"max-image-preview:large","max-video-preview":"max-video-preview:-1"},"canonical":"https:\/\/fireshow.com.br\/16\/sobre-a-fireshow\/","og_locale":"pt_BR","og_type":"article","og_title":"Conhe\u00e7a a 16\u00ba Edi\u00e7\u00e3o da Fire Show | International Fire Fair","og_description":"A Fire Show Chega a sua 16\u00aa Edi\u00e7\u00e3o Trazendo mais de 800 Empresas* Apresentando Novidades e Tecnologias na \u00c1rea de Resgate e Prote\u00e7\u00e3o contra Inc\u00eandios.","og_url":"https:\/\/fireshow.com.br\/16\/sobre-a-fireshow\/","og_site_name":"Fire Show","article_publisher":"https:\/\/www.facebook.com\/Fire-Show-1113145285392042\/","article_modified_time":"2026-02-06T16:52:41+00:00","twitter_card":"summary_large_image","twitter_site":"@feirafireshow","twitter_misc":{"Est. tempo de leitura":"3 minutos"},"schema":{"@context":"https:\/\/schema.org","@graph":[{"@type":"WebSite","@id":"https:\/\/fireshow.com.br\/16\/#website","url":"https:\/\/fireshow.com.br\/16\/","name":"Fire Show","description":"International Fire Fair","potentialAction":[{"@type":"SearchAction","target":{"@type":"EntryPoint","urlTemplate":"https:\/\/fireshow.com.br\/16\/?s={search_term_string}"},"query-input":"required name=search_term_string"}],"inLanguage":"pt-BR"},{"@type":"WebPage","@id":"https:\/\/fireshow.com.br\/16\/sobre-a-fireshow\/#webpage","url":"https:\/\/fireshow.com.br\/16\/sobre-a-fireshow\/","name":"Conhe\u00e7a a 16\u00ba Edi\u00e7\u00e3o da Fire Show | International Fire Fair","isPartOf":{"@id":"https:\/\/fireshow.com.br\/16\/#website"},"datePublished":"2015-05-19T13:55:23+00:00","dateModified":"2026-02-06T16:52:41+00:00","description":"A Fire Show Chega a sua 16\u00aa Edi\u00e7\u00e3o Trazendo mais de 800 Empresas* Apresentando Novidades e Tecnologias na \u00c1rea de Resgate e Prote\u00e7\u00e3o contra Inc\u00eandios.","breadcrumb":{"@id":"https:\/\/fireshow.com.br\/16\/sobre-a-fireshow\/#breadcrumb"},"inLanguage":"pt-BR","potentialAction":[{"@type":"ReadAction","target":["https:\/\/fireshow.com.br\/16\/sobre-a-fireshow\/"]}]},{"@type":"BreadcrumbList","@id":"https:\/\/fireshow.com.br\/16\/sobre-a-fireshow\/#breadcrumb","itemListElement":[{"@type":"ListItem","position":1,"name":"In\u00edcio","item":"https:\/\/fireshow.com.br\/16\/"},{"@type":"ListItem","position":2,"name":"Sobre a Fire Show"}]}]}},"_links":{"self":[{"href":"https:\/\/fireshow.com.br\/16\/wp-json\/wp\/v2\/pages\/55"}],"collection":[{"href":"https:\/\/fireshow.com.br\/16\/wp-json\/wp\/v2\/pages"}],"about":[{"href":"https:\/\/fireshow.com.br\/16\/wp-json\/wp\/v2\/types\/page"}],"author":[{"embeddable":true,"href":"https:\/\/fireshow.com.br\/16\/wp-json\/wp\/v2\/users\/2"}],"replies":[{"embeddable":true,"href":"https:\/\/fireshow.com.br\/16\/wp-json\/wp\/v2\/comments?post=55"}],"version-history":[{"count":35,"href":"https:\/\/fireshow.com.br\/16\/wp-json\/wp\/v2\/pages\/55\/revisions"}],"predecessor-version":[{"id":11389,"href":"https:\/\/fireshow.com.br\/16\/wp-json\/wp\/v2\/pages\/55\/revisions\/11389"}],"wp:attachment":[{"href":"https:\/\/fireshow.com.br\/16\/wp-json\/wp\/v2\/media?parent=55"}],"curies":[{"name":"wp","href":"https:\/\/api.w.org\/{rel}","templated":true}]}}