{"id":35,"date":"2015-05-19T13:49:38","date_gmt":"2015-05-19T13:49:38","guid":{"rendered":"http:\/\/exposec.tmp.br\/16\/?page_id=35"},"modified":"2022-03-09T20:00:59","modified_gmt":"2022-03-09T20:00:59","slug":"contato","status":"publish","type":"page","link":"https:\/\/fireshow.com.br\/16\/contato\/","title":{"rendered":"CONTATO"},"content":{"rendered":"<p><section id=\"bt_section69e73b32f3888\"  class=\"boldSection inherit\" ><div class=\"port\"><div class=\"boldCell\"><div class=\"boldCellInner\"><div class=\"boldRow \" ><div class=\"boldRowInner\"><div class=\"rowItem col-md-12 col-ms-12  btTextCenter inherit\"  ><div class=\"rowItemContent\" ><div class=\"bpgPhoto btTextCenter\" ><div class = \"btImage\"><img src=\"https:\/\/fireshow.com.br\/16\/wp-content\/uploads\/2020\/04\/img-fale-conosco.png\" alt=\"Fale Conosco Fire Show\" ><\/div><\/div><div class=\"bt_bb_separator_v2 bt_bb_border_style_none bt_bb_top_spacing_medium bt_bb_icon_size_normal bt_bb_text_size_normal bt_bb_separator_v2_without_content\" data-bt-override-class=\"null\"><div class=\"bt_bb_separator_v2_inner\"><span class=\"bt_bb_separator_v2_inner_before\"><\/span><span class=\"bt_bb_separator_v2_inner_content\"><span  data-ico-=\"\" class=\"bt_bb_icon_holder\"><\/span><\/span><span class=\"bt_bb_separator_v2_inner_after\"><\/span><\/div><\/div><header class=\"header btClear large btDash bottomDash  btNormalDash\" ><div class=\"dash\"><h2><span class=\"headline\">Contato <b class=\"animate\">Fire Show<\/b><\/span><\/h2><\/div><\/header><\/div><\/div><\/div><\/div><\/div><\/div><\/div><\/section><section id=\"bt_section69e73b33003c3\"  class=\"boldSection gutter inherit\" style=\"font-size:17px;\"><div class=\"port\"><div class=\"boldCell\"><div class=\"boldCellInner\"><div class=\"boldRow \" ><div class=\"boldRowInner\"><div class=\"rowItem col-md-12 col-ms-12  btTextLeft btMiddleVertical\"  ><div class=\"rowItemContent\" ><div class=\"bt_bb_separator_v2 bt_bb_border_style_none bt_bb_top_spacing_small bt_bb_icon_size_normal bt_bb_text_size_normal bt_bb_separator_v2_without_content\" data-bt-override-class=\"null\"><div class=\"bt_bb_separator_v2_inner\"><span class=\"bt_bb_separator_v2_inner_before\"><\/span><span class=\"bt_bb_separator_v2_inner_content\"><span  data-ico-=\"\" class=\"bt_bb_icon_holder\"><\/span><\/span><span class=\"bt_bb_separator_v2_inner_after\"><\/span><\/div><\/div><div class=\"btText\" ><\/p>\n<p align=\"center\"><strong>Fa\u00e7a \u00f3timos neg\u00f3cios na feira que atrai os principais\u00a0compradores do setor!<\/strong><\/p>\n<p>Entre em contato com nossa equipe de vendas, nossos consultores est\u00e3o preparados para auxili\u00e1-lo\u00a0nas\u00a0melhores solu\u00e7\u00f5es para destacar seus produtos e alavancar grandes neg\u00f3cios para sua empresa:<\/p>\n<p>\n<\/div><div class=\"bt_bb_separator_v2 bt_bb_border_style_none bt_bb_top_spacing_normal bt_bb_icon_size_normal bt_bb_text_size_normal bt_bb_separator_v2_without_content\" data-bt-override-class=\"null\"><div class=\"bt_bb_separator_v2_inner\"><span class=\"bt_bb_separator_v2_inner_before\"><\/span><span class=\"bt_bb_separator_v2_inner_content\"><span  data-ico-=\"\" class=\"bt_bb_icon_holder\"><\/span><\/span><span class=\"bt_bb_separator_v2_inner_after\"><\/span><\/div><\/div><\/div><\/div><\/div><\/div><div class=\"boldRow \" ><div class=\"boldRowInner\"><div class=\"rowItem col-md-12 col-ms-12  btTextLeft\"  ><div class=\"rowItemContent\" ><div class=\"bt_bb_separator_v2 bt_bb_border_style_none bt_bb_top_spacing_normal bt_bb_icon_size_normal bt_bb_text_size_normal bt_bb_separator_v2_without_content\" data-bt-override-class=\"null\"><div class=\"bt_bb_separator_v2_inner\"><span class=\"bt_bb_separator_v2_inner_before\"><\/span><span class=\"bt_bb_separator_v2_inner_content\"><span  data-ico-=\"\" class=\"bt_bb_icon_holder\"><\/span><\/span><span class=\"bt_bb_separator_v2_inner_after\"><\/span><\/div><\/div><div class=\"bt_bb_contact_form_7\"><div role=\"form\" class=\"wpcf7\" id=\"wpcf7-f2675-o1\" lang=\"pt-BR\" dir=\"ltr\">\n<div class=\"screen-reader-response\"><p role=\"status\" aria-live=\"polite\" aria-atomic=\"true\"><\/p> <ul><\/ul><\/div>\n<form action=\"\/16\/wp-json\/wp\/v2\/pages\/35#wpcf7-f2675-o1\" method=\"post\" class=\"wpcf7-form init\" novalidate=\"novalidate\" data-status=\"init\">\n<div style=\"display: none;\">\n<input type=\"hidden\" name=\"_wpcf7\" value=\"2675\" \/>\n<input type=\"hidden\" name=\"_wpcf7_version\" value=\"5.5.5\" \/>\n<input type=\"hidden\" name=\"_wpcf7_locale\" value=\"pt_BR\" \/>\n<input type=\"hidden\" name=\"_wpcf7_unit_tag\" value=\"wpcf7-f2675-o1\" \/>\n<input type=\"hidden\" name=\"_wpcf7_container_post\" value=\"0\" \/>\n<input type=\"hidden\" name=\"_wpcf7_posted_data_hash\" value=\"\" \/>\n<input type=\"hidden\" name=\"_wpcf7_recaptcha_response\" value=\"\" \/>\n<\/div>\n<p>Contato *<br \/>\n    <span class=\"wpcf7-form-control-wrap contato\"><input type=\"text\" name=\"contato\" value=\"\" size=\"40\" class=\"wpcf7-form-control wpcf7-text wpcf7-validates-as-required\" aria-required=\"true\" aria-invalid=\"false\" placeholder=\"Contato\" \/><\/span> <\/p>\n<p>Empresa *<br \/>\n    <span class=\"wpcf7-form-control-wrap empresa\"><input type=\"text\" name=\"empresa\" value=\"\" size=\"40\" class=\"wpcf7-form-control wpcf7-text wpcf7-validates-as-required\" aria-required=\"true\" aria-invalid=\"false\" placeholder=\"Empresa\" \/><\/span> <\/p>\n<p>CNPJ *<\/p>\n<p><span class=\"wpcf7-form-control-wrap CNPJ\"><input type=\"text\" name=\"CNPJ\" value=\"CNPJ\" size=\"40\" class=\"wpcf7-form-control wpcf7-text wpcf7-validates-as-required\" aria-required=\"true\" aria-invalid=\"false\" \/><\/span><\/p>\n<p>Telefone *<br \/>\n    <span class=\"wpcf7-form-control-wrap telefone\"><input type=\"tel\" name=\"telefone\" value=\"\" size=\"40\" class=\"wpcf7-form-control wpcf7-text wpcf7-tel wpcf7-validates-as-required wpcf7-validates-as-tel\" aria-required=\"true\" aria-invalid=\"false\" placeholder=\"DDD + Telefone\" \/><\/span> <\/p>\n<p>E-mail *<br \/>\n    <span class=\"wpcf7-form-control-wrap email\"><input type=\"email\" name=\"email\" value=\"\" size=\"40\" class=\"wpcf7-form-control wpcf7-text wpcf7-email wpcf7-validates-as-required wpcf7-validates-as-email\" aria-required=\"true\" aria-invalid=\"false\" placeholder=\"E-mail\" \/><\/span> <\/p>\n<p>Qual departamento deseja entrar em contato? <br \/>\n    <span class=\"wpcf7-form-control-wrap departamento\"><select name=\"departamento\" class=\"wpcf7-form-control wpcf7-select wpcf7-validates-as-required\" aria-required=\"true\" aria-invalid=\"false\"><option value=\"\">&#8212;<\/option><option value=\"Comercial\">Comercial<\/option><option value=\"Operacional\">Operacional<\/option><option value=\"Marketing\">Marketing<\/option><option value=\"Financeiro\">Financeiro<\/option><option value=\"Outros\">Outros<\/option><\/select><\/span><\/p>\n<p>Mensagem<br \/>\n    <span class=\"wpcf7-form-control-wrap mensagem\"><textarea name=\"mensagem\" cols=\"40\" rows=\"10\" class=\"wpcf7-form-control wpcf7-textarea\" aria-invalid=\"false\" placeholder=\"Mensagem\"><\/textarea><\/span> <\/p>\n<div class=\"textwidget\" style=\"padding:10px\"><span class=\"wpcf7-form-control-wrap comunicacaoCFM\"><span class=\"wpcf7-form-control wpcf7-checkbox\"><span class=\"wpcf7-list-item first last\"><input type=\"checkbox\" name=\"comunicacaoCFM[]\" value=\"Sim, eu quero receber comunica\u00e7\u00f5es do Grupo Fiera Milano Brasil\" \/><span class=\"wpcf7-list-item-label\">Sim, eu quero receber comunica\u00e7\u00f5es do Grupo Fiera Milano Brasil<\/span><\/span><\/span><\/span><\/div>\n<div class=\"textwidget\" style=\"padding:10px\"><span class=\"wpcf7-form-control-wrap comunicacaoParceiros\"><span class=\"wpcf7-form-control wpcf7-checkbox\"><span class=\"wpcf7-list-item first last\"><input type=\"checkbox\" name=\"comunicacaoParceiros[]\" value=\"Sim, eu quero receber comunica\u00e7\u00f5es dos parceiros do Grupo Fiera Milano Brasil\" \/><span class=\"wpcf7-list-item-label\">Sim, eu quero receber comunica\u00e7\u00f5es dos parceiros do Grupo Fiera Milano Brasil<\/span><\/span><\/span><\/span><\/div>\n<div class=\"textwidget\" style=\"padding:10px\"><span class=\"wpcf7-form-control-wrap privacidade\"><span class=\"wpcf7-form-control wpcf7-checkbox wpcf7-validates-as-required\"><span class=\"wpcf7-list-item first last\"><input type=\"checkbox\" name=\"privacidade[]\" value=\"Sim, eu concordo com os termos de uso e com a Pol\u00edtica de Privacidade do Grupo Fiera Milano Brasil\" \/><span class=\"wpcf7-list-item-label\">Sim, eu concordo com os termos de uso e com a Pol\u00edtica de Privacidade do Grupo Fiera Milano Brasil<\/span><\/span><\/span><\/span><\/div>\n<div class=\"textwidget\" style=\"padding:10px\"><a href=\"\/16\/politica-de-privacidade\/\" target=\"new\" style=\"font-size:14px\"><b>Ver Pol\u00edtica de Privacidade<\/b><\/a><\/div>\n<p><input type=\"submit\" value=\"Enviar\" class=\"wpcf7-form-control has-spinner wpcf7-submit\" \/><\/p>\n<div class=\"wpcf7-response-output\" aria-hidden=\"true\"><\/div><\/form><\/div><\/div><div class=\"bt_bb_separator_v2 bt_bb_border_style_none bt_bb_top_spacing_normal bt_bb_icon_size_normal bt_bb_text_size_normal bt_bb_separator_v2_without_content\" data-bt-override-class=\"null\"><div class=\"bt_bb_separator_v2_inner\"><span class=\"bt_bb_separator_v2_inner_before\"><\/span><span class=\"bt_bb_separator_v2_inner_content\"><span  data-ico-=\"\" class=\"bt_bb_icon_holder\"><\/span><\/span><span class=\"bt_bb_separator_v2_inner_after\"><\/span><\/div><\/div><\/div><\/div><\/div><\/div><\/div><\/div><\/div><\/section><section id=\"bt_section69e73b3301c5b\"  class=\"boldSection bottomSemiSpaced gutter inherit\" style=\"font-size:17px;\"><div class=\"port\"><div class=\"boldCell\"><div class=\"boldCellInner\"><div class=\"boldRow \" ><div class=\"boldRowInner\"><div class=\"rowItem col-md-12 col-ms-12  btTextCenter inherit\"  ><div class=\"rowItemContent\" ><div class=\"btClear btSeparator bottomSmallSpaced noBorder\" ><hr><\/div><div class=\"btText\" ><\/p>\n<p align=\"center\"><strong>Se preferir escolha um dos canais de atendimento abaixo:<\/strong><\/p>\n<p>\n<\/div><div class=\"btClear btSeparator bottomSmallSpaced noBorder\" ><hr><\/div><\/div><\/div><\/div><\/div><div class=\"boldRow \" ><div class=\"boldRowInner\"><div class=\"rowItem col-md-6 col-sm-12 btTextCenter inherit\"  ><div class=\"rowItemContent\" ><div class=\"btClear btSeparator bottomSmallSpaced noBorder\" ><hr><\/div><div class=\" bt_bb_row_inner\"   data-bt-override-class=\"{}\"><div class=\"bt_bb_row_inner_holder\"  ><div  class=\"bt_bb_column_inner col-xxl-4 col-xl-4 bt_bb_vertical_align_top bt_bb_align_left bt_bb_padding_normal\"  data-width=\"4\" data-bt-override-class=\"{}\"><div class=\"bt_bb_column_inner_content\"><div class=\"bt_bb_column_inner_content_inner\"><\/div><\/div><\/div><div  class=\"bt_bb_column_inner col-xxl-4 col-xl-4 bt_bb_vertical_align_top bt_bb_align_left bt_bb_padding_normal\"  data-width=\"4\" data-bt-override-class=\"{}\"><div class=\"bt_bb_column_inner_content\"><div class=\"bt_bb_column_inner_content_inner\"><div class=\"bt_bb_image bt_bb_shape_square bt_bb_target_self bt_bb_align_inherit bt_bb_hover_style_simple bt_bb_content_display_always bt_bb_content_align_middle\" style=\"align=center;height:100; overflow: hidden;\" data-bt-override-class=\"{}\"><span><img width=\"127\" height=\"128\" src=\"https:\/\/fireshow.com.br\/16\/wp-content\/uploads\/2020\/04\/ico-telefone-1.png\" class=\"attachment-full size-full\" alt=\"Telefone Fire Show\" loading=\"lazy\" data-full_image_src=\"https:\/\/fireshow.com.br\/16\/wp-content\/uploads\/2020\/04\/ico-telefone-1.png\" title=\"Telefone Fire Show\" \/><\/span><\/div><\/div><\/div><\/div><div  class=\"bt_bb_column_inner col-xxl-4 col-xl-4 bt_bb_vertical_align_top bt_bb_align_left bt_bb_padding_normal\"  data-width=\"4\" data-bt-override-class=\"{}\"><div class=\"bt_bb_column_inner_content\"><div class=\"bt_bb_column_inner_content_inner\"><\/div><\/div><\/div><\/div><\/div><div class=\"btClear btSeparator bottomSmallSpaced noBorder\" ><hr><\/div><div class=\"btText\" ><\/p>\n<p align=\"center\"><strong>Telefones:<\/strong><br \/>\n+55 (11) 5585-4355<br \/>\n+55 (11)\u00a03159-1010<\/p>\n<p>\n<\/div><div class=\"btClear btSeparator bottomSmallSpaced noBorder\" ><hr><\/div><\/div><\/div><div class=\"rowItem col-md-6 col-sm-12 btTextCenter inherit\"  ><div class=\"rowItemContent\" ><div class=\"btClear btSeparator bottomSmallSpaced noBorder\" ><hr><\/div><div class=\" bt_bb_row_inner\"   data-bt-override-class=\"{}\"><div class=\"bt_bb_row_inner_holder\"  ><div  class=\"bt_bb_column_inner col-xxl-4 col-xl-4 bt_bb_vertical_align_top bt_bb_align_left bt_bb_padding_normal\"  data-width=\"4\" data-bt-override-class=\"{}\"><div class=\"bt_bb_column_inner_content\"><div class=\"bt_bb_column_inner_content_inner\"><\/div><\/div><\/div><div  class=\"bt_bb_column_inner col-xxl-4 col-xl-4 bt_bb_vertical_align_top bt_bb_align_left bt_bb_padding_normal\"  data-width=\"4\" data-bt-override-class=\"{}\"><div class=\"bt_bb_column_inner_content\"><div class=\"bt_bb_column_inner_content_inner\"><div class=\"bt_bb_image bt_bb_shape_square bt_bb_target_self bt_bb_align_inherit bt_bb_hover_style_simple bt_bb_content_display_always bt_bb_content_align_middle\" style=\"align=center;height:100; overflow: hidden;\" data-bt-override-class=\"{}\"><span><img width=\"127\" height=\"128\" src=\"https:\/\/fireshow.com.br\/16\/wp-content\/uploads\/2020\/04\/ico-email-1.png\" class=\"attachment-full size-full\" alt=\"Contato E-mail Fire Show\" loading=\"lazy\" data-full_image_src=\"https:\/\/fireshow.com.br\/16\/wp-content\/uploads\/2020\/04\/ico-email-1.png\" title=\"Contato E-mail Fire Show\" \/><\/span><\/div><\/div><\/div><\/div><div  class=\"bt_bb_column_inner col-xxl-4 col-xl-4 bt_bb_vertical_align_top bt_bb_align_left bt_bb_padding_normal\"  data-width=\"4\" data-bt-override-class=\"{}\"><div class=\"bt_bb_column_inner_content\"><div class=\"bt_bb_column_inner_content_inner\"><\/div><\/div><\/div><\/div><\/div><div class=\"btClear btSeparator bottomSmallSpaced noBorder\" ><hr><\/div><div class=\"btText\" ><\/p>\n<p align=\"center\"><strong>E-mail:<\/strong><br \/>\n<a href=\"mailto:comercial@fieramilano.com.br\" target=\"_blank\" rel=\"noopener noreferrer\">comercial@fieramilano.com.br<\/a><\/p>\n<p>\n<\/div><div class=\"btClear btSeparator bottomSmallSpaced noBorder\" ><hr><\/div><\/div><\/div><\/div><\/div><\/div><\/div><\/div><\/section><\/p>\n","protected":false},"excerpt":{"rendered":"","protected":false},"author":2,"featured_media":0,"parent":0,"menu_order":0,"comment_status":"closed","ping_status":"closed","template":"","meta":[],"yoast_head":"<!-- This site is optimized with the Yoast SEO plugin v18.1 - https:\/\/yoast.com\/wordpress\/plugins\/seo\/ -->\n<title>Contato Fire Show | Feira Internacional de Resgate e Prote\u00e7\u00e3o contra Inc\u00eandio<\/title>\n<meta name=\"description\" content=\"Fale com Nossa Equipe de Vendas, Nossos Consultores tem as Melhores Solu\u00e7\u00f5es para Destacar seus Produtos e Alavancar Grandes Neg\u00f3cios para sua Empresa.\" \/>\n<meta name=\"robots\" content=\"index, follow, max-snippet:-1, max-image-preview:large, max-video-preview:-1\" \/>\n<link rel=\"canonical\" href=\"https:\/\/fireshow.com.br\/16\/contato\/\" \/>\n<meta property=\"og:locale\" content=\"pt_BR\" \/>\n<meta property=\"og:type\" content=\"article\" \/>\n<meta property=\"og:title\" content=\"Contato Fire Show | Feira Internacional de Resgate e Prote\u00e7\u00e3o contra Inc\u00eandio\" \/>\n<meta property=\"og:description\" content=\"Fale com Nossa Equipe de Vendas, Nossos Consultores tem as Melhores Solu\u00e7\u00f5es para Destacar seus Produtos e Alavancar Grandes Neg\u00f3cios para sua Empresa.\" \/>\n<meta property=\"og:url\" content=\"https:\/\/fireshow.com.br\/16\/contato\/\" \/>\n<meta property=\"og:site_name\" content=\"Fire Show\" \/>\n<meta property=\"article:publisher\" content=\"https:\/\/www.facebook.com\/Fire-Show-1113145285392042\/\" \/>\n<meta property=\"article:modified_time\" content=\"2022-03-09T20:00:59+00:00\" \/>\n<meta name=\"twitter:card\" content=\"summary_large_image\" \/>\n<meta name=\"twitter:site\" content=\"@feirafireshow\" \/>\n<meta name=\"twitter:label1\" content=\"Est. tempo de leitura\" \/>\n\t<meta name=\"twitter:data1\" content=\"5 minutos\" \/>\n<script type=\"application\/ld+json\" class=\"yoast-schema-graph\">{\"@context\":\"https:\/\/schema.org\",\"@graph\":[{\"@type\":\"WebSite\",\"@id\":\"https:\/\/fireshow.com.br\/16\/#website\",\"url\":\"https:\/\/fireshow.com.br\/16\/\",\"name\":\"Fire Show\",\"description\":\"International Fire Fair\",\"potentialAction\":[{\"@type\":\"SearchAction\",\"target\":{\"@type\":\"EntryPoint\",\"urlTemplate\":\"https:\/\/fireshow.com.br\/16\/?s={search_term_string}\"},\"query-input\":\"required name=search_term_string\"}],\"inLanguage\":\"pt-BR\"},{\"@type\":\"WebPage\",\"@id\":\"https:\/\/fireshow.com.br\/16\/contato\/#webpage\",\"url\":\"https:\/\/fireshow.com.br\/16\/contato\/\",\"name\":\"Contato Fire Show | Feira Internacional de Resgate e Prote\u00e7\u00e3o contra Inc\u00eandio\",\"isPartOf\":{\"@id\":\"https:\/\/fireshow.com.br\/16\/#website\"},\"datePublished\":\"2015-05-19T13:49:38+00:00\",\"dateModified\":\"2022-03-09T20:00:59+00:00\",\"description\":\"Fale com Nossa Equipe de Vendas, Nossos Consultores tem as Melhores Solu\u00e7\u00f5es para Destacar seus Produtos e Alavancar Grandes Neg\u00f3cios para sua Empresa.\",\"breadcrumb\":{\"@id\":\"https:\/\/fireshow.com.br\/16\/contato\/#breadcrumb\"},\"inLanguage\":\"pt-BR\",\"potentialAction\":[{\"@type\":\"ReadAction\",\"target\":[\"https:\/\/fireshow.com.br\/16\/contato\/\"]}]},{\"@type\":\"BreadcrumbList\",\"@id\":\"https:\/\/fireshow.com.br\/16\/contato\/#breadcrumb\",\"itemListElement\":[{\"@type\":\"ListItem\",\"position\":1,\"name\":\"In\u00edcio\",\"item\":\"https:\/\/fireshow.com.br\/16\/\"},{\"@type\":\"ListItem\",\"position\":2,\"name\":\"CONTATO\"}]}]}<\/script>\n<!-- \/ Yoast SEO plugin. -->","yoast_head_json":{"title":"Contato Fire Show | Feira Internacional de Resgate e Prote\u00e7\u00e3o contra Inc\u00eandio","description":"Fale com Nossa Equipe de Vendas, Nossos Consultores tem as Melhores Solu\u00e7\u00f5es para Destacar seus Produtos e Alavancar Grandes Neg\u00f3cios para sua Empresa.","robots":{"index":"index","follow":"follow","max-snippet":"max-snippet:-1","max-image-preview":"max-image-preview:large","max-video-preview":"max-video-preview:-1"},"canonical":"https:\/\/fireshow.com.br\/16\/contato\/","og_locale":"pt_BR","og_type":"article","og_title":"Contato Fire Show | Feira Internacional de Resgate e Prote\u00e7\u00e3o contra Inc\u00eandio","og_description":"Fale com Nossa Equipe de Vendas, Nossos Consultores tem as Melhores Solu\u00e7\u00f5es para Destacar seus Produtos e Alavancar Grandes Neg\u00f3cios para sua Empresa.","og_url":"https:\/\/fireshow.com.br\/16\/contato\/","og_site_name":"Fire Show","article_publisher":"https:\/\/www.facebook.com\/Fire-Show-1113145285392042\/","article_modified_time":"2022-03-09T20:00:59+00:00","twitter_card":"summary_large_image","twitter_site":"@feirafireshow","twitter_misc":{"Est. tempo de leitura":"5 minutos"},"schema":{"@context":"https:\/\/schema.org","@graph":[{"@type":"WebSite","@id":"https:\/\/fireshow.com.br\/16\/#website","url":"https:\/\/fireshow.com.br\/16\/","name":"Fire Show","description":"International Fire Fair","potentialAction":[{"@type":"SearchAction","target":{"@type":"EntryPoint","urlTemplate":"https:\/\/fireshow.com.br\/16\/?s={search_term_string}"},"query-input":"required name=search_term_string"}],"inLanguage":"pt-BR"},{"@type":"WebPage","@id":"https:\/\/fireshow.com.br\/16\/contato\/#webpage","url":"https:\/\/fireshow.com.br\/16\/contato\/","name":"Contato Fire Show | Feira Internacional de Resgate e Prote\u00e7\u00e3o contra Inc\u00eandio","isPartOf":{"@id":"https:\/\/fireshow.com.br\/16\/#website"},"datePublished":"2015-05-19T13:49:38+00:00","dateModified":"2022-03-09T20:00:59+00:00","description":"Fale com Nossa Equipe de Vendas, Nossos Consultores tem as Melhores Solu\u00e7\u00f5es para Destacar seus Produtos e Alavancar Grandes Neg\u00f3cios para sua Empresa.","breadcrumb":{"@id":"https:\/\/fireshow.com.br\/16\/contato\/#breadcrumb"},"inLanguage":"pt-BR","potentialAction":[{"@type":"ReadAction","target":["https:\/\/fireshow.com.br\/16\/contato\/"]}]},{"@type":"BreadcrumbList","@id":"https:\/\/fireshow.com.br\/16\/contato\/#breadcrumb","itemListElement":[{"@type":"ListItem","position":1,"name":"In\u00edcio","item":"https:\/\/fireshow.com.br\/16\/"},{"@type":"ListItem","position":2,"name":"CONTATO"}]}]}},"_links":{"self":[{"href":"https:\/\/fireshow.com.br\/16\/wp-json\/wp\/v2\/pages\/35"}],"collection":[{"href":"https:\/\/fireshow.com.br\/16\/wp-json\/wp\/v2\/pages"}],"about":[{"href":"https:\/\/fireshow.com.br\/16\/wp-json\/wp\/v2\/types\/page"}],"author":[{"embeddable":true,"href":"https:\/\/fireshow.com.br\/16\/wp-json\/wp\/v2\/users\/2"}],"replies":[{"embeddable":true,"href":"https:\/\/fireshow.com.br\/16\/wp-json\/wp\/v2\/comments?post=35"}],"version-history":[{"count":18,"href":"https:\/\/fireshow.com.br\/16\/wp-json\/wp\/v2\/pages\/35\/revisions"}],"predecessor-version":[{"id":3009,"href":"https:\/\/fireshow.com.br\/16\/wp-json\/wp\/v2\/pages\/35\/revisions\/3009"}],"wp:attachment":[{"href":"https:\/\/fireshow.com.br\/16\/wp-json\/wp\/v2\/media?parent=35"}],"curies":[{"name":"wp","href":"https:\/\/api.w.org\/{rel}","templated":true}]}}