{"id":340,"date":"2015-09-10T20:59:27","date_gmt":"2015-09-10T20:59:27","guid":{"rendered":"http:\/\/exposec.tmp.br\/16\/?page_id=340"},"modified":"2024-05-29T20:01:14","modified_gmt":"2024-05-29T20:01:14","slug":"lista-de-expositores","status":"publish","type":"page","link":"https:\/\/fireshow.com.br\/16\/lista-de-expositores\/","title":{"rendered":"Lista de Expositores-old"},"content":{"rendered":"<p><section id=\"bt_section69e8ed889dd84\"  class=\"boldSection inherit\" ><div class=\"port\"><div class=\"boldCell\"><div class=\"boldCellInner\"><div class=\"boldRow \" ><div class=\"boldRowInner\"><div class=\"rowItem col-md-12 col-ms-12  btTextCenter inherit\"  ><div class=\"rowItemContent\" ><div class=\"bt_bb_separator_v2 bt_bb_border_style_none bt_bb_top_spacing_medium bt_bb_icon_size_normal bt_bb_text_size_normal bt_bb_separator_v2_without_content\" data-bt-override-class=\"null\"><div class=\"bt_bb_separator_v2_inner\"><span class=\"bt_bb_separator_v2_inner_before\"><\/span><span class=\"bt_bb_separator_v2_inner_content\"><span  data-ico-=\"\" class=\"bt_bb_icon_holder\"><\/span><\/span><span class=\"bt_bb_separator_v2_inner_after\"><\/span><\/div><\/div><header class=\"header btClear large btDash bottomDash  btNormalDash\" ><div class=\"dash\"><h2><span class=\"headline\">Lista de Expositores <b class=\"animate\">Fire Show 2024<\/b><\/span><\/h2><\/div><\/header><div class=\"btClear btSeparator bottomSmallSpaced noBorder\" ><hr><\/div><\/div><\/div><\/div><\/div><\/div><\/div><\/div><\/section><section id=\"bt_section69e8ed889e037\"  class=\"boldSection gutter inherit\" style=\"font-size:17px;\"><div class=\"port\"><div class=\"boldCell\"><div class=\"boldCellInner\"><div class=\"boldRow \" ><div class=\"boldRowInner\"><div class=\"rowItem col-md-12 col-ms-12  btTextLeft btMiddleVertical\"  ><div class=\"rowItemContent\" ><div class=\"bt_bb_separator_v2 bt_bb_border_style_none bt_bb_top_spacing_small bt_bb_icon_size_normal bt_bb_text_size_normal bt_bb_separator_v2_without_content\" data-bt-override-class=\"null\"><div class=\"bt_bb_separator_v2_inner\"><span class=\"bt_bb_separator_v2_inner_before\"><\/span><span class=\"bt_bb_separator_v2_inner_content\"><span  data-ico-=\"\" class=\"bt_bb_icon_holder\"><\/span><\/span><span class=\"bt_bb_separator_v2_inner_after\"><\/span><\/div><\/div><div class=\"btText\" ><\/p>\n<p>[tab: A]<\/p>\n<ul>\n<li>ABUS AUGUST BREMICKER SOHNE KG<\/li>\n<li>AC&amp;F SERVICOS TECNICOS LTDA<\/li>\n<li>ACEPEX ACESSORIOS PARA EXTINTORES LTDA<\/li>\n<li>ARQTEC COMERCIO E SERVICOS LTDA<\/li>\n<\/ul>\n<p>[tab: B]<\/p>\n<ul>\n<li>BNU TECNOLOGIA EM INSTALACOES ELETRICAS E SEGURANCA LTDA<\/li>\n<li>BOMBASA INDUSTRIA E COMERCIO DE BOMBAS E ACESSORIO<\/li>\n<li>BRASCAMP EQUIPAMENTOS DE PROTE\u00c7\u00c3O DO TRABALHO LTDA<\/li>\n<li>BSKY BRASIL EQUIPAMENTOS CONTRA INCENDIO LTDA<\/li>\n<li>BUCKA &#8211; INDUSTRIA E COMERCIO LTDA<\/li>\n<\/ul>\n<p>[tab: C]<\/p>\n<ul>\n<li>C.F.F. DESENVOLVIMENTO DE PRODUTOS ELETRONICOS EIRELI<\/li>\n<li>C4M COM\u00c9RCIO E SERVI\u00c7OS DE EQUIPAMENTOS LTDA<\/li>\n<li>CAM FIRE SISTEMAS CONTRA INCENDIO EIRELI<\/li>\n<li>CAP SOLUCOES INOVADORAS LTDA<\/li>\n<li>CEPPO INDUSTRIA E COMERCIO DE EPI LTDA<\/li>\n<li>CF COMERCIO E SISTEMAS CONTRA INCENDIO LTDA<\/li>\n<li>CHANDER FIRE DO BRASIL EQUIP SEG LTD<\/li>\n<li>COUTOFLEX IND\u00daSTRIA DE MANGUEIRAS LTDA<\/li>\n<\/ul>\n<p>[tab: D]<\/p>\n<ul>\n<li>D.C DE SOUZA INCENDIO LTDA<\/li>\n<li>DELTA FIRE LTDA<\/li>\n<li>DOCKSTEEL INDUSTRIA,COMERCIO E REPRESENTACAO LTDA<\/li>\n<li>DORMETAL FERRAGENS LTDA<\/li>\n<li>DRAGER SAFETY DO BRASIL EQUIPAMENTOS DE SEGURANCA<\/li>\n<\/ul>\n<p>[tab: F]<\/p>\n<ul>\n<li>FELTRIN INDUSTRIA E COMERCIO DE PRODUTOS ELETRONICOS EIRELI<\/li>\n<\/ul>\n<p>[tab: G]<\/p>\n<ul>\n<li>GAMAFIRE<\/li>\n<li>GIFEL ENGENHARIA DE INC\u00caNDIO E COMERCIO LTDA<\/li>\n<\/ul>\n<p>[tab: H]<\/p>\n<ul>\n<li>HIDROMECANICA GERMEK LTDA<\/li>\n<li>HYDOR TECNOLOGIA EM SISTEMA CONTRA INCENDIO LTDA<\/li>\n<\/ul>\n<p>[tab: I]<\/p>\n<ul>\n<li>INOVATRI LOCA\u00c7\u00d5ES, COM\u00c9RCIO E SERVI\u00c7OS LTDA<\/li>\n<li>IPC BRASIL &#8211; IMPORTADORA DE PRODUTOS CERTIFICADOS LTDA<\/li>\n<li>ITALBOTAS &#8211; INDUSTRIA, COMERCIO, IMP. E EXP. LTDA<\/li>\n<li>ITM &#8211; INDUSTRIAS TEXTEIS H. MILAGRE LTDA<\/li>\n<\/ul>\n<p>[tab: J]<\/p>\n<ul>\n<li>JFL EQUIPAMENTOS ELETRONICOS INDUSTRIA E COMERCIO LTDA<\/li>\n<\/ul>\n<p>[tab: K]<\/p>\n<ul>\n<li>KIDDE BRASIL LTDA<\/li>\n<\/ul>\n<p>[tab: L]<\/p>\n<ul>\n<li>LUMILED COMERCIO DE ELETRONICOS LTDA<\/li>\n<\/ul>\n<p>[tab: M]<\/p>\n<ul>\n<li>MITREN &#8211; SISTEMAS E MONTAGENS VEICULARES S.A.<\/li>\n<li>MSR DOSIERTECHNIK DO BRASIL LTDA<\/li>\n<\/ul>\n<p>[tab: R]<\/p>\n<ul>\n<li>RESIL COMERCIAL INDUSTRIAL LTDA<\/li>\n<li>ROTAREX<\/li>\n<li>RUDC INDUSTRIA E COMERCIO LTDA<\/li>\n<\/ul>\n<p>[tab: S]<\/p>\n<ul>\n<li>SEGCBINC SEGURANCA E PREVENCAO NO COMBATE A INCENDIO LTDA<\/li>\n<li>SKY FIRE COM EQUIP CONTRA INCENDIO LTDA ME<\/li>\n<li>SUPREMA IND E COM DE ACESS\u00d3RIOS DO VESTU\u00c1RIO<\/li>\n<\/ul>\n<p>[tab: T]<\/p>\n<ul>\n<li>TELBRA-EX INDUSTRIA E COMERCIO LTDA<\/li>\n<\/ul>\n<p>[tab: U]<\/p>\n<ul>\n<li>UNI REFRIGERACAO BRASIL LTDA<\/li>\n<li>URMET DO BRASIL COM INSTAL MANUT DE SIST DE SEGUR ELETR E DETEC D<\/li>\n<\/ul>\n<p>[tab: V]<\/p>\n<ul>\n<li>VALE SAFE FRANQUIAS E PARTICIPACOES LTDA<\/li>\n<li>VENUS INDUSTRIA E COMERCIO DE PRODUTOS OTICOS EIRELI<\/li>\n<\/ul>\n<p>\n<\/div><\/div><\/div><\/div><\/div><\/div><\/div><\/div><\/section><section id=\"bt_section69e8ed889e981\"  class=\"boldSection bottomSmallSpaced inherit\" ><div class=\"port\"><div class=\"boldCell\"><div class=\"boldCellInner\"><div class=\"boldRow \" ><div class=\"boldRowInner\"><div class=\"rowItem col-md-12 col-ms-12  btTextCenter inherit\"  ><div class=\"rowItemContent\" ><div class=\"btClear btSeparator topSemiSpaced noBorder\" ><hr><\/div><header class=\"header btClear medium  btAccentDash\" ><div class=\"dash\"><h3><span class=\"headline\">Participe do Maior Encontro de Resgate e Prote\u00e7\u00e3o contra Inc\u00eandio da Am\u00e9rica Latina!<\/span><\/h3><\/div><\/header><\/div><\/div><\/div><\/div><\/div><\/div><\/div><\/section><section id=\"bt_section69e8ed889eaef\"  class=\"boldSection bottomSmallSpaced inherit\" ><div class=\"port\"><div class=\"boldCell\"><div class=\"boldCellInner\"><div class=\"boldRow \" ><div class=\"boldRowInner\"><div class=\"rowItem col-md-3 col-sm-6 col-ms-12 btTextCenter inherit\"  ><div class=\"rowItemContent\" ><\/div><\/div><div class=\"rowItem col-md-3 col-sm-6 col-ms-12 btTextCenter inherit\"  ><div class=\"rowItemContent\" ><div class=\"btClear btSeparator bottomExtraSmallSpaced noBorder\" ><hr><\/div><a href=\"\/16\/credenciamento\/\" class=\"btBtn btBtn btnFilledStyle btnAccentColor btnBig btnNormalWidth btnLeftPosition btnIco\"  target=\"_blank\"><span class=\"btnInnerText\">Credenciamento<\/span><span class=\"btIco \" ><span  data-ico-fa=\"&#xf101;\" class=\"btIcoHolder\"><em><\/em><\/span><\/span><\/a><\/div><\/div><div class=\"rowItem col-md-3 col-sm-6 col-ms-12 btTextLeft\"  ><div class=\"rowItemContent\" ><div class=\"btClear btSeparator bottomExtraSmallSpaced noBorder\" ><hr><\/div><a href=\"\/16\/por-que-expor\/\" class=\"btBtn btBtn btnFilledStyle btnAlternateColor btnBig btnNormalWidth btnLeftPosition btnIco\" ><span class=\"btnInnerText\">Seja um Expositor<\/span><span class=\"btIco \" ><span  data-ico-fa=\"&#xf101;\" class=\"btIcoHolder\"><em><\/em><\/span><\/span><\/a><\/div><\/div><div class=\"rowItem col-md-3 col-sm-6 col-ms-12 btTextLeft\"  ><div class=\"rowItemContent\" ><\/div><\/div><\/div><\/div><\/div><\/div><\/div><\/section><\/p>\n","protected":false},"excerpt":{"rendered":"","protected":false},"author":2,"featured_media":0,"parent":0,"menu_order":0,"comment_status":"closed","ping_status":"closed","template":"","meta":[],"yoast_head":"<!-- This site is optimized with the Yoast SEO plugin v18.1 - https:\/\/yoast.com\/wordpress\/plugins\/seo\/ -->\n<title>Lista de Expositores Fire Show 2022 | International Fire Fair<\/title>\n<meta name=\"description\" content=\"Confira a Lista de Expositores Fire Show 2022. Todos os Expositores que Participar\u00e3o da Maior Feira de Resgate e Prote\u00e7\u00e3o contra Inc\u00eandio da Am\u00e9rica Latina.\" \/>\n<meta name=\"robots\" content=\"index, follow, max-snippet:-1, max-image-preview:large, max-video-preview:-1\" \/>\n<link rel=\"canonical\" href=\"https:\/\/fireshow.com.br\/16\/lista-de-expositores\/\" \/>\n<meta property=\"og:locale\" content=\"pt_BR\" \/>\n<meta property=\"og:type\" content=\"article\" \/>\n<meta property=\"og:title\" content=\"Lista de Expositores Fire Show 2022 | International Fire Fair\" \/>\n<meta property=\"og:description\" content=\"Confira a Lista de Expositores Fire Show 2022. Todos os Expositores que Participar\u00e3o da Maior Feira de Resgate e Prote\u00e7\u00e3o contra Inc\u00eandio da Am\u00e9rica Latina.\" \/>\n<meta property=\"og:url\" content=\"https:\/\/fireshow.com.br\/16\/lista-de-expositores\/\" \/>\n<meta property=\"og:site_name\" content=\"Fire Show\" \/>\n<meta property=\"article:publisher\" content=\"https:\/\/www.facebook.com\/Fire-Show-1113145285392042\/\" \/>\n<meta property=\"article:modified_time\" content=\"2024-05-29T20:01:14+00:00\" \/>\n<meta name=\"twitter:card\" content=\"summary_large_image\" \/>\n<meta name=\"twitter:site\" content=\"@feirafireshow\" \/>\n<meta name=\"twitter:label1\" content=\"Est. tempo de leitura\" \/>\n\t<meta name=\"twitter:data1\" content=\"4 minutos\" \/>\n<script type=\"application\/ld+json\" class=\"yoast-schema-graph\">{\"@context\":\"https:\/\/schema.org\",\"@graph\":[{\"@type\":\"WebSite\",\"@id\":\"https:\/\/fireshow.com.br\/16\/#website\",\"url\":\"https:\/\/fireshow.com.br\/16\/\",\"name\":\"Fire Show\",\"description\":\"International Fire Fair\",\"potentialAction\":[{\"@type\":\"SearchAction\",\"target\":{\"@type\":\"EntryPoint\",\"urlTemplate\":\"https:\/\/fireshow.com.br\/16\/?s={search_term_string}\"},\"query-input\":\"required name=search_term_string\"}],\"inLanguage\":\"pt-BR\"},{\"@type\":\"WebPage\",\"@id\":\"https:\/\/fireshow.com.br\/16\/lista-de-expositores\/#webpage\",\"url\":\"https:\/\/fireshow.com.br\/16\/lista-de-expositores\/\",\"name\":\"Lista de Expositores Fire Show 2022 | International Fire Fair\",\"isPartOf\":{\"@id\":\"https:\/\/fireshow.com.br\/16\/#website\"},\"datePublished\":\"2015-09-10T20:59:27+00:00\",\"dateModified\":\"2024-05-29T20:01:14+00:00\",\"description\":\"Confira a Lista de Expositores Fire Show 2022. Todos os Expositores que Participar\u00e3o da Maior Feira de Resgate e Prote\u00e7\u00e3o contra Inc\u00eandio da Am\u00e9rica Latina.\",\"breadcrumb\":{\"@id\":\"https:\/\/fireshow.com.br\/16\/lista-de-expositores\/#breadcrumb\"},\"inLanguage\":\"pt-BR\",\"potentialAction\":[{\"@type\":\"ReadAction\",\"target\":[\"https:\/\/fireshow.com.br\/16\/lista-de-expositores\/\"]}]},{\"@type\":\"BreadcrumbList\",\"@id\":\"https:\/\/fireshow.com.br\/16\/lista-de-expositores\/#breadcrumb\",\"itemListElement\":[{\"@type\":\"ListItem\",\"position\":1,\"name\":\"In\u00edcio\",\"item\":\"https:\/\/fireshow.com.br\/16\/\"},{\"@type\":\"ListItem\",\"position\":2,\"name\":\"Lista de Expositores-old\"}]}]}<\/script>\n<!-- \/ Yoast SEO plugin. -->","yoast_head_json":{"title":"Lista de Expositores Fire Show 2022 | International Fire Fair","description":"Confira a Lista de Expositores Fire Show 2022. Todos os Expositores que Participar\u00e3o da Maior Feira de Resgate e Prote\u00e7\u00e3o contra Inc\u00eandio da Am\u00e9rica Latina.","robots":{"index":"index","follow":"follow","max-snippet":"max-snippet:-1","max-image-preview":"max-image-preview:large","max-video-preview":"max-video-preview:-1"},"canonical":"https:\/\/fireshow.com.br\/16\/lista-de-expositores\/","og_locale":"pt_BR","og_type":"article","og_title":"Lista de Expositores Fire Show 2022 | International Fire Fair","og_description":"Confira a Lista de Expositores Fire Show 2022. Todos os Expositores que Participar\u00e3o da Maior Feira de Resgate e Prote\u00e7\u00e3o contra Inc\u00eandio da Am\u00e9rica Latina.","og_url":"https:\/\/fireshow.com.br\/16\/lista-de-expositores\/","og_site_name":"Fire Show","article_publisher":"https:\/\/www.facebook.com\/Fire-Show-1113145285392042\/","article_modified_time":"2024-05-29T20:01:14+00:00","twitter_card":"summary_large_image","twitter_site":"@feirafireshow","twitter_misc":{"Est. tempo de leitura":"4 minutos"},"schema":{"@context":"https:\/\/schema.org","@graph":[{"@type":"WebSite","@id":"https:\/\/fireshow.com.br\/16\/#website","url":"https:\/\/fireshow.com.br\/16\/","name":"Fire Show","description":"International Fire Fair","potentialAction":[{"@type":"SearchAction","target":{"@type":"EntryPoint","urlTemplate":"https:\/\/fireshow.com.br\/16\/?s={search_term_string}"},"query-input":"required name=search_term_string"}],"inLanguage":"pt-BR"},{"@type":"WebPage","@id":"https:\/\/fireshow.com.br\/16\/lista-de-expositores\/#webpage","url":"https:\/\/fireshow.com.br\/16\/lista-de-expositores\/","name":"Lista de Expositores Fire Show 2022 | International Fire Fair","isPartOf":{"@id":"https:\/\/fireshow.com.br\/16\/#website"},"datePublished":"2015-09-10T20:59:27+00:00","dateModified":"2024-05-29T20:01:14+00:00","description":"Confira a Lista de Expositores Fire Show 2022. Todos os Expositores que Participar\u00e3o da Maior Feira de Resgate e Prote\u00e7\u00e3o contra Inc\u00eandio da Am\u00e9rica Latina.","breadcrumb":{"@id":"https:\/\/fireshow.com.br\/16\/lista-de-expositores\/#breadcrumb"},"inLanguage":"pt-BR","potentialAction":[{"@type":"ReadAction","target":["https:\/\/fireshow.com.br\/16\/lista-de-expositores\/"]}]},{"@type":"BreadcrumbList","@id":"https:\/\/fireshow.com.br\/16\/lista-de-expositores\/#breadcrumb","itemListElement":[{"@type":"ListItem","position":1,"name":"In\u00edcio","item":"https:\/\/fireshow.com.br\/16\/"},{"@type":"ListItem","position":2,"name":"Lista de Expositores-old"}]}]}},"_links":{"self":[{"href":"https:\/\/fireshow.com.br\/16\/wp-json\/wp\/v2\/pages\/340"}],"collection":[{"href":"https:\/\/fireshow.com.br\/16\/wp-json\/wp\/v2\/pages"}],"about":[{"href":"https:\/\/fireshow.com.br\/16\/wp-json\/wp\/v2\/types\/page"}],"author":[{"embeddable":true,"href":"https:\/\/fireshow.com.br\/16\/wp-json\/wp\/v2\/users\/2"}],"replies":[{"embeddable":true,"href":"https:\/\/fireshow.com.br\/16\/wp-json\/wp\/v2\/comments?post=340"}],"version-history":[{"count":289,"href":"https:\/\/fireshow.com.br\/16\/wp-json\/wp\/v2\/pages\/340\/revisions"}],"predecessor-version":[{"id":9716,"href":"https:\/\/fireshow.com.br\/16\/wp-json\/wp\/v2\/pages\/340\/revisions\/9716"}],"wp:attachment":[{"href":"https:\/\/fireshow.com.br\/16\/wp-json\/wp\/v2\/media?parent=340"}],"curies":[{"name":"wp","href":"https:\/\/api.w.org\/{rel}","templated":true}]}}