{"id":334,"date":"2015-09-10T20:58:24","date_gmt":"2015-09-10T20:58:24","guid":{"rendered":"http:\/\/exposec.tmp.br\/16\/?page_id=334"},"modified":"2024-07-04T13:47:02","modified_gmt":"2024-07-04T13:47:02","slug":"viagem-e-hospedagem","status":"publish","type":"page","link":"https:\/\/fireshow.com.br\/16\/viagem-e-hospedagem\/","title":{"rendered":"Viagem e Hospedagem"},"content":{"rendered":"<p><section id=\"bt_section69e73f2a50173\"  class=\"boldSection inherit\" ><div class=\"port\"><div class=\"boldCell\"><div class=\"boldCellInner\"><div class=\"boldRow \" ><div class=\"boldRowInner\"><div class=\"rowItem col-md-12 col-ms-12  btTextCenter inherit\"  ><div class=\"rowItemContent\" ><div class=\"bt_bb_separator_v2 bt_bb_border_style_none bt_bb_top_spacing_normal bt_bb_icon_size_normal bt_bb_text_size_normal bt_bb_separator_v2_without_content\" data-bt-override-class=\"null\"><div class=\"bt_bb_separator_v2_inner\"><span class=\"bt_bb_separator_v2_inner_before\"><\/span><span class=\"bt_bb_separator_v2_inner_content\"><span  data-ico-=\"\" class=\"bt_bb_icon_holder\"><\/span><\/span><span class=\"bt_bb_separator_v2_inner_after\"><\/span><\/div><\/div><header class=\"header btClear large btDash bottomDash  btNormalDash\" ><div class=\"dash\"><h2><span class=\"headline\">Viagem e Hospedagem <b class=\"animate\">Fire Show<\/b><\/span><\/h2><\/div><\/header><div class=\"bt_bb_separator_v2 bt_bb_border_style_none bt_bb_top_spacing_normal bt_bb_icon_size_normal bt_bb_text_size_normal bt_bb_separator_v2_without_content\" data-bt-override-class=\"null\"><div class=\"bt_bb_separator_v2_inner\"><span class=\"bt_bb_separator_v2_inner_before\"><\/span><span class=\"bt_bb_separator_v2_inner_content\"><span  data-ico-=\"\" class=\"bt_bb_icon_holder\"><\/span><\/span><span class=\"bt_bb_separator_v2_inner_after\"><\/span><\/div><\/div><header class=\"header btClear medium  btNormalDash\" ><div class=\"dash\"><h3><span class=\"headline\">Aproveite os Benef\u00edcios Exclusivos do Programa de Viagens da Fire Show<\/span><\/h3><\/div><\/header><div class=\"bt_bb_separator_v2 bt_bb_border_style_none bt_bb_top_spacing_normal bt_bb_icon_size_normal bt_bb_text_size_normal bt_bb_separator_v2_without_content\" data-bt-override-class=\"null\"><div class=\"bt_bb_separator_v2_inner\"><span class=\"bt_bb_separator_v2_inner_before\"><\/span><span class=\"bt_bb_separator_v2_inner_content\"><span  data-ico-=\"\" class=\"bt_bb_icon_holder\"><\/span><\/span><span class=\"bt_bb_separator_v2_inner_after\"><\/span><\/div><\/div><\/div><\/div><\/div><\/div><\/div><\/div><\/div><\/section><section id=\"bt_section69e73f2a5051b\"  class=\"boldSection gutter inherit\" style=\"font-size:17px;\"><div class=\"port\"><div class=\"boldCell\"><div class=\"boldCellInner\"><div class=\"boldRow \" ><div class=\"boldRowInner\"><div class=\"rowItem col-md-12 col-ms-12  btTextLeft inherit\"  ><div class=\"rowItemContent\" ><div class=\"btText\" ><\/p>\n<p>Encontre hot\u00e9is pr\u00f3ximos a feira, alugue um carro e compre sua passagem a\u00e9rea tudo em um s\u00f3 lugar. Programe-se!<\/p>\n<p>Antes de viajar, certifique-se de consultar os pacotes da <strong>AD TURISMO<\/strong>, ag\u00eancia de viagens.<\/p>\n<p>Entre em contato e saiba mais sobre os benef\u00edcios dispon\u00edveis:<\/p>\n<p>\n<\/div><\/div><\/div><\/div><\/div><div class=\"boldRow \" ><div class=\"boldRowInner\"><div class=\"rowItem col-md-4 col-ms-12 btTextCenter btMiddleVertical\"  ><div class=\"rowItemContent\" ><div class=\"bt_bb_separator_v2 bt_bb_border_style_none bt_bb_top_spacing_normal bt_bb_icon_size_normal bt_bb_text_size_normal bt_bb_separator_v2_without_content\" data-bt-override-class=\"null\"><div class=\"bt_bb_separator_v2_inner\"><span class=\"bt_bb_separator_v2_inner_before\"><\/span><span class=\"bt_bb_separator_v2_inner_content\"><span  data-ico-=\"\" class=\"bt_bb_icon_holder\"><\/span><\/span><span class=\"bt_bb_separator_v2_inner_after\"><\/span><\/div><\/div><div  class=\"bt_bb_text\" ><\/p>\n<p><a href=\"https:\/\/adturismo.com.br\/\" target=\"_blank\" rel=\"noopener noreferrer\"><img loading=\"lazy\" class=\"aligncenter wp-image-2789\" src=\"https:\/\/fireshow.com.br\/16\/wp-content\/uploads\/2023\/12\/LOGO-AD-Turismo-320x181-1.png\" alt=\"AD Turismo\" width=\"250\" height=\"130\" \/><\/a><\/p>\n<p>\n<\/div><div class=\"bt_bb_separator_v2 bt_bb_border_style_none bt_bb_top_spacing_normal bt_bb_icon_size_normal bt_bb_text_size_normal bt_bb_separator_v2_without_content\" data-bt-override-class=\"null\"><div class=\"bt_bb_separator_v2_inner\"><span class=\"bt_bb_separator_v2_inner_before\"><\/span><span class=\"bt_bb_separator_v2_inner_content\"><span  data-ico-=\"\" class=\"bt_bb_icon_holder\"><\/span><\/span><span class=\"bt_bb_separator_v2_inner_after\"><\/span><\/div><\/div><\/div><\/div><div class=\"rowItem col-md-8 col-ms-12 btTextLeft btMiddleVertical\"  ><div class=\"rowItemContent\" ><div class=\"bt_bb_separator_v2 bt_bb_border_style_none bt_bb_top_spacing_normal bt_bb_icon_size_normal bt_bb_text_size_normal bt_bb_separator_v2_without_content\" data-bt-override-class=\"null\"><div class=\"bt_bb_separator_v2_inner\"><span class=\"bt_bb_separator_v2_inner_before\"><\/span><span class=\"bt_bb_separator_v2_inner_content\"><span  data-ico-=\"\" class=\"bt_bb_icon_holder\"><\/span><\/span><span class=\"bt_bb_separator_v2_inner_after\"><\/span><\/div><\/div><div class=\"btText\" ><\/p>\n<p>Ag\u00eancia de Viagens:\u00a0<strong>AD TURISMO<\/strong><\/p>\n<p>Pra\u00e7a Dom Jos\u00e9 Gaspar, 134 \u2013 5\u00ba andar Rep\u00fablica I SP I CEP: 01047-010<\/p>\n<p><strong>Telefone:<\/strong>\u00a0(11) 5087-3455<br \/>\n<strong>Whatsapp:<\/strong>\u00a0(11) 99369-5239<\/p>\n<p><a href=\"mailto:suportefeiras@adturismo.com.br\" target=\"_blank\" rel=\"noopener\">suportefeiras@adturismo.com.br<\/a><br \/>\n<a href=\"http:\/\/www.adturismo.com.br\/\" target=\"_blank\" rel=\"noopener\">www.adturismo.com.br<\/a><\/p>\n<p>Atendimento: segunda a sexta, das 9h \u00e0s 18h30<\/p>\n<p>\n<\/div><div class=\"bt_bb_separator_v2 bt_bb_border_style_none bt_bb_top_spacing_normal bt_bb_icon_size_normal bt_bb_text_size_normal bt_bb_separator_v2_without_content\" data-bt-override-class=\"null\"><div class=\"bt_bb_separator_v2_inner\"><span class=\"bt_bb_separator_v2_inner_before\"><\/span><span class=\"bt_bb_separator_v2_inner_content\"><span  data-ico-=\"\" class=\"bt_bb_icon_holder\"><\/span><\/span><span class=\"bt_bb_separator_v2_inner_after\"><\/span><\/div><\/div><\/div><\/div><\/div><\/div><\/div><\/div><\/div><\/section><section id=\"bt_section69e73f2a50bcd\"  class=\"boldSection bottomSmallSpaced inherit\" ><div class=\"port\"><div class=\"boldCell\"><div class=\"boldCellInner\"><div class=\"boldRow \" ><div class=\"boldRowInner\"><div class=\"rowItem col-md-12 col-ms-12  btTextCenter inherit\"  ><div class=\"rowItemContent\" ><header class=\"header btClear medium  btAccentDash\" ><div class=\"dash\"><h3><span class=\"headline\">Garanta j\u00e1 o seu lugar no maior evento do setor.<\/span><\/h3><\/div><\/header><div class=\"btClear btSeparator bottomSmallSpaced noBorder\" ><hr><\/div><a href=\"https:\/\/fireshow.com.br\/16\/credenciamento\/\" class=\"btBtn btBtn btnFilledStyle btnAccentColor btnBig btnNormalWidth btnLeftPosition btnIco\"  target=\"_blank\"><span class=\"btnInnerText\">Credenciamento Gratuito<\/span><span class=\"btIco \" ><span  data-ico-fa=\"&#xf101;\" class=\"btIcoHolder\"><em><\/em><\/span><\/span><\/a><a href=\"https:\/\/app.otabuilder.com\/fireshow2024#mode=HOTEL\" class=\"btBtn btBtn btnFilledStyle btnAccentColor btnBig btnNormalWidth btnLeftPosition btnIco\"  target=\"_blank\"><span class=\"btnInnerText\">Fa\u00e7a sua reserva online<\/span><span class=\"btIco \" ><span  data-ico-fa=\"&#xf101;\" class=\"btIcoHolder\"><em><\/em><\/span><\/span><\/a><\/div><\/div><\/div><\/div><\/div><\/div><\/div><\/section><\/p>\n","protected":false},"excerpt":{"rendered":"","protected":false},"author":2,"featured_media":0,"parent":0,"menu_order":0,"comment_status":"closed","ping_status":"closed","template":"","meta":[],"yoast_head":"<!-- This site is optimized with the Yoast SEO plugin v18.1 - https:\/\/yoast.com\/wordpress\/plugins\/seo\/ -->\n<title>Programa de Viagem e Hospedagem Fire Show 2024 | Feira de Prote\u00e7\u00e3o contra Inc\u00eandio<\/title>\n<meta name=\"description\" content=\"Aproveite o Programa de Viagem e Hospedagem Fire Show 2024. Encontre Hot\u00e9is Pr\u00f3ximos a Feira, Alugue um Carro e Outras Op\u00e7\u00f5es, tudo em um s\u00f3 Lugar.\" \/>\n<meta name=\"robots\" content=\"index, follow, max-snippet:-1, max-image-preview:large, max-video-preview:-1\" \/>\n<link rel=\"canonical\" href=\"https:\/\/fireshow.com.br\/16\/viagem-e-hospedagem\/\" \/>\n<meta property=\"og:locale\" content=\"pt_BR\" \/>\n<meta property=\"og:type\" content=\"article\" \/>\n<meta property=\"og:title\" content=\"Programa de Viagem e Hospedagem Fire Show 2024 | Feira de Prote\u00e7\u00e3o contra Inc\u00eandio\" \/>\n<meta property=\"og:description\" content=\"Aproveite o Programa de Viagem e Hospedagem Fire Show 2024. Encontre Hot\u00e9is Pr\u00f3ximos a Feira, Alugue um Carro e Outras Op\u00e7\u00f5es, tudo em um s\u00f3 Lugar.\" \/>\n<meta property=\"og:url\" content=\"https:\/\/fireshow.com.br\/16\/viagem-e-hospedagem\/\" \/>\n<meta property=\"og:site_name\" content=\"Fire Show\" \/>\n<meta property=\"article:publisher\" content=\"https:\/\/www.facebook.com\/Fire-Show-1113145285392042\/\" \/>\n<meta property=\"article:modified_time\" content=\"2024-07-04T13:47:02+00:00\" \/>\n<meta property=\"og:image\" content=\"https:\/\/fireshow.com.br\/16\/wp-content\/uploads\/2023\/12\/LOGO-AD-Turismo-320x181-1.png\" \/>\n<meta name=\"twitter:card\" content=\"summary_large_image\" \/>\n<meta name=\"twitter:site\" content=\"@feirafireshow\" \/>\n<meta name=\"twitter:label1\" content=\"Est. tempo de leitura\" \/>\n\t<meta name=\"twitter:data1\" content=\"3 minutos\" \/>\n<script type=\"application\/ld+json\" class=\"yoast-schema-graph\">{\"@context\":\"https:\/\/schema.org\",\"@graph\":[{\"@type\":\"WebSite\",\"@id\":\"https:\/\/fireshow.com.br\/16\/#website\",\"url\":\"https:\/\/fireshow.com.br\/16\/\",\"name\":\"Fire Show\",\"description\":\"International Fire Fair\",\"potentialAction\":[{\"@type\":\"SearchAction\",\"target\":{\"@type\":\"EntryPoint\",\"urlTemplate\":\"https:\/\/fireshow.com.br\/16\/?s={search_term_string}\"},\"query-input\":\"required name=search_term_string\"}],\"inLanguage\":\"pt-BR\"},{\"@type\":\"ImageObject\",\"@id\":\"https:\/\/fireshow.com.br\/16\/viagem-e-hospedagem\/#primaryimage\",\"inLanguage\":\"pt-BR\",\"url\":\"https:\/\/fireshow.com.br\/16\/wp-content\/uploads\/2023\/12\/LOGO-AD-Turismo-320x181-1.png\",\"contentUrl\":\"https:\/\/fireshow.com.br\/16\/wp-content\/uploads\/2023\/12\/LOGO-AD-Turismo-320x181-1.png\",\"width\":320,\"height\":181},{\"@type\":\"WebPage\",\"@id\":\"https:\/\/fireshow.com.br\/16\/viagem-e-hospedagem\/#webpage\",\"url\":\"https:\/\/fireshow.com.br\/16\/viagem-e-hospedagem\/\",\"name\":\"Programa de Viagem e Hospedagem Fire Show 2024 | Feira de Prote\u00e7\u00e3o contra Inc\u00eandio\",\"isPartOf\":{\"@id\":\"https:\/\/fireshow.com.br\/16\/#website\"},\"primaryImageOfPage\":{\"@id\":\"https:\/\/fireshow.com.br\/16\/viagem-e-hospedagem\/#primaryimage\"},\"datePublished\":\"2015-09-10T20:58:24+00:00\",\"dateModified\":\"2024-07-04T13:47:02+00:00\",\"description\":\"Aproveite o Programa de Viagem e Hospedagem Fire Show 2024. Encontre Hot\u00e9is Pr\u00f3ximos a Feira, Alugue um Carro e Outras Op\u00e7\u00f5es, tudo em um s\u00f3 Lugar.\",\"breadcrumb\":{\"@id\":\"https:\/\/fireshow.com.br\/16\/viagem-e-hospedagem\/#breadcrumb\"},\"inLanguage\":\"pt-BR\",\"potentialAction\":[{\"@type\":\"ReadAction\",\"target\":[\"https:\/\/fireshow.com.br\/16\/viagem-e-hospedagem\/\"]}]},{\"@type\":\"BreadcrumbList\",\"@id\":\"https:\/\/fireshow.com.br\/16\/viagem-e-hospedagem\/#breadcrumb\",\"itemListElement\":[{\"@type\":\"ListItem\",\"position\":1,\"name\":\"In\u00edcio\",\"item\":\"https:\/\/fireshow.com.br\/16\/\"},{\"@type\":\"ListItem\",\"position\":2,\"name\":\"Viagem e Hospedagem\"}]}]}<\/script>\n<!-- \/ Yoast SEO plugin. -->","yoast_head_json":{"title":"Programa de Viagem e Hospedagem Fire Show 2024 | Feira de Prote\u00e7\u00e3o contra Inc\u00eandio","description":"Aproveite o Programa de Viagem e Hospedagem Fire Show 2024. Encontre Hot\u00e9is Pr\u00f3ximos a Feira, Alugue um Carro e Outras Op\u00e7\u00f5es, tudo em um s\u00f3 Lugar.","robots":{"index":"index","follow":"follow","max-snippet":"max-snippet:-1","max-image-preview":"max-image-preview:large","max-video-preview":"max-video-preview:-1"},"canonical":"https:\/\/fireshow.com.br\/16\/viagem-e-hospedagem\/","og_locale":"pt_BR","og_type":"article","og_title":"Programa de Viagem e Hospedagem Fire Show 2024 | Feira de Prote\u00e7\u00e3o contra Inc\u00eandio","og_description":"Aproveite o Programa de Viagem e Hospedagem Fire Show 2024. Encontre Hot\u00e9is Pr\u00f3ximos a Feira, Alugue um Carro e Outras Op\u00e7\u00f5es, tudo em um s\u00f3 Lugar.","og_url":"https:\/\/fireshow.com.br\/16\/viagem-e-hospedagem\/","og_site_name":"Fire Show","article_publisher":"https:\/\/www.facebook.com\/Fire-Show-1113145285392042\/","article_modified_time":"2024-07-04T13:47:02+00:00","og_image":[{"url":"https:\/\/fireshow.com.br\/16\/wp-content\/uploads\/2023\/12\/LOGO-AD-Turismo-320x181-1.png"}],"twitter_card":"summary_large_image","twitter_site":"@feirafireshow","twitter_misc":{"Est. tempo de leitura":"3 minutos"},"schema":{"@context":"https:\/\/schema.org","@graph":[{"@type":"WebSite","@id":"https:\/\/fireshow.com.br\/16\/#website","url":"https:\/\/fireshow.com.br\/16\/","name":"Fire Show","description":"International Fire Fair","potentialAction":[{"@type":"SearchAction","target":{"@type":"EntryPoint","urlTemplate":"https:\/\/fireshow.com.br\/16\/?s={search_term_string}"},"query-input":"required name=search_term_string"}],"inLanguage":"pt-BR"},{"@type":"ImageObject","@id":"https:\/\/fireshow.com.br\/16\/viagem-e-hospedagem\/#primaryimage","inLanguage":"pt-BR","url":"https:\/\/fireshow.com.br\/16\/wp-content\/uploads\/2023\/12\/LOGO-AD-Turismo-320x181-1.png","contentUrl":"https:\/\/fireshow.com.br\/16\/wp-content\/uploads\/2023\/12\/LOGO-AD-Turismo-320x181-1.png","width":320,"height":181},{"@type":"WebPage","@id":"https:\/\/fireshow.com.br\/16\/viagem-e-hospedagem\/#webpage","url":"https:\/\/fireshow.com.br\/16\/viagem-e-hospedagem\/","name":"Programa de Viagem e Hospedagem Fire Show 2024 | Feira de Prote\u00e7\u00e3o contra Inc\u00eandio","isPartOf":{"@id":"https:\/\/fireshow.com.br\/16\/#website"},"primaryImageOfPage":{"@id":"https:\/\/fireshow.com.br\/16\/viagem-e-hospedagem\/#primaryimage"},"datePublished":"2015-09-10T20:58:24+00:00","dateModified":"2024-07-04T13:47:02+00:00","description":"Aproveite o Programa de Viagem e Hospedagem Fire Show 2024. Encontre Hot\u00e9is Pr\u00f3ximos a Feira, Alugue um Carro e Outras Op\u00e7\u00f5es, tudo em um s\u00f3 Lugar.","breadcrumb":{"@id":"https:\/\/fireshow.com.br\/16\/viagem-e-hospedagem\/#breadcrumb"},"inLanguage":"pt-BR","potentialAction":[{"@type":"ReadAction","target":["https:\/\/fireshow.com.br\/16\/viagem-e-hospedagem\/"]}]},{"@type":"BreadcrumbList","@id":"https:\/\/fireshow.com.br\/16\/viagem-e-hospedagem\/#breadcrumb","itemListElement":[{"@type":"ListItem","position":1,"name":"In\u00edcio","item":"https:\/\/fireshow.com.br\/16\/"},{"@type":"ListItem","position":2,"name":"Viagem e Hospedagem"}]}]}},"_links":{"self":[{"href":"https:\/\/fireshow.com.br\/16\/wp-json\/wp\/v2\/pages\/334"}],"collection":[{"href":"https:\/\/fireshow.com.br\/16\/wp-json\/wp\/v2\/pages"}],"about":[{"href":"https:\/\/fireshow.com.br\/16\/wp-json\/wp\/v2\/types\/page"}],"author":[{"embeddable":true,"href":"https:\/\/fireshow.com.br\/16\/wp-json\/wp\/v2\/users\/2"}],"replies":[{"embeddable":true,"href":"https:\/\/fireshow.com.br\/16\/wp-json\/wp\/v2\/comments?post=334"}],"version-history":[{"count":28,"href":"https:\/\/fireshow.com.br\/16\/wp-json\/wp\/v2\/pages\/334\/revisions"}],"predecessor-version":[{"id":9726,"href":"https:\/\/fireshow.com.br\/16\/wp-json\/wp\/v2\/pages\/334\/revisions\/9726"}],"wp:attachment":[{"href":"https:\/\/fireshow.com.br\/16\/wp-json\/wp\/v2\/media?parent=334"}],"curies":[{"name":"wp","href":"https:\/\/api.w.org\/{rel}","templated":true}]}}