{"id":324,"date":"2015-09-10T20:56:08","date_gmt":"2015-09-10T20:56:08","guid":{"rendered":"http:\/\/exposec.tmp.br\/16\/?page_id=324"},"modified":"2020-02-06T21:07:22","modified_gmt":"2020-02-06T21:07:22","slug":"parceiros-fire-show","status":"publish","type":"page","link":"https:\/\/fireshow.com.br\/16\/parceiros-fire-show\/","title":{"rendered":"Parceiros"},"content":{"rendered":"<p>&nbsp;<\/p>\n<hr \/>\n<p style=\"text-align: center;\"><strong>REALIZA\u00c7\u00c3O<\/strong><\/p>\n<p style=\"text-align: center;\"><a href=\"https:\/\/fireshow.com.br\/16\/wp-content\/uploads\/2019\/11\/ABIEX.jpg\"><img loading=\"lazy\" class=\"alignnone size-full wp-image-2463\" src=\"https:\/\/fireshow.com.br\/16\/wp-content\/uploads\/2019\/11\/ABIEX.jpg\" alt=\"\" width=\"150\" height=\"83\" \/><\/a><\/p>\n<hr \/>\n<p style=\"text-align: center;\"><strong>M\u00cdDIA OFICIAL<\/strong><\/p>\n<p style=\"text-align: center;\"><a href=\"http:\/\/www.revistaincendio.com.br\" target=\"_blank\" rel=\"noopener\"><img loading=\"lazy\" class=\"alignnone wp-image-1434\" src=\"http:\/\/fireshow.com.br\/16\/wp-content\/uploads\/2015\/09\/revista-incendio1-1024x274.png\" alt=\"revista incendio\" width=\"210\" height=\"56\" srcset=\"https:\/\/fireshow.com.br\/16\/wp-content\/uploads\/2015\/09\/revista-incendio1-1024x274.png 1024w, https:\/\/fireshow.com.br\/16\/wp-content\/uploads\/2015\/09\/revista-incendio1-300x80.png 300w, https:\/\/fireshow.com.br\/16\/wp-content\/uploads\/2015\/09\/revista-incendio1.png 1821w\" sizes=\"(max-width: 210px) 100vw, 210px\" \/><\/a><\/p>\n<hr \/>\n<p style=\"text-align: center;\"><strong>APOIO INSTITUCIONAL<\/strong><\/p>\n<p style=\"text-align: center;\"><a href=\"https:\/\/fireshow.com.br\/16\/wp-content\/uploads\/2019\/11\/abnt.jpg\"><img loading=\"lazy\" class=\"alignnone size-full wp-image-2464\" src=\"https:\/\/fireshow.com.br\/16\/wp-content\/uploads\/2019\/11\/abnt.jpg\" alt=\"\" width=\"76\" height=\"83\" \/><\/a> <a href=\"https:\/\/fireshow.com.br\/16\/wp-content\/uploads\/2019\/11\/ABPP.jpg\"><img loading=\"lazy\" class=\"alignnone size-full wp-image-2462\" src=\"https:\/\/fireshow.com.br\/16\/wp-content\/uploads\/2019\/11\/ABPP.jpg\" alt=\"\" width=\"150\" height=\"83\" \/><\/a><\/p>\n","protected":false},"excerpt":{"rendered":"<p>&nbsp; REALIZA\u00c7\u00c3O M\u00cdDIA OFICIAL APOIO INSTITUCIONAL<\/p>\n","protected":false},"author":2,"featured_media":0,"parent":0,"menu_order":0,"comment_status":"closed","ping_status":"closed","template":"","meta":[],"yoast_head":"<!-- This site is optimized with the Yoast SEO plugin v18.1 - https:\/\/yoast.com\/wordpress\/plugins\/seo\/ -->\n<title>Parceiros - Fire Show - International Fire Fair 2018<\/title>\n<meta name=\"description\" content=\"Confira os parceiros da Fire Show, apoios institucionais, m\u00eddia oficial do evento e parceiros de m\u00eddia. Fa\u00e7a parte e seja tamb\u00e9m um parceiro!\" \/>\n<meta name=\"robots\" content=\"index, follow, max-snippet:-1, max-image-preview:large, max-video-preview:-1\" \/>\n<link rel=\"canonical\" href=\"https:\/\/fireshow.com.br\/16\/parceiros-fire-show\/\" \/>\n<meta property=\"og:locale\" content=\"pt_BR\" \/>\n<meta property=\"og:type\" content=\"article\" \/>\n<meta property=\"og:title\" content=\"Parceiros - Fire Show - International Fire Fair 2018\" \/>\n<meta property=\"og:description\" content=\"Confira os parceiros da Fire Show, apoios institucionais, m\u00eddia oficial do evento e parceiros de m\u00eddia. Fa\u00e7a parte e seja tamb\u00e9m um parceiro!\" \/>\n<meta property=\"og:url\" content=\"https:\/\/fireshow.com.br\/16\/parceiros-fire-show\/\" \/>\n<meta property=\"og:site_name\" content=\"Fire Show\" \/>\n<meta property=\"article:publisher\" content=\"https:\/\/www.facebook.com\/Fire-Show-1113145285392042\/\" \/>\n<meta property=\"article:modified_time\" content=\"2020-02-06T21:07:22+00:00\" \/>\n<meta property=\"og:image\" content=\"https:\/\/fireshow.com.br\/16\/wp-content\/uploads\/2019\/11\/ABIEX.jpg\" \/>\n<meta name=\"twitter:card\" content=\"summary_large_image\" \/>\n<meta name=\"twitter:site\" content=\"@feirafireshow\" \/>\n<script type=\"application\/ld+json\" class=\"yoast-schema-graph\">{\"@context\":\"https:\/\/schema.org\",\"@graph\":[{\"@type\":\"WebSite\",\"@id\":\"https:\/\/fireshow.com.br\/16\/#website\",\"url\":\"https:\/\/fireshow.com.br\/16\/\",\"name\":\"Fire Show\",\"description\":\"International Fire Fair\",\"potentialAction\":[{\"@type\":\"SearchAction\",\"target\":{\"@type\":\"EntryPoint\",\"urlTemplate\":\"https:\/\/fireshow.com.br\/16\/?s={search_term_string}\"},\"query-input\":\"required name=search_term_string\"}],\"inLanguage\":\"pt-BR\"},{\"@type\":\"ImageObject\",\"@id\":\"https:\/\/fireshow.com.br\/16\/parceiros-fire-show\/#primaryimage\",\"inLanguage\":\"pt-BR\",\"url\":\"https:\/\/fireshow.com.br\/16\/wp-content\/uploads\/2019\/11\/ABIEX.jpg\",\"contentUrl\":\"https:\/\/fireshow.com.br\/16\/wp-content\/uploads\/2019\/11\/ABIEX.jpg\",\"width\":150,\"height\":83},{\"@type\":\"WebPage\",\"@id\":\"https:\/\/fireshow.com.br\/16\/parceiros-fire-show\/#webpage\",\"url\":\"https:\/\/fireshow.com.br\/16\/parceiros-fire-show\/\",\"name\":\"Parceiros - Fire Show - International Fire Fair 2018\",\"isPartOf\":{\"@id\":\"https:\/\/fireshow.com.br\/16\/#website\"},\"primaryImageOfPage\":{\"@id\":\"https:\/\/fireshow.com.br\/16\/parceiros-fire-show\/#primaryimage\"},\"datePublished\":\"2015-09-10T20:56:08+00:00\",\"dateModified\":\"2020-02-06T21:07:22+00:00\",\"description\":\"Confira os parceiros da Fire Show, apoios institucionais, m\u00eddia oficial do evento e parceiros de m\u00eddia. Fa\u00e7a parte e seja tamb\u00e9m um parceiro!\",\"breadcrumb\":{\"@id\":\"https:\/\/fireshow.com.br\/16\/parceiros-fire-show\/#breadcrumb\"},\"inLanguage\":\"pt-BR\",\"potentialAction\":[{\"@type\":\"ReadAction\",\"target\":[\"https:\/\/fireshow.com.br\/16\/parceiros-fire-show\/\"]}]},{\"@type\":\"BreadcrumbList\",\"@id\":\"https:\/\/fireshow.com.br\/16\/parceiros-fire-show\/#breadcrumb\",\"itemListElement\":[{\"@type\":\"ListItem\",\"position\":1,\"name\":\"In\u00edcio\",\"item\":\"https:\/\/fireshow.com.br\/16\/\"},{\"@type\":\"ListItem\",\"position\":2,\"name\":\"Parceiros\"}]}]}<\/script>\n<!-- \/ Yoast SEO plugin. -->","yoast_head_json":{"title":"Parceiros - Fire Show - International Fire Fair 2018","description":"Confira os parceiros da Fire Show, apoios institucionais, m\u00eddia oficial do evento e parceiros de m\u00eddia. Fa\u00e7a parte e seja tamb\u00e9m um parceiro!","robots":{"index":"index","follow":"follow","max-snippet":"max-snippet:-1","max-image-preview":"max-image-preview:large","max-video-preview":"max-video-preview:-1"},"canonical":"https:\/\/fireshow.com.br\/16\/parceiros-fire-show\/","og_locale":"pt_BR","og_type":"article","og_title":"Parceiros - Fire Show - International Fire Fair 2018","og_description":"Confira os parceiros da Fire Show, apoios institucionais, m\u00eddia oficial do evento e parceiros de m\u00eddia. Fa\u00e7a parte e seja tamb\u00e9m um parceiro!","og_url":"https:\/\/fireshow.com.br\/16\/parceiros-fire-show\/","og_site_name":"Fire Show","article_publisher":"https:\/\/www.facebook.com\/Fire-Show-1113145285392042\/","article_modified_time":"2020-02-06T21:07:22+00:00","og_image":[{"url":"https:\/\/fireshow.com.br\/16\/wp-content\/uploads\/2019\/11\/ABIEX.jpg"}],"twitter_card":"summary_large_image","twitter_site":"@feirafireshow","schema":{"@context":"https:\/\/schema.org","@graph":[{"@type":"WebSite","@id":"https:\/\/fireshow.com.br\/16\/#website","url":"https:\/\/fireshow.com.br\/16\/","name":"Fire Show","description":"International Fire Fair","potentialAction":[{"@type":"SearchAction","target":{"@type":"EntryPoint","urlTemplate":"https:\/\/fireshow.com.br\/16\/?s={search_term_string}"},"query-input":"required name=search_term_string"}],"inLanguage":"pt-BR"},{"@type":"ImageObject","@id":"https:\/\/fireshow.com.br\/16\/parceiros-fire-show\/#primaryimage","inLanguage":"pt-BR","url":"https:\/\/fireshow.com.br\/16\/wp-content\/uploads\/2019\/11\/ABIEX.jpg","contentUrl":"https:\/\/fireshow.com.br\/16\/wp-content\/uploads\/2019\/11\/ABIEX.jpg","width":150,"height":83},{"@type":"WebPage","@id":"https:\/\/fireshow.com.br\/16\/parceiros-fire-show\/#webpage","url":"https:\/\/fireshow.com.br\/16\/parceiros-fire-show\/","name":"Parceiros - Fire Show - International Fire Fair 2018","isPartOf":{"@id":"https:\/\/fireshow.com.br\/16\/#website"},"primaryImageOfPage":{"@id":"https:\/\/fireshow.com.br\/16\/parceiros-fire-show\/#primaryimage"},"datePublished":"2015-09-10T20:56:08+00:00","dateModified":"2020-02-06T21:07:22+00:00","description":"Confira os parceiros da Fire Show, apoios institucionais, m\u00eddia oficial do evento e parceiros de m\u00eddia. Fa\u00e7a parte e seja tamb\u00e9m um parceiro!","breadcrumb":{"@id":"https:\/\/fireshow.com.br\/16\/parceiros-fire-show\/#breadcrumb"},"inLanguage":"pt-BR","potentialAction":[{"@type":"ReadAction","target":["https:\/\/fireshow.com.br\/16\/parceiros-fire-show\/"]}]},{"@type":"BreadcrumbList","@id":"https:\/\/fireshow.com.br\/16\/parceiros-fire-show\/#breadcrumb","itemListElement":[{"@type":"ListItem","position":1,"name":"In\u00edcio","item":"https:\/\/fireshow.com.br\/16\/"},{"@type":"ListItem","position":2,"name":"Parceiros"}]}]}},"_links":{"self":[{"href":"https:\/\/fireshow.com.br\/16\/wp-json\/wp\/v2\/pages\/324"}],"collection":[{"href":"https:\/\/fireshow.com.br\/16\/wp-json\/wp\/v2\/pages"}],"about":[{"href":"https:\/\/fireshow.com.br\/16\/wp-json\/wp\/v2\/types\/page"}],"author":[{"embeddable":true,"href":"https:\/\/fireshow.com.br\/16\/wp-json\/wp\/v2\/users\/2"}],"replies":[{"embeddable":true,"href":"https:\/\/fireshow.com.br\/16\/wp-json\/wp\/v2\/comments?post=324"}],"version-history":[{"count":39,"href":"https:\/\/fireshow.com.br\/16\/wp-json\/wp\/v2\/pages\/324\/revisions"}],"predecessor-version":[{"id":2490,"href":"https:\/\/fireshow.com.br\/16\/wp-json\/wp\/v2\/pages\/324\/revisions\/2490"}],"wp:attachment":[{"href":"https:\/\/fireshow.com.br\/16\/wp-json\/wp\/v2\/media?parent=324"}],"curies":[{"name":"wp","href":"https:\/\/api.w.org\/{rel}","templated":true}]}}