{"id":318,"date":"2015-09-10T19:28:40","date_gmt":"2015-09-10T19:28:40","guid":{"rendered":"http:\/\/exposec.tmp.br\/16\/?page_id=318"},"modified":"2020-04-03T20:03:43","modified_gmt":"2020-04-03T20:03:43","slug":"assessoria-de-imprensa","status":"publish","type":"page","link":"https:\/\/fireshow.com.br\/16\/assessoria-de-imprensa\/","title":{"rendered":"Assessoria de Imprensa Oficial"},"content":{"rendered":"<p><section id=\"bt_section69d37df4dee86\"  class=\"boldSection inherit\" ><div class=\"port\"><div class=\"boldCell\"><div class=\"boldCellInner\"><div class=\"boldRow \" ><div class=\"boldRowInner\"><div class=\"rowItem col-md-12 col-ms-12  btTextCenter inherit\"  ><div class=\"rowItemContent\" ><div class=\"bt_bb_separator_v2 bt_bb_border_style_none bt_bb_top_spacing_medium bt_bb_icon_size_normal bt_bb_text_size_normal bt_bb_separator_v2_without_content\" data-bt-override-class=\"null\"><div class=\"bt_bb_separator_v2_inner\"><span class=\"bt_bb_separator_v2_inner_before\"><\/span><span class=\"bt_bb_separator_v2_inner_content\"><span  data-ico-=\"\" class=\"bt_bb_icon_holder\"><\/span><\/span><span class=\"bt_bb_separator_v2_inner_after\"><\/span><\/div><\/div><header class=\"header btClear large btDash bottomDash  btNormalDash\" ><div class=\"dash\"><h2><span class=\"headline\">Assessoria de <b class=\"animate\">Imprensa<\/b><\/span><\/h2><\/div><\/header><\/div><\/div><\/div><\/div><\/div><\/div><\/div><\/section><section id=\"bt_section69d37df4df0f4\"  class=\"boldSection gutter inherit\" style=\"font-size:17px;\"><div class=\"port\"><div class=\"boldCell\"><div class=\"boldCellInner\"><div class=\"boldRow \" ><div class=\"boldRowInner\"><div class=\"rowItem col-md-12 col-ms-12  btTextLeft btMiddleVertical\"  ><div class=\"rowItemContent\" ><div class=\"bt_bb_separator_v2 bt_bb_border_style_none bt_bb_top_spacing_small bt_bb_icon_size_normal bt_bb_text_size_normal bt_bb_separator_v2_without_content\" data-bt-override-class=\"null\"><div class=\"bt_bb_separator_v2_inner\"><span class=\"bt_bb_separator_v2_inner_before\"><\/span><span class=\"bt_bb_separator_v2_inner_content\"><span  data-ico-=\"\" class=\"bt_bb_icon_holder\"><\/span><\/span><span class=\"bt_bb_separator_v2_inner_after\"><\/span><\/div><\/div><div class=\"btText\" ><\/p>\n<p><a href=\"http:\/\/www.2pro.com.br\" target=\"_blank\" rel=\"noopener\"><img loading=\"lazy\" class=\"alignnone wp-image-2095 size-full\" title=\"2 PR\u00d3 Comunica\u00e7\u00e3o\" src=\"http:\/\/fireshow.com.br\/16\/wp-content\/uploads\/2015\/09\/logo-2-pro.png\" alt=\"2 PR\u00d3 Comunica\u00e7\u00e3o\" width=\"181\" height=\"77\" \/><\/a><\/p>\n<p><strong>2 PR\u00d3 COMUNICA\u00c7\u00c3O<\/strong><\/p>\n<ul>\n<li>Teresa Silva<\/li>\n<li>Myrian Vallone<\/li>\n<\/ul>\n<p><strong>Telefone:<\/strong>\u00a0+55 (11) 3030-9463<br \/>\n<strong>E-mail:<\/strong> fieramilano@2pro.com.br<br \/>\n<strong>Site:<\/strong>\u00a0<a href=\"http:\/\/www.2pro.com.br\" target=\"_blank\" rel=\"noopener\">www.2pro.com.br<\/a><\/p>\n<p>\n<\/div><div class=\"bt_bb_separator_v2 bt_bb_border_style_none bt_bb_top_spacing_normal bt_bb_icon_size_normal bt_bb_text_size_normal bt_bb_separator_v2_without_content\" data-bt-override-class=\"null\"><div class=\"bt_bb_separator_v2_inner\"><span class=\"bt_bb_separator_v2_inner_before\"><\/span><span class=\"bt_bb_separator_v2_inner_content\"><span  data-ico-=\"\" class=\"bt_bb_icon_holder\"><\/span><\/span><span class=\"bt_bb_separator_v2_inner_after\"><\/span><\/div><\/div><\/div><\/div><\/div><\/div><\/div><\/div><\/div><\/section><\/p>\n","protected":false},"excerpt":{"rendered":"","protected":false},"author":2,"featured_media":0,"parent":0,"menu_order":0,"comment_status":"closed","ping_status":"closed","template":"","meta":[],"yoast_head":"<!-- This site is optimized with the Yoast SEO plugin v18.1 - https:\/\/yoast.com\/wordpress\/plugins\/seo\/ -->\n<title>Assessoria de Imprensa Oficial - Fire Show<\/title>\n<meta name=\"robots\" content=\"index, follow, max-snippet:-1, max-image-preview:large, max-video-preview:-1\" \/>\n<link rel=\"canonical\" href=\"https:\/\/fireshow.com.br\/16\/assessoria-de-imprensa\/\" \/>\n<meta property=\"og:locale\" content=\"pt_BR\" \/>\n<meta property=\"og:type\" content=\"article\" \/>\n<meta property=\"og:title\" content=\"Assessoria de Imprensa Oficial - Fire Show\" \/>\n<meta property=\"og:url\" content=\"https:\/\/fireshow.com.br\/16\/assessoria-de-imprensa\/\" \/>\n<meta property=\"og:site_name\" content=\"Fire Show\" \/>\n<meta property=\"article:publisher\" content=\"https:\/\/www.facebook.com\/Fire-Show-1113145285392042\/\" \/>\n<meta property=\"article:modified_time\" content=\"2020-04-03T20:03:43+00:00\" \/>\n<meta property=\"og:image\" content=\"http:\/\/fireshow.com.br\/16\/wp-content\/uploads\/2015\/09\/logo-2-pro.png\" \/>\n<meta name=\"twitter:card\" content=\"summary_large_image\" \/>\n<meta name=\"twitter:site\" content=\"@feirafireshow\" \/>\n<meta name=\"twitter:label1\" content=\"Est. tempo de leitura\" \/>\n\t<meta name=\"twitter:data1\" content=\"2 minutos\" \/>\n<script type=\"application\/ld+json\" class=\"yoast-schema-graph\">{\"@context\":\"https:\/\/schema.org\",\"@graph\":[{\"@type\":\"WebSite\",\"@id\":\"https:\/\/fireshow.com.br\/16\/#website\",\"url\":\"https:\/\/fireshow.com.br\/16\/\",\"name\":\"Fire Show\",\"description\":\"International Fire Fair\",\"potentialAction\":[{\"@type\":\"SearchAction\",\"target\":{\"@type\":\"EntryPoint\",\"urlTemplate\":\"https:\/\/fireshow.com.br\/16\/?s={search_term_string}\"},\"query-input\":\"required name=search_term_string\"}],\"inLanguage\":\"pt-BR\"},{\"@type\":\"ImageObject\",\"@id\":\"https:\/\/fireshow.com.br\/16\/assessoria-de-imprensa\/#primaryimage\",\"inLanguage\":\"pt-BR\",\"url\":\"http:\/\/fireshow.com.br\/16\/wp-content\/uploads\/2015\/09\/logo-2-pro.png\",\"contentUrl\":\"http:\/\/fireshow.com.br\/16\/wp-content\/uploads\/2015\/09\/logo-2-pro.png\"},{\"@type\":\"WebPage\",\"@id\":\"https:\/\/fireshow.com.br\/16\/assessoria-de-imprensa\/#webpage\",\"url\":\"https:\/\/fireshow.com.br\/16\/assessoria-de-imprensa\/\",\"name\":\"Assessoria de Imprensa Oficial - Fire Show\",\"isPartOf\":{\"@id\":\"https:\/\/fireshow.com.br\/16\/#website\"},\"primaryImageOfPage\":{\"@id\":\"https:\/\/fireshow.com.br\/16\/assessoria-de-imprensa\/#primaryimage\"},\"datePublished\":\"2015-09-10T19:28:40+00:00\",\"dateModified\":\"2020-04-03T20:03:43+00:00\",\"breadcrumb\":{\"@id\":\"https:\/\/fireshow.com.br\/16\/assessoria-de-imprensa\/#breadcrumb\"},\"inLanguage\":\"pt-BR\",\"potentialAction\":[{\"@type\":\"ReadAction\",\"target\":[\"https:\/\/fireshow.com.br\/16\/assessoria-de-imprensa\/\"]}]},{\"@type\":\"BreadcrumbList\",\"@id\":\"https:\/\/fireshow.com.br\/16\/assessoria-de-imprensa\/#breadcrumb\",\"itemListElement\":[{\"@type\":\"ListItem\",\"position\":1,\"name\":\"In\u00edcio\",\"item\":\"https:\/\/fireshow.com.br\/16\/\"},{\"@type\":\"ListItem\",\"position\":2,\"name\":\"Assessoria de Imprensa Oficial\"}]}]}<\/script>\n<!-- \/ Yoast SEO plugin. -->","yoast_head_json":{"title":"Assessoria de Imprensa Oficial - Fire Show","robots":{"index":"index","follow":"follow","max-snippet":"max-snippet:-1","max-image-preview":"max-image-preview:large","max-video-preview":"max-video-preview:-1"},"canonical":"https:\/\/fireshow.com.br\/16\/assessoria-de-imprensa\/","og_locale":"pt_BR","og_type":"article","og_title":"Assessoria de Imprensa Oficial - Fire Show","og_url":"https:\/\/fireshow.com.br\/16\/assessoria-de-imprensa\/","og_site_name":"Fire Show","article_publisher":"https:\/\/www.facebook.com\/Fire-Show-1113145285392042\/","article_modified_time":"2020-04-03T20:03:43+00:00","og_image":[{"url":"http:\/\/fireshow.com.br\/16\/wp-content\/uploads\/2015\/09\/logo-2-pro.png"}],"twitter_card":"summary_large_image","twitter_site":"@feirafireshow","twitter_misc":{"Est. tempo de leitura":"2 minutos"},"schema":{"@context":"https:\/\/schema.org","@graph":[{"@type":"WebSite","@id":"https:\/\/fireshow.com.br\/16\/#website","url":"https:\/\/fireshow.com.br\/16\/","name":"Fire Show","description":"International Fire Fair","potentialAction":[{"@type":"SearchAction","target":{"@type":"EntryPoint","urlTemplate":"https:\/\/fireshow.com.br\/16\/?s={search_term_string}"},"query-input":"required name=search_term_string"}],"inLanguage":"pt-BR"},{"@type":"ImageObject","@id":"https:\/\/fireshow.com.br\/16\/assessoria-de-imprensa\/#primaryimage","inLanguage":"pt-BR","url":"http:\/\/fireshow.com.br\/16\/wp-content\/uploads\/2015\/09\/logo-2-pro.png","contentUrl":"http:\/\/fireshow.com.br\/16\/wp-content\/uploads\/2015\/09\/logo-2-pro.png"},{"@type":"WebPage","@id":"https:\/\/fireshow.com.br\/16\/assessoria-de-imprensa\/#webpage","url":"https:\/\/fireshow.com.br\/16\/assessoria-de-imprensa\/","name":"Assessoria de Imprensa Oficial - Fire Show","isPartOf":{"@id":"https:\/\/fireshow.com.br\/16\/#website"},"primaryImageOfPage":{"@id":"https:\/\/fireshow.com.br\/16\/assessoria-de-imprensa\/#primaryimage"},"datePublished":"2015-09-10T19:28:40+00:00","dateModified":"2020-04-03T20:03:43+00:00","breadcrumb":{"@id":"https:\/\/fireshow.com.br\/16\/assessoria-de-imprensa\/#breadcrumb"},"inLanguage":"pt-BR","potentialAction":[{"@type":"ReadAction","target":["https:\/\/fireshow.com.br\/16\/assessoria-de-imprensa\/"]}]},{"@type":"BreadcrumbList","@id":"https:\/\/fireshow.com.br\/16\/assessoria-de-imprensa\/#breadcrumb","itemListElement":[{"@type":"ListItem","position":1,"name":"In\u00edcio","item":"https:\/\/fireshow.com.br\/16\/"},{"@type":"ListItem","position":2,"name":"Assessoria de Imprensa Oficial"}]}]}},"_links":{"self":[{"href":"https:\/\/fireshow.com.br\/16\/wp-json\/wp\/v2\/pages\/318"}],"collection":[{"href":"https:\/\/fireshow.com.br\/16\/wp-json\/wp\/v2\/pages"}],"about":[{"href":"https:\/\/fireshow.com.br\/16\/wp-json\/wp\/v2\/types\/page"}],"author":[{"embeddable":true,"href":"https:\/\/fireshow.com.br\/16\/wp-json\/wp\/v2\/users\/2"}],"replies":[{"embeddable":true,"href":"https:\/\/fireshow.com.br\/16\/wp-json\/wp\/v2\/comments?post=318"}],"version-history":[{"count":10,"href":"https:\/\/fireshow.com.br\/16\/wp-json\/wp\/v2\/pages\/318\/revisions"}],"predecessor-version":[{"id":2674,"href":"https:\/\/fireshow.com.br\/16\/wp-json\/wp\/v2\/pages\/318\/revisions\/2674"}],"wp:attachment":[{"href":"https:\/\/fireshow.com.br\/16\/wp-json\/wp\/v2\/media?parent=318"}],"curies":[{"name":"wp","href":"https:\/\/api.w.org\/{rel}","templated":true}]}}