{"id":301,"date":"2015-09-10T18:00:24","date_gmt":"2015-09-10T18:00:24","guid":{"rendered":"http:\/\/exposec.tmp.br\/16\/?page_id=301"},"modified":"2024-10-30T14:32:57","modified_gmt":"2024-10-30T14:32:57","slug":"credenciamento","status":"publish","type":"page","link":"https:\/\/fireshow.com.br\/16\/credenciamento\/","title":{"rendered":"CREDENCIAMENTO"},"content":{"rendered":"<p><section id=\"bt_section69d2adafc8a28\"  class=\"boldSection inherit\" ><div class=\"port\"><div class=\"boldCell\"><div class=\"boldCellInner\"><div class=\"boldRow \" ><div class=\"boldRowInner\"><div class=\"rowItem col-md-12 col-ms-12  btTextCenter inherit\"  ><div class=\"rowItemContent\" ><div class=\"bpgPhoto btTextCenter\" ><div class = \"btImage\"><img src=\"https:\/\/fireshow.com.br\/16\/wp-content\/uploads\/2020\/04\/img-credenciamento-fireshow.jpg\" alt=\"Credenciamento Fire Show\" ><\/div><\/div><div class=\"bt_bb_separator_v2 bt_bb_border_style_none bt_bb_top_spacing_medium bt_bb_icon_size_normal bt_bb_text_size_normal bt_bb_separator_v2_without_content\" data-bt-override-class=\"null\"><div class=\"bt_bb_separator_v2_inner\"><span class=\"bt_bb_separator_v2_inner_before\"><\/span><span class=\"bt_bb_separator_v2_inner_content\"><span  data-ico-=\"\" class=\"bt_bb_icon_holder\"><\/span><\/span><span class=\"bt_bb_separator_v2_inner_after\"><\/span><\/div><\/div><header class=\"header btClear large btDash bottomDash  btNormalDash\" ><div class=\"dash\"><h2><span class=\"headline\">Credenciamento <b class=\"animate\">Fire Show 2026<\/b><\/span><\/h2><\/div><\/header><header class=\"header btClear medium  btNormalDash\" ><div class=\"dash\"><h3><span class=\"headline\">Tudo que Voc\u00ea Precisa Saber para Visitar o Evento.<\/span><\/h3><\/div><\/header><\/div><\/div><\/div><\/div><\/div><\/div><\/div><\/section><section id=\"bt_section69d2adafc9942\"  class=\"boldSection gutter inherit\" style=\"font-size:17px;\"><div class=\"port\"><div class=\"boldCell\"><div class=\"boldCellInner\"><div class=\"boldRow \" ><div class=\"boldRowInner\"><div class=\"rowItem col-md-12 col-ms-12  btTextLeft btMiddleVertical\"  ><div class=\"rowItemContent\" ><div class=\"bt_bb_separator_v2 bt_bb_border_style_none bt_bb_top_spacing_small bt_bb_icon_size_normal bt_bb_text_size_normal bt_bb_separator_v2_without_content\" data-bt-override-class=\"null\"><div class=\"bt_bb_separator_v2_inner\"><span class=\"bt_bb_separator_v2_inner_before\"><\/span><span class=\"bt_bb_separator_v2_inner_content\"><span  data-ico-=\"\" class=\"bt_bb_icon_holder\"><\/span><\/span><span class=\"bt_bb_separator_v2_inner_after\"><\/span><\/div><\/div><div class=\"btText\" ><\/p>\n<p><strong>Ol\u00e1 Visitante, <\/strong><\/p>\n<p>Aqui voc\u00ea fica sabendo de tudo que vai acontecer na <strong>16\u00ba edi\u00e7\u00e3o<\/strong> da <strong>Fire Show<\/strong>.<\/p>\n<p>Mas antes, preencha o formul\u00e1rio abaixo, assim voc\u00ea ser\u00e1 avisado quando o Credenciamento da\u00a0<strong>Fire Show 2026 <\/strong>entrar no ar.<\/p>\n<p>\n<\/div><div class=\"bt_bb_separator_v2 bt_bb_border_style_none bt_bb_top_spacing_normal bt_bb_icon_size_normal bt_bb_text_size_normal bt_bb_separator_v2_without_content\" data-bt-override-class=\"null\"><div class=\"bt_bb_separator_v2_inner\"><span class=\"bt_bb_separator_v2_inner_before\"><\/span><span class=\"bt_bb_separator_v2_inner_content\"><span  data-ico-=\"\" class=\"bt_bb_icon_holder\"><\/span><\/span><span class=\"bt_bb_separator_v2_inner_after\"><\/span><\/div><\/div><\/div><\/div><\/div><\/div><div class=\"boldRow \" ><div class=\"boldRowInner\"><div class=\"rowItem col-md-12 col-ms-12  btTextLeft\"  ><div class=\"rowItemContent\" ><div class=\"bt_bb_separator_v2 bt_bb_border_style_none bt_bb_top_spacing_normal bt_bb_icon_size_normal bt_bb_text_size_normal bt_bb_separator_v2_without_content\" data-bt-override-class=\"null\"><div class=\"bt_bb_separator_v2_inner\"><span class=\"bt_bb_separator_v2_inner_before\"><\/span><span class=\"bt_bb_separator_v2_inner_content\"><span  data-ico-=\"\" class=\"bt_bb_icon_holder\"><\/span><\/span><span class=\"bt_bb_separator_v2_inner_after\"><\/span><\/div><\/div><div class=\"bt_bb_contact_form_7\"><div role=\"form\" class=\"wpcf7\" id=\"wpcf7-f1130-o1\" lang=\"en-US\" dir=\"ltr\">\n<div class=\"screen-reader-response\"><p role=\"status\" aria-live=\"polite\" aria-atomic=\"true\"><\/p> <ul><\/ul><\/div>\n<form action=\"\/16\/wp-json\/wp\/v2\/pages\/301#wpcf7-f1130-o1\" method=\"post\" class=\"wpcf7-form init\" novalidate=\"novalidate\" data-status=\"init\">\n<div style=\"display: none;\">\n<input type=\"hidden\" name=\"_wpcf7\" value=\"1130\" \/>\n<input type=\"hidden\" name=\"_wpcf7_version\" value=\"5.5.5\" \/>\n<input type=\"hidden\" name=\"_wpcf7_locale\" value=\"en_US\" \/>\n<input type=\"hidden\" name=\"_wpcf7_unit_tag\" value=\"wpcf7-f1130-o1\" \/>\n<input type=\"hidden\" name=\"_wpcf7_container_post\" value=\"0\" \/>\n<input type=\"hidden\" name=\"_wpcf7_posted_data_hash\" value=\"\" \/>\n<input type=\"hidden\" name=\"_wpcf7_recaptcha_response\" value=\"\" \/>\n<\/div>\n<p>Seu nome (obrigat\u00f3rio)<br \/>\n    <span class=\"wpcf7-form-control-wrap your-name\"><input type=\"text\" name=\"your-name\" value=\"\" size=\"40\" class=\"wpcf7-form-control wpcf7-text wpcf7-validates-as-required\" aria-required=\"true\" aria-invalid=\"false\" \/><\/span> <\/p>\n<p>Empresa (obrigat\u00f3rio)<br \/>\n    <span class=\"wpcf7-form-control-wrap empresa\"><input type=\"text\" name=\"empresa\" value=\"\" size=\"40\" class=\"wpcf7-form-control wpcf7-text wpcf7-validates-as-required\" id=\"empresa\" aria-required=\"true\" aria-invalid=\"false\" \/><\/span> <\/p>\n<p>Cargo (obrigat\u00f3rio)<br \/>\n    <span class=\"wpcf7-form-control-wrap cargo\"><input type=\"text\" name=\"cargo\" value=\"\" size=\"40\" class=\"wpcf7-form-control wpcf7-text wpcf7-validates-as-required\" id=\"cargo\" aria-required=\"true\" aria-invalid=\"false\" \/><\/span> <\/p>\n<p>Seu e-mail (obrigat\u00f3rio)<br \/>\n    <span class=\"wpcf7-form-control-wrap your-email\"><input type=\"email\" name=\"your-email\" value=\"\" size=\"40\" class=\"wpcf7-form-control wpcf7-text wpcf7-email wpcf7-validates-as-required wpcf7-validates-as-email\" aria-required=\"true\" aria-invalid=\"false\" \/><\/span> <\/p>\n<div class=\"textwidget\" style=\"padding:10px\"><span class=\"wpcf7-form-control-wrap comunicacaoCFM\"><span class=\"wpcf7-form-control wpcf7-checkbox\"><span class=\"wpcf7-list-item first last\"><input type=\"checkbox\" name=\"comunicacaoCFM[]\" value=\"Sim, eu quero receber comunica\u00e7\u00f5es do Grupo Fiera Milano Brasil\" \/><span class=\"wpcf7-list-item-label\">Sim, eu quero receber comunica\u00e7\u00f5es do Grupo Fiera Milano Brasil<\/span><\/span><\/span><\/span><\/div>\n<div class=\"textwidget\" style=\"padding:10px\"><span class=\"wpcf7-form-control-wrap comunicacaoParceiros\"><span class=\"wpcf7-form-control wpcf7-checkbox\"><span class=\"wpcf7-list-item first last\"><input type=\"checkbox\" name=\"comunicacaoParceiros[]\" value=\"Sim, eu quero receber comunica\u00e7\u00f5es dos parceiros do Grupo Fiera Milano Brasil\" \/><span class=\"wpcf7-list-item-label\">Sim, eu quero receber comunica\u00e7\u00f5es dos parceiros do Grupo Fiera Milano Brasil<\/span><\/span><\/span><\/span><\/div>\n<div class=\"textwidget\" style=\"padding:10px\"><span class=\"wpcf7-form-control-wrap privacidade\"><span class=\"wpcf7-form-control wpcf7-checkbox wpcf7-validates-as-required\"><span class=\"wpcf7-list-item first last\"><input type=\"checkbox\" name=\"privacidade[]\" value=\"Sim, eu concordo com os termos de uso e com a Pol\u00edtica de Privacidade do Grupo Fiera Milano Brasil\" \/><span class=\"wpcf7-list-item-label\">Sim, eu concordo com os termos de uso e com a Pol\u00edtica de Privacidade do Grupo Fiera Milano Brasil<\/span><\/span><\/span><\/span><\/div>\n<div class=\"textwidget\" style=\"padding:10px\"><a href=\"\/16\/politica-de-privacidade\/\" target=\"new\" style=\"font-size:14px\"><b>Ver Pol\u00edtica de Privacidade<\/b><\/a><\/div>\n<p><input type=\"submit\" value=\"Enviar\" class=\"wpcf7-form-control has-spinner wpcf7-submit\" id=\"prospect-visitante\" \/><\/p>\n<div class=\"wpcf7-response-output\" aria-hidden=\"true\"><\/div><\/form><\/div><\/div><div class=\"bt_bb_separator_v2 bt_bb_border_style_none bt_bb_top_spacing_normal bt_bb_icon_size_normal bt_bb_text_size_normal bt_bb_separator_v2_without_content\" data-bt-override-class=\"null\"><div class=\"bt_bb_separator_v2_inner\"><span class=\"bt_bb_separator_v2_inner_before\"><\/span><span class=\"bt_bb_separator_v2_inner_content\"><span  data-ico-=\"\" class=\"bt_bb_icon_holder\"><\/span><\/span><span class=\"bt_bb_separator_v2_inner_after\"><\/span><\/div><\/div><\/div><\/div><\/div><\/div><\/div><\/div><\/div><\/section><section id=\"bt_section69d2adafca799\"  class=\"boldSection topSemiSpaced bottomSemiSpaced gutter inherit\" ><div class=\"port\"><div class=\"boldCell\"><div class=\"boldCellInner\"><div class=\"boldRow \" style=\"font-size:17px;\"><div class=\"boldRowInner\"><div class=\"rowItem col-md-12 col-ms-12  btTextCenter animate animate-fadein btTextIndent inherit\"  ><div class=\"rowItemContent\" ><header class=\"header btClear medium  btNormalDash\" ><div class=\"dash\"><h3><span class=\"headline\">Servi\u00e7os para te Ajudar a Chegar na Fire Show.<\/span><\/h3><\/div><\/header><\/div><\/div><\/div><\/div><div class=\"boldRow \" style=\"font-size:17px;\"><div class=\"boldRowInner\"><div class=\"rowItem col-md-4 col-ms-12 btTextCenter animate animate-fadein btTextIndent inherit\"  ><div class=\"rowItemContent\" ><div class=\"bt_bb_separator_v2 bt_bb_border_style_none bt_bb_top_spacing_medium bt_bb_icon_size_normal bt_bb_text_size_normal bt_bb_separator_v2_without_content\" data-bt-override-class=\"null\"><div class=\"bt_bb_separator_v2_inner\"><span class=\"bt_bb_separator_v2_inner_before\"><\/span><span class=\"bt_bb_separator_v2_inner_content\"><span  data-ico-=\"\" class=\"bt_bb_icon_holder\"><\/span><\/span><span class=\"bt_bb_separator_v2_inner_after\"><\/span><\/div><\/div><div class=\"btIconImageRow btIconsHalfHoverPosition\" ><span class=\"btIco btIcoFilledType btIcoBigSize btIcoAccentColor btIcoFromBottom btIcoOutline \" ><a href=\"\/16\/viagem-e-hospedagem\/\"  target = \"no_target\" data-ico-fa=\"&#xf207;\" class=\"btIcoHolder\"><em><\/em><\/a><\/span><\/div><div class=\"btClear btSeparator topExtraSmallSpaced noBorder\" ><hr><\/div><header class=\"header btClear medium  btNormalDash\" ><div class=\"dash\"><h3><span class=\"headline\">TRANSPORTE<br \/><br>GRATUITO<\/span><\/h3><\/div><\/header><div class=\"btClear btSeparator topExtraSmallSpaced noBorder\" ><hr><\/div><div class=\"btText\" ><\/p>\n<p>A Fire Show disponibiliza vans gratuitas. Acesse nossas Redes Sociais para conferir o endere\u00e7o atualizado de embarque.<\/p>\n<p>\n<\/div><div class=\"btClear btSeparator topSmallSpaced noBorder\" ><hr><\/div><\/div><\/div><div class=\"rowItem col-md-4 col-ms-12 btTextCenter animate animate-fadein btTextIndent inherit\"  ><div class=\"rowItemContent\" ><div class=\"bt_bb_separator_v2 bt_bb_border_style_none bt_bb_top_spacing_medium bt_bb_icon_size_normal bt_bb_text_size_normal bt_bb_separator_v2_without_content\" data-bt-override-class=\"null\"><div class=\"bt_bb_separator_v2_inner\"><span class=\"bt_bb_separator_v2_inner_before\"><\/span><span class=\"bt_bb_separator_v2_inner_content\"><span  data-ico-=\"\" class=\"bt_bb_icon_holder\"><\/span><\/span><span class=\"bt_bb_separator_v2_inner_after\"><\/span><\/div><\/div><div class=\"btIconImageRow btIconsHalfHoverPosition\" ><span class=\"btIco btIcoFilledType btIcoBigSize btIcoAccentColor btIcoFromBottom btIcoOutline \" ><a href=\"\/16\/planta-da-feira\/\"  target = \"no_target\" data-ico-fa=\"&#xf2d7;\" class=\"btIcoHolder\"><em><\/em><\/a><\/span><\/div><div class=\"btClear btSeparator topExtraSmallSpaced noBorder\" ><hr><\/div><header class=\"header btClear medium  btNormalDash\" ><div class=\"dash\"><h3><span class=\"headline\">ESTACIONAMENTO<br \/><br>S\u00c3O PAULO EXPO<\/span><\/h3><\/div><\/header><div class=\"btClear btSeparator topExtraSmallSpaced noBorder\" ><hr><\/div><div class=\"btText\" ><\/p>\n<p>O <strong>S\u00e3o Paulo Expo<\/strong>\u00a0possui um estacionamento com capacidade para mais de 4.200 ve\u00edculos. Consulte pre\u00e7os e hor\u00e1rio de funcionamento no site <a href=\"http:\/\/www.saopauloexpo.com.br\/\" target=\"_blank\" rel=\"noopener noreferrer\"><strong>www.saopauloexpo.com.br.<\/strong><\/a><\/p>\n<p>\n<\/div><div class=\"btClear btSeparator topSmallSpaced noBorder\" ><hr><\/div><\/div><\/div><div class=\"rowItem col-md-4 col-ms-12 btTextCenter animate animate-fadein btTextIndent inherit\"  ><div class=\"rowItemContent\" ><div class=\"bt_bb_separator_v2 bt_bb_border_style_none bt_bb_top_spacing_medium bt_bb_icon_size_normal bt_bb_text_size_normal bt_bb_separator_v2_without_content\" data-bt-override-class=\"null\"><div class=\"bt_bb_separator_v2_inner\"><span class=\"bt_bb_separator_v2_inner_before\"><\/span><span class=\"bt_bb_separator_v2_inner_content\"><span  data-ico-=\"\" class=\"bt_bb_icon_holder\"><\/span><\/span><span class=\"bt_bb_separator_v2_inner_after\"><\/span><\/div><\/div><div class=\"btIconImageRow btIconsHalfHoverPosition\" ><span class=\"btIco btIcoFilledType btIcoBigSize btIcoAccentColor btIcoFromBottom btIcoOutline \" ><a href=\"\/16\/fisp\/\"  target = \"no_target\" data-ico-fa=\"&#xf1ba;\" class=\"btIcoHolder\"><em><\/em><\/a><\/span><\/div><div class=\"btClear btSeparator topExtraSmallSpaced noBorder\" ><hr><\/div><header class=\"header btClear medium  btNormalDash\" ><div class=\"dash\"><h3><span class=\"headline\">SERVI\u00c7O<br \/><br>DE T\u00c1XI<\/span><\/h3><\/div><\/header><div class=\"btClear btSeparator topExtraSmallSpaced noBorder\" ><hr><\/div><div class=\"btText\" ><\/p>\n<p>Confira os pre\u00e7os de t\u00e1xi a partir dos Aeroportos de S\u00e3o Paulo:<br \/>\n<strong><a href=\"http:\/\/www.tarifadetaxi.com\/sao-paulo?from=Av.%20Washington%20Lu%C3%ADs%2C%20s%2Fn%BA%20-%20Vila%20Congonhas%2C%20S%E3o%20Paulo%20-%20SP%2C%2004626-911%2C%20Brasil%20%40-23.6273246%2C-46.6565842&amp;to=S%E3o%20Paulo%20Expo%3A%20Rod.%20dos%20Imigrantes%2C%201%20-%20Parque%20do%20Estado%20-%20Parque%20do%20Estado%2C%20S%E3o%20Paulo%20-%20SP%2C%2004329-100%2C%20Brasil%20%40-23.64363%2C-46.62957&amp;start_loc=-23.627116%2C-46.659381&amp;end_loc=-23.643548%2C-46.630279&amp;auto=1&amp;waypoints=\" target=\"_blank\" rel=\"noopener noreferrer\">Congonhas \u2013 S\u00e3o Paulo Expo<\/a><\/strong><br \/>\n<strong><a href=\"http:\/\/www.tarifadetaxi.com\/sao-paulo?from=Rod.%20H%E9lio%20Smidt%2C%20s%2Fn%BA%20-%20Cumbica%2C%20Guarulhos%20-%20SP%2C%2007190-100%2C%20Brasil%20%40-23.4345529%2C-46.478125999999975&amp;to=S%E3o%20Paulo%20Expo%3A%20Rod.%20dos%20Imigrantes%2C%201%20-%20Parque%20do%20Estado%20-%20Parque%20do%20Estado%2C%20S%E3o%20Paulo%20-%20SP%2C%2004329-100%2C%20Brasil%20%40-23.64363%2C-46.62957&amp;start_loc=-23.440257%2C-46.479113&amp;end_loc=-23.643548%2C-46.630279&amp;auto=1&amp;waypoints=-23.546049%2C-46.599178\" target=\"_blank\" rel=\"noopener noreferrer\">Guarulhos \u2013 S\u00e3o Paulo Expo<\/a><\/strong><br \/>\n<span style=\"font-size: 13px;\">* Os pre\u00e7os acima est\u00e3o sujeitos a altera\u00e7\u00e3o e n\u00e3o s\u00e3o de responsabilidade da Cipa Fiera Milano.<\/span><\/p>\n<p>\n<\/div><div class=\"btClear btSeparator topSmallSpaced noBorder\" ><hr><\/div><\/div><\/div><\/div><\/div><\/div><\/div><\/div><\/section><section id=\"bt_section69d2adafcc3a2\"  class=\"boldSection topSemiSpaced bottomSemiSpaced gutter inherit\" ><div class=\"port\"><div class=\"boldCell\"><div class=\"boldCellInner\"><div class=\"boldRow \" style=\"font-size:17px;\"><div class=\"boldRowInner\"><div class=\"rowItem col-md-12 col-ms-12  btTextCenter animate animate-fadein btTextIndent inherit\"  ><div class=\"rowItemContent\" ><header class=\"header btClear medium  btNormalDash\" ><div class=\"dash\"><h3><span class=\"headline\">Confira os Eventos Simult\u00e2neos que Acontecem na Feira.<\/span><\/h3><\/div><\/header><\/div><\/div><\/div><\/div><div class=\"boldRow \" style=\"font-size:17px;\"><div class=\"boldRowInner\"><div class=\"rowItem col-md-6 col-sm-12 btTextCenter animate animate-fadein btTextIndent inherit\"  ><div class=\"rowItemContent\" ><div class=\"btClear btSeparator topSemiSpaced bottomSmallSpaced noBorder\" ><hr><\/div><div  class=\"bt_bb_text\" ><\/p>\n<p><a href=\"https:\/\/fispvirtual.com.br\" target=\"_blank\" rel=\"noopener noreferrer\"><img loading=\"lazy\" class=\"aligncenter wp-image-2697\" src=\"https:\/\/fireshow.com.br\/16\/wp-content\/uploads\/2020\/04\/logo-fisp-fisst.png\" alt=\"Fisp | Feira Internacional de Seguran\u00e7a e Prote\u00e7\u00e3o\" width=\"260\" height=\"90\" srcset=\"https:\/\/fireshow.com.br\/16\/wp-content\/uploads\/2020\/04\/logo-fisp-fisst.png 1053w, https:\/\/fireshow.com.br\/16\/wp-content\/uploads\/2020\/04\/logo-fisp-fisst-320x111.png 320w, https:\/\/fireshow.com.br\/16\/wp-content\/uploads\/2020\/04\/logo-fisp-fisst-768x266.png 768w, https:\/\/fireshow.com.br\/16\/wp-content\/uploads\/2020\/04\/logo-fisp-fisst-540x187.png 540w\" sizes=\"(max-width: 260px) 100vw, 260px\" \/><\/a><\/p>\n<p>\n<\/div><div class=\"btClear btSeparator topExtraSmallSpaced noBorder\" ><hr><\/div><\/div><\/div><div class=\"rowItem col-md-6 col-sm-12 btTextCenter animate animate-fadein btTextIndent inherit\"  ><div class=\"rowItemContent\" ><div class=\"btClear btSeparator topSemiSpaced bottomSmallSpaced noBorder\" ><hr><\/div><div class=\"btClear btSeparator topSmallSpaced noBorder\" ><hr><\/div><div  class=\"bt_bb_text\" ><\/p>\n<p><a href=\"\/16\/techshow-programacao\/\"><img loading=\"lazy\" class=\"aligncenter wp-image-2659\" src=\"https:\/\/fireshow.com.br\/16\/wp-content\/uploads\/2020\/04\/logo-techshow-1200x269.png\" alt=\"Techshow - Palestra dos Expositores\" width=\"250\" height=\"56\" srcset=\"https:\/\/fireshow.com.br\/16\/wp-content\/uploads\/2020\/04\/logo-techshow-1200x269.png 1200w, https:\/\/fireshow.com.br\/16\/wp-content\/uploads\/2020\/04\/logo-techshow-320x72.png 320w, https:\/\/fireshow.com.br\/16\/wp-content\/uploads\/2020\/04\/logo-techshow-768x172.png 768w, https:\/\/fireshow.com.br\/16\/wp-content\/uploads\/2020\/04\/logo-techshow-540x121.png 540w\" sizes=\"(max-width: 250px) 100vw, 250px\" \/><\/a><\/p>\n<p>\n<\/div><div class=\"btClear btSeparator topExtraSmallSpaced noBorder\" ><hr><\/div><\/div><\/div><\/div><\/div><\/div><\/div><\/div><\/section><\/p>\n","protected":false},"excerpt":{"rendered":"","protected":false},"author":2,"featured_media":0,"parent":0,"menu_order":0,"comment_status":"closed","ping_status":"closed","template":"","meta":[],"yoast_head":"<!-- This site is optimized with the Yoast SEO plugin v18.1 - https:\/\/yoast.com\/wordpress\/plugins\/seo\/ -->\n<title>Credenciamento Fire Show | Feira Internacional de Resgate e Prote\u00e7\u00e3o contra Inc\u00eandio<\/title>\n<meta name=\"description\" content=\"Fa\u00e7a j\u00e1 seu Credenciamento Fire Show e Participe do Maior Evento de Resgate e Prote\u00e7\u00e3o contra Inc\u00eandio da Am\u00e9rica Latina. Fa\u00e7a Parte deste Grande Momento.\" \/>\n<meta name=\"robots\" content=\"index, follow, max-snippet:-1, max-image-preview:large, max-video-preview:-1\" \/>\n<link rel=\"canonical\" href=\"https:\/\/fireshow.com.br\/16\/credenciamento\/\" \/>\n<meta property=\"og:locale\" content=\"pt_BR\" \/>\n<meta property=\"og:type\" content=\"article\" \/>\n<meta property=\"og:title\" content=\"Credenciamento Fire Show | Feira Internacional de Resgate e Prote\u00e7\u00e3o contra Inc\u00eandio\" \/>\n<meta property=\"og:description\" content=\"Fa\u00e7a j\u00e1 seu Credenciamento Fire Show e Participe do Maior Evento de Resgate e Prote\u00e7\u00e3o contra Inc\u00eandio da Am\u00e9rica Latina. Fa\u00e7a Parte deste Grande Momento.\" \/>\n<meta property=\"og:url\" content=\"https:\/\/fireshow.com.br\/16\/credenciamento\/\" \/>\n<meta property=\"og:site_name\" content=\"Fire Show\" \/>\n<meta property=\"article:publisher\" content=\"https:\/\/www.facebook.com\/Fire-Show-1113145285392042\/\" \/>\n<meta property=\"article:modified_time\" content=\"2024-10-30T14:32:57+00:00\" \/>\n<meta property=\"og:image\" content=\"https:\/\/fireshow.com.br\/16\/wp-content\/uploads\/2020\/04\/logo-fisp-fisst.png\" \/>\n<meta name=\"twitter:card\" content=\"summary_large_image\" \/>\n<meta name=\"twitter:site\" content=\"@feirafireshow\" \/>\n<meta name=\"twitter:label1\" content=\"Est. tempo de leitura\" \/>\n\t<meta name=\"twitter:data1\" content=\"6 minutos\" \/>\n<script type=\"application\/ld+json\" class=\"yoast-schema-graph\">{\"@context\":\"https:\/\/schema.org\",\"@graph\":[{\"@type\":\"WebSite\",\"@id\":\"https:\/\/fireshow.com.br\/16\/#website\",\"url\":\"https:\/\/fireshow.com.br\/16\/\",\"name\":\"Fire Show\",\"description\":\"International Fire Fair\",\"potentialAction\":[{\"@type\":\"SearchAction\",\"target\":{\"@type\":\"EntryPoint\",\"urlTemplate\":\"https:\/\/fireshow.com.br\/16\/?s={search_term_string}\"},\"query-input\":\"required name=search_term_string\"}],\"inLanguage\":\"pt-BR\"},{\"@type\":\"ImageObject\",\"@id\":\"https:\/\/fireshow.com.br\/16\/credenciamento\/#primaryimage\",\"inLanguage\":\"pt-BR\",\"url\":\"https:\/\/fireshow.com.br\/16\/wp-content\/uploads\/2020\/04\/logo-fisp-fisst.png\",\"contentUrl\":\"https:\/\/fireshow.com.br\/16\/wp-content\/uploads\/2020\/04\/logo-fisp-fisst.png\",\"width\":1053,\"height\":365,\"caption\":\"Fisp | Feira Internacional de Seguran\u00e7a e Prote\u00e7\u00e3o\"},{\"@type\":\"WebPage\",\"@id\":\"https:\/\/fireshow.com.br\/16\/credenciamento\/#webpage\",\"url\":\"https:\/\/fireshow.com.br\/16\/credenciamento\/\",\"name\":\"Credenciamento Fire Show | Feira Internacional de Resgate e Prote\u00e7\u00e3o contra Inc\u00eandio\",\"isPartOf\":{\"@id\":\"https:\/\/fireshow.com.br\/16\/#website\"},\"primaryImageOfPage\":{\"@id\":\"https:\/\/fireshow.com.br\/16\/credenciamento\/#primaryimage\"},\"datePublished\":\"2015-09-10T18:00:24+00:00\",\"dateModified\":\"2024-10-30T14:32:57+00:00\",\"description\":\"Fa\u00e7a j\u00e1 seu Credenciamento Fire Show e Participe do Maior Evento de Resgate e Prote\u00e7\u00e3o contra Inc\u00eandio da Am\u00e9rica Latina. Fa\u00e7a Parte deste Grande Momento.\",\"breadcrumb\":{\"@id\":\"https:\/\/fireshow.com.br\/16\/credenciamento\/#breadcrumb\"},\"inLanguage\":\"pt-BR\",\"potentialAction\":[{\"@type\":\"ReadAction\",\"target\":[\"https:\/\/fireshow.com.br\/16\/credenciamento\/\"]}]},{\"@type\":\"BreadcrumbList\",\"@id\":\"https:\/\/fireshow.com.br\/16\/credenciamento\/#breadcrumb\",\"itemListElement\":[{\"@type\":\"ListItem\",\"position\":1,\"name\":\"In\u00edcio\",\"item\":\"https:\/\/fireshow.com.br\/16\/\"},{\"@type\":\"ListItem\",\"position\":2,\"name\":\"CREDENCIAMENTO\"}]}]}<\/script>\n<!-- \/ Yoast SEO plugin. -->","yoast_head_json":{"title":"Credenciamento Fire Show | Feira Internacional de Resgate e Prote\u00e7\u00e3o contra Inc\u00eandio","description":"Fa\u00e7a j\u00e1 seu Credenciamento Fire Show e Participe do Maior Evento de Resgate e Prote\u00e7\u00e3o contra Inc\u00eandio da Am\u00e9rica Latina. Fa\u00e7a Parte deste Grande Momento.","robots":{"index":"index","follow":"follow","max-snippet":"max-snippet:-1","max-image-preview":"max-image-preview:large","max-video-preview":"max-video-preview:-1"},"canonical":"https:\/\/fireshow.com.br\/16\/credenciamento\/","og_locale":"pt_BR","og_type":"article","og_title":"Credenciamento Fire Show | Feira Internacional de Resgate e Prote\u00e7\u00e3o contra Inc\u00eandio","og_description":"Fa\u00e7a j\u00e1 seu Credenciamento Fire Show e Participe do Maior Evento de Resgate e Prote\u00e7\u00e3o contra Inc\u00eandio da Am\u00e9rica Latina. Fa\u00e7a Parte deste Grande Momento.","og_url":"https:\/\/fireshow.com.br\/16\/credenciamento\/","og_site_name":"Fire Show","article_publisher":"https:\/\/www.facebook.com\/Fire-Show-1113145285392042\/","article_modified_time":"2024-10-30T14:32:57+00:00","og_image":[{"url":"https:\/\/fireshow.com.br\/16\/wp-content\/uploads\/2020\/04\/logo-fisp-fisst.png"}],"twitter_card":"summary_large_image","twitter_site":"@feirafireshow","twitter_misc":{"Est. tempo de leitura":"6 minutos"},"schema":{"@context":"https:\/\/schema.org","@graph":[{"@type":"WebSite","@id":"https:\/\/fireshow.com.br\/16\/#website","url":"https:\/\/fireshow.com.br\/16\/","name":"Fire Show","description":"International Fire Fair","potentialAction":[{"@type":"SearchAction","target":{"@type":"EntryPoint","urlTemplate":"https:\/\/fireshow.com.br\/16\/?s={search_term_string}"},"query-input":"required name=search_term_string"}],"inLanguage":"pt-BR"},{"@type":"ImageObject","@id":"https:\/\/fireshow.com.br\/16\/credenciamento\/#primaryimage","inLanguage":"pt-BR","url":"https:\/\/fireshow.com.br\/16\/wp-content\/uploads\/2020\/04\/logo-fisp-fisst.png","contentUrl":"https:\/\/fireshow.com.br\/16\/wp-content\/uploads\/2020\/04\/logo-fisp-fisst.png","width":1053,"height":365,"caption":"Fisp | Feira Internacional de Seguran\u00e7a e Prote\u00e7\u00e3o"},{"@type":"WebPage","@id":"https:\/\/fireshow.com.br\/16\/credenciamento\/#webpage","url":"https:\/\/fireshow.com.br\/16\/credenciamento\/","name":"Credenciamento Fire Show | Feira Internacional de Resgate e Prote\u00e7\u00e3o contra Inc\u00eandio","isPartOf":{"@id":"https:\/\/fireshow.com.br\/16\/#website"},"primaryImageOfPage":{"@id":"https:\/\/fireshow.com.br\/16\/credenciamento\/#primaryimage"},"datePublished":"2015-09-10T18:00:24+00:00","dateModified":"2024-10-30T14:32:57+00:00","description":"Fa\u00e7a j\u00e1 seu Credenciamento Fire Show e Participe do Maior Evento de Resgate e Prote\u00e7\u00e3o contra Inc\u00eandio da Am\u00e9rica Latina. Fa\u00e7a Parte deste Grande Momento.","breadcrumb":{"@id":"https:\/\/fireshow.com.br\/16\/credenciamento\/#breadcrumb"},"inLanguage":"pt-BR","potentialAction":[{"@type":"ReadAction","target":["https:\/\/fireshow.com.br\/16\/credenciamento\/"]}]},{"@type":"BreadcrumbList","@id":"https:\/\/fireshow.com.br\/16\/credenciamento\/#breadcrumb","itemListElement":[{"@type":"ListItem","position":1,"name":"In\u00edcio","item":"https:\/\/fireshow.com.br\/16\/"},{"@type":"ListItem","position":2,"name":"CREDENCIAMENTO"}]}]}},"_links":{"self":[{"href":"https:\/\/fireshow.com.br\/16\/wp-json\/wp\/v2\/pages\/301"}],"collection":[{"href":"https:\/\/fireshow.com.br\/16\/wp-json\/wp\/v2\/pages"}],"about":[{"href":"https:\/\/fireshow.com.br\/16\/wp-json\/wp\/v2\/types\/page"}],"author":[{"embeddable":true,"href":"https:\/\/fireshow.com.br\/16\/wp-json\/wp\/v2\/users\/2"}],"replies":[{"embeddable":true,"href":"https:\/\/fireshow.com.br\/16\/wp-json\/wp\/v2\/comments?post=301"}],"version-history":[{"count":43,"href":"https:\/\/fireshow.com.br\/16\/wp-json\/wp\/v2\/pages\/301\/revisions"}],"predecessor-version":[{"id":10443,"href":"https:\/\/fireshow.com.br\/16\/wp-json\/wp\/v2\/pages\/301\/revisions\/10443"}],"wp:attachment":[{"href":"https:\/\/fireshow.com.br\/16\/wp-json\/wp\/v2\/media?parent=301"}],"curies":[{"name":"wp","href":"https:\/\/api.w.org\/{rel}","templated":true}]}}