{"id":291,"date":"2015-09-10T17:35:01","date_gmt":"2015-09-10T17:35:01","guid":{"rendered":"http:\/\/exposec.tmp.br\/16\/?page_id=291"},"modified":"2026-02-06T17:00:18","modified_gmt":"2026-02-06T17:00:18","slug":"quem-expoe","status":"publish","type":"page","link":"https:\/\/fireshow.com.br\/16\/quem-expoe\/","title":{"rendered":"Quem Exp\u00f5e"},"content":{"rendered":"<p><section id=\"bt_section69e61c6b1c4bf\"  class=\"boldSection inherit\" ><div class=\"port\"><div class=\"boldCell\"><div class=\"boldCellInner\"><div class=\"boldRow \" ><div class=\"boldRowInner\"><div class=\"rowItem col-md-12 col-ms-12  btTextCenter inherit\"  ><div class=\"rowItemContent\" ><div class=\"bpgPhoto btTextCenter\" ><div class = \"btImage\"><img src=\"https:\/\/fireshow.com.br\/16\/wp-content\/uploads\/2020\/04\/img-reserve-seu-estande-fireshow-2020.jpg\" alt=\"Reserve seu Estande - Fire Show\" ><\/div><\/div><div class=\"bt_bb_separator_v2 bt_bb_border_style_none bt_bb_top_spacing_medium bt_bb_icon_size_normal bt_bb_text_size_normal bt_bb_separator_v2_without_content\" data-bt-override-class=\"null\"><div class=\"bt_bb_separator_v2_inner\"><span class=\"bt_bb_separator_v2_inner_before\"><\/span><span class=\"bt_bb_separator_v2_inner_content\"><span  data-ico-=\"\" class=\"bt_bb_icon_holder\"><\/span><\/span><span class=\"bt_bb_separator_v2_inner_after\"><\/span><\/div><\/div><header class=\"header btClear large btDash bottomDash  btNormalDash\" ><div class=\"dash\"><h2><span class=\"headline\">Quem Exp\u00f5e <b class=\"animate\">na Fire Show<\/b><\/span><\/h2><\/div><\/header><div class=\"btClear btSeparator bottomSmallSpaced noBorder\" ><hr><\/div><\/div><\/div><\/div><\/div><\/div><\/div><\/div><\/section><section id=\"bt_section69e61c6b1cfca\"  class=\"boldSection gutter inherit\" style=\"font-size:17px;\"><div class=\"port\"><div class=\"boldCell\"><div class=\"boldCellInner\"><div class=\"boldRow \" ><div class=\"boldRowInner\"><div class=\"rowItem col-md-12 col-ms-12  btTextCenter inherit\"  ><div class=\"rowItemContent\" ><div class=\"bt_bb_separator_v2 bt_bb_border_style_none bt_bb_top_spacing_normal bt_bb_icon_size_normal bt_bb_text_size_normal bt_bb_separator_v2_without_content\" data-bt-override-class=\"null\"><div class=\"bt_bb_separator_v2_inner\"><span class=\"bt_bb_separator_v2_inner_before\"><\/span><span class=\"bt_bb_separator_v2_inner_content\"><span  data-ico-=\"\" class=\"bt_bb_icon_holder\"><\/span><\/span><span class=\"bt_bb_separator_v2_inner_after\"><\/span><\/div><\/div><header class=\"header btClear medium  btNormalDash\" ><div class=\"dash\"><h3><span class=\"headline\">Empresas do Setor de Resgate e Prote\u00e7\u00e3o contra Inc\u00eandio<\/span><\/h3><\/div><\/header><div class=\"bt_bb_separator_v2 bt_bb_border_style_none bt_bb_top_spacing_normal bt_bb_icon_size_normal bt_bb_text_size_normal bt_bb_separator_v2_without_content\" data-bt-override-class=\"null\"><div class=\"bt_bb_separator_v2_inner\"><span class=\"bt_bb_separator_v2_inner_before\"><\/span><span class=\"bt_bb_separator_v2_inner_content\"><span  data-ico-=\"\" class=\"bt_bb_icon_holder\"><\/span><\/span><span class=\"bt_bb_separator_v2_inner_after\"><\/span><\/div><\/div><\/div><\/div><\/div><\/div><div class=\"boldRow \" style=\"font-size: 17px;\"><div class=\"boldRowInner\"><div class=\"rowItem col-md-6 col-sm-12 btTextLeft inherit\"  ><div class=\"rowItemContent\" ><div class=\"btText\" ><\/p>\n<ul>\n<li>Abafadores de Fa\u00edsca<\/li>\n<li>Abrigos<\/li>\n<li>Acess\u00f3rios para Extintores<\/li>\n<li>Acionadores Manuais<\/li>\n<li>Agentes Extintores<\/li>\n<li>Alarmes<\/li>\n<li>Almofadas Pneum\u00e1ticas<\/li>\n<li>Ar Respir\u00e1vel<\/li>\n<li>Arm\u00e1rios de Seguran\u00e7a<\/li>\n<li>Auditorias em Sinistros<\/li>\n<li>Automa\u00e7\u00e3o<\/li>\n<li>Autossalvamentos<\/li>\n<li>Bolsas Kits<\/li>\n<li>Bombas contra Inc\u00eandio e Centr\u00edfugas<\/li>\n<li>Botas de Seguran\u00e7a<\/li>\n<li>Capacetes<\/li>\n<li>Centrais de Inc\u00eandio<\/li>\n<li>Chuveiros Autom\u00e1ticos contra Inc\u00eandio<\/li>\n<li>Coletores de Cigarros<\/li>\n<li>Compressores<\/li>\n<li>Descontamina\u00e7\u00e3o<\/li>\n<li>Desencarceradores<\/li>\n<li>Detector de Aspira\u00e7\u00e3o<\/li>\n<li>Detector Linear<\/li>\n<li>Detectores de Calor<\/li>\n<li>Detectores de Fuma\u00e7a<\/li>\n<li>Detectores de Inc\u00eandio<\/li>\n<li>Detectores Termovelocim\u00e9tricos<\/li>\n<li>Emerg\u00eancias Qu\u00edmicas<\/li>\n<li>Engenharia de Inc\u00eandio<\/li>\n<li>Entidades<\/li>\n<li>Equipamento de Preven\u00e7\u00e3o e Combate a Inc\u00eandio<\/li>\n<li>Equipamentos de Prote\u00e7\u00e3o Coletiva<\/li>\n<li>Equipamentos de Prote\u00e7\u00e3o Individual<\/li>\n<li>Equipamentos Fixos<\/li>\n<li>Equipamentos para Montagem de Oficinas de Manuten\u00e7\u00e3o de Extintores<\/li>\n<li>Equipamentos Port\u00e1teis<\/li>\n<li>Escolas<\/li>\n<\/ul>\n<p>\n<\/div><div class=\"bt_bb_separator_v2 bt_bb_border_style_none bt_bb_top_spacing_normal bt_bb_icon_size_normal bt_bb_text_size_normal bt_bb_separator_v2_without_content\" data-bt-override-class=\"null\"><div class=\"bt_bb_separator_v2_inner\"><span class=\"bt_bb_separator_v2_inner_before\"><\/span><span class=\"bt_bb_separator_v2_inner_content\"><span  data-ico-=\"\" class=\"bt_bb_icon_holder\"><\/span><\/span><span class=\"bt_bb_separator_v2_inner_after\"><\/span><\/div><\/div><\/div><\/div><div class=\"rowItem col-md-6 col-sm-12 btTextLeft\"  ><div class=\"rowItemContent\" ><div class=\"btText\" ><\/p>\n<ul>\n<li>Esguichos<\/li>\n<li>Extin\u00e7\u00e3o Autom\u00e1tica para Gases<\/li>\n<li>Extintores<\/li>\n<li>Extratos de Espuma<\/li>\n<li>Ferramentas para Resgate<\/li>\n<li>Gases Alternativos para Halon<\/li>\n<li>Hidromaterial para Combate a Inc\u00eandio<\/li>\n<li>Ilumina\u00e7\u00e3o de Emerg\u00eancia<\/li>\n<li>Luvas Especiais<\/li>\n<li>Mangueiras<\/li>\n<li>Padiola Dobr\u00e1vel<\/li>\n<li>Pallets de Conten\u00e7\u00e3o<\/li>\n<li>Portas Corta-Fogo<\/li>\n<li>Produtos Qu\u00edmicos<\/li>\n<li>Projeto de Abandono de \u00c1rea<\/li>\n<li>R\u00e1dios Integradores de Telecomunica\u00e7\u00e3o<\/li>\n<li>Respira\u00e7\u00e3o Aut\u00f4noma<\/li>\n<li>Roupas de Prote\u00e7\u00e3o contra Inc\u00eandio<\/li>\n<li>Servi\u00e7os de Manuten\u00e7\u00e3o em Extintores<\/li>\n<li>Sinaliza\u00e7\u00e3o de Seguran\u00e7a<\/li>\n<li>Sirenes<\/li>\n<li>Sistemas Autom\u00e1ticos de Supress\u00e3o de Inc\u00eandio<\/li>\n<li>Sistemas de Combate a Inc\u00eandio<\/li>\n<li>Sistemas de Comunica\u00e7\u00e3o<\/li>\n<li>Sistemas de Detec\u00e7\u00e3o de Inc\u00eandio<\/li>\n<li>Sistemas de Prote\u00e7\u00e3o contra Explos\u00e3o<\/li>\n<li>Softwares<\/li>\n<li>Sprinklers<\/li>\n<li>Testes Hidrost\u00e1ticos<\/li>\n<li>Transporte de Acidentados<\/li>\n<li>Transporte de Produtos Perigosos<\/li>\n<li>Treinamento de Brigadas de Inc\u00eandio e Primeiros Socorros<\/li>\n<li>V\u00e1lvulas de Alarme<\/li>\n<li>V\u00e1lvulas Hidr\u00e1ulicas<\/li>\n<li>V\u00e1lvulas para Extintores de Inc\u00eandio<\/li>\n<li>Ve\u00edculos de Combate a Inc\u00eandio<\/li>\n<li>Viaturas<\/li>\n<\/ul>\n<p>\n<\/div><\/div><\/div><\/div><\/div><\/div><\/div><\/div><\/section><section id=\"bt_section69e61c6b1dc4f\"  class=\"boldSection bottomSmallSpaced inherit\" ><div class=\"port\"><div class=\"boldCell\"><div class=\"boldCellInner\"><div class=\"boldRow \" ><div class=\"boldRowInner\"><div class=\"rowItem col-md-12 col-ms-12  btTextCenter inherit\"  ><div class=\"rowItemContent\" ><div  class=\"bt_bb_text\" ><\/p>\n<h3 style=\"text-align: center;\"><a href=\"https:\/\/fireshow.com.br\/16\/expositores-2026\/\">&gt;&gt; Confira a Lista dos Expositores<\/a><\/h3>\n<p>\n<\/div><div class=\"btClear btSeparator bottomSemiSpaced noBorder\" ><hr><\/div><header class=\"header btClear medium  btAccentDash\" ><div class=\"dash\"><h3><span class=\"headline\">Fa\u00e7a como as Principais Marcas do Setor!<\/span><\/h3><\/div><\/header><a href=\"\/16\/por-que-expor\/\" class=\"btBtn btBtn btnFilledStyle btnAlternateColor btnBig btnNormalWidth btnLeftPosition btnIco\" ><span class=\"btnInnerText\">Seja um Expositor<\/span><span class=\"btIco \" ><span  data-ico-fa=\"&#xf101;\" class=\"btIcoHolder\"><em><\/em><\/span><\/span><\/a><\/div><\/div><\/div><\/div><\/div><\/div><\/div><\/section><\/p>\n","protected":false},"excerpt":{"rendered":"","protected":false},"author":2,"featured_media":0,"parent":0,"menu_order":0,"comment_status":"closed","ping_status":"closed","template":"","meta":[],"yoast_head":"<!-- This site is optimized with the Yoast SEO plugin v18.1 - https:\/\/yoast.com\/wordpress\/plugins\/seo\/ -->\n<title>Quem Exp\u00f5e na Fire Show | International Fire Fair<\/title>\n<meta name=\"description\" content=\"Confira Quem Exp\u00f5e na Fire Show, Setores, Empresas Nacionais e Internacionais que est\u00e3o no Evento Refer\u00eancia do Setor de Resgate e Prote\u00e7\u00e3o contra Inc\u00eandio\" \/>\n<meta name=\"robots\" content=\"index, follow, max-snippet:-1, max-image-preview:large, max-video-preview:-1\" \/>\n<link rel=\"canonical\" href=\"https:\/\/fireshow.com.br\/16\/quem-expoe\/\" \/>\n<meta property=\"og:locale\" content=\"pt_BR\" \/>\n<meta property=\"og:type\" content=\"article\" \/>\n<meta property=\"og:title\" content=\"Quem Exp\u00f5e na Fire Show | International Fire Fair\" \/>\n<meta property=\"og:description\" content=\"Confira Quem Exp\u00f5e na Fire Show, Setores, Empresas Nacionais e Internacionais que est\u00e3o no Evento Refer\u00eancia do Setor de Resgate e Prote\u00e7\u00e3o contra Inc\u00eandio\" \/>\n<meta property=\"og:url\" content=\"https:\/\/fireshow.com.br\/16\/quem-expoe\/\" \/>\n<meta property=\"og:site_name\" content=\"Fire Show\" \/>\n<meta property=\"article:publisher\" content=\"https:\/\/www.facebook.com\/Fire-Show-1113145285392042\/\" \/>\n<meta property=\"article:modified_time\" content=\"2026-02-06T17:00:18+00:00\" \/>\n<meta name=\"twitter:card\" content=\"summary_large_image\" \/>\n<meta name=\"twitter:site\" content=\"@feirafireshow\" \/>\n<meta name=\"twitter:label1\" content=\"Est. tempo de leitura\" \/>\n\t<meta name=\"twitter:data1\" content=\"5 minutos\" \/>\n<script type=\"application\/ld+json\" class=\"yoast-schema-graph\">{\"@context\":\"https:\/\/schema.org\",\"@graph\":[{\"@type\":\"WebSite\",\"@id\":\"https:\/\/fireshow.com.br\/16\/#website\",\"url\":\"https:\/\/fireshow.com.br\/16\/\",\"name\":\"Fire Show\",\"description\":\"International Fire Fair\",\"potentialAction\":[{\"@type\":\"SearchAction\",\"target\":{\"@type\":\"EntryPoint\",\"urlTemplate\":\"https:\/\/fireshow.com.br\/16\/?s={search_term_string}\"},\"query-input\":\"required name=search_term_string\"}],\"inLanguage\":\"pt-BR\"},{\"@type\":\"WebPage\",\"@id\":\"https:\/\/fireshow.com.br\/16\/quem-expoe\/#webpage\",\"url\":\"https:\/\/fireshow.com.br\/16\/quem-expoe\/\",\"name\":\"Quem Exp\u00f5e na Fire Show | International Fire Fair\",\"isPartOf\":{\"@id\":\"https:\/\/fireshow.com.br\/16\/#website\"},\"datePublished\":\"2015-09-10T17:35:01+00:00\",\"dateModified\":\"2026-02-06T17:00:18+00:00\",\"description\":\"Confira Quem Exp\u00f5e na Fire Show, Setores, Empresas Nacionais e Internacionais que est\u00e3o no Evento Refer\u00eancia do Setor de Resgate e Prote\u00e7\u00e3o contra Inc\u00eandio\",\"breadcrumb\":{\"@id\":\"https:\/\/fireshow.com.br\/16\/quem-expoe\/#breadcrumb\"},\"inLanguage\":\"pt-BR\",\"potentialAction\":[{\"@type\":\"ReadAction\",\"target\":[\"https:\/\/fireshow.com.br\/16\/quem-expoe\/\"]}]},{\"@type\":\"BreadcrumbList\",\"@id\":\"https:\/\/fireshow.com.br\/16\/quem-expoe\/#breadcrumb\",\"itemListElement\":[{\"@type\":\"ListItem\",\"position\":1,\"name\":\"In\u00edcio\",\"item\":\"https:\/\/fireshow.com.br\/16\/\"},{\"@type\":\"ListItem\",\"position\":2,\"name\":\"Quem Exp\u00f5e\"}]}]}<\/script>\n<!-- \/ Yoast SEO plugin. -->","yoast_head_json":{"title":"Quem Exp\u00f5e na Fire Show | International Fire Fair","description":"Confira Quem Exp\u00f5e na Fire Show, Setores, Empresas Nacionais e Internacionais que est\u00e3o no Evento Refer\u00eancia do Setor de Resgate e Prote\u00e7\u00e3o contra Inc\u00eandio","robots":{"index":"index","follow":"follow","max-snippet":"max-snippet:-1","max-image-preview":"max-image-preview:large","max-video-preview":"max-video-preview:-1"},"canonical":"https:\/\/fireshow.com.br\/16\/quem-expoe\/","og_locale":"pt_BR","og_type":"article","og_title":"Quem Exp\u00f5e na Fire Show | International Fire Fair","og_description":"Confira Quem Exp\u00f5e na Fire Show, Setores, Empresas Nacionais e Internacionais que est\u00e3o no Evento Refer\u00eancia do Setor de Resgate e Prote\u00e7\u00e3o contra Inc\u00eandio","og_url":"https:\/\/fireshow.com.br\/16\/quem-expoe\/","og_site_name":"Fire Show","article_publisher":"https:\/\/www.facebook.com\/Fire-Show-1113145285392042\/","article_modified_time":"2026-02-06T17:00:18+00:00","twitter_card":"summary_large_image","twitter_site":"@feirafireshow","twitter_misc":{"Est. tempo de leitura":"5 minutos"},"schema":{"@context":"https:\/\/schema.org","@graph":[{"@type":"WebSite","@id":"https:\/\/fireshow.com.br\/16\/#website","url":"https:\/\/fireshow.com.br\/16\/","name":"Fire Show","description":"International Fire Fair","potentialAction":[{"@type":"SearchAction","target":{"@type":"EntryPoint","urlTemplate":"https:\/\/fireshow.com.br\/16\/?s={search_term_string}"},"query-input":"required name=search_term_string"}],"inLanguage":"pt-BR"},{"@type":"WebPage","@id":"https:\/\/fireshow.com.br\/16\/quem-expoe\/#webpage","url":"https:\/\/fireshow.com.br\/16\/quem-expoe\/","name":"Quem Exp\u00f5e na Fire Show | International Fire Fair","isPartOf":{"@id":"https:\/\/fireshow.com.br\/16\/#website"},"datePublished":"2015-09-10T17:35:01+00:00","dateModified":"2026-02-06T17:00:18+00:00","description":"Confira Quem Exp\u00f5e na Fire Show, Setores, Empresas Nacionais e Internacionais que est\u00e3o no Evento Refer\u00eancia do Setor de Resgate e Prote\u00e7\u00e3o contra Inc\u00eandio","breadcrumb":{"@id":"https:\/\/fireshow.com.br\/16\/quem-expoe\/#breadcrumb"},"inLanguage":"pt-BR","potentialAction":[{"@type":"ReadAction","target":["https:\/\/fireshow.com.br\/16\/quem-expoe\/"]}]},{"@type":"BreadcrumbList","@id":"https:\/\/fireshow.com.br\/16\/quem-expoe\/#breadcrumb","itemListElement":[{"@type":"ListItem","position":1,"name":"In\u00edcio","item":"https:\/\/fireshow.com.br\/16\/"},{"@type":"ListItem","position":2,"name":"Quem Exp\u00f5e"}]}]}},"_links":{"self":[{"href":"https:\/\/fireshow.com.br\/16\/wp-json\/wp\/v2\/pages\/291"}],"collection":[{"href":"https:\/\/fireshow.com.br\/16\/wp-json\/wp\/v2\/pages"}],"about":[{"href":"https:\/\/fireshow.com.br\/16\/wp-json\/wp\/v2\/types\/page"}],"author":[{"embeddable":true,"href":"https:\/\/fireshow.com.br\/16\/wp-json\/wp\/v2\/users\/2"}],"replies":[{"embeddable":true,"href":"https:\/\/fireshow.com.br\/16\/wp-json\/wp\/v2\/comments?post=291"}],"version-history":[{"count":11,"href":"https:\/\/fireshow.com.br\/16\/wp-json\/wp\/v2\/pages\/291\/revisions"}],"predecessor-version":[{"id":11408,"href":"https:\/\/fireshow.com.br\/16\/wp-json\/wp\/v2\/pages\/291\/revisions\/11408"}],"wp:attachment":[{"href":"https:\/\/fireshow.com.br\/16\/wp-json\/wp\/v2\/media?parent=291"}],"curies":[{"name":"wp","href":"https:\/\/api.w.org\/{rel}","templated":true}]}}