{"id":2793,"date":"2020-08-18T12:35:25","date_gmt":"2020-08-18T12:35:25","guid":{"rendered":"https:\/\/fireshow.com.br\/16\/?page_id=2793"},"modified":"2022-03-30T19:09:28","modified_gmt":"2022-03-30T19:09:28","slug":"politica-de-cookies","status":"publish","type":"page","link":"https:\/\/fireshow.com.br\/16\/politica-de-cookies\/","title":{"rendered":"Pol\u00edtica de Cookies"},"content":{"rendered":"<p><section id=\"bt_section69e617afbfadd\"  class=\"boldSection inherit\" ><div class=\"port\"><div class=\"boldCell\"><div class=\"boldCellInner\"><div class=\"boldRow \" ><div class=\"boldRowInner\"><div class=\"rowItem col-md-12 col-ms-12  btTextCenter inherit\"  ><div class=\"rowItemContent\" ><div class=\"bt_bb_separator_v2 bt_bb_border_style_none bt_bb_top_spacing_medium bt_bb_icon_size_normal bt_bb_text_size_normal bt_bb_separator_v2_without_content\" data-bt-override-class=\"null\"><div class=\"bt_bb_separator_v2_inner\"><span class=\"bt_bb_separator_v2_inner_before\"><\/span><span class=\"bt_bb_separator_v2_inner_content\"><span  data-ico-=\"\" class=\"bt_bb_icon_holder\"><\/span><\/span><span class=\"bt_bb_separator_v2_inner_after\"><\/span><\/div><\/div><header class=\"header btClear large btDash bottomDash  btNormalDash\" ><div class=\"dash\"><h2><span class=\"headline\">Pol\u00edtica de <strong class=\"animate\">Cookies<\/strong><\/span><\/h2><\/div><\/header><\/div><\/div><\/div><\/div><\/div><\/div><\/div><\/section><section id=\"bt_section69e617afbff0d\"  class=\"boldSection gutter inherit\" style=\"font-size:17px;\"><div class=\"port\"><div class=\"boldCell\"><div class=\"boldCellInner\"><div class=\"boldRow \" ><div class=\"boldRowInner\"><div class=\"rowItem col-md-12 col-ms-12  btTextLeft btMiddleVertical\"  ><div class=\"rowItemContent\" ><div class=\"bt_bb_separator_v2 bt_bb_border_style_none bt_bb_top_spacing_small bt_bb_icon_size_normal bt_bb_text_size_normal bt_bb_separator_v2_without_content\" data-bt-override-class=\"null\"><div class=\"bt_bb_separator_v2_inner\"><span class=\"bt_bb_separator_v2_inner_before\"><\/span><span class=\"bt_bb_separator_v2_inner_content\"><span  data-ico-=\"\" class=\"bt_bb_icon_holder\"><\/span><\/span><span class=\"bt_bb_separator_v2_inner_after\"><\/span><\/div><\/div><div class=\"btText\" ><\/p>\n<p><strong>DA POL\u00cdTICA DE COOKIES<\/strong><\/p>\n<p>Os sites da Fiera Milano Brasil utilizam cookies e nossa Pol\u00edtica de Cookies informa o que s\u00e3o cookies, como podemos us\u00e1-los, os tipos de cookies que usamos e como voc\u00ea pode recus\u00e1-los.<\/p>\n<p>Esta pol\u00edtica abrange:<\/p>\n<ul>\n<li>O que s\u00e3o cookies?<\/li>\n<li>Como usamos cookies?<\/li>\n<li>Ser\u00e1 que os cookies recolhem os meus dados pessoais?<\/li>\n<li>Posso dizer n\u00e3o a eles?<\/li>\n<li>Nossa lista de cookies<\/li>\n<li>Google Analytics<\/li>\n<li>Como fa\u00e7o para resetar ou apagar cookies?<\/li>\n<li>Como nos contactar<\/li>\n<li>Altera\u00e7\u00f5es da nossa pol\u00edtica de cookies<\/li>\n<\/ul>\n<p>Esta Pol\u00edtica de Cookies deve ser lida em conjunto com os nossos Termos do Site e Condi\u00e7\u00f5es e Pol\u00edtica de Privacidade.<\/p>\n<p><strong>O QUE S\u00c3O COOKIES?<\/strong><\/p>\n<p>Cookies s\u00e3o pequenos arquivos de texto que podem definir prefer\u00eancias, dependendo de suas escolhas no seu dispositivo quando visita o nosso website; um cookie normalmente \u00e9 um arquivo de texto contendo um n\u00famero de identifica\u00e7\u00e3o an\u00f4nima exclusiva arbitr\u00e1ria. Quando voc\u00ea voltar a visitar o nosso site o site ir\u00e1 procurar os cookies para ver se voc\u00ea tem visitado anteriormente.<\/p>\n<p>Existem duas grandes categorias de cookies:<\/p>\n<ul>\n<li>Os cookies persistentes: estes permanecem no dispositivo at\u00e9 ser removido manualmente ou automaticamente.<\/li>\n<li>Os cookies de sess\u00e3o: estes permanecem no seu dispositivo at\u00e9 que voc\u00ea fechar o navegador quando eles s\u00e3o exclu\u00eddos automaticamente.<\/li>\n<\/ul>\n<p><strong>\u00a0<\/strong><\/p>\n<p><strong>COMO USAMOS COOKIES?<\/strong><\/p>\n<p>N\u00f3s usamos cookies para personalizar o conte\u00fado que voc\u00ea recebe do nosso site, por exemplo:<\/p>\n<ul>\n<li>Tornar a navega\u00e7\u00e3o mais f\u00e1cil, e permitir que as nossas p\u00e1ginas sejam exibidas corretamente<\/li>\n<li>Identificar se voc\u00ea vem de outro site das feiras da Fiera Milano Brasil ou um dos nossos parceiros<\/li>\n<li>Analisar o desempenho do nosso site com base em dados an\u00f4nimos relacionados com a sua navega\u00e7\u00e3o (por exemplo, p\u00e1ginas visitadas, n\u00famero de visitas, etc); usamos o Google Analytics para esta finalidade<\/li>\n<\/ul>\n<p>Os cookies utilizados pela Fiera Milano Brasil neste site s\u00e3o concebidos para serem utilizados apenas por n\u00f3s ou pelas partes que trabalham em nosso nome.<\/p>\n<p><strong>SER\u00c1 QUE OS COOKIES RECOLHEM OS MEUS DADOS PESSOAIS?<\/strong><\/p>\n<p>Tecnologia de cookies n\u00e3o coletam informa\u00e7\u00f5es que permitem tornar voc\u00ea pessoalmente identific\u00e1vel. Ele pode ser usado para identific\u00e1-lo como um visitante \u00fanico, mas an\u00f4nimo a um site.<\/p>\n<p><strong>POSSO DIZER N\u00c3O A ELES?<\/strong><\/p>\n<p>Voc\u00ea pode se recusar a aceitar alguns ou todos os cookies, basta ativar as configura\u00e7\u00f5es do seu navegador que lhe permite fazer isso.<\/p>\n<p>Voc\u00ea precisa estar ciente de que embora se voc\u00ea excluir todos os cookies que voc\u00ea pode n\u00e3o ser capaz de aceder a determinadas partes do nosso site e podemos pensar que voc\u00ea nunca nos visitou antes e, portanto, servir-lhe com o nosso Aviso de Cookies novamente.<\/p>\n<p><strong>GOOGLE ANALYTICS<\/strong><\/p>\n<p>Este site tamb\u00e9m usa o Google Analytics, um servi\u00e7o de an\u00e1lise fornecido pelo Google, Inc. ( &#8220;Google&#8221;). O Google Analytics utiliza cookies para ajudar na an\u00e1lise de navega\u00e7\u00e3o do site.<\/p>\n<p><strong>CONTATO<\/strong><\/p>\n<p>Use os dados apropriados de contato (e-mail, telefone ou correio), se deseja exercer qualquer dos seus direitos ou se voc\u00ea tiver quaisquer outras quest\u00f5es relacionadas com o uso de suas informa\u00e7\u00f5es.<\/p>\n<p><strong>ALTERA\u00c7\u00d5ES DA NOSSA POL\u00cdTICA DE COOKIES<\/strong><\/p>\n<p>A Fiera Milano Brasil pode atualizar esta pol\u00edtica a qualquer momento, por favor, verifique esta p\u00e1gina regularmente.<\/p>\n<p>Esta pol\u00edtica foi atualizada em julho de 2020.<\/p>\n<p>\n<\/div><div class=\"bt_bb_separator_v2 bt_bb_border_style_none bt_bb_top_spacing_normal bt_bb_icon_size_normal bt_bb_text_size_normal bt_bb_separator_v2_without_content\" data-bt-override-class=\"null\"><div class=\"bt_bb_separator_v2_inner\"><span class=\"bt_bb_separator_v2_inner_before\"><\/span><span class=\"bt_bb_separator_v2_inner_content\"><span  data-ico-=\"\" class=\"bt_bb_icon_holder\"><\/span><\/span><span class=\"bt_bb_separator_v2_inner_after\"><\/span><\/div><\/div><\/div><\/div><\/div><\/div><\/div><\/div><\/div><\/section><\/p>\n","protected":false},"excerpt":{"rendered":"","protected":false},"author":2,"featured_media":0,"parent":0,"menu_order":0,"comment_status":"closed","ping_status":"closed","template":"","meta":[],"yoast_head":"<!-- This site is optimized with the Yoast SEO plugin v18.1 - https:\/\/yoast.com\/wordpress\/plugins\/seo\/ -->\n<title>Pol\u00edtica de Cookies - Fire Show<\/title>\n<meta name=\"robots\" content=\"index, follow, max-snippet:-1, max-image-preview:large, max-video-preview:-1\" \/>\n<link rel=\"canonical\" href=\"https:\/\/fireshow.com.br\/16\/politica-de-cookies\/\" \/>\n<meta property=\"og:locale\" content=\"pt_BR\" \/>\n<meta property=\"og:type\" content=\"article\" \/>\n<meta property=\"og:title\" content=\"Pol\u00edtica de Cookies - Fire Show\" \/>\n<meta property=\"og:url\" content=\"https:\/\/fireshow.com.br\/16\/politica-de-cookies\/\" \/>\n<meta property=\"og:site_name\" content=\"Fire Show\" \/>\n<meta property=\"article:publisher\" content=\"https:\/\/www.facebook.com\/Fire-Show-1113145285392042\/\" \/>\n<meta property=\"article:modified_time\" content=\"2022-03-30T19:09:28+00:00\" \/>\n<meta name=\"twitter:card\" content=\"summary_large_image\" \/>\n<meta name=\"twitter:site\" content=\"@feirafireshow\" \/>\n<meta name=\"twitter:label1\" content=\"Est. tempo de leitura\" \/>\n\t<meta name=\"twitter:data1\" content=\"4 minutos\" \/>\n<script type=\"application\/ld+json\" class=\"yoast-schema-graph\">{\"@context\":\"https:\/\/schema.org\",\"@graph\":[{\"@type\":\"WebSite\",\"@id\":\"https:\/\/fireshow.com.br\/16\/#website\",\"url\":\"https:\/\/fireshow.com.br\/16\/\",\"name\":\"Fire Show\",\"description\":\"International Fire Fair\",\"potentialAction\":[{\"@type\":\"SearchAction\",\"target\":{\"@type\":\"EntryPoint\",\"urlTemplate\":\"https:\/\/fireshow.com.br\/16\/?s={search_term_string}\"},\"query-input\":\"required name=search_term_string\"}],\"inLanguage\":\"pt-BR\"},{\"@type\":\"WebPage\",\"@id\":\"https:\/\/fireshow.com.br\/16\/politica-de-cookies\/#webpage\",\"url\":\"https:\/\/fireshow.com.br\/16\/politica-de-cookies\/\",\"name\":\"Pol\u00edtica de Cookies - Fire Show\",\"isPartOf\":{\"@id\":\"https:\/\/fireshow.com.br\/16\/#website\"},\"datePublished\":\"2020-08-18T12:35:25+00:00\",\"dateModified\":\"2022-03-30T19:09:28+00:00\",\"breadcrumb\":{\"@id\":\"https:\/\/fireshow.com.br\/16\/politica-de-cookies\/#breadcrumb\"},\"inLanguage\":\"pt-BR\",\"potentialAction\":[{\"@type\":\"ReadAction\",\"target\":[\"https:\/\/fireshow.com.br\/16\/politica-de-cookies\/\"]}]},{\"@type\":\"BreadcrumbList\",\"@id\":\"https:\/\/fireshow.com.br\/16\/politica-de-cookies\/#breadcrumb\",\"itemListElement\":[{\"@type\":\"ListItem\",\"position\":1,\"name\":\"In\u00edcio\",\"item\":\"https:\/\/fireshow.com.br\/16\/\"},{\"@type\":\"ListItem\",\"position\":2,\"name\":\"Pol\u00edtica de Cookies\"}]}]}<\/script>\n<!-- \/ Yoast SEO plugin. -->","yoast_head_json":{"title":"Pol\u00edtica de Cookies - Fire Show","robots":{"index":"index","follow":"follow","max-snippet":"max-snippet:-1","max-image-preview":"max-image-preview:large","max-video-preview":"max-video-preview:-1"},"canonical":"https:\/\/fireshow.com.br\/16\/politica-de-cookies\/","og_locale":"pt_BR","og_type":"article","og_title":"Pol\u00edtica de Cookies - Fire Show","og_url":"https:\/\/fireshow.com.br\/16\/politica-de-cookies\/","og_site_name":"Fire Show","article_publisher":"https:\/\/www.facebook.com\/Fire-Show-1113145285392042\/","article_modified_time":"2022-03-30T19:09:28+00:00","twitter_card":"summary_large_image","twitter_site":"@feirafireshow","twitter_misc":{"Est. tempo de leitura":"4 minutos"},"schema":{"@context":"https:\/\/schema.org","@graph":[{"@type":"WebSite","@id":"https:\/\/fireshow.com.br\/16\/#website","url":"https:\/\/fireshow.com.br\/16\/","name":"Fire Show","description":"International Fire Fair","potentialAction":[{"@type":"SearchAction","target":{"@type":"EntryPoint","urlTemplate":"https:\/\/fireshow.com.br\/16\/?s={search_term_string}"},"query-input":"required name=search_term_string"}],"inLanguage":"pt-BR"},{"@type":"WebPage","@id":"https:\/\/fireshow.com.br\/16\/politica-de-cookies\/#webpage","url":"https:\/\/fireshow.com.br\/16\/politica-de-cookies\/","name":"Pol\u00edtica de Cookies - Fire Show","isPartOf":{"@id":"https:\/\/fireshow.com.br\/16\/#website"},"datePublished":"2020-08-18T12:35:25+00:00","dateModified":"2022-03-30T19:09:28+00:00","breadcrumb":{"@id":"https:\/\/fireshow.com.br\/16\/politica-de-cookies\/#breadcrumb"},"inLanguage":"pt-BR","potentialAction":[{"@type":"ReadAction","target":["https:\/\/fireshow.com.br\/16\/politica-de-cookies\/"]}]},{"@type":"BreadcrumbList","@id":"https:\/\/fireshow.com.br\/16\/politica-de-cookies\/#breadcrumb","itemListElement":[{"@type":"ListItem","position":1,"name":"In\u00edcio","item":"https:\/\/fireshow.com.br\/16\/"},{"@type":"ListItem","position":2,"name":"Pol\u00edtica de Cookies"}]}]}},"_links":{"self":[{"href":"https:\/\/fireshow.com.br\/16\/wp-json\/wp\/v2\/pages\/2793"}],"collection":[{"href":"https:\/\/fireshow.com.br\/16\/wp-json\/wp\/v2\/pages"}],"about":[{"href":"https:\/\/fireshow.com.br\/16\/wp-json\/wp\/v2\/types\/page"}],"author":[{"embeddable":true,"href":"https:\/\/fireshow.com.br\/16\/wp-json\/wp\/v2\/users\/2"}],"replies":[{"embeddable":true,"href":"https:\/\/fireshow.com.br\/16\/wp-json\/wp\/v2\/comments?post=2793"}],"version-history":[{"count":3,"href":"https:\/\/fireshow.com.br\/16\/wp-json\/wp\/v2\/pages\/2793\/revisions"}],"predecessor-version":[{"id":3026,"href":"https:\/\/fireshow.com.br\/16\/wp-json\/wp\/v2\/pages\/2793\/revisions\/3026"}],"wp:attachment":[{"href":"https:\/\/fireshow.com.br\/16\/wp-json\/wp\/v2\/media?parent=2793"}],"curies":[{"name":"wp","href":"https:\/\/api.w.org\/{rel}","templated":true}]}}