{"id":2737,"date":"2020-06-08T15:56:58","date_gmt":"2020-06-08T15:56:58","guid":{"rendered":"https:\/\/fireshow.com.br\/16\/?page_id=2737"},"modified":"2024-11-01T18:57:41","modified_gmt":"2024-11-01T18:57:41","slug":"baixe-o-catalogo-fire-show-2024","status":"publish","type":"page","link":"https:\/\/fireshow.com.br\/16\/baixe-o-catalogo-fire-show-2024\/","title":{"rendered":"Baixe o Cat\u00e1logo Fire Show 2024"},"content":{"rendered":"<p><section id=\"bt_section69ec97f2a5e42\"  class=\"boldSection inherit\" ><div class=\"port\"><div class=\"boldCell\"><div class=\"boldCellInner\"><div class=\"boldRow \" ><div class=\"boldRowInner\"><div class=\"rowItem col-md-12 col-ms-12  btTextCenter inherit\"  ><div class=\"rowItemContent\" ><div class=\"btClear btSeparator topSemiSpaced noBorder\" ><hr><\/div><header class=\"header btClear large btDash topDash  btAccentDash\" ><div class=\"dash\"><h2><span class=\"headline\">BAIXE O CAT\u00c1LOGO <b class=\"animate\">FIRE SHOW 2024<\/b><\/span><\/h2><\/div><\/header><div class=\"btClear btSeparator topSemiSpaced noBorder\" ><hr><\/div><\/div><\/div><\/div><\/div><\/div><\/div><\/div><\/section><section id=\"bt_section69ec97f2a613b\"  class=\"boldSection btLightSkin gutter inherit\" ><div class=\"port\"><div class=\"boldCell\"><div class=\"boldCellInner\"><div class=\"boldRow \" ><div class=\"boldRowInner\"><div class=\"rowItem col-md-6 col-sm-12 btTextLeft inherit btNoPadding\" style=\"background-color: rgba(255, 255, 255, 1);\" ><div class=\"rowItemContent\" ><div class=\"bpgPhoto btTextCenter\" ><div class = \"btImage\"><img src=\"https:\/\/fireshow.com.br\/16\/wp-content\/uploads\/2024\/11\/capa-cata\u0301logo-fire-copiar.png\" alt=\"\" ><\/div><\/div><\/div><\/div><div class=\"rowItem col-md-6 col-sm-12 btTextLeft inherit\" style=\"color:#ffffff; font-size:17px;background-color: rgba(231, 34, 16, 1);\" ><div class=\"rowItemContent\" ><div class=\"bt_bb_separator_v2 bt_bb_border_style_none bt_bb_top_spacing_normal bt_bb_icon_size_normal bt_bb_text_size_normal bt_bb_separator_v2_without_content\" data-bt-override-class=\"null\"><div class=\"bt_bb_separator_v2_inner\"><span class=\"bt_bb_separator_v2_inner_before\"><\/span><span class=\"bt_bb_separator_v2_inner_content\"><span  data-ico-=\"\" class=\"bt_bb_icon_holder\"><\/span><\/span><span class=\"bt_bb_separator_v2_inner_after\"><\/span><\/div><\/div><div class=\"btText\" ><\/p>\n<h3 style=\"color: #ffffff;\">Agora Voc\u00ea ter\u00e1 acesso \u00e0s Maiores Empresas e Marcas do Setor baixando o Cat\u00e1logo de Expositores da Fire Show 2024.<\/h3>\n<p>\n<\/div><div data-bb-version=\"4.5.6\" class=\"bt_bb_contact_form_7\"><div role=\"form\" class=\"wpcf7\" id=\"wpcf7-f2736-o1\" lang=\"pt-BR\" dir=\"ltr\">\n<div class=\"screen-reader-response\"><p role=\"status\" aria-live=\"polite\" aria-atomic=\"true\"><\/p> <ul><\/ul><\/div>\n<form action=\"\/16\/wp-json\/wp\/v2\/pages\/2737#wpcf7-f2736-o1\" method=\"post\" class=\"wpcf7-form init\" novalidate=\"novalidate\" data-status=\"init\">\n<div style=\"display: none;\">\n<input type=\"hidden\" name=\"_wpcf7\" value=\"2736\" \/>\n<input type=\"hidden\" name=\"_wpcf7_version\" value=\"5.5.5\" \/>\n<input type=\"hidden\" name=\"_wpcf7_locale\" value=\"pt_BR\" \/>\n<input type=\"hidden\" name=\"_wpcf7_unit_tag\" value=\"wpcf7-f2736-o1\" \/>\n<input type=\"hidden\" name=\"_wpcf7_container_post\" value=\"0\" \/>\n<input type=\"hidden\" name=\"_wpcf7_posted_data_hash\" value=\"\" \/>\n<input type=\"hidden\" name=\"_wpcf7_recaptcha_response\" value=\"\" \/>\n<\/div>\n<p>Nome *<br \/>\n    <span class=\"wpcf7-form-control-wrap nome\"><input type=\"text\" name=\"nome\" value=\"\" size=\"40\" class=\"wpcf7-form-control wpcf7-text wpcf7-validates-as-required\" aria-required=\"true\" aria-invalid=\"false\" placeholder=\"Nome\" \/><\/span> <\/p>\n<p>Telefone *<br \/>\n    <span class=\"wpcf7-form-control-wrap telefone\"><input type=\"tel\" name=\"telefone\" value=\"\" size=\"40\" class=\"wpcf7-form-control wpcf7-text wpcf7-tel wpcf7-validates-as-required wpcf7-validates-as-tel\" aria-required=\"true\" aria-invalid=\"false\" placeholder=\"DDD + Telefone\" \/><\/span> <\/p>\n<p>E-mail *<br \/>\n    <span class=\"wpcf7-form-control-wrap email\"><input type=\"email\" name=\"email\" value=\"\" size=\"40\" class=\"wpcf7-form-control wpcf7-text wpcf7-email wpcf7-validates-as-required wpcf7-validates-as-email\" aria-required=\"true\" aria-invalid=\"false\" placeholder=\"E-mail\" \/><\/span> <\/p>\n<div class=\"textwidget\" style=\"padding:10px\"><span class=\"wpcf7-form-control-wrap comunicacaoCFM\"><span class=\"wpcf7-form-control wpcf7-checkbox\"><span class=\"wpcf7-list-item first last\"><input type=\"checkbox\" name=\"comunicacaoCFM[]\" value=\"Sim, eu quero receber comunica\u00e7\u00f5es do Grupo Fiera Milano Brasil\" \/><span class=\"wpcf7-list-item-label\">Sim, eu quero receber comunica\u00e7\u00f5es do Grupo Fiera Milano Brasil<\/span><\/span><\/span><\/span><\/div>\n<div class=\"textwidget\" style=\"padding:10px\"><span class=\"wpcf7-form-control-wrap comunicacaoParceiros\"><span class=\"wpcf7-form-control wpcf7-checkbox\"><span class=\"wpcf7-list-item first last\"><input type=\"checkbox\" name=\"comunicacaoParceiros[]\" value=\"Sim, eu quero receber comunica\u00e7\u00f5es dos parceiros do Grupo Fiera Milano Brasil\" \/><span class=\"wpcf7-list-item-label\">Sim, eu quero receber comunica\u00e7\u00f5es dos parceiros do Grupo Fiera Milano Brasil<\/span><\/span><\/span><\/span><\/div>\n<div class=\"textwidget\" style=\"padding:10px\"><span class=\"wpcf7-form-control-wrap privacidade\"><span class=\"wpcf7-form-control wpcf7-checkbox wpcf7-validates-as-required\"><span class=\"wpcf7-list-item first last\"><input type=\"checkbox\" name=\"privacidade[]\" value=\"Sim, eu concordo com os termos de uso e com a Pol\u00edtica de Privacidade do Grupo Fiera Milano Brasil\" \/><span class=\"wpcf7-list-item-label\">Sim, eu concordo com os termos de uso e com a Pol\u00edtica de Privacidade do Grupo Fiera Milano Brasil<\/span><\/span><\/span><\/span><\/div>\n<div class=\"textwidget\" style=\"padding:10px\"><a href=\"\/16\/politica-de-privacidade\/\" target=\"new\" style=\"font-size:14px\"><b>Ver Pol\u00edtica de Privacidade<\/b><\/a><\/div>\n<p><input type=\"submit\" value=\"Enviar\" class=\"wpcf7-form-control has-spinner wpcf7-submit\" id=\"baixar-ebook-fireshow-2024\" \/><\/p>\n<div class=\"wpcf7-response-output\" aria-hidden=\"true\"><\/div><\/form><\/div><\/div><div class=\"bt_bb_separator_v2 bt_bb_border_style_none bt_bb_top_spacing_normal bt_bb_icon_size_normal bt_bb_text_size_normal bt_bb_separator_v2_without_content\" data-bt-override-class=\"null\"><div class=\"bt_bb_separator_v2_inner\"><span class=\"bt_bb_separator_v2_inner_before\"><\/span><span class=\"bt_bb_separator_v2_inner_content\"><span  data-ico-=\"\" class=\"bt_bb_icon_holder\"><\/span><\/span><span class=\"bt_bb_separator_v2_inner_after\"><\/span><\/div><\/div><\/div><\/div><\/div><\/div><\/div><\/div><\/div><\/section><\/p>\n","protected":false},"excerpt":{"rendered":"","protected":false},"author":2,"featured_media":0,"parent":0,"menu_order":0,"comment_status":"closed","ping_status":"closed","template":"","meta":[],"yoast_head":"<!-- This site is optimized with the Yoast SEO plugin v18.1 - https:\/\/yoast.com\/wordpress\/plugins\/seo\/ -->\n<title>Baixe o Cat\u00e1logo Fire Show 2024 | International Fire Fair<\/title>\n<meta name=\"description\" content=\"Agora Voc\u00ea ter\u00e1 Acesso as Maiores Empresas e Marcas do Setor Baixando o Cat\u00e1logo de Expositores da Fire Show 2024. Aproveite, baixe j\u00e1 o seu.\" \/>\n<meta name=\"robots\" content=\"index, follow, max-snippet:-1, max-image-preview:large, max-video-preview:-1\" \/>\n<link rel=\"canonical\" href=\"https:\/\/fireshow.com.br\/16\/baixe-o-catalogo-fire-show-2024\/\" \/>\n<meta property=\"og:locale\" content=\"pt_BR\" \/>\n<meta property=\"og:type\" content=\"article\" \/>\n<meta property=\"og:title\" content=\"Baixe o Cat\u00e1logo Fire Show 2024 | International Fire Fair\" \/>\n<meta property=\"og:description\" content=\"Agora Voc\u00ea ter\u00e1 Acesso as Maiores Empresas e Marcas do Setor Baixando o Cat\u00e1logo de Expositores da Fire Show 2024. Aproveite, baixe j\u00e1 o seu.\" \/>\n<meta property=\"og:url\" content=\"https:\/\/fireshow.com.br\/16\/baixe-o-catalogo-fire-show-2024\/\" \/>\n<meta property=\"og:site_name\" content=\"Fire Show\" \/>\n<meta property=\"article:publisher\" content=\"https:\/\/www.facebook.com\/Fire-Show-1113145285392042\/\" \/>\n<meta property=\"article:modified_time\" content=\"2024-11-01T18:57:41+00:00\" \/>\n<meta name=\"twitter:card\" content=\"summary_large_image\" \/>\n<meta name=\"twitter:site\" content=\"@feirafireshow\" \/>\n<meta name=\"twitter:label1\" content=\"Est. tempo de leitura\" \/>\n\t<meta name=\"twitter:data1\" content=\"2 minutos\" \/>\n<script type=\"application\/ld+json\" class=\"yoast-schema-graph\">{\"@context\":\"https:\/\/schema.org\",\"@graph\":[{\"@type\":\"WebSite\",\"@id\":\"https:\/\/fireshow.com.br\/16\/#website\",\"url\":\"https:\/\/fireshow.com.br\/16\/\",\"name\":\"Fire Show\",\"description\":\"International Fire Fair\",\"potentialAction\":[{\"@type\":\"SearchAction\",\"target\":{\"@type\":\"EntryPoint\",\"urlTemplate\":\"https:\/\/fireshow.com.br\/16\/?s={search_term_string}\"},\"query-input\":\"required name=search_term_string\"}],\"inLanguage\":\"pt-BR\"},{\"@type\":\"WebPage\",\"@id\":\"https:\/\/fireshow.com.br\/16\/baixe-o-catalogo-fire-show-2024\/#webpage\",\"url\":\"https:\/\/fireshow.com.br\/16\/baixe-o-catalogo-fire-show-2024\/\",\"name\":\"Baixe o Cat\u00e1logo Fire Show 2024 | International Fire Fair\",\"isPartOf\":{\"@id\":\"https:\/\/fireshow.com.br\/16\/#website\"},\"datePublished\":\"2020-06-08T15:56:58+00:00\",\"dateModified\":\"2024-11-01T18:57:41+00:00\",\"description\":\"Agora Voc\u00ea ter\u00e1 Acesso as Maiores Empresas e Marcas do Setor Baixando o Cat\u00e1logo de Expositores da Fire Show 2024. Aproveite, baixe j\u00e1 o seu.\",\"breadcrumb\":{\"@id\":\"https:\/\/fireshow.com.br\/16\/baixe-o-catalogo-fire-show-2024\/#breadcrumb\"},\"inLanguage\":\"pt-BR\",\"potentialAction\":[{\"@type\":\"ReadAction\",\"target\":[\"https:\/\/fireshow.com.br\/16\/baixe-o-catalogo-fire-show-2024\/\"]}]},{\"@type\":\"BreadcrumbList\",\"@id\":\"https:\/\/fireshow.com.br\/16\/baixe-o-catalogo-fire-show-2024\/#breadcrumb\",\"itemListElement\":[{\"@type\":\"ListItem\",\"position\":1,\"name\":\"In\u00edcio\",\"item\":\"https:\/\/fireshow.com.br\/16\/\"},{\"@type\":\"ListItem\",\"position\":2,\"name\":\"Baixe o Cat\u00e1logo Fire Show 2024\"}]}]}<\/script>\n<!-- \/ Yoast SEO plugin. -->","yoast_head_json":{"title":"Baixe o Cat\u00e1logo Fire Show 2024 | International Fire Fair","description":"Agora Voc\u00ea ter\u00e1 Acesso as Maiores Empresas e Marcas do Setor Baixando o Cat\u00e1logo de Expositores da Fire Show 2024. Aproveite, baixe j\u00e1 o seu.","robots":{"index":"index","follow":"follow","max-snippet":"max-snippet:-1","max-image-preview":"max-image-preview:large","max-video-preview":"max-video-preview:-1"},"canonical":"https:\/\/fireshow.com.br\/16\/baixe-o-catalogo-fire-show-2024\/","og_locale":"pt_BR","og_type":"article","og_title":"Baixe o Cat\u00e1logo Fire Show 2024 | International Fire Fair","og_description":"Agora Voc\u00ea ter\u00e1 Acesso as Maiores Empresas e Marcas do Setor Baixando o Cat\u00e1logo de Expositores da Fire Show 2024. Aproveite, baixe j\u00e1 o seu.","og_url":"https:\/\/fireshow.com.br\/16\/baixe-o-catalogo-fire-show-2024\/","og_site_name":"Fire Show","article_publisher":"https:\/\/www.facebook.com\/Fire-Show-1113145285392042\/","article_modified_time":"2024-11-01T18:57:41+00:00","twitter_card":"summary_large_image","twitter_site":"@feirafireshow","twitter_misc":{"Est. tempo de leitura":"2 minutos"},"schema":{"@context":"https:\/\/schema.org","@graph":[{"@type":"WebSite","@id":"https:\/\/fireshow.com.br\/16\/#website","url":"https:\/\/fireshow.com.br\/16\/","name":"Fire Show","description":"International Fire Fair","potentialAction":[{"@type":"SearchAction","target":{"@type":"EntryPoint","urlTemplate":"https:\/\/fireshow.com.br\/16\/?s={search_term_string}"},"query-input":"required name=search_term_string"}],"inLanguage":"pt-BR"},{"@type":"WebPage","@id":"https:\/\/fireshow.com.br\/16\/baixe-o-catalogo-fire-show-2024\/#webpage","url":"https:\/\/fireshow.com.br\/16\/baixe-o-catalogo-fire-show-2024\/","name":"Baixe o Cat\u00e1logo Fire Show 2024 | International Fire Fair","isPartOf":{"@id":"https:\/\/fireshow.com.br\/16\/#website"},"datePublished":"2020-06-08T15:56:58+00:00","dateModified":"2024-11-01T18:57:41+00:00","description":"Agora Voc\u00ea ter\u00e1 Acesso as Maiores Empresas e Marcas do Setor Baixando o Cat\u00e1logo de Expositores da Fire Show 2024. Aproveite, baixe j\u00e1 o seu.","breadcrumb":{"@id":"https:\/\/fireshow.com.br\/16\/baixe-o-catalogo-fire-show-2024\/#breadcrumb"},"inLanguage":"pt-BR","potentialAction":[{"@type":"ReadAction","target":["https:\/\/fireshow.com.br\/16\/baixe-o-catalogo-fire-show-2024\/"]}]},{"@type":"BreadcrumbList","@id":"https:\/\/fireshow.com.br\/16\/baixe-o-catalogo-fire-show-2024\/#breadcrumb","itemListElement":[{"@type":"ListItem","position":1,"name":"In\u00edcio","item":"https:\/\/fireshow.com.br\/16\/"},{"@type":"ListItem","position":2,"name":"Baixe o Cat\u00e1logo Fire Show 2024"}]}]}},"_links":{"self":[{"href":"https:\/\/fireshow.com.br\/16\/wp-json\/wp\/v2\/pages\/2737"}],"collection":[{"href":"https:\/\/fireshow.com.br\/16\/wp-json\/wp\/v2\/pages"}],"about":[{"href":"https:\/\/fireshow.com.br\/16\/wp-json\/wp\/v2\/types\/page"}],"author":[{"embeddable":true,"href":"https:\/\/fireshow.com.br\/16\/wp-json\/wp\/v2\/users\/2"}],"replies":[{"embeddable":true,"href":"https:\/\/fireshow.com.br\/16\/wp-json\/wp\/v2\/comments?post=2737"}],"version-history":[{"count":13,"href":"https:\/\/fireshow.com.br\/16\/wp-json\/wp\/v2\/pages\/2737\/revisions"}],"predecessor-version":[{"id":10446,"href":"https:\/\/fireshow.com.br\/16\/wp-json\/wp\/v2\/pages\/2737\/revisions\/10446"}],"wp:attachment":[{"href":"https:\/\/fireshow.com.br\/16\/wp-json\/wp\/v2\/media?parent=2737"}],"curies":[{"name":"wp","href":"https:\/\/api.w.org\/{rel}","templated":true}]}}