{"id":2665,"date":"2020-04-03T19:46:06","date_gmt":"2020-04-03T19:46:06","guid":{"rendered":"https:\/\/fireshow.com.br\/16\/?page_id=2665"},"modified":"2024-10-30T15:05:40","modified_gmt":"2024-10-30T15:05:40","slug":"techshow-programacao","status":"publish","type":"page","link":"https:\/\/fireshow.com.br\/16\/techshow-programacao\/","title":{"rendered":"Techshow &#8211; Programa\u00e7\u00e3o"},"content":{"rendered":"<p><section id=\"bt_section69d2c726c29a9\"  class=\"boldSection inherit\" ><div class=\"port\"><div class=\"boldCell\"><div class=\"boldCellInner\"><div class=\"boldRow \" ><div class=\"boldRowInner\"><div class=\"rowItem col-md-12 col-ms-12  btTextCenter inherit\"  ><div class=\"rowItemContent\" ><div class=\"bt_bb_separator_v2 bt_bb_border_style_none bt_bb_top_spacing_medium bt_bb_icon_size_normal bt_bb_text_size_normal bt_bb_separator_v2_without_content\" data-bt-override-class=\"null\"><div class=\"bt_bb_separator_v2_inner\"><span class=\"bt_bb_separator_v2_inner_before\"><\/span><span class=\"bt_bb_separator_v2_inner_content\"><span  data-ico-=\"\" class=\"bt_bb_icon_holder\"><\/span><\/span><span class=\"bt_bb_separator_v2_inner_after\"><\/span><\/div><\/div><header class=\"header btClear large btDash bottomDash  btNormalDash\" ><div class=\"dash\"><h2><span class=\"headline\">Programa\u00e7\u00e3o <b class=\"animate\">Techshow<\/b><\/span><\/h2><\/div><\/header><div class=\"bt_bb_separator_v2 bt_bb_border_style_none bt_bb_top_spacing_small bt_bb_icon_size_normal bt_bb_text_size_normal bt_bb_separator_v2_without_content\" data-bt-override-class=\"null\"><div class=\"bt_bb_separator_v2_inner\"><span class=\"bt_bb_separator_v2_inner_before\"><\/span><span class=\"bt_bb_separator_v2_inner_content\"><span  data-ico-=\"\" class=\"bt_bb_icon_holder\"><\/span><\/span><span class=\"bt_bb_separator_v2_inner_after\"><\/span><\/div><\/div><\/div><\/div><\/div><\/div><\/div><\/div><\/div><\/section><section id=\"bt_section69d2c726c2c70\"  class=\"boldSection gutter inherit\" style=\"font-size:17px;\"><div class=\"port\"><div class=\"boldCell\"><div class=\"boldCellInner\"><div class=\"boldRow \" ><div class=\"boldRowInner\"><div class=\"rowItem col-md-12 col-ms-12  btTextCenter inherit\"  ><div class=\"rowItemContent\" ><div class=\"bt_bb_separator_v2 bt_bb_border_style_none bt_bb_top_spacing_normal bt_bb_icon_size_normal bt_bb_text_size_normal bt_bb_separator_v2_without_content\" data-bt-override-class=\"null\"><div class=\"bt_bb_separator_v2_inner\"><span class=\"bt_bb_separator_v2_inner_before\"><\/span><span class=\"bt_bb_separator_v2_inner_content\"><span  data-ico-=\"\" class=\"bt_bb_icon_holder\"><\/span><\/span><span class=\"bt_bb_separator_v2_inner_after\"><\/span><\/div><\/div><\/div><\/div><\/div><\/div><div class=\"boldRow \" ><div class=\"boldRowInner\"><div class=\"rowItem col-md-12 col-ms-12  btTextLeft inherit\"  ><div class=\"rowItemContent\" ><div class=\"btText\" ><\/p>\n<h3 style=\"text-align: center;\"><strong>EM BREVE!<\/strong><\/h3>\n<p>\n<\/div><div class=\"bt_bb_separator_v2 bt_bb_border_style_none bt_bb_top_spacing_normal bt_bb_icon_size_normal bt_bb_text_size_normal bt_bb_separator_v2_without_content\" data-bt-override-class=\"null\"><div class=\"bt_bb_separator_v2_inner\"><span class=\"bt_bb_separator_v2_inner_before\"><\/span><span class=\"bt_bb_separator_v2_inner_content\"><span  data-ico-=\"\" class=\"bt_bb_icon_holder\"><\/span><\/span><span class=\"bt_bb_separator_v2_inner_after\"><\/span><\/div><\/div><\/div><\/div><\/div><\/div><\/div><\/div><\/div><\/section><\/p>\n","protected":false},"excerpt":{"rendered":"","protected":false},"author":2,"featured_media":0,"parent":0,"menu_order":0,"comment_status":"closed","ping_status":"closed","template":"","meta":[],"yoast_head":"<!-- This site is optimized with the Yoast SEO plugin v18.1 - https:\/\/yoast.com\/wordpress\/plugins\/seo\/ -->\n<title>Programa\u00e7\u00e3o Techshow Fire Show | Palestra dos Expositores<\/title>\n<meta name=\"description\" content=\"O Techshow \u00e9 um Evento Gratuito Focado na Atualiza\u00e7\u00e3o de Conhecimento T\u00e9cnico e Apresenta\u00e7\u00e3o de Produtos, Servi\u00e7os e Tecnologias do Setor.\" \/>\n<meta name=\"robots\" content=\"index, follow, max-snippet:-1, max-image-preview:large, max-video-preview:-1\" \/>\n<link rel=\"canonical\" href=\"https:\/\/fireshow.com.br\/16\/techshow-programacao\/\" \/>\n<meta property=\"og:locale\" content=\"pt_BR\" \/>\n<meta property=\"og:type\" content=\"article\" \/>\n<meta property=\"og:title\" content=\"Programa\u00e7\u00e3o Techshow Fire Show | Palestra dos Expositores\" \/>\n<meta property=\"og:description\" content=\"O Techshow \u00e9 um Evento Gratuito Focado na Atualiza\u00e7\u00e3o de Conhecimento T\u00e9cnico e Apresenta\u00e7\u00e3o de Produtos, Servi\u00e7os e Tecnologias do Setor.\" \/>\n<meta property=\"og:url\" content=\"https:\/\/fireshow.com.br\/16\/techshow-programacao\/\" \/>\n<meta property=\"og:site_name\" content=\"Fire Show\" \/>\n<meta property=\"article:publisher\" content=\"https:\/\/www.facebook.com\/Fire-Show-1113145285392042\/\" \/>\n<meta property=\"article:modified_time\" content=\"2024-10-30T15:05:40+00:00\" \/>\n<meta name=\"twitter:card\" content=\"summary_large_image\" \/>\n<meta name=\"twitter:site\" content=\"@feirafireshow\" \/>\n<meta name=\"twitter:label1\" content=\"Est. tempo de leitura\" \/>\n\t<meta name=\"twitter:data1\" content=\"1 minuto\" \/>\n<script type=\"application\/ld+json\" class=\"yoast-schema-graph\">{\"@context\":\"https:\/\/schema.org\",\"@graph\":[{\"@type\":\"WebSite\",\"@id\":\"https:\/\/fireshow.com.br\/16\/#website\",\"url\":\"https:\/\/fireshow.com.br\/16\/\",\"name\":\"Fire Show\",\"description\":\"International Fire Fair\",\"potentialAction\":[{\"@type\":\"SearchAction\",\"target\":{\"@type\":\"EntryPoint\",\"urlTemplate\":\"https:\/\/fireshow.com.br\/16\/?s={search_term_string}\"},\"query-input\":\"required name=search_term_string\"}],\"inLanguage\":\"pt-BR\"},{\"@type\":\"WebPage\",\"@id\":\"https:\/\/fireshow.com.br\/16\/techshow-programacao\/#webpage\",\"url\":\"https:\/\/fireshow.com.br\/16\/techshow-programacao\/\",\"name\":\"Programa\u00e7\u00e3o Techshow Fire Show | Palestra dos Expositores\",\"isPartOf\":{\"@id\":\"https:\/\/fireshow.com.br\/16\/#website\"},\"datePublished\":\"2020-04-03T19:46:06+00:00\",\"dateModified\":\"2024-10-30T15:05:40+00:00\",\"description\":\"O Techshow \u00e9 um Evento Gratuito Focado na Atualiza\u00e7\u00e3o de Conhecimento T\u00e9cnico e Apresenta\u00e7\u00e3o de Produtos, Servi\u00e7os e Tecnologias do Setor.\",\"breadcrumb\":{\"@id\":\"https:\/\/fireshow.com.br\/16\/techshow-programacao\/#breadcrumb\"},\"inLanguage\":\"pt-BR\",\"potentialAction\":[{\"@type\":\"ReadAction\",\"target\":[\"https:\/\/fireshow.com.br\/16\/techshow-programacao\/\"]}]},{\"@type\":\"BreadcrumbList\",\"@id\":\"https:\/\/fireshow.com.br\/16\/techshow-programacao\/#breadcrumb\",\"itemListElement\":[{\"@type\":\"ListItem\",\"position\":1,\"name\":\"In\u00edcio\",\"item\":\"https:\/\/fireshow.com.br\/16\/\"},{\"@type\":\"ListItem\",\"position\":2,\"name\":\"Techshow &#8211; Programa\u00e7\u00e3o\"}]}]}<\/script>\n<!-- \/ Yoast SEO plugin. -->","yoast_head_json":{"title":"Programa\u00e7\u00e3o Techshow Fire Show | Palestra dos Expositores","description":"O Techshow \u00e9 um Evento Gratuito Focado na Atualiza\u00e7\u00e3o de Conhecimento T\u00e9cnico e Apresenta\u00e7\u00e3o de Produtos, Servi\u00e7os e Tecnologias do Setor.","robots":{"index":"index","follow":"follow","max-snippet":"max-snippet:-1","max-image-preview":"max-image-preview:large","max-video-preview":"max-video-preview:-1"},"canonical":"https:\/\/fireshow.com.br\/16\/techshow-programacao\/","og_locale":"pt_BR","og_type":"article","og_title":"Programa\u00e7\u00e3o Techshow Fire Show | Palestra dos Expositores","og_description":"O Techshow \u00e9 um Evento Gratuito Focado na Atualiza\u00e7\u00e3o de Conhecimento T\u00e9cnico e Apresenta\u00e7\u00e3o de Produtos, Servi\u00e7os e Tecnologias do Setor.","og_url":"https:\/\/fireshow.com.br\/16\/techshow-programacao\/","og_site_name":"Fire Show","article_publisher":"https:\/\/www.facebook.com\/Fire-Show-1113145285392042\/","article_modified_time":"2024-10-30T15:05:40+00:00","twitter_card":"summary_large_image","twitter_site":"@feirafireshow","twitter_misc":{"Est. tempo de leitura":"1 minuto"},"schema":{"@context":"https:\/\/schema.org","@graph":[{"@type":"WebSite","@id":"https:\/\/fireshow.com.br\/16\/#website","url":"https:\/\/fireshow.com.br\/16\/","name":"Fire Show","description":"International Fire Fair","potentialAction":[{"@type":"SearchAction","target":{"@type":"EntryPoint","urlTemplate":"https:\/\/fireshow.com.br\/16\/?s={search_term_string}"},"query-input":"required name=search_term_string"}],"inLanguage":"pt-BR"},{"@type":"WebPage","@id":"https:\/\/fireshow.com.br\/16\/techshow-programacao\/#webpage","url":"https:\/\/fireshow.com.br\/16\/techshow-programacao\/","name":"Programa\u00e7\u00e3o Techshow Fire Show | Palestra dos Expositores","isPartOf":{"@id":"https:\/\/fireshow.com.br\/16\/#website"},"datePublished":"2020-04-03T19:46:06+00:00","dateModified":"2024-10-30T15:05:40+00:00","description":"O Techshow \u00e9 um Evento Gratuito Focado na Atualiza\u00e7\u00e3o de Conhecimento T\u00e9cnico e Apresenta\u00e7\u00e3o de Produtos, Servi\u00e7os e Tecnologias do Setor.","breadcrumb":{"@id":"https:\/\/fireshow.com.br\/16\/techshow-programacao\/#breadcrumb"},"inLanguage":"pt-BR","potentialAction":[{"@type":"ReadAction","target":["https:\/\/fireshow.com.br\/16\/techshow-programacao\/"]}]},{"@type":"BreadcrumbList","@id":"https:\/\/fireshow.com.br\/16\/techshow-programacao\/#breadcrumb","itemListElement":[{"@type":"ListItem","position":1,"name":"In\u00edcio","item":"https:\/\/fireshow.com.br\/16\/"},{"@type":"ListItem","position":2,"name":"Techshow &#8211; Programa\u00e7\u00e3o"}]}]}},"_links":{"self":[{"href":"https:\/\/fireshow.com.br\/16\/wp-json\/wp\/v2\/pages\/2665"}],"collection":[{"href":"https:\/\/fireshow.com.br\/16\/wp-json\/wp\/v2\/pages"}],"about":[{"href":"https:\/\/fireshow.com.br\/16\/wp-json\/wp\/v2\/types\/page"}],"author":[{"embeddable":true,"href":"https:\/\/fireshow.com.br\/16\/wp-json\/wp\/v2\/users\/2"}],"replies":[{"embeddable":true,"href":"https:\/\/fireshow.com.br\/16\/wp-json\/wp\/v2\/comments?post=2665"}],"version-history":[{"count":8,"href":"https:\/\/fireshow.com.br\/16\/wp-json\/wp\/v2\/pages\/2665\/revisions"}],"predecessor-version":[{"id":10451,"href":"https:\/\/fireshow.com.br\/16\/wp-json\/wp\/v2\/pages\/2665\/revisions\/10451"}],"wp:attachment":[{"href":"https:\/\/fireshow.com.br\/16\/wp-json\/wp\/v2\/media?parent=2665"}],"curies":[{"name":"wp","href":"https:\/\/api.w.org\/{rel}","templated":true}]}}