{"id":248,"date":"2015-09-10T14:19:38","date_gmt":"2015-09-10T14:19:38","guid":{"rendered":"http:\/\/exposec.tmp.br\/16\/?page_id=248"},"modified":"2024-07-04T13:42:13","modified_gmt":"2024-07-04T13:42:13","slug":"quem-visita","status":"publish","type":"page","link":"https:\/\/fireshow.com.br\/16\/quem-visita\/","title":{"rendered":"Quem Visita"},"content":{"rendered":"<p><section id=\"bt_section69e743b7cdfd2\"  class=\"boldSection inherit\" ><div class=\"port\"><div class=\"boldCell\"><div class=\"boldCellInner\"><div class=\"boldRow \" ><div class=\"boldRowInner\"><div class=\"rowItem col-md-12 col-ms-12  btTextCenter inherit\"  ><div class=\"rowItemContent\" ><div class=\"bpgPhoto btTextCenter\" ><div class = \"btImage\"><img src=\"https:\/\/fireshow.com.br\/16\/wp-content\/uploads\/2020\/04\/img-quem-visita-fireshow-2020.jpg\" alt=\"Quem Visita a Fire Show\" ><\/div><\/div><div class=\"btClear btSeparator bottomSemiSpaced noBorder\" ><hr><\/div><header class=\"header btClear large btDash bottomDash  btNormalDash\" ><div class=\"dash\"><h2><span class=\"headline\">Quem Visita a <b class=\"animate\">Fire Show<\/b><\/span><\/h2><\/div><\/header><div class=\"btClear btSeparator bottomSmallSpaced noBorder\" ><hr><\/div><\/div><\/div><\/div><\/div><\/div><\/div><\/div><\/section><section id=\"bt_section69e743b7ce6ad\"  class=\"boldSection topSmallSpaced gutter btMiddleVertical\" style=\"font-size:17px;\"><div class=\"port\"><div class=\"boldCell\"><div class=\"boldCellInner\"><div class=\"boldRow \" ><div class=\"boldRowInner\"><div class=\"rowItem col-md-12 col-ms-12  btTextCenter inherit\"  ><div class=\"rowItemContent\" ><div class=\"btClear btSeparator bottomSmallSpaced noBorder\" ><hr><\/div><header class=\"header btClear medium  btAccentDash\" ><div class=\"dash\"><h3><span class=\"headline\"><b class=\"animate\">PODER DE DECIS\u00c3O DO VISITANTE!<\/b><\/span><\/h3><\/div><\/header><div  class=\"bt_bb_text\" ><\/p>\n<p style=\"text-align: center;\">Mais da Metade do P\u00fablico Visitante de Fire Show \u00e9 Decisor Final no Momento da Compra!<\/p>\n<p>\n<\/div><div class=\"btClear btSeparator bottomSmallSpaced noBorder\" ><hr><\/div><\/div><\/div><\/div><\/div><\/div><\/div><\/div><\/section><section id=\"bt_section69e743b7ce9a0\" data-parallax=\"0\" data-parallax-offset=\"0\" class=\"boldSection topSemiSpaced bottomSemiSpaced btDarkSkin gutter inherit btParallax\" style=\"background-color:#444444;\"><div class=\"port\"><div class=\"boldCell\"><div class=\"boldCellInner\"><div class=\"boldRow \" style=\"font-size:20px;\"><div class=\"boldRowInner\"><div class=\"rowItem col-md-3 col-sm-6 col-ms-12 btTextCenter animate animate-fadein inherit\"  ><div class=\"rowItemContent\" ><div class=\"btIconImageRow btIconsHalfHoverPosition\" ><div class=\"bpgPhoto btTextCenter btSimpleHoverType\" ><div class = \"btImage\"><img src=\"https:\/\/fireshow.com.br\/16\/wp-content\/uploads\/2020\/04\/img-80.png\" alt=\"\" ><\/div><\/div><\/div><div class=\"btClear btSeparator topSmallSpaced noBorder\" ><hr><\/div><div  class=\"bt_bb_text\" ><\/p>\n<p style=\"text-align: center;\">Decidem ou t\u00eam influ\u00eancia sobre a compra.<\/p>\n<p>\n<\/div><\/div><\/div><div class=\"rowItem col-md-3 col-sm-6 col-ms-12 btTextCenter animate animate-fadein inherit\"  ><div class=\"rowItemContent\" ><div class=\"btIconImageRow btIconsHalfHoverPosition\" ><div class=\"bpgPhoto btTextCenter btSimpleHoverType\" ><div class = \"btImage\"><img src=\"https:\/\/fireshow.com.br\/16\/wp-content\/uploads\/2020\/04\/img-93.png\" alt=\"\" ><\/div><\/div><\/div><div class=\"btClear btSeparator topSmallSpaced noBorder\" ><hr><\/div><div  class=\"bt_bb_text\" ><\/p>\n<p style=\"text-align: center;\">A feira proporciona \u00f3timas oportunidades de networking.<\/p>\n<p>\n<\/div><\/div><\/div><div class=\"rowItem col-md-3 col-sm-6 col-ms-12 btTextCenter animate animate-fadein inherit\"  ><div class=\"rowItemContent\" ><div class=\"btIconImageRow btIconsHalfHoverPosition\" ><div class=\"bpgPhoto btTextCenter btSimpleHoverType\" ><div class = \"btImage\"><img src=\"https:\/\/fireshow.com.br\/16\/wp-content\/uploads\/2020\/04\/img-94.png\" alt=\"\" ><\/div><\/div><\/div><div class=\"btClear btSeparator topSmallSpaced noBorder\" ><hr><\/div><div  class=\"bt_bb_text\" ><\/p>\n<p style=\"text-align: center;\">Concordam que \u00e9 um \u00f3timo evento para ver lan\u00e7amentos, novidades e tend\u00eancias.<\/p>\n<p>\n<\/div><\/div><\/div><div class=\"rowItem col-md-3 col-sm-6 col-ms-12 btTextCenter animate animate-fadein inherit\"  ><div class=\"rowItemContent\" ><div class=\"btIconImageRow btIconsHalfHoverPosition\" ><div class=\"bpgPhoto btTextCenter btSimpleHoverType\" ><div class = \"btImage\"><img src=\"https:\/\/fireshow.com.br\/16\/wp-content\/uploads\/2020\/04\/img-95.png\" alt=\"\" ><\/div><\/div><\/div><div class=\"btClear btSeparator topSmallSpaced noBorder\" ><hr><\/div><div  class=\"bt_bb_text\" ><\/p>\n<p style=\"text-align: center;\">A feira apresenta grande diversidade de produtos e servi\u00e7os.<\/p>\n<p>\n<\/div><\/div><\/div><\/div><\/div><\/div><\/div><\/div><\/section><section id=\"bt_section69e743b7cfe7c\"  class=\"boldSection bottomSmallSpaced gutter inherit\" style=\"font-size:17px;\"><div class=\"port\"><div class=\"boldCell\"><div class=\"boldCellInner\"><div class=\"boldRow \" ><div class=\"boldRowInner\"><div class=\"rowItem col-md-12 col-ms-12  btTextCenter inherit\"  ><div class=\"rowItemContent\" ><div class=\"btClear btSeparator bottomSemiSpaced noBorder\" ><hr><\/div><header class=\"header btClear medium btDash topDash  btNormalDash\" ><div class=\"dash\"><h3><span class=\"headline\">Perfil do <b class=\"animate\">Visitante<\/b><\/span><\/h3><\/div><\/header><div  class=\"bt_bb_text\" ><\/p>\n<p style=\"text-align: center;\">\u00d3timos neg\u00f3cios esperam por voc\u00ea na <strong>15\u00aa Fire Show!<\/strong><\/p>\n<p>\n<\/div><div class=\"btClear btSeparator bottomSemiSpaced noBorder\" ><hr><\/div><\/div><\/div><\/div><\/div><div class=\"boldRow \" style=\"font-size:22px;\"><div class=\"boldRowInner\"><div class=\"rowItem col-md-6 col-sm-12 btTextLeft inherit\"  ><div class=\"rowItemContent\" ><div  class=\"bt_bb_text\" ><\/p>\n<ul>\n<li><strong style=\"font-size;28px; color: #B01014;\">16%\u00a0<\/strong>Bombeiros<\/li>\n<li><strong style=\"font-size;28px; color: #B01014;\">15%\u00a0<\/strong>T\u00e9cnico de Seguran\u00e7a do Trabalho<\/li>\n<li><strong style=\"font-size;28px; color: #B01014;\">12%\u00a0<\/strong>Diretor<\/li>\n<li><strong style=\"font-size;28px; color: #B01014;\">12%\u00a0<\/strong>Engenheiro de Seguran\u00e7a do Trabalho<\/li>\n<li><strong style=\"font-size;28px; color: #B01014;\">12%\u00a0<\/strong>Engenheiro de Inc\u00eandio<\/li>\n<li><strong style=\"font-size;28px; color: #B01014;\">9%\u00a0<\/strong>CEO \/ Propriet\u00e1rio<\/li>\n<li><strong style=\"font-size;28px; color: #B01014;\">8%\u00a0<\/strong>Comprador<\/li>\n<li><strong style=\"font-size;28px; color: #B01014;\">7%\u00a0<\/strong>Gerente<\/li>\n<li><strong style=\"font-size;28px; color: #B01014;\">6%\u00a0<\/strong>Administrador<\/li>\n<li><strong style=\"font-size;28px; color: #B01014;\">4%\u00a0<\/strong>Comercial<\/li>\n<li><strong style=\"font-size;28px; color: #B01014;\">1%\u00a0<\/strong>Outros<\/li>\n<\/ul>\n<p>\n<\/div><\/div><\/div><div class=\"rowItem col-md-6 col-sm-12 btTextLeft\"  ><div class=\"rowItemContent\" ><div  class=\"bt_bb_text\" ><\/p>\n<p><img loading=\"lazy\" class=\"aligncenter wp-image-2573\" src=\"https:\/\/fireshow.com.br\/16\/wp-content\/uploads\/2020\/04\/img-perfil-visitante-fireshow.png\" alt=\"Perfil do Visitante Fire Show\" width=\"450\" height=\"475\" srcset=\"https:\/\/fireshow.com.br\/16\/wp-content\/uploads\/2020\/04\/img-perfil-visitante-fireshow.png 689w, https:\/\/fireshow.com.br\/16\/wp-content\/uploads\/2020\/04\/img-perfil-visitante-fireshow-320x338.png 320w, https:\/\/fireshow.com.br\/16\/wp-content\/uploads\/2020\/04\/img-perfil-visitante-fireshow-540x571.png 540w\" sizes=\"(max-width: 450px) 100vw, 450px\" \/><\/p>\n<p>\n<\/div><\/div><\/div><\/div><\/div><\/div><\/div><\/div><\/section><section id=\"bt_section69e743b7d0453\"  class=\"boldSection bottomSmallSpaced gutter inherit\" style=\"font-size:17px;\"><div class=\"port\"><div class=\"boldCell\"><div class=\"boldCellInner\"><div class=\"boldRow \" ><div class=\"boldRowInner\"><div class=\"rowItem col-md-12 col-ms-12  btTextCenter inherit\"  ><div class=\"rowItemContent\" ><div class=\"btClear btSeparator bottomSemiSpaced noBorder\" ><hr><\/div><header class=\"header btClear medium btDash topDash  btNormalDash\" ><div class=\"dash\"><h3><span class=\"headline\"><b class=\"animate\">TOP 20<\/b> Setores Mais Procurados<\/span><\/h3><\/div><\/header><div class=\"btClear btSeparator bottomSemiSpaced noBorder\" ><hr><\/div><\/div><\/div><\/div><\/div><div class=\"boldRow \" style=\"font-size:22px;\"><div class=\"boldRowInner\"><div class=\"rowItem col-md-6 col-sm-12 btTextLeft inherit\"  ><div class=\"rowItemContent\" ><div  class=\"bt_bb_text\" ><\/p>\n<p>01. Alarmes<span class=\"Apple-converted-space\"><br \/>\n<\/span>02. Agentes Extintores<span class=\"Apple-converted-space\"><br \/>\n<\/span>03. Acess\u00f3rios para Extintores<span class=\"Apple-converted-space\"><br \/>\n<\/span>04. Bombas contra Inc\u00eandio e Centrifugas<br \/>\n05. Acionadores Manuais<span class=\"Apple-converted-space\"><br \/>\n<\/span>06. Centrais de Inc\u00eandio<br \/>\n07. Abrigos<span class=\"Apple-converted-space\"><br \/>\n<\/span>08. Automa\u00e7\u00e3o<span class=\"Apple-converted-space\"><br \/>\n<\/span>09. Bolsas Kits<span class=\"Apple-converted-space\"><br \/>\n<\/span>10. Chuveiros Autom\u00e1ticos contra Inc\u00eandio<\/p>\n<p>\n<\/div><\/div><\/div><div class=\"rowItem col-md-6 col-sm-12 btTextLeft\"  ><div class=\"rowItemContent\" ><div  class=\"bt_bb_text\" ><\/p>\n<p>11. Ar Respir\u00e1vel<br \/>\n12. Eq. de Preven\u00e7\u00e3o e Combate a Inc\u00eandio<br \/>\n13. Abafadores de Fa\u00edsca<br \/>\n14. Detectores de Fuma\u00e7a<br \/>\n15. Detectores Inc\u00eandio<br \/>\n16. Arm\u00e1rios de Seguran\u00e7a<br \/>\n17. Detectores de Calor<br \/>\n18. Botas de Seguran\u00e7a<br \/>\n19. Auditorias em Sinistros<br \/>\n20. Autossalvamentos<\/p>\n<p>\n<\/div><\/div><\/div><\/div><\/div><\/div><\/div><\/div><\/section><section id=\"bt_section69e743b7d0928\"  class=\"boldSection bottomSmallSpaced inherit\" ><div class=\"port\"><div class=\"boldCell\"><div class=\"boldCellInner\"><div class=\"boldRow \" ><div class=\"boldRowInner\"><div class=\"rowItem col-md-12 col-ms-12  btTextCenter inherit\"  ><div class=\"rowItemContent\" ><div class=\"btClear btSeparator bottomSemiSpaced noBorder\" ><hr><\/div><header class=\"header btClear medium  btAccentDash\" ><div class=\"dash\"><h3><span class=\"headline\">Garanta j\u00e1 a sua participa\u00e7\u00e3o no maior evento do setor.<\/span><\/h3><\/div><\/header><a href=\"\/16\/credenciamento\/\" class=\"btBtn btBtn btnFilledStyle btnAccentColor btnBig btnNormalWidth btnLeftPosition btnIco\" ><span class=\"btnInnerText\">Credenciamento Gratuito<\/span><span class=\"btIco \" ><span  data-ico-fa=\"&#xf101;\" class=\"btIcoHolder\"><em><\/em><\/span><\/span><\/a><\/div><\/div><\/div><\/div><\/div><\/div><\/div><\/section><\/p>\n","protected":false},"excerpt":{"rendered":"","protected":false},"author":2,"featured_media":0,"parent":0,"menu_order":0,"comment_status":"closed","ping_status":"closed","template":"","meta":[],"yoast_head":"<!-- This site is optimized with the Yoast SEO plugin v18.1 - https:\/\/yoast.com\/wordpress\/plugins\/seo\/ -->\n<title>Quem Visita a Fire Show - International Fire Fair<\/title>\n<meta name=\"description\" content=\"Confira o perfil de quem visita a Fire Show. Ser\u00e3o 50 mil profissionais do setor* entre diretores, gerentes de seguran\u00e7a, distribuidores, bombeiros e outros\" \/>\n<meta name=\"robots\" content=\"index, follow, max-snippet:-1, max-image-preview:large, max-video-preview:-1\" \/>\n<link rel=\"canonical\" href=\"https:\/\/fireshow.com.br\/16\/quem-visita\/\" \/>\n<meta property=\"og:locale\" content=\"pt_BR\" \/>\n<meta property=\"og:type\" content=\"article\" \/>\n<meta property=\"og:title\" content=\"Quem Visita a Fire Show - International Fire Fair\" \/>\n<meta property=\"og:description\" content=\"Confira o perfil de quem visita a Fire Show. Ser\u00e3o 50 mil profissionais do setor* entre diretores, gerentes de seguran\u00e7a, distribuidores, bombeiros e outros\" \/>\n<meta property=\"og:url\" content=\"https:\/\/fireshow.com.br\/16\/quem-visita\/\" \/>\n<meta property=\"og:site_name\" content=\"Fire Show\" \/>\n<meta property=\"article:publisher\" content=\"https:\/\/www.facebook.com\/Fire-Show-1113145285392042\/\" \/>\n<meta property=\"article:modified_time\" content=\"2024-07-04T13:42:13+00:00\" \/>\n<meta property=\"og:image\" content=\"https:\/\/fireshow.com.br\/16\/wp-content\/uploads\/2020\/04\/img-perfil-visitante-fireshow.png\" \/>\n<meta name=\"twitter:card\" content=\"summary_large_image\" \/>\n<meta name=\"twitter:site\" content=\"@feirafireshow\" \/>\n<meta name=\"twitter:label1\" content=\"Est. tempo de leitura\" \/>\n\t<meta name=\"twitter:data1\" content=\"7 minutos\" \/>\n<script type=\"application\/ld+json\" class=\"yoast-schema-graph\">{\"@context\":\"https:\/\/schema.org\",\"@graph\":[{\"@type\":\"WebSite\",\"@id\":\"https:\/\/fireshow.com.br\/16\/#website\",\"url\":\"https:\/\/fireshow.com.br\/16\/\",\"name\":\"Fire Show\",\"description\":\"International Fire Fair\",\"potentialAction\":[{\"@type\":\"SearchAction\",\"target\":{\"@type\":\"EntryPoint\",\"urlTemplate\":\"https:\/\/fireshow.com.br\/16\/?s={search_term_string}\"},\"query-input\":\"required name=search_term_string\"}],\"inLanguage\":\"pt-BR\"},{\"@type\":\"ImageObject\",\"@id\":\"https:\/\/fireshow.com.br\/16\/quem-visita\/#primaryimage\",\"inLanguage\":\"pt-BR\",\"url\":\"https:\/\/fireshow.com.br\/16\/wp-content\/uploads\/2020\/04\/img-perfil-visitante-fireshow.png\",\"contentUrl\":\"https:\/\/fireshow.com.br\/16\/wp-content\/uploads\/2020\/04\/img-perfil-visitante-fireshow.png\",\"width\":689,\"height\":728},{\"@type\":\"WebPage\",\"@id\":\"https:\/\/fireshow.com.br\/16\/quem-visita\/#webpage\",\"url\":\"https:\/\/fireshow.com.br\/16\/quem-visita\/\",\"name\":\"Quem Visita a Fire Show - International Fire Fair\",\"isPartOf\":{\"@id\":\"https:\/\/fireshow.com.br\/16\/#website\"},\"primaryImageOfPage\":{\"@id\":\"https:\/\/fireshow.com.br\/16\/quem-visita\/#primaryimage\"},\"datePublished\":\"2015-09-10T14:19:38+00:00\",\"dateModified\":\"2024-07-04T13:42:13+00:00\",\"description\":\"Confira o perfil de quem visita a Fire Show. Ser\u00e3o 50 mil profissionais do setor* entre diretores, gerentes de seguran\u00e7a, distribuidores, bombeiros e outros\",\"breadcrumb\":{\"@id\":\"https:\/\/fireshow.com.br\/16\/quem-visita\/#breadcrumb\"},\"inLanguage\":\"pt-BR\",\"potentialAction\":[{\"@type\":\"ReadAction\",\"target\":[\"https:\/\/fireshow.com.br\/16\/quem-visita\/\"]}]},{\"@type\":\"BreadcrumbList\",\"@id\":\"https:\/\/fireshow.com.br\/16\/quem-visita\/#breadcrumb\",\"itemListElement\":[{\"@type\":\"ListItem\",\"position\":1,\"name\":\"In\u00edcio\",\"item\":\"https:\/\/fireshow.com.br\/16\/\"},{\"@type\":\"ListItem\",\"position\":2,\"name\":\"Quem Visita\"}]}]}<\/script>\n<!-- \/ Yoast SEO plugin. -->","yoast_head_json":{"title":"Quem Visita a Fire Show - International Fire Fair","description":"Confira o perfil de quem visita a Fire Show. Ser\u00e3o 50 mil profissionais do setor* entre diretores, gerentes de seguran\u00e7a, distribuidores, bombeiros e outros","robots":{"index":"index","follow":"follow","max-snippet":"max-snippet:-1","max-image-preview":"max-image-preview:large","max-video-preview":"max-video-preview:-1"},"canonical":"https:\/\/fireshow.com.br\/16\/quem-visita\/","og_locale":"pt_BR","og_type":"article","og_title":"Quem Visita a Fire Show - International Fire Fair","og_description":"Confira o perfil de quem visita a Fire Show. Ser\u00e3o 50 mil profissionais do setor* entre diretores, gerentes de seguran\u00e7a, distribuidores, bombeiros e outros","og_url":"https:\/\/fireshow.com.br\/16\/quem-visita\/","og_site_name":"Fire Show","article_publisher":"https:\/\/www.facebook.com\/Fire-Show-1113145285392042\/","article_modified_time":"2024-07-04T13:42:13+00:00","og_image":[{"url":"https:\/\/fireshow.com.br\/16\/wp-content\/uploads\/2020\/04\/img-perfil-visitante-fireshow.png"}],"twitter_card":"summary_large_image","twitter_site":"@feirafireshow","twitter_misc":{"Est. tempo de leitura":"7 minutos"},"schema":{"@context":"https:\/\/schema.org","@graph":[{"@type":"WebSite","@id":"https:\/\/fireshow.com.br\/16\/#website","url":"https:\/\/fireshow.com.br\/16\/","name":"Fire Show","description":"International Fire Fair","potentialAction":[{"@type":"SearchAction","target":{"@type":"EntryPoint","urlTemplate":"https:\/\/fireshow.com.br\/16\/?s={search_term_string}"},"query-input":"required name=search_term_string"}],"inLanguage":"pt-BR"},{"@type":"ImageObject","@id":"https:\/\/fireshow.com.br\/16\/quem-visita\/#primaryimage","inLanguage":"pt-BR","url":"https:\/\/fireshow.com.br\/16\/wp-content\/uploads\/2020\/04\/img-perfil-visitante-fireshow.png","contentUrl":"https:\/\/fireshow.com.br\/16\/wp-content\/uploads\/2020\/04\/img-perfil-visitante-fireshow.png","width":689,"height":728},{"@type":"WebPage","@id":"https:\/\/fireshow.com.br\/16\/quem-visita\/#webpage","url":"https:\/\/fireshow.com.br\/16\/quem-visita\/","name":"Quem Visita a Fire Show - International Fire Fair","isPartOf":{"@id":"https:\/\/fireshow.com.br\/16\/#website"},"primaryImageOfPage":{"@id":"https:\/\/fireshow.com.br\/16\/quem-visita\/#primaryimage"},"datePublished":"2015-09-10T14:19:38+00:00","dateModified":"2024-07-04T13:42:13+00:00","description":"Confira o perfil de quem visita a Fire Show. Ser\u00e3o 50 mil profissionais do setor* entre diretores, gerentes de seguran\u00e7a, distribuidores, bombeiros e outros","breadcrumb":{"@id":"https:\/\/fireshow.com.br\/16\/quem-visita\/#breadcrumb"},"inLanguage":"pt-BR","potentialAction":[{"@type":"ReadAction","target":["https:\/\/fireshow.com.br\/16\/quem-visita\/"]}]},{"@type":"BreadcrumbList","@id":"https:\/\/fireshow.com.br\/16\/quem-visita\/#breadcrumb","itemListElement":[{"@type":"ListItem","position":1,"name":"In\u00edcio","item":"https:\/\/fireshow.com.br\/16\/"},{"@type":"ListItem","position":2,"name":"Quem Visita"}]}]}},"_links":{"self":[{"href":"https:\/\/fireshow.com.br\/16\/wp-json\/wp\/v2\/pages\/248"}],"collection":[{"href":"https:\/\/fireshow.com.br\/16\/wp-json\/wp\/v2\/pages"}],"about":[{"href":"https:\/\/fireshow.com.br\/16\/wp-json\/wp\/v2\/types\/page"}],"author":[{"embeddable":true,"href":"https:\/\/fireshow.com.br\/16\/wp-json\/wp\/v2\/users\/2"}],"replies":[{"embeddable":true,"href":"https:\/\/fireshow.com.br\/16\/wp-json\/wp\/v2\/comments?post=248"}],"version-history":[{"count":20,"href":"https:\/\/fireshow.com.br\/16\/wp-json\/wp\/v2\/pages\/248\/revisions"}],"predecessor-version":[{"id":9722,"href":"https:\/\/fireshow.com.br\/16\/wp-json\/wp\/v2\/pages\/248\/revisions\/9722"}],"wp:attachment":[{"href":"https:\/\/fireshow.com.br\/16\/wp-json\/wp\/v2\/media?parent=248"}],"curies":[{"name":"wp","href":"https:\/\/api.w.org\/{rel}","templated":true}]}}