{"id":218,"date":"2015-09-09T20:03:34","date_gmt":"2015-09-09T20:03:34","guid":{"rendered":"http:\/\/exposec.tmp.br\/16\/?page_id=218"},"modified":"2019-02-01T18:03:55","modified_gmt":"2019-02-01T18:03:55","slug":"sobre-sao-paulo","status":"publish","type":"page","link":"https:\/\/fireshow.com.br\/16\/sobre-sao-paulo\/","title":{"rendered":"Sobre S\u00e3o Paulo"},"content":{"rendered":"<hr \/>\n<p><img loading=\"lazy\" class=\"alignnone wp-image-295 size-full\" title=\"S\u00e3o Paulo\" src=\"http:\/\/exposec.tmp.br\/16\/wp-content\/uploads\/2015\/09\/headersp.png\" alt=\"S\u00e3o Paulo\" width=\"800\" height=\"224\" \/><br \/>\nS\u00e3o Paulo \u00e9 a cidade brasileira mais influente no cen\u00e1rio global e\u00a0centro\u00a0financeiro,\u00a0corporativo\u00a0e\u00a0mercantil da\u00a0Am\u00e9rica do Sul. Concentra 15% do Produto Interno Bruto (PIB) e 6% da popula\u00e7\u00e3o brasileira. \u00c9 uma das cidades de maior movimento no turismo de neg\u00f3cios do planeta: de cada US$ 100 d\u00f3lares de riqueza gerada no Pa\u00eds, mais de US$ 10 s\u00e3o produzidos em S\u00e3o Paulo.<\/p>\n<p>A renda per capita \u00e9 70% acima da dos brasileiros em geral, fazendo do poder de compra dos moradores da cidade um grande mercado para todo tipo de evento.<\/p>\n<p>O S\u00e3o Paulo Expo, centro de exposi\u00e7\u00f5es que abriga a <strong>Fire Show\u00a02020<\/strong>, \u00e9 um dos maiores complexos de neg\u00f3cios da Am\u00e9rica Latina. Pr\u00f3ximo \u00e0 esta\u00e7\u00e3o Jabaquara do metr\u00f4, possui toda a infraestrutura que um grande evento como este requer.<\/p>\n","protected":false},"excerpt":{"rendered":"<p>S\u00e3o Paulo \u00e9 a cidade brasileira mais influente no cen\u00e1rio global e\u00a0centro\u00a0financeiro,\u00a0corporativo\u00a0e\u00a0mercantil da\u00a0Am\u00e9rica do Sul. Concentra 15% do Produto Interno [&hellip;]<\/p>\n","protected":false},"author":2,"featured_media":219,"parent":0,"menu_order":0,"comment_status":"closed","ping_status":"closed","template":"","meta":[],"yoast_head":"<!-- This site is optimized with the Yoast SEO plugin v18.1 - https:\/\/yoast.com\/wordpress\/plugins\/seo\/ -->\n<title>Sobre S\u00e3o Paulo - Cidade Sede da Fire Show - International Fire Fair<\/title>\n<meta name=\"description\" content=\"S\u00e3o Paulo \u00e9 a cidade brasileira mais influente no cen\u00e1rio global e\u00a0centro\u00a0financeiro,\u00a0corporativo\u00a0e\u00a0mercantil da\u00a0Am\u00e9rica do Sul.\" \/>\n<meta name=\"robots\" content=\"index, follow, max-snippet:-1, max-image-preview:large, max-video-preview:-1\" \/>\n<link rel=\"canonical\" href=\"https:\/\/fireshow.com.br\/16\/sobre-sao-paulo\/\" \/>\n<meta property=\"og:locale\" content=\"pt_BR\" \/>\n<meta property=\"og:type\" content=\"article\" \/>\n<meta property=\"og:title\" content=\"Sobre S\u00e3o Paulo - Cidade Sede da Fire Show - International Fire Fair\" \/>\n<meta property=\"og:description\" content=\"S\u00e3o Paulo \u00e9 a cidade brasileira mais influente no cen\u00e1rio global e\u00a0centro\u00a0financeiro,\u00a0corporativo\u00a0e\u00a0mercantil da\u00a0Am\u00e9rica do Sul.\" \/>\n<meta property=\"og:url\" content=\"https:\/\/fireshow.com.br\/16\/sobre-sao-paulo\/\" \/>\n<meta property=\"og:site_name\" content=\"Fire Show\" \/>\n<meta property=\"article:publisher\" content=\"https:\/\/www.facebook.com\/Fire-Show-1113145285392042\/\" \/>\n<meta property=\"article:modified_time\" content=\"2019-02-01T18:03:55+00:00\" \/>\n<meta name=\"twitter:card\" content=\"summary_large_image\" \/>\n<meta name=\"twitter:site\" content=\"@feirafireshow\" \/>\n<meta name=\"twitter:label1\" content=\"Est. tempo de leitura\" \/>\n\t<meta name=\"twitter:data1\" content=\"1 minuto\" \/>\n<script type=\"application\/ld+json\" class=\"yoast-schema-graph\">{\"@context\":\"https:\/\/schema.org\",\"@graph\":[{\"@type\":\"WebSite\",\"@id\":\"https:\/\/fireshow.com.br\/16\/#website\",\"url\":\"https:\/\/fireshow.com.br\/16\/\",\"name\":\"Fire Show\",\"description\":\"International Fire Fair\",\"potentialAction\":[{\"@type\":\"SearchAction\",\"target\":{\"@type\":\"EntryPoint\",\"urlTemplate\":\"https:\/\/fireshow.com.br\/16\/?s={search_term_string}\"},\"query-input\":\"required name=search_term_string\"}],\"inLanguage\":\"pt-BR\"},{\"@type\":\"ImageObject\",\"@id\":\"https:\/\/fireshow.com.br\/16\/sobre-sao-paulo\/#primaryimage\",\"inLanguage\":\"pt-BR\",\"url\":\"\",\"contentUrl\":\"\"},{\"@type\":\"WebPage\",\"@id\":\"https:\/\/fireshow.com.br\/16\/sobre-sao-paulo\/#webpage\",\"url\":\"https:\/\/fireshow.com.br\/16\/sobre-sao-paulo\/\",\"name\":\"Sobre S\u00e3o Paulo - Cidade Sede da Fire Show - International Fire Fair\",\"isPartOf\":{\"@id\":\"https:\/\/fireshow.com.br\/16\/#website\"},\"primaryImageOfPage\":{\"@id\":\"https:\/\/fireshow.com.br\/16\/sobre-sao-paulo\/#primaryimage\"},\"datePublished\":\"2015-09-09T20:03:34+00:00\",\"dateModified\":\"2019-02-01T18:03:55+00:00\",\"description\":\"S\u00e3o Paulo \u00e9 a cidade brasileira mais influente no cen\u00e1rio global e\u00a0centro\u00a0financeiro,\u00a0corporativo\u00a0e\u00a0mercantil da\u00a0Am\u00e9rica do Sul.\",\"breadcrumb\":{\"@id\":\"https:\/\/fireshow.com.br\/16\/sobre-sao-paulo\/#breadcrumb\"},\"inLanguage\":\"pt-BR\",\"potentialAction\":[{\"@type\":\"ReadAction\",\"target\":[\"https:\/\/fireshow.com.br\/16\/sobre-sao-paulo\/\"]}]},{\"@type\":\"BreadcrumbList\",\"@id\":\"https:\/\/fireshow.com.br\/16\/sobre-sao-paulo\/#breadcrumb\",\"itemListElement\":[{\"@type\":\"ListItem\",\"position\":1,\"name\":\"In\u00edcio\",\"item\":\"https:\/\/fireshow.com.br\/16\/\"},{\"@type\":\"ListItem\",\"position\":2,\"name\":\"Sobre S\u00e3o Paulo\"}]}]}<\/script>\n<!-- \/ Yoast SEO plugin. -->","yoast_head_json":{"title":"Sobre S\u00e3o Paulo - Cidade Sede da Fire Show - International Fire Fair","description":"S\u00e3o Paulo \u00e9 a cidade brasileira mais influente no cen\u00e1rio global e\u00a0centro\u00a0financeiro,\u00a0corporativo\u00a0e\u00a0mercantil da\u00a0Am\u00e9rica do Sul.","robots":{"index":"index","follow":"follow","max-snippet":"max-snippet:-1","max-image-preview":"max-image-preview:large","max-video-preview":"max-video-preview:-1"},"canonical":"https:\/\/fireshow.com.br\/16\/sobre-sao-paulo\/","og_locale":"pt_BR","og_type":"article","og_title":"Sobre S\u00e3o Paulo - Cidade Sede da Fire Show - International Fire Fair","og_description":"S\u00e3o Paulo \u00e9 a cidade brasileira mais influente no cen\u00e1rio global e\u00a0centro\u00a0financeiro,\u00a0corporativo\u00a0e\u00a0mercantil da\u00a0Am\u00e9rica do Sul.","og_url":"https:\/\/fireshow.com.br\/16\/sobre-sao-paulo\/","og_site_name":"Fire Show","article_publisher":"https:\/\/www.facebook.com\/Fire-Show-1113145285392042\/","article_modified_time":"2019-02-01T18:03:55+00:00","twitter_card":"summary_large_image","twitter_site":"@feirafireshow","twitter_misc":{"Est. tempo de leitura":"1 minuto"},"schema":{"@context":"https:\/\/schema.org","@graph":[{"@type":"WebSite","@id":"https:\/\/fireshow.com.br\/16\/#website","url":"https:\/\/fireshow.com.br\/16\/","name":"Fire Show","description":"International Fire Fair","potentialAction":[{"@type":"SearchAction","target":{"@type":"EntryPoint","urlTemplate":"https:\/\/fireshow.com.br\/16\/?s={search_term_string}"},"query-input":"required name=search_term_string"}],"inLanguage":"pt-BR"},{"@type":"ImageObject","@id":"https:\/\/fireshow.com.br\/16\/sobre-sao-paulo\/#primaryimage","inLanguage":"pt-BR","url":"","contentUrl":""},{"@type":"WebPage","@id":"https:\/\/fireshow.com.br\/16\/sobre-sao-paulo\/#webpage","url":"https:\/\/fireshow.com.br\/16\/sobre-sao-paulo\/","name":"Sobre S\u00e3o Paulo - Cidade Sede da Fire Show - International Fire Fair","isPartOf":{"@id":"https:\/\/fireshow.com.br\/16\/#website"},"primaryImageOfPage":{"@id":"https:\/\/fireshow.com.br\/16\/sobre-sao-paulo\/#primaryimage"},"datePublished":"2015-09-09T20:03:34+00:00","dateModified":"2019-02-01T18:03:55+00:00","description":"S\u00e3o Paulo \u00e9 a cidade brasileira mais influente no cen\u00e1rio global e\u00a0centro\u00a0financeiro,\u00a0corporativo\u00a0e\u00a0mercantil da\u00a0Am\u00e9rica do Sul.","breadcrumb":{"@id":"https:\/\/fireshow.com.br\/16\/sobre-sao-paulo\/#breadcrumb"},"inLanguage":"pt-BR","potentialAction":[{"@type":"ReadAction","target":["https:\/\/fireshow.com.br\/16\/sobre-sao-paulo\/"]}]},{"@type":"BreadcrumbList","@id":"https:\/\/fireshow.com.br\/16\/sobre-sao-paulo\/#breadcrumb","itemListElement":[{"@type":"ListItem","position":1,"name":"In\u00edcio","item":"https:\/\/fireshow.com.br\/16\/"},{"@type":"ListItem","position":2,"name":"Sobre S\u00e3o Paulo"}]}]}},"_links":{"self":[{"href":"https:\/\/fireshow.com.br\/16\/wp-json\/wp\/v2\/pages\/218"}],"collection":[{"href":"https:\/\/fireshow.com.br\/16\/wp-json\/wp\/v2\/pages"}],"about":[{"href":"https:\/\/fireshow.com.br\/16\/wp-json\/wp\/v2\/types\/page"}],"author":[{"embeddable":true,"href":"https:\/\/fireshow.com.br\/16\/wp-json\/wp\/v2\/users\/2"}],"replies":[{"embeddable":true,"href":"https:\/\/fireshow.com.br\/16\/wp-json\/wp\/v2\/comments?post=218"}],"version-history":[{"count":6,"href":"https:\/\/fireshow.com.br\/16\/wp-json\/wp\/v2\/pages\/218\/revisions"}],"predecessor-version":[{"id":2387,"href":"https:\/\/fireshow.com.br\/16\/wp-json\/wp\/v2\/pages\/218\/revisions\/2387"}],"wp:featuredmedia":[{"embeddable":true,"href":"https:\/\/fireshow.com.br\/16\/wp-json\/"}],"wp:attachment":[{"href":"https:\/\/fireshow.com.br\/16\/wp-json\/wp\/v2\/media?parent=218"}],"curies":[{"name":"wp","href":"https:\/\/api.w.org\/{rel}","templated":true}]}}