{"id":1965,"date":"2016-12-06T18:17:46","date_gmt":"2016-12-06T18:17:46","guid":{"rendered":"http:\/\/fireshow.com.br\/16\/?page_id=1965"},"modified":"2024-07-04T13:43:07","modified_gmt":"2024-07-04T13:43:07","slug":"caderno-incendio-midia-oficial","status":"publish","type":"page","link":"https:\/\/fireshow.com.br\/16\/caderno-incendio-midia-oficial\/","title":{"rendered":"Caderno Inc\u00eandio"},"content":{"rendered":"<p><section id=\"bt_section69e6176c2a7c3\"  class=\"boldSection inherit\" ><div class=\"port\"><div class=\"boldCell\"><div class=\"boldCellInner\"><div class=\"boldRow \" ><div class=\"boldRowInner\"><div class=\"rowItem col-md-12 col-ms-12  btTextCenter inherit\"  ><div class=\"rowItemContent\" ><div class=\"bt_bb_separator_v2 bt_bb_border_style_none bt_bb_top_spacing_medium bt_bb_icon_size_normal bt_bb_text_size_normal bt_bb_separator_v2_without_content\" data-bt-override-class=\"null\"><div class=\"bt_bb_separator_v2_inner\"><span class=\"bt_bb_separator_v2_inner_before\"><\/span><span class=\"bt_bb_separator_v2_inner_content\"><span  data-ico-=\"\" class=\"bt_bb_icon_holder\"><\/span><\/span><span class=\"bt_bb_separator_v2_inner_after\"><\/span><\/div><\/div><header class=\"header btClear large btDash bottomDash  btNormalDash\" ><div class=\"dash\"><h2><span class=\"headline\">Caderno <b class=\"animate\">Inc\u00eandio<\/b><\/span><\/h2><\/div><\/header><div class=\"btClear btSeparator bottomSmallSpaced noBorder\" ><hr><\/div><header class=\"header btClear medium  btNormalDash\" ><div class=\"dash\"><h3><span class=\"headline\">REFER\u00caNCIA EM PREVEN\u00c7\u00c3O E COMBATE \u00c0 INC\u00caNDIOS<\/span><\/h3><\/div><\/header><div class=\"btClear btSeparator bottomSmallSpaced noBorder\" ><hr><\/div><\/div><\/div><\/div><\/div><\/div><\/div><\/div><\/section><section id=\"bt_section69e6176c2aad9\"  class=\"boldSection gutter inherit\" style=\"font-size:17px;\"><div class=\"port\"><div class=\"boldCell\"><div class=\"boldCellInner\"><div class=\"boldRow \" ><div class=\"boldRowInner\"><div class=\"rowItem col-md-6 col-sm-12 btTextLeft btMiddleVertical\"  ><div class=\"rowItemContent\" ><div class=\"bt_bb_separator_v2 bt_bb_border_style_none bt_bb_top_spacing_normal bt_bb_icon_size_normal bt_bb_text_size_normal bt_bb_separator_v2_without_content\" data-bt-override-class=\"null\"><div class=\"bt_bb_separator_v2_inner\"><span class=\"bt_bb_separator_v2_inner_before\"><\/span><span class=\"bt_bb_separator_v2_inner_content\"><span  data-ico-=\"\" class=\"bt_bb_icon_holder\"><\/span><\/span><span class=\"bt_bb_separator_v2_inner_after\"><\/span><\/div><\/div><div class=\"btText\" ><\/p>\n<p>A <a href=\"https:\/\/revistaincendio.com.br\" target=\"_blank\" rel=\"noopener noreferrer\"><strong>Inc\u00eandio<\/strong><\/a>, m\u00eddia oficial da <strong>Fire Show<\/strong>, h\u00e1 quatro d\u00e9cadas \u00e9 refer\u00eancia no mercado e agora est\u00e1 de cara nova, com muitas novidades.<\/p>\n<p>A publica\u00e7\u00e3o passa a ser bimestral, sendo um\u00a0<strong>Caderno Especial da Revista Cipa<\/strong>, com informa\u00e7\u00f5es especializadas na \u00e1rea de preven\u00e7\u00e3o e combate \u00e0 inc\u00eandios.<\/p>\n<p>Com a inclus\u00e3o do Caderno Inc\u00eandio na\u00a0<a href=\"https:\/\/revistacipa.com.br\/\"><strong>Revista Cipa<\/strong><\/a>, refor\u00e7amos a sinergia entre os setores de <strong>Seguran\u00e7a e Prote\u00e7\u00e3o ao Trabalhador e Resgate e Preven\u00e7\u00e3o Contra Inc\u00eandios<\/strong>.<\/p>\n<p>\n<\/div><div class=\"bt_bb_separator_v2 bt_bb_border_style_none bt_bb_top_spacing_normal bt_bb_icon_size_normal bt_bb_text_size_normal bt_bb_separator_v2_without_content\" data-bt-override-class=\"null\"><div class=\"bt_bb_separator_v2_inner\"><span class=\"bt_bb_separator_v2_inner_before\"><\/span><span class=\"bt_bb_separator_v2_inner_content\"><span  data-ico-=\"\" class=\"bt_bb_icon_holder\"><\/span><\/span><span class=\"bt_bb_separator_v2_inner_after\"><\/span><\/div><\/div><\/div><\/div><div class=\"rowItem col-md-6 col-sm-12 btTextCenter inherit\"  ><div class=\"rowItemContent\" ><div class=\"bt_bb_separator_v2 bt_bb_border_style_none bt_bb_top_spacing_normal bt_bb_icon_size_normal bt_bb_text_size_normal bt_bb_separator_v2_without_content\" data-bt-override-class=\"null\"><div class=\"bt_bb_separator_v2_inner\"><span class=\"bt_bb_separator_v2_inner_before\"><\/span><span class=\"bt_bb_separator_v2_inner_content\"><span  data-ico-=\"\" class=\"bt_bb_icon_holder\"><\/span><\/span><span class=\"bt_bb_separator_v2_inner_after\"><\/span><\/div><\/div><div  class=\"bt_bb_text\" ><\/p>\n<p><img class=\"aligncenter\" title=\"Caderno Inc\u00eandio - Edi\u00e7\u00e3o 493\" src=\"https:\/\/revistaincendio.com.br\/wp-content\/uploads\/2017\/06\/incendio-capa-493-scaled.jpg\" alt=\"Caderno Inc\u00eandio - Edi\u00e7\u00e3o 493\" width=\"250\" \/><\/p>\n<p>\n<\/div><a href=\"http:\/\/revistaincendio.com.br\/\" class=\"btBtn btBtn btnFilledStyle btnAccentColor btnBig btnNormalWidth btnLeftPosition btnIco\"  target=\"_blank\"><span class=\"btnInnerText\">LEIA, ASSINE E ANUNCIE<\/span><span class=\"btIco \" ><span  data-ico-fa=\"&#xf101;\" class=\"btIcoHolder\"><em><\/em><\/span><\/span><\/a><div class=\"bt_bb_separator_v2 bt_bb_border_style_none bt_bb_top_spacing_normal bt_bb_icon_size_normal bt_bb_text_size_normal bt_bb_separator_v2_without_content\" data-bt-override-class=\"null\"><div class=\"bt_bb_separator_v2_inner\"><span class=\"bt_bb_separator_v2_inner_before\"><\/span><span class=\"bt_bb_separator_v2_inner_content\"><span  data-ico-=\"\" class=\"bt_bb_icon_holder\"><\/span><\/span><span class=\"bt_bb_separator_v2_inner_after\"><\/span><\/div><\/div><\/div><\/div><\/div><\/div><\/div><\/div><\/div><\/section><section id=\"bt_section69e6176c2b0b1\"  class=\"boldSection gutter inherit\" style=\"font-size:17px;\"><div class=\"port\"><div class=\"boldCell\"><div class=\"boldCellInner\"><div class=\"boldRow \" ><div class=\"boldRowInner\"><div class=\"rowItem col-md-12 col-ms-12  btTextCenter inherit\"  ><div class=\"rowItemContent\" ><div class=\"bt_bb_separator_v2 bt_bb_border_style_none bt_bb_top_spacing_normal bt_bb_icon_size_normal bt_bb_text_size_normal bt_bb_separator_v2_without_content\" data-bt-override-class=\"null\"><div class=\"bt_bb_separator_v2_inner\"><span class=\"bt_bb_separator_v2_inner_before\"><\/span><span class=\"bt_bb_separator_v2_inner_content\"><span  data-ico-=\"\" class=\"bt_bb_icon_holder\"><\/span><\/span><span class=\"bt_bb_separator_v2_inner_after\"><\/span><\/div><\/div><header class=\"header btClear large btDash topDash  btAccentDash\" ><div class=\"dash\"><h2><span class=\"headline\">Perfil dos <strong class=\"animate\">Leitores<\/strong><\/span><\/h2><\/div><\/header><div class=\"bt_bb_separator_v2 bt_bb_border_style_none bt_bb_top_spacing_normal bt_bb_icon_size_normal bt_bb_text_size_normal bt_bb_separator_v2_without_content\" data-bt-override-class=\"null\"><div class=\"bt_bb_separator_v2_inner\"><span class=\"bt_bb_separator_v2_inner_before\"><\/span><span class=\"bt_bb_separator_v2_inner_content\"><span  data-ico-=\"\" class=\"bt_bb_icon_holder\"><\/span><\/span><span class=\"bt_bb_separator_v2_inner_after\"><\/span><\/div><\/div><\/div><\/div><\/div><\/div><div class=\"boldRow \" ><div class=\"boldRowInner\"><div class=\"rowItem col-md-4 col-ms-12 btTextCenter inherit\"  ><div class=\"rowItemContent\" ><div class=\"btText\" ><\/p>\n<p><img loading=\"lazy\" class=\"wp-image-8650 aligncenter\" src=\"https:\/\/revistacipa.com.br\/wp-content\/uploads\/2020\/10\/ico-leitores-fieis-150x150.jpg\" alt=\"\" width=\"100\" height=\"100\" \/><\/p>\n<p style=\"text-align: center;\"><strong style=\"color: #e20614; font-size: 38pt; font-weight: bold;\">92%<\/strong><br \/>\nS\u00e3o leitores fi\u00e9is e est\u00e3o extremamente satisfeitos.<\/p>\n<p>\n<\/div><\/div><\/div><div class=\"rowItem col-md-4 col-ms-12 btTextCenter inherit\"  ><div class=\"rowItemContent\" ><div class=\"btText\" ><\/p>\n<div class=\"page\" title=\"Page 1\">\n<div class=\"section\">\n<div class=\"layoutArea\">\n<div class=\"column\">\n<p><img loading=\"lazy\" class=\"wp-image-8650 aligncenter\" src=\"https:\/\/revistacipa.com.br\/wp-content\/uploads\/2020\/10\/ico-profissionais-150x150.jpg\" alt=\"\" width=\"100\" height=\"100\" \/><\/p>\n<p style=\"text-align: center;\"><strong style=\"color: #e20614; font-size: 38pt; font-weight: bold;\">92%<\/strong><br \/>\nS\u00e3o leitores fi\u00e9is e est\u00e3o extremamente satisfeitos.<\/p>\n<\/div>\n<\/div>\n<\/div>\n<\/div>\n<p>\n<\/div><\/div><\/div><div class=\"rowItem col-md-4 col-ms-12 btTextCenter inherit\"  ><div class=\"rowItemContent\" ><div class=\"btText\" ><\/p>\n<div class=\"page\" title=\"Page 1\">\n<div class=\"section\">\n<div class=\"layoutArea\">\n<div class=\"column\">\n<p style=\"text-align: center;\"><img loading=\"lazy\" class=\"wp-image-8650 aligncenter\" src=\"https:\/\/revistacipa.com.br\/wp-content\/uploads\/2020\/10\/ico-informacoes-setor-150x150.jpg\" alt=\"\" width=\"100\" height=\"100\" \/><br \/>\n<strong style=\"color: #e20614; font-size: 38pt; font-weight: bold;\">91%<\/strong><br \/>\nConsideram a revista essencial para consulta sobre informa\u00e7\u00f5es gerais do setor.<\/p>\n<\/div>\n<\/div>\n<\/div>\n<\/div>\n<p>\n<\/div><\/div><\/div><\/div><\/div><div class=\"boldRow \" ><div class=\"boldRowInner\"><div class=\"rowItem col-md-4 col-ms-12 btTextCenter inherit\"  ><div class=\"rowItemContent\" ><div class=\"bt_bb_separator_v2 bt_bb_border_style_none bt_bb_top_spacing_medium bt_bb_icon_size_normal bt_bb_text_size_normal bt_bb_separator_v2_without_content\" data-bt-override-class=\"null\"><div class=\"bt_bb_separator_v2_inner\"><span class=\"bt_bb_separator_v2_inner_before\"><\/span><span class=\"bt_bb_separator_v2_inner_content\"><span  data-ico-=\"\" class=\"bt_bb_icon_holder\"><\/span><\/span><span class=\"bt_bb_separator_v2_inner_after\"><\/span><\/div><\/div><div class=\"btText\" ><\/p>\n<p style=\"text-align: center;\"><img loading=\"lazy\" class=\"wp-image-8650 aligncenter\" src=\"https:\/\/revistacipa.com.br\/wp-content\/uploads\/2020\/10\/ico-colecionadores-150x150.jpg\" alt=\"\" width=\"100\" height=\"100\" \/><br \/>\n<strong style=\"color: #e20614; font-size: 38pt; font-weight: bold;\">86%<\/strong><br \/>\nColecionam e fazem a revista circular entre outros leitores e a usam como fonte de pesquisa.<\/p>\n<p>\n<\/div><\/div><\/div><div class=\"rowItem col-md-4 col-ms-12 btTextCenter inherit\"  ><div class=\"rowItemContent\" ><div class=\"bt_bb_separator_v2 bt_bb_border_style_none bt_bb_top_spacing_medium bt_bb_icon_size_normal bt_bb_text_size_normal bt_bb_separator_v2_without_content\" data-bt-override-class=\"null\"><div class=\"bt_bb_separator_v2_inner\"><span class=\"bt_bb_separator_v2_inner_before\"><\/span><span class=\"bt_bb_separator_v2_inner_content\"><span  data-ico-=\"\" class=\"bt_bb_icon_holder\"><\/span><\/span><span class=\"bt_bb_separator_v2_inner_after\"><\/span><\/div><\/div><div class=\"btText\" ><\/p>\n<p><img loading=\"lazy\" class=\"wp-image-8650 aligncenter\" src=\"https:\/\/revistacipa.com.br\/wp-content\/uploads\/2020\/10\/ico-idade-leitores-150x150.jpg\" alt=\"\" width=\"100\" height=\"100\" \/><\/p>\n<p style=\"text-align: center;\"><strong style=\"color: #e20614; font-size: 38pt; font-weight: bold;\">72%<\/strong><br \/>\nTem idade entre 29 e 51 anos.<\/p>\n<p>\n<\/div><\/div><\/div><div class=\"rowItem col-md-4 col-ms-12 btTextCenter inherit\"  ><div class=\"rowItemContent\" ><div class=\"bt_bb_separator_v2 bt_bb_border_style_none bt_bb_top_spacing_medium bt_bb_icon_size_normal bt_bb_text_size_normal bt_bb_separator_v2_without_content\" data-bt-override-class=\"null\"><div class=\"bt_bb_separator_v2_inner\"><span class=\"bt_bb_separator_v2_inner_before\"><\/span><span class=\"bt_bb_separator_v2_inner_content\"><span  data-ico-=\"\" class=\"bt_bb_icon_holder\"><\/span><\/span><span class=\"bt_bb_separator_v2_inner_after\"><\/span><\/div><\/div><\/div><\/div><\/div><\/div><\/div><\/div><\/div><\/section><section id=\"bt_section69e6176c2bcc2\"  class=\"boldSection gutter inherit\" style=\"font-size:17px;\"><div class=\"port\"><div class=\"boldCell\"><div class=\"boldCellInner\"><div class=\"boldRow \" ><div class=\"boldRowInner\"><div class=\"rowItem col-md-12 col-ms-12  btTextCenter inherit\"  ><div class=\"rowItemContent\" ><div class=\"bt_bb_separator_v2 bt_bb_border_style_none bt_bb_top_spacing_normal bt_bb_icon_size_normal bt_bb_text_size_normal bt_bb_separator_v2_without_content\" data-bt-override-class=\"null\"><div class=\"bt_bb_separator_v2_inner\"><span class=\"bt_bb_separator_v2_inner_before\"><\/span><span class=\"bt_bb_separator_v2_inner_content\"><span  data-ico-=\"\" class=\"bt_bb_icon_holder\"><\/span><\/span><span class=\"bt_bb_separator_v2_inner_after\"><\/span><\/div><\/div><header class=\"header btClear large btDash topDash  btAccentDash\" ><div class=\"dash\"><h2><span class=\"headline\"><strong class=\"animate\">PORTAL<\/strong><br \/><br>Perfil dos Usu\u00e1rios<\/span><\/h2><\/div><\/header><div class=\"bt_bb_separator_v2 bt_bb_border_style_none bt_bb_top_spacing_normal bt_bb_icon_size_normal bt_bb_text_size_normal bt_bb_separator_v2_without_content\" data-bt-override-class=\"null\"><div class=\"bt_bb_separator_v2_inner\"><span class=\"bt_bb_separator_v2_inner_before\"><\/span><span class=\"bt_bb_separator_v2_inner_content\"><span  data-ico-=\"\" class=\"bt_bb_icon_holder\"><\/span><\/span><span class=\"bt_bb_separator_v2_inner_after\"><\/span><\/div><\/div><\/div><\/div><\/div><\/div><div class=\"boldRow \" ><div class=\"boldRowInner\"><div class=\"rowItem col-md-4 col-ms-12 btTextCenter inherit\"  ><div class=\"rowItemContent\" ><div class=\"btText\" ><\/p>\n<p style=\"text-align: center;\"><img loading=\"lazy\" class=\"wp-image-8650 aligncenter\" src=\"https:\/\/revistacipa.com.br\/wp-content\/uploads\/2020\/10\/ico-page-views-150x150.jpg\" alt=\"\" width=\"100\" height=\"100\" \/><br \/>\n<strong style=\"color: #e20614; font-size: 38pt; font-weight: bold;\">172.086<\/strong><br \/>\nPAGE VIEWS<\/p>\n<p>\n<\/div><\/div><\/div><div class=\"rowItem col-md-4 col-ms-12 btTextCenter inherit\"  ><div class=\"rowItemContent\" ><div class=\"btText\" ><\/p>\n<p style=\"text-align: center;\"><img loading=\"lazy\" class=\"wp-image-8650 aligncenter\" src=\"https:\/\/revistacipa.com.br\/wp-content\/uploads\/2020\/10\/ico-base-newsletter-150x150.jpg\" alt=\"\" width=\"100\" height=\"100\" \/><br \/>\n<strong style=\"color: #e20614; font-size: 38pt; font-weight: bold;\">300.000<\/strong><br \/>\nBASE NEWSLETTER<\/p>\n<p>\n<\/div><\/div><\/div><div class=\"rowItem col-md-4 col-ms-12 btTextCenter inherit\"  ><div class=\"rowItemContent\" ><div class=\"btText\" ><\/p>\n<p style=\"text-align: center;\"><img loading=\"lazy\" class=\"wp-image-8650 aligncenter\" src=\"https:\/\/revistacipa.com.br\/wp-content\/uploads\/2020\/10\/ico-navegacao-150x150.jpg\" alt=\"\" width=\"100\" height=\"100\" \/><br \/>\n<strong style=\"color: #e20614; font-size: 38pt; font-weight: bold;\">00:01:25<\/strong><br \/>\nTEMPO DE NAVEGA\u00c7\u00c3O<\/p>\n<p>\n<\/div><\/div><\/div><\/div><\/div><div class=\"boldRow \" ><div class=\"boldRowInner\"><div class=\"rowItem col-md-4 col-ms-12 btTextCenter inherit\"  ><div class=\"rowItemContent\" ><div class=\"bt_bb_separator_v2 bt_bb_border_style_none bt_bb_top_spacing_medium bt_bb_icon_size_normal bt_bb_text_size_normal bt_bb_separator_v2_without_content\" data-bt-override-class=\"null\"><div class=\"bt_bb_separator_v2_inner\"><span class=\"bt_bb_separator_v2_inner_before\"><\/span><span class=\"bt_bb_separator_v2_inner_content\"><span  data-ico-=\"\" class=\"bt_bb_icon_holder\"><\/span><\/span><span class=\"bt_bb_separator_v2_inner_after\"><\/span><\/div><\/div><div class=\"btText\" ><\/p>\n<p><img loading=\"lazy\" class=\"wp-image-8650 aligncenter\" src=\"https:\/\/revistacipa.com.br\/wp-content\/uploads\/2020\/10\/ico-usuarios-150x150.jpg\" alt=\"\" width=\"100\" height=\"100\" \/><\/p>\n<p style=\"text-align: center;\"><strong style=\"color: #e20614; font-size: 38pt; font-weight: bold;\">85.411<\/strong><br \/>\nUSU\u00c1RIOS<\/p>\n<p>\n<\/div><\/div><\/div><div class=\"rowItem col-md-4 col-ms-12 btTextCenter inherit\"  ><div class=\"rowItemContent\" ><div class=\"bt_bb_separator_v2 bt_bb_border_style_none bt_bb_top_spacing_medium bt_bb_icon_size_normal bt_bb_text_size_normal bt_bb_separator_v2_without_content\" data-bt-override-class=\"null\"><div class=\"bt_bb_separator_v2_inner\"><span class=\"bt_bb_separator_v2_inner_before\"><\/span><span class=\"bt_bb_separator_v2_inner_content\"><span  data-ico-=\"\" class=\"bt_bb_icon_holder\"><\/span><\/span><span class=\"bt_bb_separator_v2_inner_after\"><\/span><\/div><\/div><div class=\"btText\" ><\/p>\n<p style=\"text-align: center;\"><img loading=\"lazy\" class=\"wp-image-8650 aligncenter\" src=\"https:\/\/revistacipa.com.br\/wp-content\/uploads\/2020\/10\/ico-dados-demograficos-150x150.jpg\" alt=\"\" width=\"100\" height=\"100\" \/><br \/>\n<strong style=\"color: #e20614; font-size: 18pt; font-weight: bold;\">Masculino: 55,6%<br \/>\nFeminino: 44,4%<\/strong><br \/>\nDADOS DEMOGR\u00c1FICOS<\/p>\n<p>\n<\/div><\/div><\/div><div class=\"rowItem col-md-4 col-ms-12 btTextCenter inherit\"  ><div class=\"rowItemContent\" ><div class=\"bt_bb_separator_v2 bt_bb_border_style_none bt_bb_top_spacing_medium bt_bb_icon_size_normal bt_bb_text_size_normal bt_bb_separator_v2_without_content\" data-bt-override-class=\"null\"><div class=\"bt_bb_separator_v2_inner\"><span class=\"bt_bb_separator_v2_inner_before\"><\/span><span class=\"bt_bb_separator_v2_inner_content\"><span  data-ico-=\"\" class=\"bt_bb_icon_holder\"><\/span><\/span><span class=\"bt_bb_separator_v2_inner_after\"><\/span><\/div><\/div><div class=\"btText\" ><\/p>\n<p><img loading=\"lazy\" class=\"wp-image-8650 aligncenter\" src=\"https:\/\/revistacipa.com.br\/wp-content\/uploads\/2020\/10\/ico-visitas-site-150x150.jpg\" alt=\"\" width=\"100\" height=\"100\" \/><\/p>\n<p style=\"text-align: center;\"><strong style=\"color: #e20614; font-size: 38pt; font-weight: bold;\">142<\/strong><br \/>\nPa\u00edses<\/p>\n<p style=\"text-align: center;\">Acesso Internacional<\/p>\n<p style=\"text-align: center;\">TOP 10 Pa\u00edses<\/p>\n<p style=\"text-align: center;\">Brasil \u2022 Estados Unidos \u2022 China \u2022 Portugal \u2022 Noruega \u2022 Mo\u00e7ambique \u2022 Su\u00e9cia \u2022 Angola \u2022 R\u00fassia \u2022 Alemanha<\/p>\n<p>\n<\/div><\/div><\/div><\/div><\/div><\/div><\/div><\/div><\/section><\/p>\n","protected":false},"excerpt":{"rendered":"","protected":false},"author":2,"featured_media":0,"parent":0,"menu_order":0,"comment_status":"closed","ping_status":"closed","template":"","meta":[],"yoast_head":"<!-- This site is optimized with the Yoast SEO plugin v18.1 - https:\/\/yoast.com\/wordpress\/plugins\/seo\/ -->\n<title>Caderno Inc\u00eandio - M\u00eddia Oficial da Fire Show - International Fire Fair<\/title>\n<meta name=\"description\" content=\"O Caderno Inc\u00eandio \u00e9 uma publica\u00e7\u00e3o especializada na \u00e1rea de resgate e prote\u00e7\u00e3o contra inc\u00eandios, direcionada \u00e0 iniciativa privada e aos \u00f3rg\u00e3os p\u00fablicos.\" \/>\n<meta name=\"robots\" content=\"index, follow, max-snippet:-1, max-image-preview:large, max-video-preview:-1\" \/>\n<link rel=\"canonical\" href=\"https:\/\/fireshow.com.br\/16\/caderno-incendio-midia-oficial\/\" \/>\n<meta property=\"og:locale\" content=\"pt_BR\" \/>\n<meta property=\"og:type\" content=\"article\" \/>\n<meta property=\"og:title\" content=\"Caderno Inc\u00eandio - M\u00eddia Oficial da Fire Show - International Fire Fair\" \/>\n<meta property=\"og:description\" content=\"O Caderno Inc\u00eandio \u00e9 uma publica\u00e7\u00e3o especializada na \u00e1rea de resgate e prote\u00e7\u00e3o contra inc\u00eandios, direcionada \u00e0 iniciativa privada e aos \u00f3rg\u00e3os p\u00fablicos.\" \/>\n<meta property=\"og:url\" content=\"https:\/\/fireshow.com.br\/16\/caderno-incendio-midia-oficial\/\" \/>\n<meta property=\"og:site_name\" content=\"Fire Show\" \/>\n<meta property=\"article:publisher\" content=\"https:\/\/www.facebook.com\/Fire-Show-1113145285392042\/\" \/>\n<meta property=\"article:modified_time\" content=\"2024-07-04T13:43:07+00:00\" \/>\n<meta property=\"og:image\" content=\"https:\/\/revistaincendio.com.br\/wp-content\/uploads\/2017\/06\/incendio-capa-493-scaled.jpg\" \/>\n<meta name=\"twitter:card\" content=\"summary_large_image\" \/>\n<meta name=\"twitter:site\" content=\"@feirafireshow\" \/>\n<meta name=\"twitter:label1\" content=\"Est. tempo de leitura\" \/>\n\t<meta name=\"twitter:data1\" content=\"8 minutos\" \/>\n<script type=\"application\/ld+json\" class=\"yoast-schema-graph\">{\"@context\":\"https:\/\/schema.org\",\"@graph\":[{\"@type\":\"WebSite\",\"@id\":\"https:\/\/fireshow.com.br\/16\/#website\",\"url\":\"https:\/\/fireshow.com.br\/16\/\",\"name\":\"Fire Show\",\"description\":\"International Fire Fair\",\"potentialAction\":[{\"@type\":\"SearchAction\",\"target\":{\"@type\":\"EntryPoint\",\"urlTemplate\":\"https:\/\/fireshow.com.br\/16\/?s={search_term_string}\"},\"query-input\":\"required name=search_term_string\"}],\"inLanguage\":\"pt-BR\"},{\"@type\":\"ImageObject\",\"@id\":\"https:\/\/fireshow.com.br\/16\/caderno-incendio-midia-oficial\/#primaryimage\",\"inLanguage\":\"pt-BR\",\"url\":\"https:\/\/revistaincendio.com.br\/wp-content\/uploads\/2017\/06\/incendio-capa-493-scaled.jpg\",\"contentUrl\":\"https:\/\/revistaincendio.com.br\/wp-content\/uploads\/2017\/06\/incendio-capa-493-scaled.jpg\"},{\"@type\":\"WebPage\",\"@id\":\"https:\/\/fireshow.com.br\/16\/caderno-incendio-midia-oficial\/#webpage\",\"url\":\"https:\/\/fireshow.com.br\/16\/caderno-incendio-midia-oficial\/\",\"name\":\"Caderno Inc\u00eandio - M\u00eddia Oficial da Fire Show - International Fire Fair\",\"isPartOf\":{\"@id\":\"https:\/\/fireshow.com.br\/16\/#website\"},\"primaryImageOfPage\":{\"@id\":\"https:\/\/fireshow.com.br\/16\/caderno-incendio-midia-oficial\/#primaryimage\"},\"datePublished\":\"2016-12-06T18:17:46+00:00\",\"dateModified\":\"2024-07-04T13:43:07+00:00\",\"description\":\"O Caderno Inc\u00eandio \u00e9 uma publica\u00e7\u00e3o especializada na \u00e1rea de resgate e prote\u00e7\u00e3o contra inc\u00eandios, direcionada \u00e0 iniciativa privada e aos \u00f3rg\u00e3os p\u00fablicos.\",\"breadcrumb\":{\"@id\":\"https:\/\/fireshow.com.br\/16\/caderno-incendio-midia-oficial\/#breadcrumb\"},\"inLanguage\":\"pt-BR\",\"potentialAction\":[{\"@type\":\"ReadAction\",\"target\":[\"https:\/\/fireshow.com.br\/16\/caderno-incendio-midia-oficial\/\"]}]},{\"@type\":\"BreadcrumbList\",\"@id\":\"https:\/\/fireshow.com.br\/16\/caderno-incendio-midia-oficial\/#breadcrumb\",\"itemListElement\":[{\"@type\":\"ListItem\",\"position\":1,\"name\":\"In\u00edcio\",\"item\":\"https:\/\/fireshow.com.br\/16\/\"},{\"@type\":\"ListItem\",\"position\":2,\"name\":\"Caderno Inc\u00eandio\"}]}]}<\/script>\n<!-- \/ Yoast SEO plugin. -->","yoast_head_json":{"title":"Caderno Inc\u00eandio - M\u00eddia Oficial da Fire Show - International Fire Fair","description":"O Caderno Inc\u00eandio \u00e9 uma publica\u00e7\u00e3o especializada na \u00e1rea de resgate e prote\u00e7\u00e3o contra inc\u00eandios, direcionada \u00e0 iniciativa privada e aos \u00f3rg\u00e3os p\u00fablicos.","robots":{"index":"index","follow":"follow","max-snippet":"max-snippet:-1","max-image-preview":"max-image-preview:large","max-video-preview":"max-video-preview:-1"},"canonical":"https:\/\/fireshow.com.br\/16\/caderno-incendio-midia-oficial\/","og_locale":"pt_BR","og_type":"article","og_title":"Caderno Inc\u00eandio - M\u00eddia Oficial da Fire Show - International Fire Fair","og_description":"O Caderno Inc\u00eandio \u00e9 uma publica\u00e7\u00e3o especializada na \u00e1rea de resgate e prote\u00e7\u00e3o contra inc\u00eandios, direcionada \u00e0 iniciativa privada e aos \u00f3rg\u00e3os p\u00fablicos.","og_url":"https:\/\/fireshow.com.br\/16\/caderno-incendio-midia-oficial\/","og_site_name":"Fire Show","article_publisher":"https:\/\/www.facebook.com\/Fire-Show-1113145285392042\/","article_modified_time":"2024-07-04T13:43:07+00:00","og_image":[{"url":"https:\/\/revistaincendio.com.br\/wp-content\/uploads\/2017\/06\/incendio-capa-493-scaled.jpg"}],"twitter_card":"summary_large_image","twitter_site":"@feirafireshow","twitter_misc":{"Est. tempo de leitura":"8 minutos"},"schema":{"@context":"https:\/\/schema.org","@graph":[{"@type":"WebSite","@id":"https:\/\/fireshow.com.br\/16\/#website","url":"https:\/\/fireshow.com.br\/16\/","name":"Fire Show","description":"International Fire Fair","potentialAction":[{"@type":"SearchAction","target":{"@type":"EntryPoint","urlTemplate":"https:\/\/fireshow.com.br\/16\/?s={search_term_string}"},"query-input":"required name=search_term_string"}],"inLanguage":"pt-BR"},{"@type":"ImageObject","@id":"https:\/\/fireshow.com.br\/16\/caderno-incendio-midia-oficial\/#primaryimage","inLanguage":"pt-BR","url":"https:\/\/revistaincendio.com.br\/wp-content\/uploads\/2017\/06\/incendio-capa-493-scaled.jpg","contentUrl":"https:\/\/revistaincendio.com.br\/wp-content\/uploads\/2017\/06\/incendio-capa-493-scaled.jpg"},{"@type":"WebPage","@id":"https:\/\/fireshow.com.br\/16\/caderno-incendio-midia-oficial\/#webpage","url":"https:\/\/fireshow.com.br\/16\/caderno-incendio-midia-oficial\/","name":"Caderno Inc\u00eandio - M\u00eddia Oficial da Fire Show - International Fire Fair","isPartOf":{"@id":"https:\/\/fireshow.com.br\/16\/#website"},"primaryImageOfPage":{"@id":"https:\/\/fireshow.com.br\/16\/caderno-incendio-midia-oficial\/#primaryimage"},"datePublished":"2016-12-06T18:17:46+00:00","dateModified":"2024-07-04T13:43:07+00:00","description":"O Caderno Inc\u00eandio \u00e9 uma publica\u00e7\u00e3o especializada na \u00e1rea de resgate e prote\u00e7\u00e3o contra inc\u00eandios, direcionada \u00e0 iniciativa privada e aos \u00f3rg\u00e3os p\u00fablicos.","breadcrumb":{"@id":"https:\/\/fireshow.com.br\/16\/caderno-incendio-midia-oficial\/#breadcrumb"},"inLanguage":"pt-BR","potentialAction":[{"@type":"ReadAction","target":["https:\/\/fireshow.com.br\/16\/caderno-incendio-midia-oficial\/"]}]},{"@type":"BreadcrumbList","@id":"https:\/\/fireshow.com.br\/16\/caderno-incendio-midia-oficial\/#breadcrumb","itemListElement":[{"@type":"ListItem","position":1,"name":"In\u00edcio","item":"https:\/\/fireshow.com.br\/16\/"},{"@type":"ListItem","position":2,"name":"Caderno Inc\u00eandio"}]}]}},"_links":{"self":[{"href":"https:\/\/fireshow.com.br\/16\/wp-json\/wp\/v2\/pages\/1965"}],"collection":[{"href":"https:\/\/fireshow.com.br\/16\/wp-json\/wp\/v2\/pages"}],"about":[{"href":"https:\/\/fireshow.com.br\/16\/wp-json\/wp\/v2\/types\/page"}],"author":[{"embeddable":true,"href":"https:\/\/fireshow.com.br\/16\/wp-json\/wp\/v2\/users\/2"}],"replies":[{"embeddable":true,"href":"https:\/\/fireshow.com.br\/16\/wp-json\/wp\/v2\/comments?post=1965"}],"version-history":[{"count":31,"href":"https:\/\/fireshow.com.br\/16\/wp-json\/wp\/v2\/pages\/1965\/revisions"}],"predecessor-version":[{"id":9724,"href":"https:\/\/fireshow.com.br\/16\/wp-json\/wp\/v2\/pages\/1965\/revisions\/9724"}],"wp:attachment":[{"href":"https:\/\/fireshow.com.br\/16\/wp-json\/wp\/v2\/media?parent=1965"}],"curies":[{"name":"wp","href":"https:\/\/api.w.org\/{rel}","templated":true}]}}