{"id":179,"date":"2015-09-04T16:51:58","date_gmt":"2015-09-04T16:51:58","guid":{"rendered":"http:\/\/exposec.tmp.br\/16\/?page_id=179"},"modified":"2026-02-06T17:53:50","modified_gmt":"2026-02-06T17:53:50","slug":"material-de-divulgacao-fireshow","status":"publish","type":"page","link":"https:\/\/fireshow.com.br\/16\/material-de-divulgacao-fireshow\/","title":{"rendered":"Material de Divulga\u00e7\u00e3o"},"content":{"rendered":"\t\t<div data-elementor-type=\"wp-page\" data-elementor-id=\"179\" class=\"elementor elementor-179\" data-elementor-settings=\"[]\">\n\t\t\t\t\t\t<div class=\"elementor-inner\">\n\t\t\t\t\t\t\t<div class=\"elementor-section-wrap\">\n\t\t\t\t\t\t\t<section class=\"elementor-section elementor-top-section elementor-element elementor-element-4cdea4e1 elementor-section-height-min-height elementor-section-boxed elementor-section-height-default elementor-section-items-middle\" data-id=\"4cdea4e1\" data-element_type=\"section\">\n\t\t\t\t\t\t<div class=\"elementor-container elementor-column-gap-default\">\n\t\t\t\t\t\t\t<div class=\"elementor-row\">\n\t\t\t\t\t<div class=\"elementor-column elementor-col-100 elementor-top-column elementor-element elementor-element-2207f700\" data-id=\"2207f700\" data-element_type=\"column\">\n\t\t\t<div class=\"elementor-column-wrap elementor-element-populated\">\n\t\t\t\t\t\t\t<div class=\"elementor-widget-wrap\">\n\t\t\t\t\t\t<div class=\"elementor-element elementor-element-f89130c elementor-widget elementor-widget-heading\" data-id=\"f89130c\" data-element_type=\"widget\" data-widget_type=\"heading.default\">\n\t\t\t\t<div class=\"elementor-widget-container\">\n\t\t\t<h2 class=\"elementor-heading-title elementor-size-default\">Material de Divulga\u00e7\u00e3o <b>Fire Show 2026<\/b><\/h2>\t\t<\/div>\n\t\t\t\t<\/div>\n\t\t\t\t<div class=\"elementor-element elementor-element-04c0973 elementor-widget elementor-widget-heading\" data-id=\"04c0973\" data-element_type=\"widget\" data-widget_type=\"heading.default\">\n\t\t\t\t<div class=\"elementor-widget-container\">\n\t\t\t<h2 class=\"elementor-heading-title elementor-size-default\">EM BREVE<\/h2>\t\t<\/div>\n\t\t\t\t<\/div>\n\t\t\t\t\t\t<\/div>\n\t\t\t\t\t<\/div>\n\t\t<\/div>\n\t\t\t\t\t\t\t\t<\/div>\n\t\t\t\t\t<\/div>\n\t\t<\/section>\n\t\t\t\t\t\t<\/div>\n\t\t\t\t\t\t<\/div>\n\t\t\t\t\t<\/div>\n\t\t","protected":false},"excerpt":{"rendered":"<p>Material de Divulga\u00e7\u00e3o Fire Show 2026 EM BREVE<\/p>\n","protected":false},"author":2,"featured_media":0,"parent":0,"menu_order":0,"comment_status":"closed","ping_status":"closed","template":"","meta":[],"yoast_head":"<!-- This site is optimized with the Yoast SEO plugin v18.1 - https:\/\/yoast.com\/wordpress\/plugins\/seo\/ -->\n<title>Material de Divulga\u00e7\u00e3o Fire Show 2026| Promova sua Empresa<\/title>\n<meta name=\"description\" content=\"Aproveite o Material de Divulga\u00e7\u00e3o Fire Show e Promova a Participa\u00e7\u00e3o da sua Empresa na Maior Feira de Resgate e Prote\u00e7\u00e3o contra Inc\u00eandio da Am\u00e9rica Latina.\" \/>\n<meta name=\"robots\" content=\"index, follow, max-snippet:-1, max-image-preview:large, max-video-preview:-1\" \/>\n<link rel=\"canonical\" href=\"https:\/\/fireshow.com.br\/16\/material-de-divulgacao-fireshow\/\" \/>\n<meta property=\"og:locale\" content=\"pt_BR\" \/>\n<meta property=\"og:type\" content=\"article\" \/>\n<meta property=\"og:title\" content=\"Material de Divulga\u00e7\u00e3o Fire Show 2026| Promova sua Empresa\" \/>\n<meta property=\"og:description\" content=\"Aproveite o Material de Divulga\u00e7\u00e3o Fire Show e Promova a Participa\u00e7\u00e3o da sua Empresa na Maior Feira de Resgate e Prote\u00e7\u00e3o contra Inc\u00eandio da Am\u00e9rica Latina.\" \/>\n<meta property=\"og:url\" content=\"https:\/\/fireshow.com.br\/16\/material-de-divulgacao-fireshow\/\" \/>\n<meta property=\"og:site_name\" content=\"Fire Show\" \/>\n<meta property=\"article:publisher\" content=\"https:\/\/www.facebook.com\/Fire-Show-1113145285392042\/\" \/>\n<meta property=\"article:modified_time\" content=\"2026-02-06T17:53:50+00:00\" \/>\n<meta name=\"twitter:card\" content=\"summary_large_image\" \/>\n<meta name=\"twitter:site\" content=\"@feirafireshow\" \/>\n<meta name=\"twitter:label1\" content=\"Est. tempo de leitura\" \/>\n\t<meta name=\"twitter:data1\" content=\"1 minuto\" \/>\n<script type=\"application\/ld+json\" class=\"yoast-schema-graph\">{\"@context\":\"https:\/\/schema.org\",\"@graph\":[{\"@type\":\"WebSite\",\"@id\":\"https:\/\/fireshow.com.br\/16\/#website\",\"url\":\"https:\/\/fireshow.com.br\/16\/\",\"name\":\"Fire Show\",\"description\":\"International Fire Fair\",\"potentialAction\":[{\"@type\":\"SearchAction\",\"target\":{\"@type\":\"EntryPoint\",\"urlTemplate\":\"https:\/\/fireshow.com.br\/16\/?s={search_term_string}\"},\"query-input\":\"required name=search_term_string\"}],\"inLanguage\":\"pt-BR\"},{\"@type\":\"WebPage\",\"@id\":\"https:\/\/fireshow.com.br\/16\/material-de-divulgacao-fireshow\/#webpage\",\"url\":\"https:\/\/fireshow.com.br\/16\/material-de-divulgacao-fireshow\/\",\"name\":\"Material de Divulga\u00e7\u00e3o Fire Show 2026| Promova sua Empresa\",\"isPartOf\":{\"@id\":\"https:\/\/fireshow.com.br\/16\/#website\"},\"datePublished\":\"2015-09-04T16:51:58+00:00\",\"dateModified\":\"2026-02-06T17:53:50+00:00\",\"description\":\"Aproveite o Material de Divulga\u00e7\u00e3o Fire Show e Promova a Participa\u00e7\u00e3o da sua Empresa na Maior Feira de Resgate e Prote\u00e7\u00e3o contra Inc\u00eandio da Am\u00e9rica Latina.\",\"breadcrumb\":{\"@id\":\"https:\/\/fireshow.com.br\/16\/material-de-divulgacao-fireshow\/#breadcrumb\"},\"inLanguage\":\"pt-BR\",\"potentialAction\":[{\"@type\":\"ReadAction\",\"target\":[\"https:\/\/fireshow.com.br\/16\/material-de-divulgacao-fireshow\/\"]}]},{\"@type\":\"BreadcrumbList\",\"@id\":\"https:\/\/fireshow.com.br\/16\/material-de-divulgacao-fireshow\/#breadcrumb\",\"itemListElement\":[{\"@type\":\"ListItem\",\"position\":1,\"name\":\"In\u00edcio\",\"item\":\"https:\/\/fireshow.com.br\/16\/\"},{\"@type\":\"ListItem\",\"position\":2,\"name\":\"Material de Divulga\u00e7\u00e3o\"}]}]}<\/script>\n<!-- \/ Yoast SEO plugin. -->","yoast_head_json":{"title":"Material de Divulga\u00e7\u00e3o Fire Show 2026| Promova sua Empresa","description":"Aproveite o Material de Divulga\u00e7\u00e3o Fire Show e Promova a Participa\u00e7\u00e3o da sua Empresa na Maior Feira de Resgate e Prote\u00e7\u00e3o contra Inc\u00eandio da Am\u00e9rica Latina.","robots":{"index":"index","follow":"follow","max-snippet":"max-snippet:-1","max-image-preview":"max-image-preview:large","max-video-preview":"max-video-preview:-1"},"canonical":"https:\/\/fireshow.com.br\/16\/material-de-divulgacao-fireshow\/","og_locale":"pt_BR","og_type":"article","og_title":"Material de Divulga\u00e7\u00e3o Fire Show 2026| Promova sua Empresa","og_description":"Aproveite o Material de Divulga\u00e7\u00e3o Fire Show e Promova a Participa\u00e7\u00e3o da sua Empresa na Maior Feira de Resgate e Prote\u00e7\u00e3o contra Inc\u00eandio da Am\u00e9rica Latina.","og_url":"https:\/\/fireshow.com.br\/16\/material-de-divulgacao-fireshow\/","og_site_name":"Fire Show","article_publisher":"https:\/\/www.facebook.com\/Fire-Show-1113145285392042\/","article_modified_time":"2026-02-06T17:53:50+00:00","twitter_card":"summary_large_image","twitter_site":"@feirafireshow","twitter_misc":{"Est. tempo de leitura":"1 minuto"},"schema":{"@context":"https:\/\/schema.org","@graph":[{"@type":"WebSite","@id":"https:\/\/fireshow.com.br\/16\/#website","url":"https:\/\/fireshow.com.br\/16\/","name":"Fire Show","description":"International Fire Fair","potentialAction":[{"@type":"SearchAction","target":{"@type":"EntryPoint","urlTemplate":"https:\/\/fireshow.com.br\/16\/?s={search_term_string}"},"query-input":"required name=search_term_string"}],"inLanguage":"pt-BR"},{"@type":"WebPage","@id":"https:\/\/fireshow.com.br\/16\/material-de-divulgacao-fireshow\/#webpage","url":"https:\/\/fireshow.com.br\/16\/material-de-divulgacao-fireshow\/","name":"Material de Divulga\u00e7\u00e3o Fire Show 2026| Promova sua Empresa","isPartOf":{"@id":"https:\/\/fireshow.com.br\/16\/#website"},"datePublished":"2015-09-04T16:51:58+00:00","dateModified":"2026-02-06T17:53:50+00:00","description":"Aproveite o Material de Divulga\u00e7\u00e3o Fire Show e Promova a Participa\u00e7\u00e3o da sua Empresa na Maior Feira de Resgate e Prote\u00e7\u00e3o contra Inc\u00eandio da Am\u00e9rica Latina.","breadcrumb":{"@id":"https:\/\/fireshow.com.br\/16\/material-de-divulgacao-fireshow\/#breadcrumb"},"inLanguage":"pt-BR","potentialAction":[{"@type":"ReadAction","target":["https:\/\/fireshow.com.br\/16\/material-de-divulgacao-fireshow\/"]}]},{"@type":"BreadcrumbList","@id":"https:\/\/fireshow.com.br\/16\/material-de-divulgacao-fireshow\/#breadcrumb","itemListElement":[{"@type":"ListItem","position":1,"name":"In\u00edcio","item":"https:\/\/fireshow.com.br\/16\/"},{"@type":"ListItem","position":2,"name":"Material de Divulga\u00e7\u00e3o"}]}]}},"_links":{"self":[{"href":"https:\/\/fireshow.com.br\/16\/wp-json\/wp\/v2\/pages\/179"}],"collection":[{"href":"https:\/\/fireshow.com.br\/16\/wp-json\/wp\/v2\/pages"}],"about":[{"href":"https:\/\/fireshow.com.br\/16\/wp-json\/wp\/v2\/types\/page"}],"author":[{"embeddable":true,"href":"https:\/\/fireshow.com.br\/16\/wp-json\/wp\/v2\/users\/2"}],"replies":[{"embeddable":true,"href":"https:\/\/fireshow.com.br\/16\/wp-json\/wp\/v2\/comments?post=179"}],"version-history":[{"count":27,"href":"https:\/\/fireshow.com.br\/16\/wp-json\/wp\/v2\/pages\/179\/revisions"}],"predecessor-version":[{"id":11416,"href":"https:\/\/fireshow.com.br\/16\/wp-json\/wp\/v2\/pages\/179\/revisions\/11416"}],"wp:attachment":[{"href":"https:\/\/fireshow.com.br\/16\/wp-json\/wp\/v2\/media?parent=179"}],"curies":[{"name":"wp","href":"https:\/\/api.w.org\/{rel}","templated":true}]}}