{"id":1515,"date":"2016-04-21T13:03:38","date_gmt":"2016-04-21T13:03:38","guid":{"rendered":"http:\/\/fireshow.com.br\/16\/?page_id=1515"},"modified":"2021-01-28T14:47:25","modified_gmt":"2021-01-28T14:47:25","slug":"comunicado-importante-boletos-falsos","status":"publish","type":"page","link":"https:\/\/fireshow.com.br\/16\/comunicado-importante-boletos-falsos\/","title":{"rendered":"Comunicado Importante &#8211; Boletos Falsos"},"content":{"rendered":"<p><section id=\"bt_section69e768d8dcbf7\"  class=\"boldSection inherit\" ><div class=\"port\"><div class=\"boldCell\"><div class=\"boldCellInner\"><div class=\"boldRow \" ><div class=\"boldRowInner\"><div class=\"rowItem col-md-12 col-ms-12  btTextCenter inherit\"  ><div class=\"rowItemContent\" ><div class=\"bt_bb_separator_v2 bt_bb_border_style_none bt_bb_top_spacing_medium bt_bb_icon_size_normal bt_bb_text_size_normal bt_bb_separator_v2_without_content\" data-bt-override-class=\"null\"><div class=\"bt_bb_separator_v2_inner\"><span class=\"bt_bb_separator_v2_inner_before\"><\/span><span class=\"bt_bb_separator_v2_inner_content\"><span  data-ico-=\"\" class=\"bt_bb_icon_holder\"><\/span><\/span><span class=\"bt_bb_separator_v2_inner_after\"><\/span><\/div><\/div><header class=\"header btClear large btDash bottomDash  btNormalDash\" ><div class=\"dash\"><h2><span class=\"headline\">Comunicado Importante &#8211; <b class=\"animate\">Boletos Falsos<\/b><\/span><\/h2><\/div><\/header><div class=\"bt_bb_separator_v2 bt_bb_border_style_none bt_bb_top_spacing_small bt_bb_icon_size_normal bt_bb_text_size_normal bt_bb_separator_v2_without_content\" data-bt-override-class=\"null\"><div class=\"bt_bb_separator_v2_inner\"><span class=\"bt_bb_separator_v2_inner_before\"><\/span><span class=\"bt_bb_separator_v2_inner_content\"><span  data-ico-=\"\" class=\"bt_bb_icon_holder\"><\/span><\/span><span class=\"bt_bb_separator_v2_inner_after\"><\/span><\/div><\/div><\/div><\/div><\/div><\/div><\/div><\/div><\/div><\/section><section id=\"bt_section69e768d8dd002\"  class=\"boldSection gutter inherit\" ><div class=\"port\"><div class=\"boldCell\"><div class=\"boldCellInner\"><div class=\"boldRow \" ><div class=\"boldRowInner\"><div class=\"rowItem col-md-12 col-ms-12  btTextLeft inherit\"  ><div class=\"rowItemContent\" ><div class=\"btText\" ><\/p>\n<p style=\"text-align: justify; font-size: 17px;\">Alertamos a todos os nossos clientes que boletos falsos est\u00e3o sendo distribu\u00eddos de forma irregular em nome da Cipa Fiera Milano.<\/p>\n<p style=\"text-align: justify; font-size: 17px;\">H\u00e1 v\u00e1rios anos existe essa modalidade de golpe que, neste caso espec\u00edfico, funciona da seguinte forma: os criminosos entram em contato com os anunciantes das nossas revistas e\/ou expositores das nossas feiras e se apresentam como Departamento de Cobran\u00e7a e informam a substitui\u00e7\u00e3o dos boletos. Fique atento! <strong>Evite este golpe!<\/strong><\/p>\n<p style=\"text-align: justify; font-size: 17px;\">Certifique-se que toda cobran\u00e7a em nome da Cipa Fiera Milano, tenha sido enviada por <strong><a href=\"mailto:patricia.aranguez@fieramilano.com.br\">patricia.aranguez@fieramilano.com.br<\/a><\/strong> ou <strong><a href=\"mailto:dayane.santos@fieramilano.com.br\" target=\"_blank\" rel=\"noopener noreferrer\">dayane.santos@fieramilano.com.br<\/a><\/strong>, ou entregue pelo <strong>Banco Ita\u00fa S\/A 341 \u2013 AG: 0150 \u2013 C\/C: 77404-0<\/strong>. Desconsidere demais cobran\u00e7as que n\u00e3o tenham sido realizadas por uma dessas formas, pois s\u00e3o <strong>FALSAS<\/strong>.<\/p>\n<p style=\"text-align: justify; font-size: 17px;\">Ressaltamos ainda que, quaisquer informa\u00e7\u00f5es pertinentes \u00e0 Cipa Fiera Milano direcionadas por e-mail s\u00e3o origin\u00e1rias apenas do nosso dom\u00ednio <span style=\"text-decoration: underline;\">@fieramilano.com.br<\/span>.<\/p>\n<p style=\"text-align: justify; font-size: 17px;\">Em caso de d\u00favidas, entre em contato conosco pelos telefones <strong>(11) 5585-4355<\/strong> \/ <strong>(11) 3159-1010<\/strong> ou pelos e-mails <strong><a href=\"mailto:patricia.aranguez@fieramilano.com.br\">patricia.aranguez@fieramilano.com.br<\/a><\/strong> \/\u00a0<strong><a href=\"mailto:dayane.santos@fieramilano.com.br\" target=\"_blank\" rel=\"noopener noreferrer\">dayane.santos@fieramilano.com.br<\/a><\/strong>.<\/p>\n<p style=\"text-align: justify; font-size: 17px;\">Agradecemos pela compreens\u00e3o.<\/p>\n<p>\n<\/div><div class=\"bt_bb_separator_v2 bt_bb_border_style_none bt_bb_top_spacing_normal bt_bb_icon_size_normal bt_bb_text_size_normal bt_bb_separator_v2_without_content\" data-bt-override-class=\"null\"><div class=\"bt_bb_separator_v2_inner\"><span class=\"bt_bb_separator_v2_inner_before\"><\/span><span class=\"bt_bb_separator_v2_inner_content\"><span  data-ico-=\"\" class=\"bt_bb_icon_holder\"><\/span><\/span><span class=\"bt_bb_separator_v2_inner_after\"><\/span><\/div><\/div><\/div><\/div><\/div><\/div><\/div><\/div><\/div><\/section><\/p>\n","protected":false},"excerpt":{"rendered":"","protected":false},"author":2,"featured_media":0,"parent":0,"menu_order":0,"comment_status":"closed","ping_status":"open","template":"","meta":[],"yoast_head":"<!-- This site is optimized with the Yoast SEO plugin v18.1 - https:\/\/yoast.com\/wordpress\/plugins\/seo\/ -->\n<title>Comunicado Importante - Boletos Falsos - Fire Show<\/title>\n<meta name=\"robots\" content=\"index, follow, max-snippet:-1, max-image-preview:large, max-video-preview:-1\" \/>\n<link rel=\"canonical\" href=\"https:\/\/fireshow.com.br\/16\/comunicado-importante-boletos-falsos\/\" \/>\n<meta property=\"og:locale\" content=\"pt_BR\" \/>\n<meta property=\"og:type\" content=\"article\" \/>\n<meta property=\"og:title\" content=\"Comunicado Importante - Boletos Falsos - Fire Show\" \/>\n<meta property=\"og:url\" content=\"https:\/\/fireshow.com.br\/16\/comunicado-importante-boletos-falsos\/\" \/>\n<meta property=\"og:site_name\" content=\"Fire Show\" \/>\n<meta property=\"article:publisher\" content=\"https:\/\/www.facebook.com\/Fire-Show-1113145285392042\/\" \/>\n<meta property=\"article:modified_time\" content=\"2021-01-28T14:47:25+00:00\" \/>\n<meta name=\"twitter:card\" content=\"summary_large_image\" \/>\n<meta name=\"twitter:site\" content=\"@feirafireshow\" \/>\n<meta name=\"twitter:label1\" content=\"Est. tempo de leitura\" \/>\n\t<meta name=\"twitter:data1\" content=\"2 minutos\" \/>\n<script type=\"application\/ld+json\" class=\"yoast-schema-graph\">{\"@context\":\"https:\/\/schema.org\",\"@graph\":[{\"@type\":\"WebSite\",\"@id\":\"https:\/\/fireshow.com.br\/16\/#website\",\"url\":\"https:\/\/fireshow.com.br\/16\/\",\"name\":\"Fire Show\",\"description\":\"International Fire Fair\",\"potentialAction\":[{\"@type\":\"SearchAction\",\"target\":{\"@type\":\"EntryPoint\",\"urlTemplate\":\"https:\/\/fireshow.com.br\/16\/?s={search_term_string}\"},\"query-input\":\"required name=search_term_string\"}],\"inLanguage\":\"pt-BR\"},{\"@type\":\"WebPage\",\"@id\":\"https:\/\/fireshow.com.br\/16\/comunicado-importante-boletos-falsos\/#webpage\",\"url\":\"https:\/\/fireshow.com.br\/16\/comunicado-importante-boletos-falsos\/\",\"name\":\"Comunicado Importante - Boletos Falsos - Fire Show\",\"isPartOf\":{\"@id\":\"https:\/\/fireshow.com.br\/16\/#website\"},\"datePublished\":\"2016-04-21T13:03:38+00:00\",\"dateModified\":\"2021-01-28T14:47:25+00:00\",\"breadcrumb\":{\"@id\":\"https:\/\/fireshow.com.br\/16\/comunicado-importante-boletos-falsos\/#breadcrumb\"},\"inLanguage\":\"pt-BR\",\"potentialAction\":[{\"@type\":\"ReadAction\",\"target\":[\"https:\/\/fireshow.com.br\/16\/comunicado-importante-boletos-falsos\/\"]}]},{\"@type\":\"BreadcrumbList\",\"@id\":\"https:\/\/fireshow.com.br\/16\/comunicado-importante-boletos-falsos\/#breadcrumb\",\"itemListElement\":[{\"@type\":\"ListItem\",\"position\":1,\"name\":\"In\u00edcio\",\"item\":\"https:\/\/fireshow.com.br\/16\/\"},{\"@type\":\"ListItem\",\"position\":2,\"name\":\"Comunicado Importante &#8211; Boletos Falsos\"}]}]}<\/script>\n<!-- \/ Yoast SEO plugin. -->","yoast_head_json":{"title":"Comunicado Importante - Boletos Falsos - Fire Show","robots":{"index":"index","follow":"follow","max-snippet":"max-snippet:-1","max-image-preview":"max-image-preview:large","max-video-preview":"max-video-preview:-1"},"canonical":"https:\/\/fireshow.com.br\/16\/comunicado-importante-boletos-falsos\/","og_locale":"pt_BR","og_type":"article","og_title":"Comunicado Importante - Boletos Falsos - Fire Show","og_url":"https:\/\/fireshow.com.br\/16\/comunicado-importante-boletos-falsos\/","og_site_name":"Fire Show","article_publisher":"https:\/\/www.facebook.com\/Fire-Show-1113145285392042\/","article_modified_time":"2021-01-28T14:47:25+00:00","twitter_card":"summary_large_image","twitter_site":"@feirafireshow","twitter_misc":{"Est. tempo de leitura":"2 minutos"},"schema":{"@context":"https:\/\/schema.org","@graph":[{"@type":"WebSite","@id":"https:\/\/fireshow.com.br\/16\/#website","url":"https:\/\/fireshow.com.br\/16\/","name":"Fire Show","description":"International Fire Fair","potentialAction":[{"@type":"SearchAction","target":{"@type":"EntryPoint","urlTemplate":"https:\/\/fireshow.com.br\/16\/?s={search_term_string}"},"query-input":"required name=search_term_string"}],"inLanguage":"pt-BR"},{"@type":"WebPage","@id":"https:\/\/fireshow.com.br\/16\/comunicado-importante-boletos-falsos\/#webpage","url":"https:\/\/fireshow.com.br\/16\/comunicado-importante-boletos-falsos\/","name":"Comunicado Importante - Boletos Falsos - Fire Show","isPartOf":{"@id":"https:\/\/fireshow.com.br\/16\/#website"},"datePublished":"2016-04-21T13:03:38+00:00","dateModified":"2021-01-28T14:47:25+00:00","breadcrumb":{"@id":"https:\/\/fireshow.com.br\/16\/comunicado-importante-boletos-falsos\/#breadcrumb"},"inLanguage":"pt-BR","potentialAction":[{"@type":"ReadAction","target":["https:\/\/fireshow.com.br\/16\/comunicado-importante-boletos-falsos\/"]}]},{"@type":"BreadcrumbList","@id":"https:\/\/fireshow.com.br\/16\/comunicado-importante-boletos-falsos\/#breadcrumb","itemListElement":[{"@type":"ListItem","position":1,"name":"In\u00edcio","item":"https:\/\/fireshow.com.br\/16\/"},{"@type":"ListItem","position":2,"name":"Comunicado Importante &#8211; Boletos Falsos"}]}]}},"_links":{"self":[{"href":"https:\/\/fireshow.com.br\/16\/wp-json\/wp\/v2\/pages\/1515"}],"collection":[{"href":"https:\/\/fireshow.com.br\/16\/wp-json\/wp\/v2\/pages"}],"about":[{"href":"https:\/\/fireshow.com.br\/16\/wp-json\/wp\/v2\/types\/page"}],"author":[{"embeddable":true,"href":"https:\/\/fireshow.com.br\/16\/wp-json\/wp\/v2\/users\/2"}],"replies":[{"embeddable":true,"href":"https:\/\/fireshow.com.br\/16\/wp-json\/wp\/v2\/comments?post=1515"}],"version-history":[{"count":5,"href":"https:\/\/fireshow.com.br\/16\/wp-json\/wp\/v2\/pages\/1515\/revisions"}],"predecessor-version":[{"id":2828,"href":"https:\/\/fireshow.com.br\/16\/wp-json\/wp\/v2\/pages\/1515\/revisions\/2828"}],"wp:attachment":[{"href":"https:\/\/fireshow.com.br\/16\/wp-json\/wp\/v2\/media?parent=1515"}],"curies":[{"name":"wp","href":"https:\/\/api.w.org\/{rel}","templated":true}]}}