{"id":1137,"date":"2015-12-07T10:25:36","date_gmt":"2015-12-07T10:25:36","guid":{"rendered":"http:\/\/enersolarbrasil.com.br\/16\/en\/?page_id=1137"},"modified":"2024-10-30T15:07:01","modified_gmt":"2024-10-30T15:07:01","slug":"fisp","status":"publish","type":"page","link":"https:\/\/fireshow.com.br\/16\/fisp\/","title":{"rendered":"FISP"},"content":{"rendered":"<p><section id=\"bt_section69e4ba11d3290\"  class=\"boldSection inherit\" ><div class=\"port\"><div class=\"boldCell\"><div class=\"boldCellInner\"><div class=\"boldRow \" ><div class=\"boldRowInner\"><div class=\"rowItem col-md-12 col-ms-12  btTextCenter inherit\"  ><div class=\"rowItemContent\" ><div class=\"bt_bb_separator_v2 bt_bb_border_style_none bt_bb_top_spacing_medium bt_bb_icon_size_normal bt_bb_text_size_normal bt_bb_separator_v2_without_content\" data-bt-override-class=\"null\"><div class=\"bt_bb_separator_v2_inner\"><span class=\"bt_bb_separator_v2_inner_before\"><\/span><span class=\"bt_bb_separator_v2_inner_content\"><span  data-ico-=\"\" class=\"bt_bb_icon_holder\"><\/span><\/span><span class=\"bt_bb_separator_v2_inner_after\"><\/span><\/div><\/div><header class=\"header btClear large btDash bottomDash  btNormalDash\" ><div class=\"dash\"><h2><span class=\"headline\"><strong class=\"animate\">Fisp<\/strong> | Feira Internacional de Seguran\u00e7a e Prote\u00e7\u00e3o<\/span><\/h2><\/div><\/header><div class=\"bt_bb_separator_v2 bt_bb_border_style_none bt_bb_top_spacing_small bt_bb_icon_size_normal bt_bb_text_size_normal bt_bb_separator_v2_without_content\" data-bt-override-class=\"null\"><div class=\"bt_bb_separator_v2_inner\"><span class=\"bt_bb_separator_v2_inner_before\"><\/span><span class=\"bt_bb_separator_v2_inner_content\"><span  data-ico-=\"\" class=\"bt_bb_icon_holder\"><\/span><\/span><span class=\"bt_bb_separator_v2_inner_after\"><\/span><\/div><\/div><\/div><\/div><\/div><\/div><\/div><\/div><\/div><\/section><section id=\"bt_section69e4ba11d35e4\"  class=\"boldSection gutter inherit\" style=\"font-size:17px;\"><div class=\"port\"><div class=\"boldCell\"><div class=\"boldCellInner\"><div class=\"boldRow \" ><div class=\"boldRowInner\"><div class=\"rowItem col-md-12 col-ms-12  btTextCenter inherit\"  ><div class=\"rowItemContent\" ><div class=\"bt_bb_separator_v2 bt_bb_border_style_none bt_bb_top_spacing_normal bt_bb_icon_size_normal bt_bb_text_size_normal bt_bb_separator_v2_without_content\" data-bt-override-class=\"null\"><div class=\"bt_bb_separator_v2_inner\"><span class=\"bt_bb_separator_v2_inner_before\"><\/span><span class=\"bt_bb_separator_v2_inner_content\"><span  data-ico-=\"\" class=\"bt_bb_icon_holder\"><\/span><\/span><span class=\"bt_bb_separator_v2_inner_after\"><\/span><\/div><\/div><div  class=\"bt_bb_text\" ><\/p>\n<p><a href=\"https:\/\/feirafisp.com.br\" target=\"_blank\" rel=\"noopener\"><img loading=\"lazy\" class=\"aligncenter wp-image-1416\" src=\"https:\/\/fireshow.com.br\/16\/wp-content\/uploads\/2015\/12\/Fisp-Fisst-sem-edicao-300x104.png\" alt=\"Logo Fisp Fisst\" width=\"330\" height=\"114\" srcset=\"https:\/\/fireshow.com.br\/16\/wp-content\/uploads\/2015\/12\/Fisp-Fisst-sem-edicao-300x104.png 300w, https:\/\/fireshow.com.br\/16\/wp-content\/uploads\/2015\/12\/Fisp-Fisst-sem-edicao-1024x354.png 1024w, https:\/\/fireshow.com.br\/16\/wp-content\/uploads\/2015\/12\/Fisp-Fisst-sem-edicao.png 1610w\" sizes=\"(max-width: 330px) 100vw, 330px\" \/><\/a><\/p>\n<p>\n<\/div><div class=\"bt_bb_separator_v2 bt_bb_border_style_none bt_bb_top_spacing_normal bt_bb_icon_size_normal bt_bb_text_size_normal bt_bb_separator_v2_without_content\" data-bt-override-class=\"null\"><div class=\"bt_bb_separator_v2_inner\"><span class=\"bt_bb_separator_v2_inner_before\"><\/span><span class=\"bt_bb_separator_v2_inner_content\"><span  data-ico-=\"\" class=\"bt_bb_icon_holder\"><\/span><\/span><span class=\"bt_bb_separator_v2_inner_after\"><\/span><\/div><\/div><\/div><\/div><\/div><\/div><div class=\"boldRow \" ><div class=\"boldRowInner\"><div class=\"rowItem col-md-12 col-ms-12  btTextLeft inherit\"  ><div class=\"rowItemContent\" ><div class=\"btText\" ><\/p>\n<p>Organizada e promovida pela Fiera Milano Brasil em parceria com a Associa\u00e7\u00e3o Brasileira dos Distribuidores e Importadores de Equipamentos e Produtos de Seguran\u00e7a e Prote\u00e7\u00e3o ao Trabalho <a href=\"http:\/\/www.abraseg.com.br\" target=\"_blank\" rel=\"noopener\"><strong>(ABRASEG)<\/strong><\/a>, a Associa\u00e7\u00e3o Nacional da Ind\u00fastria de Material de Seguran\u00e7a e Prote\u00e7\u00e3o ao Trabalho <a href=\"http:\/\/animaseg.com.br\" target=\"_blank\" rel=\"noopener\"><strong>(ANIMASEG)<\/strong><\/a> e o Sindicato da Ind\u00fastria de Material de Seguran\u00e7a <a href=\"http:\/\/sindiseg.com.br\" target=\"_blank\" rel=\"noopener\">(SINDISEG)<\/a>, a <strong><a href=\"http:\/\/www.feirafisp.com.br\" target=\"_blank\" rel=\"noopener\">FISP \u2013 Feira\u00a0 Internacional de Seguran\u00e7a e Prote\u00e7\u00e3o<\/a><\/strong> realizar\u00e1 em 2026 a sua <strong>25\u00aa edi\u00e7\u00e3o<\/strong> e dever\u00e1 receber mais de <strong>50 mil visitantes*<\/strong>, entre profissionais de enfermagem, m\u00e9dicos do trabalho, psic\u00f3logos,\u00a0fonoaudi\u00f3logos, engenheiros e t\u00e9cnicos\u00a0de\u00a0seguran\u00e7a\u00a0do\u00a0trabalho, inspetores\u00a0de\u00a0risco, seguran\u00e7a patrimonial, cipeiros, bombeiros, gerentes, diretores, compradores, entre outros.<\/p>\n<p>O evento reunir\u00e1 dentro de um espa\u00e7o de <strong>42 mil m<sup>2<\/sup>*<\/strong>, cerca de <strong>700 marcas*<\/strong> que apresentar\u00e3o o que existe de mais moderno na \u00e1rea de seguran\u00e7a e prote\u00e7\u00e3o ao trabalhador, como inova\u00e7\u00f5es para as linhas de vestimentas especiais, prote\u00e7\u00e3o da face, luvas de seguran\u00e7a para diversos setores da ind\u00fastria, cal\u00e7ados, cintas ergon\u00f4micas e creme de prote\u00e7\u00e3o, entre outros.<\/p>\n<p>\n<\/div><div class=\"bt_bb_separator_v2 bt_bb_border_style_none bt_bb_top_spacing_normal bt_bb_icon_size_normal bt_bb_text_size_normal bt_bb_separator_v2_without_content\" data-bt-override-class=\"null\"><div class=\"bt_bb_separator_v2_inner\"><span class=\"bt_bb_separator_v2_inner_before\"><\/span><span class=\"bt_bb_separator_v2_inner_content\"><span  data-ico-=\"\" class=\"bt_bb_icon_holder\"><\/span><\/span><span class=\"bt_bb_separator_v2_inner_after\"><\/span><\/div><\/div><\/div><\/div><\/div><\/div><div class=\"boldRow \" ><div class=\"boldRowInner\"><div class=\"rowItem col-md-12 col-ms-12  btTextCenter inherit\"  ><div class=\"rowItemContent\" ><div class=\"bt_bb_separator_v2 bt_bb_border_style_none bt_bb_top_spacing_small bt_bb_icon_size_normal bt_bb_text_size_normal bt_bb_separator_v2_without_content\" data-bt-override-class=\"null\"><div class=\"bt_bb_separator_v2_inner\"><span class=\"bt_bb_separator_v2_inner_before\"><\/span><span class=\"bt_bb_separator_v2_inner_content\"><span  data-ico-=\"\" class=\"bt_bb_icon_holder\"><\/span><\/span><span class=\"bt_bb_separator_v2_inner_after\"><\/span><\/div><\/div><header class=\"header btClear large btDash topDash  btNormalDash\" ><div class=\"dash\"><h2><span class=\"headline\">Quem <b class=\"animate\">Visita<\/b><\/span><\/h2><\/div><\/header><div class=\"bt_bb_separator_v2 bt_bb_border_style_none bt_bb_top_spacing_small bt_bb_icon_size_normal bt_bb_text_size_normal bt_bb_separator_v2_without_content\" data-bt-override-class=\"null\"><div class=\"bt_bb_separator_v2_inner\"><span class=\"bt_bb_separator_v2_inner_before\"><\/span><span class=\"bt_bb_separator_v2_inner_content\"><span  data-ico-=\"\" class=\"bt_bb_icon_holder\"><\/span><\/span><span class=\"bt_bb_separator_v2_inner_after\"><\/span><\/div><\/div><\/div><\/div><\/div><\/div><div class=\"boldRow \" ><div class=\"boldRowInner\"><div class=\"rowItem col-md-6 col-sm-12 btTextLeft inherit\"  ><div class=\"rowItemContent\" ><div class=\"btText\" ><\/p>\n<ul>\n<li>Auxiliar de Enfermagem do Trabalho<\/li>\n<li>Auxiliar de Seguran\u00e7a do Trabalho<\/li>\n<li>Bombeiro<\/li>\n<li>Cipeiro<\/li>\n<li>Comprador<\/li>\n<li>Diretor<\/li>\n<li>Enfermeiro do Trabalho<\/li>\n<li>Engenheiro de Seguran\u00e7a do Trabalho<\/li>\n<\/ul>\n<p>\n<\/div><div class=\"bt_bb_separator_v2 bt_bb_border_style_none bt_bb_top_spacing_normal bt_bb_icon_size_normal bt_bb_text_size_normal bt_bb_separator_v2_without_content\" data-bt-override-class=\"null\"><div class=\"bt_bb_separator_v2_inner\"><span class=\"bt_bb_separator_v2_inner_before\"><\/span><span class=\"bt_bb_separator_v2_inner_content\"><span  data-ico-=\"\" class=\"bt_bb_icon_holder\"><\/span><\/span><span class=\"bt_bb_separator_v2_inner_after\"><\/span><\/div><\/div><\/div><\/div><div class=\"rowItem col-md-6 col-sm-12 btTextLeft inherit\"  ><div class=\"rowItemContent\" ><div class=\"btText\" ><\/p>\n<ul>\n<li>Fonoaudi\u00f3logo<\/li>\n<li>Gerente de Seguran\u00e7a<\/li>\n<li>Inspetor de Risco<\/li>\n<li>M\u00e9dico do Trabalho<\/li>\n<li>Professor<\/li>\n<li>Psic\u00f3logo do Trabalho<\/li>\n<li>Revendedor \/ Lojista<\/li>\n<li>Seguran\u00e7a Privada<\/li>\n<li>T\u00e9cnico em Seguran\u00e7a do Trabalho<\/li>\n<\/ul>\n<p>\n<\/div><div class=\"bt_bb_separator_v2 bt_bb_border_style_none bt_bb_top_spacing_normal bt_bb_icon_size_normal bt_bb_text_size_normal bt_bb_separator_v2_without_content\" data-bt-override-class=\"null\"><div class=\"bt_bb_separator_v2_inner\"><span class=\"bt_bb_separator_v2_inner_before\"><\/span><span class=\"bt_bb_separator_v2_inner_content\"><span  data-ico-=\"\" class=\"bt_bb_icon_holder\"><\/span><\/span><span class=\"bt_bb_separator_v2_inner_after\"><\/span><\/div><\/div><\/div><\/div><\/div><\/div><div class=\"boldRow \" ><div class=\"boldRowInner\"><div class=\"rowItem col-md-12 col-ms-12  btTextCenter inherit\"  ><div class=\"rowItemContent\" ><div class=\"bt_bb_separator_v2 bt_bb_border_style_none bt_bb_top_spacing_small bt_bb_icon_size_normal bt_bb_text_size_normal bt_bb_separator_v2_without_content\" data-bt-override-class=\"null\"><div class=\"bt_bb_separator_v2_inner\"><span class=\"bt_bb_separator_v2_inner_before\"><\/span><span class=\"bt_bb_separator_v2_inner_content\"><span  data-ico-=\"\" class=\"bt_bb_icon_holder\"><\/span><\/span><span class=\"bt_bb_separator_v2_inner_after\"><\/span><\/div><\/div><header class=\"header btClear large btDash topDash  btNormalDash\" ><div class=\"dash\"><h2><span class=\"headline\">Quem <b class=\"animate\">Exp\u00f5e<\/b><\/span><\/h2><\/div><\/header><div class=\"bt_bb_separator_v2 bt_bb_border_style_none bt_bb_top_spacing_small bt_bb_icon_size_normal bt_bb_text_size_normal bt_bb_separator_v2_without_content\" data-bt-override-class=\"null\"><div class=\"bt_bb_separator_v2_inner\"><span class=\"bt_bb_separator_v2_inner_before\"><\/span><span class=\"bt_bb_separator_v2_inner_content\"><span  data-ico-=\"\" class=\"bt_bb_icon_holder\"><\/span><\/span><span class=\"bt_bb_separator_v2_inner_after\"><\/span><\/div><\/div><\/div><\/div><\/div><\/div><div class=\"boldRow \" ><div class=\"boldRowInner\"><div class=\"rowItem col-md-6 col-sm-12 btTextLeft inherit\"  ><div class=\"rowItemContent\" ><div class=\"btText\" ><\/p>\n<ul>\n<li>Abafadores de Fa\u00edsca<\/li>\n<li>Abrigos<\/li>\n<li>Acionadores Manuais<\/li>\n<li>Alarmes<\/li>\n<li>Almofadas Pneum\u00e1ticas<\/li>\n<li>Ar Respir\u00e1vel<\/li>\n<li>Arm\u00e1rios de Seguran\u00e7a<\/li>\n<li>Auditorias em Sinistros<\/li>\n<li>Automa\u00e7\u00e3o<\/li>\n<li>Autossalvamento<\/li>\n<li>Bolsas Kits<\/li>\n<li>Botas de Seguran\u00e7a<\/li>\n<li>Capacetes<\/li>\n<li>Centros de Treinamento<\/li>\n<li>Chaves de Fluxo<\/li>\n<li>Chuveiros Autom\u00e1ticos Contra Inc\u00eandio<\/li>\n<li>Cintos de Seguran\u00e7a<\/li>\n<li>Colares<\/li>\n<li>Coletes de Resgate<\/li>\n<li>Coletores de Cigarros<\/li>\n<li>Compressores<\/li>\n<li>Comunica\u00e7\u00e3o Visual<\/li>\n<li>Cont\u00eainer<\/li>\n<li>Desencarceradores<\/li>\n<li>Detector Linear<\/li>\n<li>Detectores de Aspira\u00e7\u00e3o<\/li>\n<li>Detectores de Calor<\/li>\n<li>Detectores de Fuma\u00e7a<\/li>\n<li>Detectores Termovelocim\u00e9tricos<\/li>\n<\/ul>\n<p>\n<\/div><\/div><\/div><div class=\"rowItem col-md-6 col-sm-12 btTextLeft\"  ><div class=\"rowItemContent\" ><div class=\"btText\" ><\/p>\n<ul>\n<li>Emerg\u00eancias Qu\u00edmicas<\/li>\n<li>Entidades e Escolas<\/li>\n<li>Equipamentos de Prote\u00e7\u00e3o Coletiva e Individual<\/li>\n<li>Equipamentos Fixos<\/li>\n<li>Equipamentos Port\u00e1teis<\/li>\n<li>Ferramentas Hidr\u00e1ulicas<\/li>\n<li>Ilumina\u00e7\u00e3o de Emerg\u00eancia<\/li>\n<li>Instala\u00e7\u00f5es<\/li>\n<li>Instrumentos de Medi\u00e7\u00e3o<\/li>\n<li>Laudos T\u00e9cnicos<\/li>\n<li>Luvas Especiais<\/li>\n<li>Manequins para Treinamento<\/li>\n<li>Manuten\u00e7\u00e3o T\u00e9cnica<\/li>\n<li>M\u00e1quinas<\/li>\n<li>Padiola Dobr\u00e1vel<\/li>\n<li>Portas Corta-Fogo<\/li>\n<li>Pranchas e Macas<\/li>\n<li>Produtos para Treinamento<\/li>\n<li>Produtos Qu\u00edmicos<\/li>\n<li>Projeto de Abandono de \u00c1rea<\/li>\n<li>R\u00e1dios Integrados de Telecomunica\u00e7\u00e3o<\/li>\n<li>Resgate com UTI<\/li>\n<li>Resgate em Altura<\/li>\n<li>Respira\u00e7\u00e3o Aut\u00f4noma<\/li>\n<li>Roupas de Prote\u00e7\u00e3o Contra Inc\u00eandio<\/li>\n<li>Sinaliza\u00e7\u00e3o de Seguran\u00e7a<\/li>\n<li>Sinalizadores<\/li>\n<li>Transporte de Produtos Perigosos<\/li>\n<li>Viaturas<\/li>\n<\/ul>\n<p>\n<\/div><\/div><\/div><\/div><\/div><div class=\"boldRow \" ><div class=\"boldRowInner\"><div class=\"rowItem col-md-12 col-ms-12  btTextCenter inherit\"  ><div class=\"rowItemContent\" ><div class=\"bt_bb_separator_v2 bt_bb_border_style_none bt_bb_top_spacing_normal bt_bb_icon_size_normal bt_bb_text_size_normal bt_bb_separator_v2_without_content\" data-bt-override-class=\"null\"><div class=\"bt_bb_separator_v2_inner\"><span class=\"bt_bb_separator_v2_inner_before\"><\/span><span class=\"bt_bb_separator_v2_inner_content\"><span  data-ico-=\"\" class=\"bt_bb_icon_holder\"><\/span><\/span><span class=\"bt_bb_separator_v2_inner_after\"><\/span><\/div><\/div><div  class=\"bt_bb_text\" ><\/p>\n<p>Para visitar o site e conhecer mais sobre o evento, acesse: <a href=\"https:\/\/feirafisp.com.br\"><strong>www.feirafisp.com.br<\/strong><\/a><\/p>\n<p>\n<\/div><\/div><\/div><\/div><\/div><\/div><\/div><\/div><\/section><\/p>\n","protected":false},"excerpt":{"rendered":"","protected":false},"author":2,"featured_media":0,"parent":0,"menu_order":0,"comment_status":"closed","ping_status":"closed","template":"","meta":[],"yoast_head":"<!-- This site is optimized with the Yoast SEO plugin v18.1 - https:\/\/yoast.com\/wordpress\/plugins\/seo\/ -->\n<title>Fisp | Feira Internacional de Seguran\u00e7a e Prote\u00e7\u00e3o<\/title>\n<meta name=\"description\" content=\"A Fisp Apresenta o que Existe de Mais Moderno na \u00c1rea de Seguran\u00e7a e Prote\u00e7\u00e3o ao Trabalhador para um P\u00fablico Altamente Qualificado e com Poder de Negocia\u00e7\u00e3o\" \/>\n<meta name=\"robots\" content=\"index, follow, max-snippet:-1, max-image-preview:large, max-video-preview:-1\" \/>\n<link rel=\"canonical\" href=\"https:\/\/fireshow.com.br\/16\/fisp\/\" \/>\n<meta property=\"og:locale\" content=\"pt_BR\" \/>\n<meta property=\"og:type\" content=\"article\" \/>\n<meta property=\"og:title\" content=\"Fisp | Feira Internacional de Seguran\u00e7a e Prote\u00e7\u00e3o\" \/>\n<meta property=\"og:description\" content=\"A Fisp Apresenta o que Existe de Mais Moderno na \u00c1rea de Seguran\u00e7a e Prote\u00e7\u00e3o ao Trabalhador para um P\u00fablico Altamente Qualificado e com Poder de Negocia\u00e7\u00e3o\" \/>\n<meta property=\"og:url\" content=\"https:\/\/fireshow.com.br\/16\/fisp\/\" \/>\n<meta property=\"og:site_name\" content=\"Fire Show\" \/>\n<meta property=\"article:publisher\" content=\"https:\/\/www.facebook.com\/Fire-Show-1113145285392042\/\" \/>\n<meta property=\"article:modified_time\" content=\"2024-10-30T15:07:01+00:00\" \/>\n<meta property=\"og:image\" content=\"https:\/\/fireshow.com.br\/16\/wp-content\/uploads\/2015\/12\/Fisp-Fisst-sem-edicao-300x104.png\" \/>\n<meta name=\"twitter:card\" content=\"summary_large_image\" \/>\n<meta name=\"twitter:site\" content=\"@feirafireshow\" \/>\n<meta name=\"twitter:label1\" content=\"Est. tempo de leitura\" \/>\n\t<meta name=\"twitter:data1\" content=\"7 minutos\" \/>\n<script type=\"application\/ld+json\" class=\"yoast-schema-graph\">{\"@context\":\"https:\/\/schema.org\",\"@graph\":[{\"@type\":\"WebSite\",\"@id\":\"https:\/\/fireshow.com.br\/16\/#website\",\"url\":\"https:\/\/fireshow.com.br\/16\/\",\"name\":\"Fire Show\",\"description\":\"International Fire Fair\",\"potentialAction\":[{\"@type\":\"SearchAction\",\"target\":{\"@type\":\"EntryPoint\",\"urlTemplate\":\"https:\/\/fireshow.com.br\/16\/?s={search_term_string}\"},\"query-input\":\"required name=search_term_string\"}],\"inLanguage\":\"pt-BR\"},{\"@type\":\"ImageObject\",\"@id\":\"https:\/\/fireshow.com.br\/16\/fisp\/#primaryimage\",\"inLanguage\":\"pt-BR\",\"url\":\"https:\/\/fireshow.com.br\/16\/wp-content\/uploads\/2015\/12\/Fisp-Fisst-sem-edicao.png\",\"contentUrl\":\"https:\/\/fireshow.com.br\/16\/wp-content\/uploads\/2015\/12\/Fisp-Fisst-sem-edicao.png\",\"width\":1610,\"height\":557,\"caption\":\"Logo Fisp Fisst\"},{\"@type\":\"WebPage\",\"@id\":\"https:\/\/fireshow.com.br\/16\/fisp\/#webpage\",\"url\":\"https:\/\/fireshow.com.br\/16\/fisp\/\",\"name\":\"Fisp | Feira Internacional de Seguran\u00e7a e Prote\u00e7\u00e3o\",\"isPartOf\":{\"@id\":\"https:\/\/fireshow.com.br\/16\/#website\"},\"primaryImageOfPage\":{\"@id\":\"https:\/\/fireshow.com.br\/16\/fisp\/#primaryimage\"},\"datePublished\":\"2015-12-07T10:25:36+00:00\",\"dateModified\":\"2024-10-30T15:07:01+00:00\",\"description\":\"A Fisp Apresenta o que Existe de Mais Moderno na \u00c1rea de Seguran\u00e7a e Prote\u00e7\u00e3o ao Trabalhador para um P\u00fablico Altamente Qualificado e com Poder de Negocia\u00e7\u00e3o\",\"breadcrumb\":{\"@id\":\"https:\/\/fireshow.com.br\/16\/fisp\/#breadcrumb\"},\"inLanguage\":\"pt-BR\",\"potentialAction\":[{\"@type\":\"ReadAction\",\"target\":[\"https:\/\/fireshow.com.br\/16\/fisp\/\"]}]},{\"@type\":\"BreadcrumbList\",\"@id\":\"https:\/\/fireshow.com.br\/16\/fisp\/#breadcrumb\",\"itemListElement\":[{\"@type\":\"ListItem\",\"position\":1,\"name\":\"In\u00edcio\",\"item\":\"https:\/\/fireshow.com.br\/16\/\"},{\"@type\":\"ListItem\",\"position\":2,\"name\":\"FISP\"}]}]}<\/script>\n<!-- \/ Yoast SEO plugin. -->","yoast_head_json":{"title":"Fisp | Feira Internacional de Seguran\u00e7a e Prote\u00e7\u00e3o","description":"A Fisp Apresenta o que Existe de Mais Moderno na \u00c1rea de Seguran\u00e7a e Prote\u00e7\u00e3o ao Trabalhador para um P\u00fablico Altamente Qualificado e com Poder de Negocia\u00e7\u00e3o","robots":{"index":"index","follow":"follow","max-snippet":"max-snippet:-1","max-image-preview":"max-image-preview:large","max-video-preview":"max-video-preview:-1"},"canonical":"https:\/\/fireshow.com.br\/16\/fisp\/","og_locale":"pt_BR","og_type":"article","og_title":"Fisp | Feira Internacional de Seguran\u00e7a e Prote\u00e7\u00e3o","og_description":"A Fisp Apresenta o que Existe de Mais Moderno na \u00c1rea de Seguran\u00e7a e Prote\u00e7\u00e3o ao Trabalhador para um P\u00fablico Altamente Qualificado e com Poder de Negocia\u00e7\u00e3o","og_url":"https:\/\/fireshow.com.br\/16\/fisp\/","og_site_name":"Fire Show","article_publisher":"https:\/\/www.facebook.com\/Fire-Show-1113145285392042\/","article_modified_time":"2024-10-30T15:07:01+00:00","og_image":[{"url":"https:\/\/fireshow.com.br\/16\/wp-content\/uploads\/2015\/12\/Fisp-Fisst-sem-edicao-300x104.png"}],"twitter_card":"summary_large_image","twitter_site":"@feirafireshow","twitter_misc":{"Est. tempo de leitura":"7 minutos"},"schema":{"@context":"https:\/\/schema.org","@graph":[{"@type":"WebSite","@id":"https:\/\/fireshow.com.br\/16\/#website","url":"https:\/\/fireshow.com.br\/16\/","name":"Fire Show","description":"International Fire Fair","potentialAction":[{"@type":"SearchAction","target":{"@type":"EntryPoint","urlTemplate":"https:\/\/fireshow.com.br\/16\/?s={search_term_string}"},"query-input":"required name=search_term_string"}],"inLanguage":"pt-BR"},{"@type":"ImageObject","@id":"https:\/\/fireshow.com.br\/16\/fisp\/#primaryimage","inLanguage":"pt-BR","url":"https:\/\/fireshow.com.br\/16\/wp-content\/uploads\/2015\/12\/Fisp-Fisst-sem-edicao.png","contentUrl":"https:\/\/fireshow.com.br\/16\/wp-content\/uploads\/2015\/12\/Fisp-Fisst-sem-edicao.png","width":1610,"height":557,"caption":"Logo Fisp Fisst"},{"@type":"WebPage","@id":"https:\/\/fireshow.com.br\/16\/fisp\/#webpage","url":"https:\/\/fireshow.com.br\/16\/fisp\/","name":"Fisp | Feira Internacional de Seguran\u00e7a e Prote\u00e7\u00e3o","isPartOf":{"@id":"https:\/\/fireshow.com.br\/16\/#website"},"primaryImageOfPage":{"@id":"https:\/\/fireshow.com.br\/16\/fisp\/#primaryimage"},"datePublished":"2015-12-07T10:25:36+00:00","dateModified":"2024-10-30T15:07:01+00:00","description":"A Fisp Apresenta o que Existe de Mais Moderno na \u00c1rea de Seguran\u00e7a e Prote\u00e7\u00e3o ao Trabalhador para um P\u00fablico Altamente Qualificado e com Poder de Negocia\u00e7\u00e3o","breadcrumb":{"@id":"https:\/\/fireshow.com.br\/16\/fisp\/#breadcrumb"},"inLanguage":"pt-BR","potentialAction":[{"@type":"ReadAction","target":["https:\/\/fireshow.com.br\/16\/fisp\/"]}]},{"@type":"BreadcrumbList","@id":"https:\/\/fireshow.com.br\/16\/fisp\/#breadcrumb","itemListElement":[{"@type":"ListItem","position":1,"name":"In\u00edcio","item":"https:\/\/fireshow.com.br\/16\/"},{"@type":"ListItem","position":2,"name":"FISP"}]}]}},"_links":{"self":[{"href":"https:\/\/fireshow.com.br\/16\/wp-json\/wp\/v2\/pages\/1137"}],"collection":[{"href":"https:\/\/fireshow.com.br\/16\/wp-json\/wp\/v2\/pages"}],"about":[{"href":"https:\/\/fireshow.com.br\/16\/wp-json\/wp\/v2\/types\/page"}],"author":[{"embeddable":true,"href":"https:\/\/fireshow.com.br\/16\/wp-json\/wp\/v2\/users\/2"}],"replies":[{"embeddable":true,"href":"https:\/\/fireshow.com.br\/16\/wp-json\/wp\/v2\/comments?post=1137"}],"version-history":[{"count":23,"href":"https:\/\/fireshow.com.br\/16\/wp-json\/wp\/v2\/pages\/1137\/revisions"}],"predecessor-version":[{"id":10452,"href":"https:\/\/fireshow.com.br\/16\/wp-json\/wp\/v2\/pages\/1137\/revisions\/10452"}],"wp:attachment":[{"href":"https:\/\/fireshow.com.br\/16\/wp-json\/wp\/v2\/media?parent=1137"}],"curies":[{"name":"wp","href":"https:\/\/api.w.org\/{rel}","templated":true}]}}