{"id":301,"date":"2015-09-10T18:00:24","date_gmt":"2015-09-10T18:00:24","guid":{"rendered":"http:\/\/exposec.tmp.br\/16\/?page_id=301"},"modified":"2024-10-31T13:08:28","modified_gmt":"2024-10-31T13:08:28","slug":"registration","status":"publish","type":"page","link":"https:\/\/fireshow.com.br\/16\/en\/registration\/","title":{"rendered":"REGISTRATION"},"content":{"rendered":"<section id=\"bt_section69d9f6d654cc8\"  class=\"boldSection inherit\" ><div class=\"port\"><div class=\"boldCell\"><div class=\"boldCellInner\"><div class=\"boldRow \" ><div class=\"boldRowInner\"><div class=\"rowItem col-md-12 col-ms-12  btTextCenter inherit\"  ><div class=\"rowItemContent\" ><div class=\"bpgPhoto btTextCenter\" ><div class = \"btImage\"><img src=\"\" alt=\"\" ><\/div><\/div><div class=\"bt_bb_separator_v2 bt_bb_border_style_none bt_bb_top_spacing_medium bt_bb_icon_size_normal bt_bb_text_size_normal bt_bb_separator_v2_without_content\" data-bt-override-class=\"null\"><div class=\"bt_bb_separator_v2_inner\"><span class=\"bt_bb_separator_v2_inner_before\"><\/span><span class=\"bt_bb_separator_v2_inner_content\"><span  data-ico-=\"\" class=\"bt_bb_icon_holder\"><\/span><\/span><span class=\"bt_bb_separator_v2_inner_after\"><\/span><\/div><\/div><header class=\"header btClear large btDash bottomDash  btNormalDash\" ><div class=\"dash\"><h2><span class=\"headline\">Registration <b class=\"animate\">Fire Show 2026<\/b><\/span><\/h2><\/div><\/header><\/div><\/div><\/div><\/div><\/div><\/div><\/div><\/section><section id=\"bt_section69d9f6d65538f\"  class=\"boldSection gutter inherit\" style=\"font-size:17px;\"><div class=\"port\"><div class=\"boldCell\"><div class=\"boldCellInner\"><div class=\"boldRow \" ><div class=\"boldRowInner\"><div class=\"rowItem col-md-12 col-ms-12  btTextLeft btMiddleVertical\"  ><div class=\"rowItemContent\" ><div class=\"bt_bb_separator_v2 bt_bb_border_style_none bt_bb_top_spacing_small bt_bb_icon_size_normal bt_bb_text_size_normal bt_bb_separator_v2_without_content\" data-bt-override-class=\"null\"><div class=\"bt_bb_separator_v2_inner\"><span class=\"bt_bb_separator_v2_inner_before\"><\/span><span class=\"bt_bb_separator_v2_inner_content\"><span  data-ico-=\"\" class=\"bt_bb_icon_holder\"><\/span><\/span><span class=\"bt_bb_separator_v2_inner_after\"><\/span><\/div><\/div><div class=\"btText\" ><p>Would you like to be informed when <strong>Fire Show 2026<\/strong>\u00a0Registration is released?<\/p>\n<p>Inform your contact email here:<\/p>\n<\/div><div class=\"bt_bb_separator_v2 bt_bb_border_style_none bt_bb_top_spacing_normal bt_bb_icon_size_normal bt_bb_text_size_normal bt_bb_separator_v2_without_content\" data-bt-override-class=\"null\"><div class=\"bt_bb_separator_v2_inner\"><span class=\"bt_bb_separator_v2_inner_before\"><\/span><span class=\"bt_bb_separator_v2_inner_content\"><span  data-ico-=\"\" class=\"bt_bb_icon_holder\"><\/span><\/span><span class=\"bt_bb_separator_v2_inner_after\"><\/span><\/div><\/div><\/div><\/div><\/div><\/div><div class=\"boldRow \" ><div class=\"boldRowInner\"><div class=\"rowItem col-md-12 col-ms-12  btTextLeft\"  ><div class=\"rowItemContent\" ><div class=\"bt_bb_separator_v2 bt_bb_border_style_none bt_bb_top_spacing_normal bt_bb_icon_size_normal bt_bb_text_size_normal bt_bb_separator_v2_without_content\" data-bt-override-class=\"null\"><div class=\"bt_bb_separator_v2_inner\"><span class=\"bt_bb_separator_v2_inner_before\"><\/span><span class=\"bt_bb_separator_v2_inner_content\"><span  data-ico-=\"\" class=\"bt_bb_icon_holder\"><\/span><\/span><span class=\"bt_bb_separator_v2_inner_after\"><\/span><\/div><\/div><div class=\"bt_bb_contact_form_7\"><div role=\"form\" class=\"wpcf7\" id=\"wpcf7-f1204-o1\" lang=\"pt-BR\" dir=\"ltr\">\n<div class=\"screen-reader-response\"><p role=\"status\" aria-live=\"polite\" aria-atomic=\"true\"><\/p> <ul><\/ul><\/div>\n<form action=\"\/16\/en\/wp-json\/wp\/v2\/pages\/301#wpcf7-f1204-o1\" method=\"post\" class=\"wpcf7-form init\" novalidate=\"novalidate\" data-status=\"init\">\n<div style=\"display: none;\">\n<input type=\"hidden\" name=\"_wpcf7\" value=\"1204\" \/>\n<input type=\"hidden\" name=\"_wpcf7_version\" value=\"5.6.4\" \/>\n<input type=\"hidden\" name=\"_wpcf7_locale\" value=\"pt_BR\" \/>\n<input type=\"hidden\" name=\"_wpcf7_unit_tag\" value=\"wpcf7-f1204-o1\" \/>\n<input type=\"hidden\" name=\"_wpcf7_container_post\" value=\"0\" \/>\n<input type=\"hidden\" name=\"_wpcf7_posted_data_hash\" value=\"\" \/>\n<\/div>\n<p>Name (required)<br \/>\n    <span class=\"wpcf7-form-control-wrap\" data-name=\"Nome\"><input type=\"text\" name=\"Nome\" value=\"\" size=\"40\" class=\"wpcf7-form-control wpcf7-text wpcf7-validates-as-required\" aria-required=\"true\" aria-invalid=\"false\" \/><\/span> <\/p>\n<p>Company (required)<br \/>\n    <span class=\"wpcf7-form-control-wrap\" data-name=\"Empresa\"><input type=\"text\" name=\"Empresa\" value=\"\" size=\"40\" class=\"wpcf7-form-control wpcf7-text wpcf7-validates-as-required\" aria-required=\"true\" aria-invalid=\"false\" \/><\/span> <\/p>\n<p>Position (required)<br \/>\n    <span class=\"wpcf7-form-control-wrap\" data-name=\"Cargo\"><input type=\"text\" name=\"Cargo\" value=\"\" size=\"40\" class=\"wpcf7-form-control wpcf7-text wpcf7-validates-as-required\" aria-required=\"true\" aria-invalid=\"false\" \/><\/span> <\/p>\n<p>E-mail (required)<br \/>\n    <span class=\"wpcf7-form-control-wrap\" data-name=\"Email\"><input type=\"email\" name=\"Email\" value=\"\" size=\"40\" class=\"wpcf7-form-control wpcf7-text wpcf7-email wpcf7-validates-as-required wpcf7-validates-as-email\" aria-required=\"true\" aria-invalid=\"false\" \/><\/span> <\/p>\n<p><input type=\"submit\" value=\"Submit\" class=\"wpcf7-form-control has-spinner wpcf7-submit\" \/><\/p>\n<input type='hidden' class='wpcf7-pum' value='{\"closepopup\":false,\"closedelay\":0,\"openpopup\":false,\"openpopup_id\":0}' \/><div class=\"wpcf7-response-output\" aria-hidden=\"true\"><\/div><\/form><\/div><\/div><div class=\"bt_bb_separator_v2 bt_bb_border_style_none bt_bb_top_spacing_normal bt_bb_icon_size_normal bt_bb_text_size_normal bt_bb_separator_v2_without_content\" data-bt-override-class=\"null\"><div class=\"bt_bb_separator_v2_inner\"><span class=\"bt_bb_separator_v2_inner_before\"><\/span><span class=\"bt_bb_separator_v2_inner_content\"><span  data-ico-=\"\" class=\"bt_bb_icon_holder\"><\/span><\/span><span class=\"bt_bb_separator_v2_inner_after\"><\/span><\/div><\/div><\/div><\/div><\/div><\/div><\/div><\/div><\/div><\/section><section id=\"bt_section69d9f6d656055\"  class=\"boldSection topSemiSpaced bottomSemiSpaced gutter inherit\" ><div class=\"port\"><div class=\"boldCell\"><div class=\"boldCellInner\"><div class=\"boldRow \" style=\"font-size:17px;\"><div class=\"boldRowInner\"><div class=\"rowItem col-md-12 col-ms-12  btTextCenter animate animate-fadein btTextIndent inherit\"  ><div class=\"rowItemContent\" ><header class=\"header btClear medium  btNormalDash\" ><div class=\"dash\"><h3><span class=\"headline\">Services to Help You Get to the Fire Show.<\/span><\/h3><\/div><\/header><\/div><\/div><\/div><\/div><div class=\"boldRow \" style=\"font-size:17px;\"><div class=\"boldRowInner\"><div class=\"rowItem col-md-4 col-ms-12 btTextCenter animate animate-fadein btTextIndent inherit\"  ><div class=\"rowItemContent\" ><div class=\"bt_bb_separator_v2 bt_bb_border_style_none bt_bb_top_spacing_medium bt_bb_icon_size_normal bt_bb_text_size_normal bt_bb_separator_v2_without_content\" data-bt-override-class=\"null\"><div class=\"bt_bb_separator_v2_inner\"><span class=\"bt_bb_separator_v2_inner_before\"><\/span><span class=\"bt_bb_separator_v2_inner_content\"><span  data-ico-=\"\" class=\"bt_bb_icon_holder\"><\/span><\/span><span class=\"bt_bb_separator_v2_inner_after\"><\/span><\/div><\/div><div class=\"btIconImageRow btIconsHalfHoverPosition\" ><span class=\"btIco btIcoFilledType btIcoBigSize btIcoAccentColor btIcoFromBottom btIcoOutline \" ><a href=\"\/16\/en\/travel-and-lodging\/\"  target = \"no_target\" data-ico-fa=\"&#xf207;\" class=\"btIcoHolder\"><em><\/em><\/a><\/span><\/div><div class=\"btClear btSeparator topExtraSmallSpaced noBorder\" ><hr><\/div><header class=\"header btClear medium  btNormalDash\" ><div class=\"dash\"><h3><span class=\"headline\">FREE\r<br>SHUTTLE<\/span><\/h3><\/div><\/header><div class=\"btClear btSeparator topExtraSmallSpaced noBorder\" ><hr><\/div><div class=\"btText\" ><p>Fire Show offers. Access our social medias to check the updated shipping address.<\/p>\n<\/div><div class=\"btClear btSeparator topSmallSpaced noBorder\" ><hr><\/div><\/div><\/div><div class=\"rowItem col-md-4 col-ms-12 btTextCenter animate animate-fadein btTextIndent inherit\"  ><div class=\"rowItemContent\" ><div class=\"bt_bb_separator_v2 bt_bb_border_style_none bt_bb_top_spacing_medium bt_bb_icon_size_normal bt_bb_text_size_normal bt_bb_separator_v2_without_content\" data-bt-override-class=\"null\"><div class=\"bt_bb_separator_v2_inner\"><span class=\"bt_bb_separator_v2_inner_before\"><\/span><span class=\"bt_bb_separator_v2_inner_content\"><span  data-ico-=\"\" class=\"bt_bb_icon_holder\"><\/span><\/span><span class=\"bt_bb_separator_v2_inner_after\"><\/span><\/div><\/div><div class=\"btIconImageRow btIconsHalfHoverPosition\" ><span class=\"btIco btIcoFilledType btIcoBigSize btIcoAccentColor btIcoFromBottom btIcoOutline \" ><a href=\"\/16\/en\/floor-plan-fire-show\/\"  target = \"no_target\" data-ico-fa=\"&#xf2d7;\" class=\"btIcoHolder\"><em><\/em><\/a><\/span><\/div><div class=\"btClear btSeparator topExtraSmallSpaced noBorder\" ><hr><\/div><header class=\"header btClear medium  btNormalDash\" ><div class=\"dash\"><h3><span class=\"headline\">PARKING\r<br>S\u00c3O PAULO EXPO<\/span><\/h3><\/div><\/header><div class=\"btClear btSeparator topExtraSmallSpaced noBorder\" ><hr><\/div><div class=\"btText\" ><p>The <strong>S\u00e3o Paulo Expo Exhibition &amp; Convention Center<\/strong> has a parking for over 4,200 vehicles. Check prices and opening hours on the site <strong><a href=\"http:\/\/www.saopauloexpo.com.br\" target=\"_blank\" rel=\"noopener noreferrer\">www.saopauloexpo.com.br<\/a>.<\/strong><\/p>\n<\/div><div class=\"btClear btSeparator topSmallSpaced noBorder\" ><hr><\/div><\/div><\/div><div class=\"rowItem col-md-4 col-ms-12 btTextCenter animate animate-fadein btTextIndent inherit\"  ><div class=\"rowItemContent\" ><div class=\"bt_bb_separator_v2 bt_bb_border_style_none bt_bb_top_spacing_medium bt_bb_icon_size_normal bt_bb_text_size_normal bt_bb_separator_v2_without_content\" data-bt-override-class=\"null\"><div class=\"bt_bb_separator_v2_inner\"><span class=\"bt_bb_separator_v2_inner_before\"><\/span><span class=\"bt_bb_separator_v2_inner_content\"><span  data-ico-=\"\" class=\"bt_bb_icon_holder\"><\/span><\/span><span class=\"bt_bb_separator_v2_inner_after\"><\/span><\/div><\/div><div class=\"btIconImageRow btIconsHalfHoverPosition\" ><span class=\"btIco btIcoFilledType btIcoBigSize btIcoAccentColor btIcoFromBottom btIcoOutline \" ><a href=\"\/16\/en\/venue-and-date-fire-show\/\"  target = \"no_target\" data-ico-fa=\"&#xf1ba;\" class=\"btIcoHolder\"><em><\/em><\/a><\/span><\/div><div class=\"btClear btSeparator topExtraSmallSpaced noBorder\" ><hr><\/div><header class=\"header btClear medium  btNormalDash\" ><div class=\"dash\"><h3><span class=\"headline\">TAXI\r<br>SERVICE<\/span><\/h3><\/div><\/header><div class=\"btClear btSeparator topExtraSmallSpaced noBorder\" ><hr><\/div><div class=\"btText\" ><p>Check taxi prices from S\u00e3o Paulo to airports:<br \/>\n<strong><a href=\"http:\/\/www.tarifadetaxi.com\/sao-paulo?from=Av.%20Washington%20Lu%C3%ADs%2C%20s%2Fn%BA%20-%20Vila%20Congonhas%2C%20S%E3o%20Paulo%20-%20SP%2C%2004626-911%2C%20Brasil%20%40-23.6273246%2C-46.6565842&amp;to=S%E3o%20Paulo%20Expo%3A%20Rod.%20dos%20Imigrantes%2C%201%20-%20Parque%20do%20Estado%20-%20Parque%20do%20Estado%2C%20S%E3o%20Paulo%20-%20SP%2C%2004329-100%2C%20Brasil%20%40-23.64363%2C-46.62957&amp;start_loc=-23.627116%2C-46.659381&amp;end_loc=-23.643548%2C-46.630279&amp;auto=1&amp;waypoints=\" target=\"_blank\" rel=\"noopener noreferrer\">Congonhas \u2013 S\u00e3o Paulo Expo<\/a><\/strong><br \/>\n<strong><a href=\"http:\/\/www.tarifadetaxi.com\/sao-paulo?from=Rod.%20H%E9lio%20Smidt%2C%20s%2Fn%BA%20-%20Cumbica%2C%20Guarulhos%20-%20SP%2C%2007190-100%2C%20Brasil%20%40-23.4345529%2C-46.478125999999975&amp;to=S%E3o%20Paulo%20Expo%3A%20Rod.%20dos%20Imigrantes%2C%201%20-%20Parque%20do%20Estado%20-%20Parque%20do%20Estado%2C%20S%E3o%20Paulo%20-%20SP%2C%2004329-100%2C%20Brasil%20%40-23.64363%2C-46.62957&amp;start_loc=-23.440257%2C-46.479113&amp;end_loc=-23.643548%2C-46.630279&amp;auto=1&amp;waypoints=-23.546049%2C-46.599178\" target=\"_blank\" rel=\"noopener noreferrer\">Guarulhos \u2013 S\u00e3o Paulo Expo<\/a><\/strong><br \/>\n<span style=\"font-size: 13px;\">* The above prices are subject to change and are not the responsibility of Cipa Fiera Milano.<\/span><\/p>\n<\/div><div class=\"btClear btSeparator topSmallSpaced noBorder\" ><hr><\/div><\/div><\/div><\/div><\/div><\/div><\/div><\/div><\/section><section id=\"bt_section69d9f6d6579d9\"  class=\"boldSection topSemiSpaced bottomSemiSpaced gutter inherit\" ><div class=\"port\"><div class=\"boldCell\"><div class=\"boldCellInner\"><div class=\"boldRow \" style=\"font-size:17px;\"><div class=\"boldRowInner\"><div class=\"rowItem col-md-12 col-ms-12  btTextCenter animate animate-fadein btTextIndent inherit\"  ><div class=\"rowItemContent\" ><header class=\"header btClear medium  btNormalDash\" ><div class=\"dash\"><h3><span class=\"headline\">Check out the Simultaneous Events Happening at the Fair.<\/span><\/h3><\/div><\/header><\/div><\/div><\/div><\/div><div class=\"boldRow \" style=\"font-size:17px;\"><div class=\"boldRowInner\"><div class=\"rowItem col-md-6 col-sm-12 btTextCenter animate animate-fadein btTextIndent inherit\"  ><div class=\"rowItemContent\" ><div class=\"btClear btSeparator topSemiSpaced bottomSmallSpaced noBorder\" ><hr><\/div><div  class=\"bt_bb_text\" ><p><a href=\"https:\/\/fispvirtual.com.br\" target=\"_blank\" rel=\"noopener noreferrer\"><img loading=\"lazy\" class=\"aligncenter wp-image-2697\" src=\"https:\/\/fireshow.com.br\/16\/en\/wp-content\/uploads\/2020\/04\/logo-fisp-fisst-EN.png\" alt=\"Fisp | Feira Internacional de Seguran\u00e7a e Prote\u00e7\u00e3o\" width=\"260\" height=\"90\" \/><\/a><\/p>\n<\/div><div class=\"btClear btSeparator topExtraSmallSpaced noBorder\" ><hr><\/div><\/div><\/div><div class=\"rowItem col-md-6 col-sm-12 btTextCenter animate animate-fadein btTextIndent inherit\"  ><div class=\"rowItemContent\" ><div class=\"btClear btSeparator topSemiSpaced bottomSmallSpaced noBorder\" ><hr><\/div><div class=\"btClear btSeparator topSmallSpaced noBorder\" ><hr><\/div><div  class=\"bt_bb_text\" ><p><a href=\"\/16\/techshow-programacao\/\"><img loading=\"lazy\" class=\"aligncenter wp-image-2659\" src=\"https:\/\/fireshow.com.br\/16\/en\/wp-content\/uploads\/2020\/04\/logo-techshow-ingles-320x74.png\" alt=\"Techshow - Palestra dos Expositores\" width=\"250\" height=\"56\" \/><\/a><\/p>\n<\/div><div class=\"btClear btSeparator topExtraSmallSpaced noBorder\" ><hr><\/div><\/div><\/div><\/div><\/div><\/div><\/div><\/div><\/section>","protected":false},"excerpt":{"rendered":"","protected":false},"author":1,"featured_media":0,"parent":0,"menu_order":0,"comment_status":"closed","ping_status":"closed","template":"","meta":[],"yoast_head":"<!-- This site is optimized with the Yoast SEO plugin v18.1 - https:\/\/yoast.com\/wordpress\/plugins\/seo\/ -->\n<title>Registration Fire Show 2026 | International Fair Fair<\/title>\n<meta name=\"description\" content=\"Make your Fire Show Registration Now and Participate in the Largest Rescue and Fire Protection Event in Latin America. Stay on top of the sector&#039;s launches.\" \/>\n<meta name=\"robots\" content=\"index, follow, max-snippet:-1, max-image-preview:large, max-video-preview:-1\" \/>\n<link rel=\"canonical\" href=\"https:\/\/fireshow.com.br\/16\/en\/registration\/\" \/>\n<meta property=\"og:locale\" content=\"pt_BR\" \/>\n<meta property=\"og:type\" content=\"article\" \/>\n<meta property=\"og:title\" content=\"Registration Fire Show 2026 | International Fair Fair\" \/>\n<meta property=\"og:description\" content=\"Make your Fire Show Registration Now and Participate in the Largest Rescue and Fire Protection Event in Latin America. Stay on top of the sector&#039;s launches.\" \/>\n<meta property=\"og:url\" content=\"https:\/\/fireshow.com.br\/16\/en\/registration\/\" \/>\n<meta property=\"og:site_name\" content=\"Fire Show\" \/>\n<meta property=\"article:modified_time\" content=\"2024-10-31T13:08:28+00:00\" \/>\n<meta property=\"og:image\" content=\"https:\/\/fireshow.com.br\/16\/en\/wp-content\/uploads\/2020\/04\/logo-fisp-fisst-EN.png\" \/>\n<meta name=\"twitter:card\" content=\"summary\" \/>\n<meta name=\"twitter:label1\" content=\"Est. tempo de leitura\" \/>\n\t<meta name=\"twitter:data1\" content=\"8 minutos\" \/>\n<script type=\"application\/ld+json\" class=\"yoast-schema-graph\">{\"@context\":\"https:\/\/schema.org\",\"@graph\":[{\"@type\":\"WebSite\",\"@id\":\"https:\/\/fireshow.com.br\/16\/en\/#website\",\"url\":\"https:\/\/fireshow.com.br\/16\/en\/\",\"name\":\"Fire Show\",\"description\":\"International Fire Fair\",\"potentialAction\":[{\"@type\":\"SearchAction\",\"target\":{\"@type\":\"EntryPoint\",\"urlTemplate\":\"https:\/\/fireshow.com.br\/16\/en\/?s={search_term_string}\"},\"query-input\":\"required name=search_term_string\"}],\"inLanguage\":\"pt-BR\"},{\"@type\":\"ImageObject\",\"@id\":\"https:\/\/fireshow.com.br\/16\/en\/registration\/#primaryimage\",\"inLanguage\":\"pt-BR\",\"url\":\"https:\/\/fireshow.com.br\/16\/en\/wp-content\/uploads\/2020\/04\/logo-fisp-fisst-EN.png\",\"contentUrl\":\"https:\/\/fireshow.com.br\/16\/en\/wp-content\/uploads\/2020\/04\/logo-fisp-fisst-EN.png\",\"width\":1053,\"height\":365},{\"@type\":\"WebPage\",\"@id\":\"https:\/\/fireshow.com.br\/16\/en\/registration\/#webpage\",\"url\":\"https:\/\/fireshow.com.br\/16\/en\/registration\/\",\"name\":\"Registration Fire Show 2026 | International Fair Fair\",\"isPartOf\":{\"@id\":\"https:\/\/fireshow.com.br\/16\/en\/#website\"},\"primaryImageOfPage\":{\"@id\":\"https:\/\/fireshow.com.br\/16\/en\/registration\/#primaryimage\"},\"datePublished\":\"2015-09-10T18:00:24+00:00\",\"dateModified\":\"2024-10-31T13:08:28+00:00\",\"description\":\"Make your Fire Show Registration Now and Participate in the Largest Rescue and Fire Protection Event in Latin America. Stay on top of the sector's launches.\",\"breadcrumb\":{\"@id\":\"https:\/\/fireshow.com.br\/16\/en\/registration\/#breadcrumb\"},\"inLanguage\":\"pt-BR\",\"potentialAction\":[{\"@type\":\"ReadAction\",\"target\":[\"https:\/\/fireshow.com.br\/16\/en\/registration\/\"]}]},{\"@type\":\"BreadcrumbList\",\"@id\":\"https:\/\/fireshow.com.br\/16\/en\/registration\/#breadcrumb\",\"itemListElement\":[{\"@type\":\"ListItem\",\"position\":1,\"name\":\"In\u00edcio\",\"item\":\"https:\/\/fireshow.com.br\/16\/en\/\"},{\"@type\":\"ListItem\",\"position\":2,\"name\":\"REGISTRATION\"}]}]}<\/script>\n<!-- \/ Yoast SEO plugin. -->","yoast_head_json":{"title":"Registration Fire Show 2026 | International Fair Fair","description":"Make your Fire Show Registration Now and Participate in the Largest Rescue and Fire Protection Event in Latin America. Stay on top of the sector's launches.","robots":{"index":"index","follow":"follow","max-snippet":"max-snippet:-1","max-image-preview":"max-image-preview:large","max-video-preview":"max-video-preview:-1"},"canonical":"https:\/\/fireshow.com.br\/16\/en\/registration\/","og_locale":"pt_BR","og_type":"article","og_title":"Registration Fire Show 2026 | International Fair Fair","og_description":"Make your Fire Show Registration Now and Participate in the Largest Rescue and Fire Protection Event in Latin America. Stay on top of the sector's launches.","og_url":"https:\/\/fireshow.com.br\/16\/en\/registration\/","og_site_name":"Fire Show","article_modified_time":"2024-10-31T13:08:28+00:00","og_image":[{"url":"https:\/\/fireshow.com.br\/16\/en\/wp-content\/uploads\/2020\/04\/logo-fisp-fisst-EN.png"}],"twitter_card":"summary","twitter_misc":{"Est. tempo de leitura":"8 minutos"},"schema":{"@context":"https:\/\/schema.org","@graph":[{"@type":"WebSite","@id":"https:\/\/fireshow.com.br\/16\/en\/#website","url":"https:\/\/fireshow.com.br\/16\/en\/","name":"Fire Show","description":"International Fire Fair","potentialAction":[{"@type":"SearchAction","target":{"@type":"EntryPoint","urlTemplate":"https:\/\/fireshow.com.br\/16\/en\/?s={search_term_string}"},"query-input":"required name=search_term_string"}],"inLanguage":"pt-BR"},{"@type":"ImageObject","@id":"https:\/\/fireshow.com.br\/16\/en\/registration\/#primaryimage","inLanguage":"pt-BR","url":"https:\/\/fireshow.com.br\/16\/en\/wp-content\/uploads\/2020\/04\/logo-fisp-fisst-EN.png","contentUrl":"https:\/\/fireshow.com.br\/16\/en\/wp-content\/uploads\/2020\/04\/logo-fisp-fisst-EN.png","width":1053,"height":365},{"@type":"WebPage","@id":"https:\/\/fireshow.com.br\/16\/en\/registration\/#webpage","url":"https:\/\/fireshow.com.br\/16\/en\/registration\/","name":"Registration Fire Show 2026 | International Fair Fair","isPartOf":{"@id":"https:\/\/fireshow.com.br\/16\/en\/#website"},"primaryImageOfPage":{"@id":"https:\/\/fireshow.com.br\/16\/en\/registration\/#primaryimage"},"datePublished":"2015-09-10T18:00:24+00:00","dateModified":"2024-10-31T13:08:28+00:00","description":"Make your Fire Show Registration Now and Participate in the Largest Rescue and Fire Protection Event in Latin America. Stay on top of the sector's launches.","breadcrumb":{"@id":"https:\/\/fireshow.com.br\/16\/en\/registration\/#breadcrumb"},"inLanguage":"pt-BR","potentialAction":[{"@type":"ReadAction","target":["https:\/\/fireshow.com.br\/16\/en\/registration\/"]}]},{"@type":"BreadcrumbList","@id":"https:\/\/fireshow.com.br\/16\/en\/registration\/#breadcrumb","itemListElement":[{"@type":"ListItem","position":1,"name":"In\u00edcio","item":"https:\/\/fireshow.com.br\/16\/en\/"},{"@type":"ListItem","position":2,"name":"REGISTRATION"}]}]}},"_links":{"self":[{"href":"https:\/\/fireshow.com.br\/16\/en\/wp-json\/wp\/v2\/pages\/301"}],"collection":[{"href":"https:\/\/fireshow.com.br\/16\/en\/wp-json\/wp\/v2\/pages"}],"about":[{"href":"https:\/\/fireshow.com.br\/16\/en\/wp-json\/wp\/v2\/types\/page"}],"author":[{"embeddable":true,"href":"https:\/\/fireshow.com.br\/16\/en\/wp-json\/wp\/v2\/users\/1"}],"replies":[{"embeddable":true,"href":"https:\/\/fireshow.com.br\/16\/en\/wp-json\/wp\/v2\/comments?post=301"}],"version-history":[{"count":16,"href":"https:\/\/fireshow.com.br\/16\/en\/wp-json\/wp\/v2\/pages\/301\/revisions"}],"predecessor-version":[{"id":10226,"href":"https:\/\/fireshow.com.br\/16\/en\/wp-json\/wp\/v2\/pages\/301\/revisions\/10226"}],"wp:attachment":[{"href":"https:\/\/fireshow.com.br\/16\/en\/wp-json\/wp\/v2\/media?parent=301"}],"curies":[{"name":"wp","href":"https:\/\/api.w.org\/{rel}","templated":true}]}}